{"id":947968,"date":"2020-06-12T09:06:50","date_gmt":"2020-06-12T07:06:50","guid":{"rendered":"https:\/\/www.mapiful.com\/?page_id=947968"},"modified":"2021-01-27T16:51:13","modified_gmt":"2021-01-27T15:51:13","slug":"classic-mapiful","status":"publish","type":"page","link":"https:\/\/www.mapiful.com\/da\/classic-mapiful\/","title":{"rendered":"Classic Mapiful"},"content":{"rendered":"\n<div class=\"wp-block-media-text alignwide is-stacked-on-mobile is-vertically-aligned-center has-background\" style=\"grid-template-columns:48% auto\"><figure class=\"wp-block-media-text__media\"><img loading=\"lazy\" decoding=\"async\" width=\"1024\" height=\"1008\" src=\"https:\/\/www.mapiful.com\/content\/uploads\/2020\/04\/daniela.lucia_.weber_-1024x1008.png\" alt=\"\" class=\"wp-image-948007 size-full\" srcset=\"https:\/\/www.mapiful.com\/content\/uploads\/2020\/04\/daniela.lucia_.weber_-1024x1008.png 1024w, https:\/\/www.mapiful.com\/content\/uploads\/2020\/04\/daniela.lucia_.weber_-300x295.png 300w, https:\/\/www.mapiful.com\/content\/uploads\/2020\/04\/daniela.lucia_.weber_-768x756.png 768w, https:\/\/www.mapiful.com\/content\/uploads\/2020\/04\/daniela.lucia_.weber_-600x591.png 600w, https:\/\/www.mapiful.com\/content\/uploads\/2020\/04\/daniela.lucia_.weber_-32x32.png 32w, https:\/\/www.mapiful.com\/content\/uploads\/2020\/04\/daniela.lucia_.weber_.png 1294w\" sizes=\"(max-width: 1024px) 100vw, 1024px\" \/><\/figure><div class=\"wp-block-media-text__content\">\n<div style=\"height:50px\" aria-hidden=\"true\" class=\"wp-block-spacer\"><\/div>\n\n\n\n<h1 class=\"has-text-color wp-block-heading\" style=\"color:#3C5358\"><strong>M\u00f8d vores Classic Mapiful<\/strong><\/h1>\n\n\n\n<p class=\"has-medium-font-size\">Den originale og klassiske favorit. Indram dit mest mindev\u00e6rdige sted i verden i et elegant print, du vil s\u00e6tte pris p\u00e5 resten af livet. En samtalestarter med noget p\u00e5 hjerte.<\/p>\n\n\n\n<p>Uanset om det er din hjemby, stedet, hvor du m\u00f8dte din elskede, eller hvor I lovede hinanden evig troskab, kan du fort\u00e6lle pr\u00e6cis den historie, der gjorde dig til den, du er!<\/p>\n\n\n\n<div style=\"height:20px\" aria-hidden=\"true\" class=\"wp-block-spacer\"><\/div>\n\n\n\n<div style=\"text-align:left\" class=\"wp-block-genesis-blocks-gb-button gb-block-button\"><a href=\"https:\/\/www.mapiful.com\/da\/streetmap-editor\/\" class=\"gb-button gb-button-shape-rounded gb-button-size-medium\" style=\"color:#FFFFFF;background-color:#3C5358\">Design dit eget<\/a><\/div>\n\n\n\n<div style=\"height:36px\" aria-hidden=\"true\" class=\"wp-block-spacer\"><\/div>\n<\/div><\/div>\n\n\n\n<div class=\"wp-block-media-text alignwide has-media-on-the-right is-stacked-on-mobile is-image-fill\" style=\"grid-template-columns:auto 52%\"><figure class=\"wp-block-media-text__media\" style=\"background-image:url(https:\/\/www.mapiful.com\/content\/uploads\/2020\/12\/118876411_173737410913981_4704039623079740651_n-1-819x1024.jpg);background-position:50% 50%\"><img loading=\"lazy\" decoding=\"async\" width=\"819\" height=\"1024\" src=\"https:\/\/www.mapiful.com\/content\/uploads\/2020\/12\/118876411_173737410913981_4704039623079740651_n-1-819x1024.jpg\" alt=\"\" class=\"wp-image-1209931 size-full\" srcset=\"https:\/\/www.mapiful.com\/content\/uploads\/2020\/12\/118876411_173737410913981_4704039623079740651_n-1-819x1024.jpg 819w, https:\/\/www.mapiful.com\/content\/uploads\/2020\/12\/118876411_173737410913981_4704039623079740651_n-1-240x300.jpg 240w, https:\/\/www.mapiful.com\/content\/uploads\/2020\/12\/118876411_173737410913981_4704039623079740651_n-1-768x960.jpg 768w, https:\/\/www.mapiful.com\/content\/uploads\/2020\/12\/118876411_173737410913981_4704039623079740651_n-1-600x750.jpg 600w, https:\/\/www.mapiful.com\/content\/uploads\/2020\/12\/118876411_173737410913981_4704039623079740651_n-1.jpg 1080w\" sizes=\"(max-width: 819px) 100vw, 819px\" \/><\/figure><div class=\"wp-block-media-text__content\">\n<div style=\"height:70px\" aria-hidden=\"true\" class=\"wp-block-spacer\"><\/div>\n\n\n\n<h2 class=\"wp-block-heading\"><strong>Skr\u00e6ddersy prints af de steder, du gemmer dybt i dit hjerte<\/strong><\/h2>\n\n\n\n<p style=\"font-size:22px\">De minimalistiske prints passer ind i enhver indretning og viser pr\u00e6cis det sted og de koordinater, du har valgt. Og s\u00e5 f\u00e5r du masser af plads til at tilpasse teksten og skabe et \u00e6gte unikt print.<\/p>\n\n\n\n<h3 class=\"wp-block-heading\"><strong>V\u00e6lg et hvilket som helst sted i verden<\/strong><\/h3>\n\n\n\n<p>Rediger hvert element p\u00e5 printet, s\u00e5 det matcher din helt egen stil og indretning. Uanset om du elsker at rejse eller v\u00e6re hjemme, er det nemt at finde dit helt s\u00e6rlige sted i vores editor. Tilpas farvetema og st\u00f8rrelse med nogle f\u00e5 klik. <\/p>\n\n\n\n<h3 class=\"wp-block-heading\"><strong>Tryk med omtanke<\/strong><\/h3>\n\n\n\n<p>Vores papir er prim\u00e6rt produceret af FSC-certificerede leverand\u00f8rer, der garanterer, at materialerne overholder de h\u00f8jeste milj\u00f8standarder. Helt enest\u00e5ende og bevidst produceret.<\/p>\n\n\n\n<div style=\"height:20px\" aria-hidden=\"true\" class=\"wp-block-spacer\"><\/div>\n\n\n\n<div style=\"background-color:#FEF5ED;color:#32373c\" class=\"wp-block-genesis-blocks-gb-testimonial left-aligned gb-has-avatar gb-font-size-20 gb-block-testimonial\"><div class=\"gb-testimonial-text\" style=\"text-align:left\"><p>&#8220;My fiancee and I love our Mapiful of Santorini. We&#8217;d been travelling in Europe and he proposed by the ocean! It&#8217;s the perfect way to remember that amazing day!&#8221;<\/p><\/div><div class=\"gb-testimonial-info\"><div class=\"gb-testimonial-avatar-wrap\"><div class=\"gb-testimonial-image-wrap\"><img decoding=\"async\" class=\"gb-testimonial-avatar\" src=\"https:\/\/www.mapiful.com\/content\/uploads\/2020\/03\/Screenshot-2020-03-25-at-11.31.14.png\" alt=\"avatar\"\/><\/div><\/div><h2 class=\"gb-testimonial-name\" style=\"color:#32373c\">Amanda Lee<\/h2><small class=\"gb-testimonial-title\" style=\"color:#32373c\">\u2605\u2605\u2605\u2605\u2605<\/small><\/div><\/div>\n\n\n\n<div style=\"height:70px\" aria-hidden=\"true\" class=\"wp-block-spacer\"><\/div>\n<\/div><\/div>\n\n\n\n<div style=\"height:50px\" aria-hidden=\"true\" class=\"wp-block-spacer\"><\/div>\n\n\n\n<h1 class=\"has-text-align-center wp-block-heading\"><strong>Styles til enhver indretning \u2026<\/strong><\/h1>\n\n\n\n<p class=\"has-text-align-center\">Hvordan skal din v\u00e6re?<\/p>\n\n\n\n<div style=\"padding-left:4.5%;padding-right:4.5%\" class=\"wp-block-genesis-blocks-gb-container gb-block-container\"><div class=\"gb-container-inside\"><div class=\"gb-container-content\" style=\"max-width:1000px\">\n<figure class=\"wp-block-gallery columns-4 is-cropped wp-block-gallery-1 is-layout-flex wp-block-gallery-is-layout-flex\"><ul class=\"blocks-gallery-grid\"><li class=\"blocks-gallery-item\"><figure><img loading=\"lazy\" decoding=\"async\" width=\"955\" height=\"1024\" src=\"https:\/\/www.mapiful.com\/content\/uploads\/2020\/04\/wiekeontwerpt-2-955x1024.png\" alt=\"\" data-id=\"786669\" data-full-url=\"https:\/\/www.mapiful.com\/content\/uploads\/2020\/04\/wiekeontwerpt-2.png\" data-link=\"https:\/\/www.mapiful.com\/classic-mapiful\/wiekeontwerpt-2\/\" class=\"wp-image-948006\" srcset=\"https:\/\/www.mapiful.com\/content\/uploads\/2020\/04\/wiekeontwerpt-2-955x1024.png 955w, https:\/\/www.mapiful.com\/content\/uploads\/2020\/04\/wiekeontwerpt-2-280x300.png 280w, https:\/\/www.mapiful.com\/content\/uploads\/2020\/04\/wiekeontwerpt-2-768x824.png 768w, https:\/\/www.mapiful.com\/content\/uploads\/2020\/04\/wiekeontwerpt-2-600x643.png 600w, https:\/\/www.mapiful.com\/content\/uploads\/2020\/04\/wiekeontwerpt-2.png 966w\" sizes=\"(max-width: 955px) 100vw, 955px\" \/><\/figure><\/li><li class=\"blocks-gallery-item\"><figure><img loading=\"lazy\" decoding=\"async\" width=\"824\" height=\"1024\" src=\"https:\/\/www.mapiful.com\/content\/uploads\/2020\/04\/@nina.vla_-1-824x1024.png\" alt=\"\" data-id=\"786648\" data-link=\"https:\/\/www.mapiful.com\/classic-mapiful\/nina-vla_-1\/\" class=\"wp-image-948004\" srcset=\"https:\/\/www.mapiful.com\/content\/uploads\/2020\/04\/@nina.vla_-1-824x1024.png 824w, https:\/\/www.mapiful.com\/content\/uploads\/2020\/04\/@nina.vla_-1-242x300.png 242w, https:\/\/www.mapiful.com\/content\/uploads\/2020\/04\/@nina.vla_-1-768x954.png 768w, https:\/\/www.mapiful.com\/content\/uploads\/2020\/04\/@nina.vla_-1-600x745.png 600w, https:\/\/www.mapiful.com\/content\/uploads\/2020\/04\/@nina.vla_-1.png 950w\" sizes=\"(max-width: 824px) 100vw, 824px\" \/><\/figure><\/li><li class=\"blocks-gallery-item\"><figure><img loading=\"lazy\" decoding=\"async\" width=\"1024\" height=\"1019\" src=\"https:\/\/www.mapiful.com\/content\/uploads\/2020\/04\/@annaamariposa-1-1024x1019.png\" alt=\"\" data-id=\"786627\" data-link=\"https:\/\/www.mapiful.com\/classic-mapiful\/annaamariposa-1\/\" class=\"wp-image-948001\" srcset=\"https:\/\/www.mapiful.com\/content\/uploads\/2020\/04\/@annaamariposa-1-1024x1019.png 1024w, https:\/\/www.mapiful.com\/content\/uploads\/2020\/04\/@annaamariposa-1-300x300.png 300w, https:\/\/www.mapiful.com\/content\/uploads\/2020\/04\/@annaamariposa-1-150x150.png 150w, https:\/\/www.mapiful.com\/content\/uploads\/2020\/04\/@annaamariposa-1-768x764.png 768w, https:\/\/www.mapiful.com\/content\/uploads\/2020\/04\/@annaamariposa-1-600x597.png 600w, https:\/\/www.mapiful.com\/content\/uploads\/2020\/04\/@annaamariposa-1-100x100.png 100w, https:\/\/www.mapiful.com\/content\/uploads\/2020\/04\/@annaamariposa-1-32x32.png 32w, https:\/\/www.mapiful.com\/content\/uploads\/2020\/04\/@annaamariposa-1.png 1194w\" sizes=\"(max-width: 1024px) 100vw, 1024px\" \/><\/figure><\/li><li class=\"blocks-gallery-item\"><figure><img loading=\"lazy\" decoding=\"async\" width=\"831\" height=\"1024\" src=\"https:\/\/www.mapiful.com\/content\/uploads\/2020\/04\/@wildbutnotfree-1-831x1024.png\" alt=\"\" data-id=\"786662\" data-link=\"https:\/\/www.mapiful.com\/classic-mapiful\/wildbutnotfree-1\/\" class=\"wp-image-948005\" srcset=\"https:\/\/www.mapiful.com\/content\/uploads\/2020\/04\/@wildbutnotfree-1-831x1024.png 831w, https:\/\/www.mapiful.com\/content\/uploads\/2020\/04\/@wildbutnotfree-1-244x300.png 244w, https:\/\/www.mapiful.com\/content\/uploads\/2020\/04\/@wildbutnotfree-1-768x946.png 768w, https:\/\/www.mapiful.com\/content\/uploads\/2020\/04\/@wildbutnotfree-1-600x739.png 600w, https:\/\/www.mapiful.com\/content\/uploads\/2020\/04\/@wildbutnotfree-1.png 958w\" sizes=\"(max-width: 831px) 100vw, 831px\" \/><\/figure><\/li><\/ul><\/figure>\n<\/div><\/div><\/div>\n\n\n\n<div style=\"height:20px\" aria-hidden=\"true\" class=\"wp-block-spacer\"><\/div>\n\n\n\n<div style=\"text-align:center\" class=\"wp-block-genesis-blocks-gb-button gb-block-button\"><a href=\"https:\/\/www.mapiful.com\/da\/streetmap-editor\/\" class=\"gb-button gb-button-shape-rounded gb-button-size-medium\" style=\"color:#FEF5ED;background-color:#3C5358\">Kom i gang med at designe!<\/a><\/div>\n\n\n\n<div class=\"wp-block-genesis-blocks-gb-container gb-block-container\"><div class=\"gb-container-inside\"><div class=\"gb-container-content\">\n<div style=\"height:70px\" aria-hidden=\"true\" class=\"wp-block-spacer\"><\/div>\n<\/div><\/div><\/div>\n","protected":false},"excerpt":{"rendered":"<p>Styles til enhver indretning \u2026 Hvordan skal din v\u00e6re?<\/p>\n","protected":false},"author":1,"featured_media":0,"parent":0,"menu_order":100,"comment_status":"closed","ping_status":"closed","template":"","meta":{"footnotes":""},"class_list":["post-947968","page","type-page","status-publish","hentry"],"acf":[],"featured_image_urls_v2":{"full":"","thumbnail":"","medium":"","medium_large":"","large":"","1536x1536":"","2048x2048":"","woocommerce_thumbnail":"","woocommerce_single":"","woocommerce_gallery_thumbnail":"","wc_order_status_icon":""},"post_excerpt_stackable_v2":"<p>M\u00f8d vores Classic Mapiful Den originale og klassiske favorit. Indram dit mest mindev\u00e6rdige sted i verden i et elegant print, du vil s\u00e6tte pris p\u00e5 resten af livet. En samtalestarter med noget p\u00e5 hjerte. Uanset om det er din hjemby, stedet, hvor du m\u00f8dte din elskede, eller hvor I lovede hinanden evig troskab, kan du fort\u00e6lle pr\u00e6cis den historie, der gjorde dig til den, du er! Design dit eget Skr\u00e6ddersy prints af de steder, du gemmer dybt i dit hjerte De minimalistiske prints passer ind i enhver indretning og viser pr\u00e6cis det sted og de koordinater, du har valgt. Og&hellip;<\/p>\n","category_list_v2":"","author_info_v2":{"name":"Edvin Brobeck","url":"https:\/\/www.mapiful.com\/da\/blog\/author\/admin\/"},"comments_num_v2":"0 comments","_links":{"self":[{"href":"https:\/\/www.mapiful.com\/da\/wp-json\/wp\/v2\/pages\/947968"}],"collection":[{"href":"https:\/\/www.mapiful.com\/da\/wp-json\/wp\/v2\/pages"}],"about":[{"href":"https:\/\/www.mapiful.com\/da\/wp-json\/wp\/v2\/types\/page"}],"author":[{"embeddable":true,"href":"https:\/\/www.mapiful.com\/da\/wp-json\/wp\/v2\/users\/1"}],"replies":[{"embeddable":true,"href":"https:\/\/www.mapiful.com\/da\/wp-json\/wp\/v2\/comments?post=947968"}],"version-history":[{"count":0,"href":"https:\/\/www.mapiful.com\/da\/wp-json\/wp\/v2\/pages\/947968\/revisions"}],"wp:attachment":[{"href":"https:\/\/www.mapiful.com\/da\/wp-json\/wp\/v2\/media?parent=947968"}],"curies":[{"name":"wp","href":"https:\/\/api.w.org\/{rel}","templated":true}]}}