{"id":948041,"date":"2020-06-12T09:21:10","date_gmt":"2020-06-12T07:21:10","guid":{"rendered":"https:\/\/www.mapiful.com\/?page_id=948041"},"modified":"2021-01-27T16:59:02","modified_gmt":"2021-01-27T15:59:02","slug":"text-art-mapiful","status":"publish","type":"page","link":"https:\/\/www.mapiful.com\/da\/text-art-mapiful\/","title":{"rendered":"Text Art Mapiful"},"content":{"rendered":"\n<div class=\"wp-block-media-text alignwide has-media-on-the-right is-stacked-on-mobile is-vertically-aligned-center has-background has-background\" style=\"background-color:#FEF5ED;grid-template-columns:auto 48%\"><figure class=\"wp-block-media-text__media\"><img loading=\"lazy\" decoding=\"async\" width=\"655\" height=\"655\" src=\"https:\/\/www.mapiful.com\/content\/uploads\/2021\/01\/custom-valentines-day-gifts4.jpg\" alt=\"\" class=\"wp-image-1237863 size-full\" srcset=\"https:\/\/www.mapiful.com\/content\/uploads\/2021\/01\/custom-valentines-day-gifts4.jpg 655w, https:\/\/www.mapiful.com\/content\/uploads\/2021\/01\/custom-valentines-day-gifts4-300x300.jpg 300w, https:\/\/www.mapiful.com\/content\/uploads\/2021\/01\/custom-valentines-day-gifts4-150x150.jpg 150w, https:\/\/www.mapiful.com\/content\/uploads\/2021\/01\/custom-valentines-day-gifts4-600x600.jpg 600w, https:\/\/www.mapiful.com\/content\/uploads\/2021\/01\/custom-valentines-day-gifts4-650x650.jpg 650w, https:\/\/www.mapiful.com\/content\/uploads\/2021\/01\/custom-valentines-day-gifts4-100x100.jpg 100w, https:\/\/www.mapiful.com\/content\/uploads\/2021\/01\/custom-valentines-day-gifts4-32x32.jpg 32w\" sizes=\"(max-width: 655px) 100vw, 655px\" \/><\/figure><div class=\"wp-block-media-text__content\">\n<div style=\"height:40px\" aria-hidden=\"true\" class=\"wp-block-spacer\"><\/div>\n\n\n\n<h1 class=\"wp-block-heading\">Dine egne billeder og ord, samlet i et kunstv\u00e6rk<\/h1>\n\n\n\n<p style=\"font-size:18px\">Med Text Art Mapiful kan du kombinere dit valgte billede og tekst i et unikt print, der symboliserer dit bedste minde.<\/p>\n\n\n\n<p>Tr\u00e6d n\u00e6rmere for at l\u00e6se ordene, og tilbage for at beundre billedet!<\/p>\n\n\n\n<div style=\"text-align:left\" class=\"wp-block-genesis-blocks-gb-button gb-block-button\"><a href=\"https:\/\/www.mapiful.com\/da\/textart-editor\/\" class=\"gb-button gb-button-shape-rounded gb-button-size-medium\" style=\"color:#ffffff;background-color:#4C596A\">Design mit eget<\/a><\/div>\n\n\n\n<div style=\"height:30px\" aria-hidden=\"true\" class=\"wp-block-spacer\"><\/div>\n<\/div><\/div>\n\n\n\n<div class=\"wp-block-genesis-blocks-gb-container gb-block-container\"><div class=\"gb-container-inside\"><div class=\"gb-container-content\">\n<div class=\"wp-block-media-text alignwide is-stacked-on-mobile\" style=\"grid-template-columns:52% auto\"><figure class=\"wp-block-media-text__media\"><img loading=\"lazy\" decoding=\"async\" width=\"1024\" height=\"1024\" src=\"https:\/\/www.mapiful.com\/content\/uploads\/2021\/01\/Text-Art-Explainer-1024x1024.png\" alt=\"\" class=\"wp-image-1242248 size-full\" srcset=\"https:\/\/www.mapiful.com\/content\/uploads\/2021\/01\/Text-Art-Explainer-1024x1024.png 1024w, https:\/\/www.mapiful.com\/content\/uploads\/2021\/01\/Text-Art-Explainer-300x300.png 300w, https:\/\/www.mapiful.com\/content\/uploads\/2021\/01\/Text-Art-Explainer-150x150.png 150w, https:\/\/www.mapiful.com\/content\/uploads\/2021\/01\/Text-Art-Explainer-768x768.png 768w, https:\/\/www.mapiful.com\/content\/uploads\/2021\/01\/Text-Art-Explainer-1536x1536.png 1536w, https:\/\/www.mapiful.com\/content\/uploads\/2021\/01\/Text-Art-Explainer-2048x2048.png 2048w, https:\/\/www.mapiful.com\/content\/uploads\/2021\/01\/Text-Art-Explainer-600x600.png 600w, https:\/\/www.mapiful.com\/content\/uploads\/2021\/01\/Text-Art-Explainer-650x650.png 650w, https:\/\/www.mapiful.com\/content\/uploads\/2021\/01\/Text-Art-Explainer-100x100.png 100w, https:\/\/www.mapiful.com\/content\/uploads\/2021\/01\/Text-Art-Explainer-32x32.png 32w\" sizes=\"(max-width: 1024px) 100vw, 1024px\" \/><\/figure><div class=\"wp-block-media-text__content\">\n<div style=\"height:40px\" aria-hidden=\"true\" class=\"wp-block-spacer\"><\/div>\n\n\n\n<h2 class=\"has-text-color wp-block-heading\" style=\"color:#4C596A\">Kombiner dine billeder med tekst p\u00e5 den nemme m\u00e5de<\/h2>\n\n\n\n<p>1. Upload <strong>dit yndlingsbillede<\/strong> i vores editor.<\/p>\n\n\n\n<p> 2. Indtast et<strong> citat eller din helt s\u00e6rlige tekst<\/strong>. Se det som gentaget m\u00f8nster p\u00e5 dit billede<\/p>\n\n\n\n<p> 3. V\u00e6lg din<strong> style og farve<\/strong>. Det perfekte look efter din smag. <\/p>\n\n\n\n<p> 4. <strong>Skr\u00e6ddersy dine overskrifter<\/strong>, s\u00e5 de passer helt unikt til dig og dine k\u00e6re!<\/p>\n\n\n\n<div style=\"height:20px\" aria-hidden=\"true\" class=\"wp-block-spacer\"><\/div>\n<\/div><\/div>\n<\/div><\/div><\/div>\n\n\n\n<div class=\"wp-block-media-text alignwide has-media-on-the-right is-stacked-on-mobile\" style=\"grid-template-columns:auto 48%\"><figure class=\"wp-block-media-text__media\"><img loading=\"lazy\" decoding=\"async\" width=\"819\" height=\"1024\" src=\"https:\/\/www.mapiful.com\/content\/uploads\/2021\/01\/@sari_rantanen_photography-copy-819x1024.jpg\" alt=\"\" class=\"wp-image-1242260 size-full\" srcset=\"https:\/\/www.mapiful.com\/content\/uploads\/2021\/01\/@sari_rantanen_photography-copy-819x1024.jpg 819w, https:\/\/www.mapiful.com\/content\/uploads\/2021\/01\/@sari_rantanen_photography-copy-240x300.jpg 240w, https:\/\/www.mapiful.com\/content\/uploads\/2021\/01\/@sari_rantanen_photography-copy-768x960.jpg 768w, https:\/\/www.mapiful.com\/content\/uploads\/2021\/01\/@sari_rantanen_photography-copy-1229x1536.jpg 1229w, https:\/\/www.mapiful.com\/content\/uploads\/2021\/01\/@sari_rantanen_photography-copy-1638x2048.jpg 1638w, https:\/\/www.mapiful.com\/content\/uploads\/2021\/01\/@sari_rantanen_photography-copy-600x750.jpg 600w, https:\/\/www.mapiful.com\/content\/uploads\/2021\/01\/@sari_rantanen_photography-copy-scaled.jpg 2048w\" sizes=\"(max-width: 819px) 100vw, 819px\" \/><\/figure><div class=\"wp-block-media-text__content\">\n<div style=\"height:20px\" aria-hidden=\"true\" class=\"wp-block-spacer\"><\/div>\n\n\n\n<h3 class=\"wp-block-heading\">Din bedste \u00f8jeblikke, i glas og ramme<\/h3>\n\n\n\n<p>G\u00f8r dine yndlings\u00f8jeblikke til kunstv\u00e6rker. V\u00e6lg et s\u00e6rligt ord, eller dit yndlingscitat eller en sang. Fra familiebilleder til bryllupsminder, feriebilleder og dine k\u00e6ledyr kan du forevige dine bedste minder i unikke kunstv\u00e6rker med tekst, som du kan bevare for altid.<\/p>\n\n\n\n<h3 class=\"wp-block-heading\">Til \u00f8jeblikke, ord ikke kan beskrive<strong> <\/strong><\/h3>\n\n\n\n<p>Skab din helt egen gave til bryllupsdagen med de bedste minder fra brylluppet. S\u00e6t sangtekster ind p\u00e5 et billede, der betyder alt for din partner, eller gl\u00e6d en ven med et billede med citatet fra en yndlingsfilm.<\/p>\n\n\n\n<h3 class=\"wp-block-heading\">100 % skr\u00e6ddersyet<\/h3>\n\n\n\n<p>Nem tilpasning af hver eneste del af dit v\u00e6rk fra skrifttype til farve og st\u00f8rrelse. Du ville da ikke forvente mindre fra os, ville du?<\/p>\n\n\n\n<div style=\"height:20px\" aria-hidden=\"true\" class=\"wp-block-spacer\"><\/div>\n\n\n\n<div style=\"background-color:#FEF5ED;color:#4C596A\" class=\"wp-block-genesis-blocks-gb-testimonial left-aligned gb-has-avatar gb-font-size-18 gb-block-testimonial\"><div class=\"gb-testimonial-text\"><p>&#8220;I ordered a Text Art Mapiful of our family wedding photo to celebrate 5 years of marriage. It is absolutely one of my favorite things in my house!&#8221;<\/p><\/div><div class=\"gb-testimonial-info\"><div class=\"gb-testimonial-avatar-wrap\"><div class=\"gb-testimonial-image-wrap\"><img decoding=\"async\" class=\"gb-testimonial-avatar\" src=\"https:\/\/www.mapiful.com\/content\/uploads\/2020\/02\/ai-shot-150x150.jpg\"\/><\/div><\/div><h2 class=\"gb-testimonial-name\" style=\"color:#4C596A\">Penny Hopkins <\/h2><small class=\"gb-testimonial-title\" style=\"color:#4C596A\">\u2605\u2605\u2605\u2605\u2605<\/small><\/div><\/div>\n\n\n\n<div style=\"height:20px\" aria-hidden=\"true\" class=\"wp-block-spacer\"><\/div>\n<\/div><\/div>\n\n\n\n<div style=\"background-color:#4C596A;padding-left:5.5%;padding-right:5.5%;padding-bottom:4%;padding-top:4%\" class=\"wp-block-genesis-blocks-gb-container gb-block-container\"><div class=\"gb-container-inside\"><div class=\"gb-container-content\" style=\"max-width:1000px\">\n<div style=\"height:30px\" aria-hidden=\"true\" class=\"wp-block-spacer\"><\/div>\n\n\n\n<h2 class=\"has-text-align-center has-text-color wp-block-heading\" style=\"color:#FFFFFF\">Kreer et billede, der siger mere end tusind ord<\/h2>\n\n\n\n<p class=\"has-text-align-center has-text-color\" style=\"color:#FFFFFF\">Hvordan vil du kreere dit?<\/p>\n\n\n\n<div style=\"text-align:center\" class=\"wp-block-genesis-blocks-gb-button gb-block-button\"><a href=\"https:\/\/www.mapiful.com\/da\/textart-editor\/\" class=\"gb-button gb-button-shape-rounded gb-button-size-medium\" style=\"color:#4C596A;background-color:#FFFFFF\">Kom i gang med at designe<\/a><\/div>\n\n\n\n<div style=\"height:20px\" aria-hidden=\"true\" class=\"wp-block-spacer\"><\/div>\n<\/div><\/div><\/div>\n\n\n\n<div class=\"wp-block-genesis-blocks-gb-container gb-block-container\"><div class=\"gb-container-inside\"><div class=\"gb-container-content\" style=\"max-width:1440px\"><\/div><\/div><\/div>\n\n\n\n<div style=\"height:40px\" aria-hidden=\"true\" class=\"wp-block-spacer\"><\/div>\n\n\n\n<p><\/p>\n","protected":false},"excerpt":{"rendered":"","protected":false},"author":1,"featured_media":0,"parent":0,"menu_order":100,"comment_status":"closed","ping_status":"closed","template":"","meta":{"footnotes":""},"class_list":["post-948041","page","type-page","status-publish","hentry"],"acf":[],"featured_image_urls_v2":{"full":"","thumbnail":"","medium":"","medium_large":"","large":"","1536x1536":"","2048x2048":"","woocommerce_thumbnail":"","woocommerce_single":"","woocommerce_gallery_thumbnail":"","wc_order_status_icon":""},"post_excerpt_stackable_v2":"<p>Dine egne billeder og ord, samlet i et kunstv\u00e6rk Med Text Art Mapiful kan du kombinere dit valgte billede og tekst i et unikt print, der symboliserer dit bedste minde. Tr\u00e6d n\u00e6rmere for at l\u00e6se ordene, og tilbage for at beundre billedet! Design mit eget Kombiner dine billeder med tekst p\u00e5 den nemme m\u00e5de 1. Upload dit yndlingsbillede i vores editor. 2. Indtast et citat eller din helt s\u00e6rlige tekst. Se det som gentaget m\u00f8nster p\u00e5 dit billede 3. V\u00e6lg din style og farve. Det perfekte look efter din smag. 4. Skr\u00e6ddersy dine overskrifter, s\u00e5 de passer helt unikt til&hellip;<\/p>\n","category_list_v2":"","author_info_v2":{"name":"Edvin Brobeck","url":"https:\/\/www.mapiful.com\/da\/blog\/author\/admin\/"},"comments_num_v2":"0 comments","_links":{"self":[{"href":"https:\/\/www.mapiful.com\/da\/wp-json\/wp\/v2\/pages\/948041"}],"collection":[{"href":"https:\/\/www.mapiful.com\/da\/wp-json\/wp\/v2\/pages"}],"about":[{"href":"https:\/\/www.mapiful.com\/da\/wp-json\/wp\/v2\/types\/page"}],"author":[{"embeddable":true,"href":"https:\/\/www.mapiful.com\/da\/wp-json\/wp\/v2\/users\/1"}],"replies":[{"embeddable":true,"href":"https:\/\/www.mapiful.com\/da\/wp-json\/wp\/v2\/comments?post=948041"}],"version-history":[{"count":0,"href":"https:\/\/www.mapiful.com\/da\/wp-json\/wp\/v2\/pages\/948041\/revisions"}],"wp:attachment":[{"href":"https:\/\/www.mapiful.com\/da\/wp-json\/wp\/v2\/media?parent=948041"}],"curies":[{"name":"wp","href":"https:\/\/api.w.org\/{rel}","templated":true}]}}