{"id":948221,"date":"2020-06-12T10:44:58","date_gmt":"2020-06-12T08:44:58","guid":{"rendered":"https:\/\/www.mapiful.com\/?page_id=948221"},"modified":"2020-10-29T16:07:32","modified_gmt":"2020-10-29T15:07:32","slug":"zodiac-mapiful","status":"publish","type":"page","link":"https:\/\/www.mapiful.com\/da\/zodiac-mapiful\/","title":{"rendered":"Zodiac Mapiful"},"content":{"rendered":"\n<div class=\"wp-block-media-text alignwide has-background is-stacked-on-mobile\" style=\"background-color:#FEF5ED\"><figure class=\"wp-block-media-text__media\"><img decoding=\"async\" src=\"https:\/\/www.mapiful.com\/content\/uploads\/2020\/03\/85150414_820529321799989_8498668972947860078_n-819x1024.jpg\" alt=\"\" class=\"wp-image-768567\"\/><\/figure><div class=\"wp-block-media-text__content\">\n<div style=\"height:50px\" aria-hidden=\"true\" class=\"wp-block-spacer\"><\/div>\n\n\n\n<h1 class=\"wp-block-heading\">Popul\u00e6rt nu: Zodiac Prints<\/h1>\n\n\n\n<div style=\"height:20px\" aria-hidden=\"true\" class=\"wp-block-spacer\"><\/div>\n\n\n\n<p class=\"has-medium-font-size\">Interesserer du dig for astrologi? Brug, hvad der allerede st\u00e5r skrevet i stjernerne, med disse popul\u00e6re prints af h\u00f8j kvalitet.<\/p>\n\n\n\n<p class=\"has-normal-font-size\">Find det stjernetegn, der passer til din f\u00f8dselsdag, og f\u00e5 endnu st\u00f8rre indblik i dig selv!<\/p>\n\n\n\n<div style=\"height:20px\" aria-hidden=\"true\" class=\"wp-block-spacer\"><\/div>\n\n\n\n<div style=\"text-align:left\" class=\"wp-block-genesis-blocks-gb-button gb-block-button\"><a href=\"https:\/\/www.mapiful.com\/da\/zodiac-editor\/\" class=\"gb-button gb-button-shape-rounded gb-button-size-medium\" style=\"color:#ffffff;background-color:#4C596A\">Design dit eget<\/a><\/div>\n\n\n\n<div style=\"height:50px\" aria-hidden=\"true\" class=\"wp-block-spacer\"><\/div>\n<\/div><\/div>\n\n\n\n<div class=\"wp-block-media-text alignwide has-media-on-the-right is-stacked-on-mobile is-image-fill\"><figure class=\"wp-block-media-text__media\" style=\"background-image:url(https:\/\/www.mapiful.com\/content\/uploads\/2020\/04\/@jeeettis.png);background-position:50% 50%\"><img loading=\"lazy\" decoding=\"async\" width=\"958\" height=\"1002\" src=\"https:\/\/www.mapiful.com\/content\/uploads\/2020\/04\/@jeeettis.png\" alt=\"\" class=\"wp-image-948242\" srcset=\"https:\/\/www.mapiful.com\/content\/uploads\/2020\/04\/@jeeettis.png 958w, https:\/\/www.mapiful.com\/content\/uploads\/2020\/04\/@jeeettis-287x300.png 287w, https:\/\/www.mapiful.com\/content\/uploads\/2020\/04\/@jeeettis-768x803.png 768w, https:\/\/www.mapiful.com\/content\/uploads\/2020\/04\/@jeeettis-600x628.png 600w, https:\/\/www.mapiful.com\/content\/uploads\/2020\/04\/@jeeettis-32x32.png 32w\" sizes=\"(max-width: 958px) 100vw, 958px\" \/><\/figure><div class=\"wp-block-media-text__content\">\n<div style=\"height:50px\" aria-hidden=\"true\" class=\"wp-block-spacer\"><\/div>\n\n\n\n<h3 class=\"wp-block-heading\">Popul\u00e6re, minimale illustrationer<\/h3>\n\n\n\n<p>Stjernernes konstellation i dit stjernetegn, smukt illustreret og visualiseret. Hvert print indeholder ogs\u00e5 et astronomisk symbol for hver tegn, elegant og minimalistisk.<\/p>\n\n\n\n<h3 class=\"wp-block-heading\">Vis den unikke side af dig selv<\/h3>\n\n\n\n<p>N\u00e5r du har valgt dit tegn, kan du udtrykke din individualitet gennem vores popul\u00e6re designs, der passer til din stil og dit hjem. Classic, Modern, Minimalistic eller Vintage \u2013 vi har det hele.<\/p>\n\n\n\n<h3 class=\"wp-block-heading\">Skr\u00e6ddersy for at vise mere om dit tegn<\/h3>\n\n\n\n<p>Hvert print kan nemt skr\u00e6ddersyes til dig og indeholder typiske tr\u00e6k fra det valgte stjernetegn og din valgte dato samt lykkesten, planeter og symbol.<\/p>\n\n\n\n<div style=\"height:37px\" aria-hidden=\"true\" class=\"wp-block-spacer\"><\/div>\n\n\n\n<div style=\"background-color:#FEF5ED;color:#4C596A\" class=\"wp-block-genesis-blocks-gb-testimonial left-aligned gb-has-avatar gb-font-size-20 gb-block-testimonial\"><div class=\"gb-testimonial-text\" style=\"text-align:left\"><p>&#8220;I found the cutest gift for my best friend! She&#8217;s in love with her Taurus print, it fits so nice in her new apartment&#8230;&#8221;<\/p><\/div><div class=\"gb-testimonial-info\"><div class=\"gb-testimonial-avatar-wrap\"><div class=\"gb-testimonial-image-wrap\"><img decoding=\"async\" class=\"gb-testimonial-avatar\" src=\"https:\/\/www.mapiful.com\/content\/uploads\/2020\/04\/Screenshot-2020-04-02-at-15.57.58.png\" alt=\"avatar\"\/><\/div><\/div><h2 class=\"gb-testimonial-name\" style=\"color:#4C596A\">Ayva Xiong<\/h2><small class=\"gb-testimonial-title\" style=\"color:#4C596A\">\u2605\u2605\u2605\u2605\u2605<\/small><\/div><\/div>\n\n\n\n<div style=\"height:50px\" aria-hidden=\"true\" class=\"wp-block-spacer\"><\/div>\n<\/div><\/div>\n\n\n\n<div style=\"height:30px\" aria-hidden=\"true\" class=\"wp-block-spacer\"><\/div>\n\n\n\n<h2 class=\"has-text-align-center wp-block-heading\">F\u00e5 inspiration!<\/h2>\n\n\n\n<p class=\"has-text-align-center\">Hvordan vil du designe dit?<\/p>\n\n\n\n<div style=\"padding-left:4.5%;padding-right:4.5%\" class=\"wp-block-genesis-blocks-gb-container gb-block-container\"><div class=\"gb-container-inside\"><div class=\"gb-container-content\" style=\"max-width:1000px\">\n<figure class=\"wp-block-gallery columns-4 is-cropped wp-block-gallery-1 is-layout-flex wp-block-gallery-is-layout-flex\"><ul class=\"blocks-gallery-grid\"><li class=\"blocks-gallery-item\"><figure><img loading=\"lazy\" decoding=\"async\" width=\"1024\" height=\"1005\" src=\"https:\/\/www.mapiful.com\/content\/uploads\/2020\/03\/Screenshot-2020-03-30-at-17.00.11-1024x1005.png\" alt=\"\" data-id=\"948239\" data-full-url=\"https:\/\/www.mapiful.com\/content\/uploads\/2020\/03\/Screenshot-2020-03-30-at-17.00.11.png\" data-link=\"https:\/\/www.mapiful.com\/zodiac-mapiful\/screenshot-2020-03-30-at-17-00-11\/\" class=\"wp-image-948239\" srcset=\"https:\/\/www.mapiful.com\/content\/uploads\/2020\/03\/Screenshot-2020-03-30-at-17.00.11-1024x1005.png 1024w, https:\/\/www.mapiful.com\/content\/uploads\/2020\/03\/Screenshot-2020-03-30-at-17.00.11-300x294.png 300w, https:\/\/www.mapiful.com\/content\/uploads\/2020\/03\/Screenshot-2020-03-30-at-17.00.11-768x754.png 768w, https:\/\/www.mapiful.com\/content\/uploads\/2020\/03\/Screenshot-2020-03-30-at-17.00.11-600x589.png 600w, https:\/\/www.mapiful.com\/content\/uploads\/2020\/03\/Screenshot-2020-03-30-at-17.00.11-32x32.png 32w, https:\/\/www.mapiful.com\/content\/uploads\/2020\/03\/Screenshot-2020-03-30-at-17.00.11.png 1196w\" sizes=\"(max-width: 1024px) 100vw, 1024px\" \/><\/figure><\/li><li class=\"blocks-gallery-item\"><figure><img loading=\"lazy\" decoding=\"async\" width=\"796\" height=\"1024\" src=\"https:\/\/www.mapiful.com\/content\/uploads\/2020\/03\/Screenshot-2020-03-30-at-17.00.45-796x1024.png\" alt=\"\" data-id=\"948238\" data-full-url=\"https:\/\/www.mapiful.com\/content\/uploads\/2020\/03\/Screenshot-2020-03-30-at-17.00.45.png\" data-link=\"https:\/\/www.mapiful.com\/zodiac-mapiful\/screenshot-2020-03-30-at-17-00-45\/\" class=\"wp-image-948238\" srcset=\"https:\/\/www.mapiful.com\/content\/uploads\/2020\/03\/Screenshot-2020-03-30-at-17.00.45-796x1024.png 796w, https:\/\/www.mapiful.com\/content\/uploads\/2020\/03\/Screenshot-2020-03-30-at-17.00.45-233x300.png 233w, https:\/\/www.mapiful.com\/content\/uploads\/2020\/03\/Screenshot-2020-03-30-at-17.00.45-768x987.png 768w, https:\/\/www.mapiful.com\/content\/uploads\/2020\/03\/Screenshot-2020-03-30-at-17.00.45-600x771.png 600w, https:\/\/www.mapiful.com\/content\/uploads\/2020\/03\/Screenshot-2020-03-30-at-17.00.45.png 868w\" sizes=\"(max-width: 796px) 100vw, 796px\" \/><\/figure><\/li><li class=\"blocks-gallery-item\"><figure><img loading=\"lazy\" decoding=\"async\" width=\"794\" height=\"998\" src=\"https:\/\/www.mapiful.com\/content\/uploads\/2020\/05\/robin_cmp.png\" alt=\"\" data-id=\"948244\" data-full-url=\"https:\/\/www.mapiful.com\/content\/uploads\/2020\/05\/robin_cmp.png\" data-link=\"https:\/\/www.mapiful.com\/da\/zodiac-mapiful\/robin_cmp-2\/\" class=\"wp-image-948244\" srcset=\"https:\/\/www.mapiful.com\/content\/uploads\/2020\/05\/robin_cmp.png 794w, https:\/\/www.mapiful.com\/content\/uploads\/2020\/05\/robin_cmp-239x300.png 239w, https:\/\/www.mapiful.com\/content\/uploads\/2020\/05\/robin_cmp-768x965.png 768w, https:\/\/www.mapiful.com\/content\/uploads\/2020\/05\/robin_cmp-600x754.png 600w\" sizes=\"(max-width: 794px) 100vw, 794px\" \/><\/figure><\/li><li class=\"blocks-gallery-item\"><figure><img loading=\"lazy\" decoding=\"async\" width=\"800\" height=\"1024\" src=\"https:\/\/www.mapiful.com\/content\/uploads\/2020\/04\/@emilisterique-800x1024.png\" alt=\"\" data-id=\"948243\" data-full-url=\"https:\/\/www.mapiful.com\/content\/uploads\/2020\/04\/@emilisterique.png\" data-link=\"https:\/\/www.mapiful.com\/zodiac-mapiful\/emilisterique\/\" class=\"wp-image-948243\" srcset=\"https:\/\/www.mapiful.com\/content\/uploads\/2020\/04\/@emilisterique-800x1024.png 800w, https:\/\/www.mapiful.com\/content\/uploads\/2020\/04\/@emilisterique-234x300.png 234w, https:\/\/www.mapiful.com\/content\/uploads\/2020\/04\/@emilisterique-768x983.png 768w, https:\/\/www.mapiful.com\/content\/uploads\/2020\/04\/@emilisterique-600x768.png 600w, https:\/\/www.mapiful.com\/content\/uploads\/2020\/04\/@emilisterique.png 850w\" sizes=\"(max-width: 800px) 100vw, 800px\" \/><\/figure><\/li><\/ul><\/figure>\n<\/div><\/div><\/div>\n\n\n\n<div style=\"height:20px\" aria-hidden=\"true\" class=\"wp-block-spacer\"><\/div>\n\n\n\n<div style=\"text-align:center\" class=\"wp-block-genesis-blocks-gb-button gb-block-button\"><a href=\"https:\/\/www.mapiful.com\/da\/zodiac-editor\/\" class=\"gb-button gb-button-shape-rounded gb-button-size-medium\" style=\"color:#FFFFFF;background-color:#4C596A\">Kom i gang med at designe!<\/a><\/div>\n\n\n\n<div class=\"wp-block-genesis-blocks-gb-container gb-block-container\"><div class=\"gb-container-inside\"><div class=\"gb-container-content\">\n<div style=\"height:70px\" aria-hidden=\"true\" class=\"wp-block-spacer\"><\/div>\n<\/div><\/div><\/div>\n","protected":false},"excerpt":{"rendered":"<p>F\u00e5 inspiration! Hvordan vil du designe dit?<\/p>\n","protected":false},"author":1,"featured_media":0,"parent":0,"menu_order":100,"comment_status":"closed","ping_status":"closed","template":"","meta":{"footnotes":""},"class_list":["post-948221","page","type-page","status-publish","hentry"],"acf":[],"featured_image_urls_v2":{"full":"","thumbnail":"","medium":"","medium_large":"","large":"","1536x1536":"","2048x2048":"","woocommerce_thumbnail":"","woocommerce_single":"","woocommerce_gallery_thumbnail":"","wc_order_status_icon":""},"post_excerpt_stackable_v2":"<p>Popul\u00e6rt nu: Zodiac Prints Interesserer du dig for astrologi? Brug, hvad der allerede st\u00e5r skrevet i stjernerne, med disse popul\u00e6re prints af h\u00f8j kvalitet. Find det stjernetegn, der passer til din f\u00f8dselsdag, og f\u00e5 endnu st\u00f8rre indblik i dig selv! Design dit eget Popul\u00e6re, minimale illustrationer Stjernernes konstellation i dit stjernetegn, smukt illustreret og visualiseret. Hvert print indeholder ogs\u00e5 et astronomisk symbol for hver tegn, elegant og minimalistisk. Vis den unikke side af dig selv N\u00e5r du har valgt dit tegn, kan du udtrykke din individualitet gennem vores popul\u00e6re designs, der passer til din stil og dit hjem. Classic, Modern,&hellip;<\/p>\n","category_list_v2":"","author_info_v2":{"name":"Edvin Brobeck","url":"https:\/\/www.mapiful.com\/da\/blog\/author\/admin\/"},"comments_num_v2":"0 comments","_links":{"self":[{"href":"https:\/\/www.mapiful.com\/da\/wp-json\/wp\/v2\/pages\/948221"}],"collection":[{"href":"https:\/\/www.mapiful.com\/da\/wp-json\/wp\/v2\/pages"}],"about":[{"href":"https:\/\/www.mapiful.com\/da\/wp-json\/wp\/v2\/types\/page"}],"author":[{"embeddable":true,"href":"https:\/\/www.mapiful.com\/da\/wp-json\/wp\/v2\/users\/1"}],"replies":[{"embeddable":true,"href":"https:\/\/www.mapiful.com\/da\/wp-json\/wp\/v2\/comments?post=948221"}],"version-history":[{"count":0,"href":"https:\/\/www.mapiful.com\/da\/wp-json\/wp\/v2\/pages\/948221\/revisions"}],"wp:attachment":[{"href":"https:\/\/www.mapiful.com\/da\/wp-json\/wp\/v2\/media?parent=948221"}],"curies":[{"name":"wp","href":"https:\/\/api.w.org\/{rel}","templated":true}]}}