{"id":954623,"date":"2020-06-14T17:46:47","date_gmt":"2020-06-14T15:46:47","guid":{"rendered":"https:\/\/www.mapiful.com\/?page_id=954623"},"modified":"2021-04-22T15:11:28","modified_gmt":"2021-04-22T13:11:28","slug":"quality-matters","status":"publish","type":"page","link":"https:\/\/www.mapiful.com\/da\/quality-matters\/","title":{"rendered":"Kvalitet"},"content":{"rendered":"\n<div class=\"alignfull wp-block-ugb-container ugb-container ugb-b724a95 ugb-container--v2 ugb-container--design-plain ugb-main-block ugb-main-block--inner-wide ugb--has-block-background\"><style>.ugb-b724a95 h1,.ugb-b724a95 h2,.ugb-b724a95 h3,.ugb-b724a95 h4,.ugb-b724a95 h5,.ugb-b724a95 h6{color:#ffffff}.ugb-b724a95 p,.ugb-b724a95 li,.ugb-b724a95 label,.ugb-b724a95 table{color:#ffffff}.ugb-b724a95 a,.ugb-b724a95 a:visited,.ugb-b724a95 a:focus{color:#ffffff}.ugb-b724a95 a:hover{color:#F8F5F2}.ugb-b724a95-content-wrapper > h1,.ugb-b724a95-content-wrapper > h2,.ugb-b724a95-content-wrapper > h3,.ugb-b724a95-content-wrapper > h4,.ugb-b724a95-content-wrapper > h5,.ugb-b724a95-content-wrapper > h6{color:#ffffff}.ugb-b724a95-content-wrapper > p,.ugb-b724a95-content-wrapper > ol li,.ugb-b724a95-content-wrapper > ul li{color:#ffffff}.ugb-b724a95.ugb-container{background-color:#2F394B}.ugb-b724a95.ugb-container:before{background-color:#2F394B}@media screen and (min-width:768px){.ugb-b724a95 > .ugb-inner-block > .ugb-block-content > *{padding-top:0px !important;padding-bottom:0px !important;padding-right:0px !important;padding-left:0px !important}}@media screen and (max-width:768px){.ugb-b724a95 > .ugb-inner-block > .ugb-block-content > *{padding-top:0px !important;padding-right:0px !important;padding-bottom:0px !important;padding-left:0px !important}}<\/style><div class=\"ugb-inner-block ugb-inner-block--wide\"><div class=\"ugb-block-content\"><div class=\"ugb-container__wrapper ugb-b724a95-wrapper\"><div class=\"ugb-container__side\"><div class=\"ugb-container__content-wrapper ugb-b724a95-content-wrapper\">\n<div class=\"wp-block-ugb-text ugb-text ugb-2928a61 ugb-text--design-plain ugb-text--columns-1 ugb-main-block\"><style>.ugb-2928a61 .ugb-text__title{font-size:38px !important;font-weight:600 !important}.ugb-2928a61 .ugb-text__text p{font-size:22px !important}@media screen and (max-width:768px){.ugb-2928a61 .ugb-text__title{text-align:center}.ugb-2928a61 .ugb-inner-block{text-align:center}}<\/style><div class=\"ugb-inner-block\"><div class=\"ugb-block-content\"><div class=\"ugb-text__title-wrapper\"><h1 class=\"ugb-text__title\">Kvalitet g\u00f8r en forskel<\/h1><\/div><div class=\"ugb-text__text-wrapper\"><div class=\"ugb-text__text\"><p class=\"ugb-text__text-1\">Skr\u00e6ddersyet kunst, s\u00e5 dine pr\u00e6stationer kan holde hele livet.<\/p><\/div><\/div><\/div><\/div><\/div>\n<\/div><\/div><\/div><\/div><\/div><\/div>\n\n\n\n<div class=\"wp-block-genesis-blocks-gb-container gb-block-container\"><div class=\"gb-container-inside\"><div class=\"gb-container-content\" style=\"max-width:1600px\"><\/div><\/div><\/div>\n\n\n\n<div class=\"alignfull wp-block-ugb-container ugb-container ugb-fa7d58f ugb-container--v2 ugb-container--design-basic ugb-main-block ugb-main-block--inner-full ugb--has-block-background\"><style>.ugb-fa7d58f-wrapper.ugb-container__wrapper{border-radius:0px !important}.ugb-fa7d58f.ugb-container{background-color:#ffffff}.ugb-fa7d58f.ugb-container:before{background-color:#ffffff}@media screen and (max-width:768px){.ugb-fa7d58f.ugb-container{margin-top:0px !important;margin-bottom:0px !important;padding-top:0px !important;padding-right:0px !important;padding-bottom:0px !important;padding-left:0px !important}}@media screen and (min-width:768px){.ugb-fa7d58f > .ugb-inner-block > .ugb-block-content > *{padding-top:10px !important;padding-bottom:10px !important;padding-right:10px !important;padding-left:10px !important}}@media screen and (max-width:768px){.ugb-fa7d58f > .ugb-inner-block > .ugb-block-content > *{padding-top:5px !important;padding-right:5px !important;padding-bottom:5px !important;padding-left:5px !important}}<\/style><div class=\"ugb-inner-block ugb-inner-block--full\"><div class=\"ugb-block-content\"><div class=\"ugb-container__wrapper ugb-fa7d58f-wrapper ugb--shadow-0\"><div class=\"ugb-container__side\"><div class=\"ugb-container__content-wrapper ugb-fa7d58f-content-wrapper\">\n<div class=\"alignfull wp-block-ugb-columns ugb-columns ugb-186957d ugb-columns--design-plain ugb-columns--columns-2 ugb-main-block ugb-main-block--inner-wide ugb--has-block-background\"><style>.ugb-186957d{padding-left:0 !important;padding-right:0 !important;padding:0 !important}.ugb-186957d.ugb-columns{background-color:#ffffff}.ugb-186957d.ugb-columns:before{background-color:#ffffff}@media screen and (max-width:768px){.ugb-186957d-content-wrapper{grid-row-gap:0 !important;grid-column-gap:0px !important}.ugb-186957d.ugb-columns{margin-right:0px !important;margin-left:0px !important;margin-top:0px !important;margin-bottom:0px !important}}<\/style><div class=\"ugb-inner-block ugb-inner-block--wide\"><div class=\"ugb-block-content\"><div class=\"ugb-columns__item ugb-186957d-content-wrapper\">\n<div class=\"wp-block-ugb-column ugb-column ugb-2f54e10 ugb-column--design-basic ugb-main-block\"><style>.ugb-2f54e10-column-wrapper{border-radius:0px !important;background-image:url(https:\/\/www.mapiful.com\/content\/uploads\/2021\/04\/QUALITYPAGE2.jpg)}.ugb-2f54e10-column-wrapper:before{opacity:0.5}.ugb-2f54e10.ugb-column{min-height:600px}@media screen and (max-width:768px){.ugb-2f54e10.ugb-column{min-height:300px}}@media screen and (-ms-high-contrast:active),screen and (-ms-high-contrast:none){.ugb-2f54e10.ugb-column{height:600px}}<\/style><div class=\"ugb-inner-block\"><div class=\"ugb-block-content\"><div class=\"ugb-column__item ugb-2f54e10-column-wrapper ugb--shadow-0 ugb--has-background-overlay\"><div class=\"ugb-column__content-wrapper\"><\/div><\/div><\/div><\/div><\/div>\n\n\n\n<div class=\"wp-block-ugb-column ugb-column ugb-0e110ef ugb-column--design-plain ugb-main-block\"><style>.ugb-0e110ef h1,.ugb-0e110ef h2,.ugb-0e110ef h3,.ugb-0e110ef h4,.ugb-0e110ef h5,.ugb-0e110ef h6{color:#000000}.ugb-0e110ef p,.ugb-0e110ef li,.ugb-0e110ef label,.ugb-0e110ef table{color:#62636B}.ugb-0e110ef-column-wrapper > * > h1,.ugb-0e110ef-column-wrapper > * > h2,.ugb-0e110ef-column-wrapper > * > h3,.ugb-0e110ef-column-wrapper > * > h4,.ugb-0e110ef-column-wrapper > * > h5,.ugb-0e110ef-column-wrapper > * > h6{color:#000000}.ugb-0e110ef-column-wrapper > * > p,.ugb-0e110ef-column-wrapper > * > ol li,.ugb-0e110ef-column-wrapper > * > ul li{color:#62636B}@media screen and (min-width:768px){.ugb-0e110ef > .ugb-inner-block > .ugb-block-content > *{justify-content:center}}.ugb-0e110ef > .ugb-inner-block > .ugb-block-content > *{justify-content:center !important}@media screen and (min-width:768px){.ugb-0e110ef > .ugb-inner-block > .ugb-block-content > *{padding-top:40px !important;padding-bottom:40px !important;padding-right:40px !important;padding-left:40px !important}}@media screen and (max-width:768px){.ugb-0e110ef > .ugb-inner-block > .ugb-block-content > *{padding-top:30px !important;padding-right:30px !important;padding-bottom:30px !important;padding-left:30px !important}}<\/style><div class=\"ugb-inner-block\"><div class=\"ugb-block-content\"><div class=\"ugb-column__item ugb-0e110ef-column-wrapper\"><div class=\"ugb-column__content-wrapper\">\n<div class=\"wp-block-ugb-text ugb-text ugb-a51d348 ugb-text--design-plain ugb-text--columns-1 ugb-text--subtitle-top ugb-main-block\"><style>.ugb-a51d348 .ugb-text__title{font-size:38px !important}.ugb-a51d348 .ugb-text__subtitle{font-size:16px !important;font-weight:500 !important;text-transform:uppercase !important;letter-spacing:1px !important;color:#995955}.ugb-a51d348 .ugb-text__text p{line-height:2em !important}@media screen and (max-width:768px){.ugb-a51d348 .ugb-text__title{text-align:center}.ugb-a51d348 .ugb-inner-block{text-align:center}}<\/style><div class=\"ugb-inner-block\"><div class=\"ugb-block-content\"><div class=\"ugb-text__title-wrapper\"><h2 class=\"ugb-text__title\">Vores print<\/h2><p class=\"ugb-text__subtitle\">KVALITETSPAPIR OG BL\u00c6K<\/p><\/div><div class=\"ugb-text__text-wrapper\"><div class=\"ugb-text__text\"><p class=\"ugb-text__text-1\">Vores skr\u00e6ddersyede Mapiful-plakater er hensynsfuldt trykt p\u00e5 FSC-certificeret\u00ae-papir, hvilket garanterer, at papiret opfylder de h\u00f8jeste milj\u00f8standarder. <br><br>Vi bruger tungt papir i museumskvalitet, der vejer 200 g\/m\u00b2, hvilket sikrer lang levetid, s\u00e5 du kan beundre de \u00f8jeblikke, der er gemt i dit hjerte, i mange \u00e5r fremover. <br><br>Vores ultrapr\u00e6cise bl\u00e6k indfanger hver eneste detalje i dit valgte design og sikrer en skarp, glat finish.<\/p><\/div><\/div><\/div><\/div><\/div>\n<\/div><\/div><\/div><\/div><\/div>\n<\/div><\/div><\/div><\/div>\n<\/div><\/div><\/div><\/div><\/div><\/div>\n\n\n\n<div class=\"alignfull wp-block-ugb-container ugb-container ugb-f43d1ce ugb-container--v2 ugb-container--design-basic ugb-main-block ugb-main-block--inner-full ugb--has-block-background\"><style>.ugb-f43d1ce-wrapper.ugb-container__wrapper{border-radius:0px !important}.ugb-f43d1ce.ugb-container{background-color:#ffffff}.ugb-f43d1ce.ugb-container:before{background-color:#ffffff}@media screen and (max-width:768px){.ugb-f43d1ce.ugb-container{margin-top:0px !important;margin-bottom:0px !important;padding-top:0px !important;padding-right:0px !important;padding-bottom:0px !important;padding-left:0px !important}}@media screen and (min-width:768px){.ugb-f43d1ce > .ugb-inner-block > .ugb-block-content > *{padding-top:10px !important;padding-bottom:10px !important;padding-right:10px !important;padding-left:10px !important}}@media screen and (max-width:768px){.ugb-f43d1ce > .ugb-inner-block > .ugb-block-content > *{padding-top:5px !important;padding-right:5px !important;padding-bottom:5px !important;padding-left:5px !important}}<\/style><div class=\"ugb-inner-block ugb-inner-block--full\"><div class=\"ugb-block-content\"><div class=\"ugb-container__wrapper ugb-f43d1ce-wrapper ugb--shadow-0\"><div class=\"ugb-container__side\"><div class=\"ugb-container__content-wrapper ugb-f43d1ce-content-wrapper\">\n<div class=\"alignfull wp-block-ugb-columns ugb-columns ugb-4a86859 ugb-columns--design-plain ugb-columns--columns-2 ugb-main-block ugb-main-block--inner-wide ugb--has-block-background\"><style>.ugb-4a86859{padding-left:0 !important;padding-right:0 !important;padding:0 !important}.ugb-4a86859.ugb-columns{background-color:#ffffff}.ugb-4a86859.ugb-columns:before{background-color:#ffffff}@media screen and (max-width:768px){.ugb-4a86859-content-wrapper{grid-row-gap:0 !important;grid-column-gap:0px !important}.ugb-4a86859.ugb-columns{margin-right:0px !important;margin-left:0px !important;margin-top:0px !important;margin-bottom:0px !important}}<\/style><div class=\"ugb-inner-block ugb-inner-block--wide\"><div class=\"ugb-block-content\"><div class=\"ugb-columns__item ugb-4a86859-content-wrapper\">\n<div class=\"wp-block-ugb-column ugb-column ugb-c1152fe ugb-column--design-plain ugb-main-block\"><style>.ugb-c1152fe h1,.ugb-c1152fe h2,.ugb-c1152fe h3,.ugb-c1152fe h4,.ugb-c1152fe h5,.ugb-c1152fe h6{color:#000000}.ugb-c1152fe p,.ugb-c1152fe li,.ugb-c1152fe label,.ugb-c1152fe table{color:#62636B}.ugb-c1152fe-column-wrapper > * > h1,.ugb-c1152fe-column-wrapper > * > h2,.ugb-c1152fe-column-wrapper > * > h3,.ugb-c1152fe-column-wrapper > * > h4,.ugb-c1152fe-column-wrapper > * > h5,.ugb-c1152fe-column-wrapper > * > h6{color:#000000}.ugb-c1152fe-column-wrapper > * > p,.ugb-c1152fe-column-wrapper > * > ol li,.ugb-c1152fe-column-wrapper > * > ul li{color:#62636B}@media screen and (min-width:768px){.ugb-c1152fe > .ugb-inner-block > .ugb-block-content > *{justify-content:center}}.ugb-c1152fe > .ugb-inner-block > .ugb-block-content > *{justify-content:center !important}@media screen and (min-width:768px){.ugb-c1152fe > .ugb-inner-block > .ugb-block-content > *{padding-top:40px !important;padding-bottom:40px !important;padding-right:40px !important;padding-left:40px !important}}@media screen and (max-width:768px){.ugb-c1152fe > .ugb-inner-block > .ugb-block-content > *{padding-top:30px !important;padding-right:30px !important;padding-bottom:30px !important;padding-left:30px !important}}<\/style><div class=\"ugb-inner-block\"><div class=\"ugb-block-content\"><div class=\"ugb-column__item ugb-c1152fe-column-wrapper\"><div class=\"ugb-column__content-wrapper\">\n<div class=\"wp-block-ugb-text ugb-text ugb-c38765a ugb-text--design-plain ugb-text--columns-1 ugb-text--subtitle-top ugb-main-block\"><style>.ugb-c38765a .ugb-text__title{font-size:38px !important}.ugb-c38765a .ugb-text__subtitle{font-size:16px !important;font-weight:500 !important;text-transform:uppercase !important;letter-spacing:1px !important;color:#995955}.ugb-c38765a .ugb-text__text p{line-height:2em !important}@media screen and (max-width:768px){.ugb-c38765a .ugb-text__title{text-align:center}.ugb-c38765a .ugb-inner-block{text-align:center}}<\/style><div class=\"ugb-inner-block\"><div class=\"ugb-block-content\"><div class=\"ugb-text__title-wrapper\"><h2 class=\"ugb-text__title\">Rammer och plakatoph\u00e6ng<\/h2><p class=\"ugb-text__subtitle\">robust og holdbart tr\u00e6<\/p><\/div><div class=\"ugb-text__text-wrapper\"><div class=\"ugb-text__text\"><p class=\"ugb-text__text-1\">Det tr\u00e6, vi bruger til at fremstille vores traditionelle rammer og oph\u00e6ng, er solidt og af h\u00f8j kvalitet og lever ogs\u00e5 op til FSC\u00ae-standarderne. <br><br>Vores traditionelle rammer er robuste og lette og leveres med en nem monteringsmekanisme og 1 mm tykt plexiglas, der sikrer din v\u00e6gkunst et skarpt fokus. <br><br>Vores skandinaviske oph\u00e6ng leveres ogs\u00e5 med en f\u00f8rsteklasses l\u00e6dersnor til hurtig og enkel oph\u00e6ngning.<\/p><\/div><\/div><\/div><\/div><\/div>\n<\/div><\/div><\/div><\/div><\/div>\n\n\n\n<div class=\"wp-block-ugb-column ugb-column ugb-db1a71f ugb-column--design-basic ugb-main-block\"><style>.ugb-db1a71f-column-wrapper{border-radius:0px !important;background-image:url(https:\/\/www.mapiful.com\/content\/uploads\/2021\/04\/QUALITY_PAGE.jpg)}.ugb-db1a71f-column-wrapper:before{opacity:0.5}.ugb-db1a71f.ugb-column{min-height:600px}@media screen and (max-width:768px){.ugb-db1a71f.ugb-column{min-height:300px}}@media screen and (-ms-high-contrast:active),screen and (-ms-high-contrast:none){.ugb-db1a71f.ugb-column{height:600px}}<\/style><div class=\"ugb-inner-block\"><div class=\"ugb-block-content\"><div class=\"ugb-column__item ugb-db1a71f-column-wrapper ugb--shadow-0 ugb--has-background-overlay\"><div class=\"ugb-column__content-wrapper\"><\/div><\/div><\/div><\/div><\/div>\n<\/div><\/div><\/div><\/div>\n<\/div><\/div><\/div><\/div><\/div><\/div>\n\n\n\n<div class=\"alignfull wp-block-ugb-container ugb-container ugb-b735a67 ugb-container--v2 ugb-container--design-plain ugb-main-block ugb-main-block--inner-center ugb--has-block-background\"><style>.ugb-b735a67 p,.ugb-b735a67 li,.ugb-b735a67 label,.ugb-b735a67 table{color:#62636B}.ugb-b735a67-content-wrapper > p,.ugb-b735a67-content-wrapper > ol li,.ugb-b735a67-content-wrapper > ul li{color:#62636B}.ugb-b735a67.ugb-container{background-color:#F8F5F2}.ugb-b735a67{padding:0 !important}.ugb-b735a67.ugb-container:before{background-color:#F8F5F2}@media screen and (max-width:768px){.ugb-b735a67.ugb-container{padding-right:30px !important;padding-left:30px !important}}<\/style><div class=\"ugb-inner-block ugb-inner-block--center\"><div class=\"ugb-block-content\"><div class=\"ugb-container__wrapper ugb-b735a67-wrapper\"><div class=\"ugb-container__side\"><div class=\"ugb-container__content-wrapper ugb-b735a67-content-wrapper\">\n<div class=\"wp-block-ugb-text ugb-text ugb-370d4d0 ugb-text--design-plain ugb-text--columns-1 ugb-main-block\"><style>.ugb-370d4d0 .ugb-text__title{font-size:38px !important;text-align:center}.ugb-370d4d0 .ugb-text__text p{line-height:1.5em !important}.ugb-370d4d0 .ugb-inner-block{text-align:center}<\/style><div class=\"ugb-inner-block\"><div class=\"ugb-block-content\"><div class=\"ugb-text__title-wrapper\"><h2 class=\"ugb-text__title\">Holdbar kvalitet<\/h2><\/div><div class=\"ugb-text__text-wrapper\"><div class=\"ugb-text__text\"><p class=\"ugb-text__text-1\">Hvert eneste print er pakket ind i et beskyttende silkecover og omhyggeligt emballeret i vores solide og genanvendelige papr\u00f8r. <br><br>N\u00e5r du har pakket din Mapiful ud, skal du holde den v\u00e6k fra direkte sollys og fugtige omgivelser. En t\u00f8r, ren klud fjerner nemt st\u00f8v uden at beskadige dit v\u00e6rk. Hvis din Mapiful ruller lidt sammen, skal du l\u00e6gge den fladt ned og s\u00e6tte sm\u00e5, tunge genstande p\u00e5 hvert hj\u00f8rne. S\u00e5 bliver den klar til at blive h\u00e6ngt op p\u00e5 ingen tid! <br><br>Den bedste og mest k\u00e6rlige m\u00e5de at behandle dit Mapiful er at blive ved med at dele de personlige historier bag printet igen og igen!<\/p><\/div><\/div><\/div><\/div><\/div>\n\n\n\n<div class=\"wp-block-ugb-button ugb-button-wrapper ugb-0eb8bba ugb-main-block\"><style>.ugb-0eb8bba .ugb-block-content{justify-content:center}.ugb-0eb8bba .ugb-button1{background-color:#2F394B;padding-top:20px;padding-right:40px;padding-bottom:20px;padding-left:40px;border-radius:0px !important}.ugb-0eb8bba .ugb-button1 .ugb-button--inner,.ugb-0eb8bba .ugb-button1 svg:not(.ugb-custom-icon){color:#ffffff !important}.ugb-0eb8bba .ugb-button1:before{border-radius:0px !important}.ugb-0eb8bba .ugb-inner-block{text-align:center}<\/style><div class=\"ugb-inner-block\"><div class=\"ugb-block-content\"><div class=\"ugb-button-container\"><a class=\"ugb-button1 ugb-button ugb-button--size-normal\" href=\"https:\/\/www.mapiful.com\/da\/streetmap-editor\/\" rel=\"\" title=\"\"><span class=\"ugb-button--inner\">Design din egen<\/span><\/a><\/div><\/div><\/div><\/div>\n<\/div><\/div><\/div><\/div><\/div><\/div>\n","protected":false},"excerpt":{"rendered":"<p>Kvalitet g\u00f8r en forskel Skr\u00e6ddersyet kunst, s\u00e5 dine pr\u00e6stationer kan holde hele livet. Vores print KVALITETSPAPIR OG BL\u00c6K Vores skr\u00e6ddersyede Mapiful-plakater er hensynsfuldt trykt p\u00e5 FSC-certificeret\u00ae-papir, hvilket garanterer, at papiret opfylder de h\u00f8jeste milj\u00f8standarder. Vi bruger tungt papir i museumskvalitet, der vejer 200 g\/m\u00b2, hvilket sikrer lang levetid, s\u00e5 du kan beundre de \u00f8jeblikke, der&#8230;<\/p>\n","protected":false},"author":1,"featured_media":0,"parent":0,"menu_order":14,"comment_status":"closed","ping_status":"closed","template":"","meta":{"footnotes":""},"class_list":["post-954623","page","type-page","status-publish","hentry"],"acf":[],"featured_image_urls_v2":{"full":"","thumbnail":"","medium":"","medium_large":"","large":"","1536x1536":"","2048x2048":"","woocommerce_thumbnail":"","woocommerce_single":"","woocommerce_gallery_thumbnail":"","wc_order_status_icon":""},"post_excerpt_stackable_v2":"<p>Kvalitet g\u00f8r en forskelSkr\u00e6ddersyet kunst, s\u00e5 dine pr\u00e6stationer kan holde hele livet. Vores printKVALITETSPAPIR OG BL\u00c6KVores skr\u00e6ddersyede Mapiful-plakater er hensynsfuldt trykt p\u00e5 FSC-certificeret\u00ae-papir, hvilket garanterer, at papiret opfylder de h\u00f8jeste milj\u00f8standarder. Vi bruger tungt papir i museumskvalitet, der vejer 200 g\/m\u00b2, hvilket sikrer lang levetid, s\u00e5 du kan beundre de \u00f8jeblikke, der er gemt i dit hjerte, i mange \u00e5r fremover. Vores ultrapr\u00e6cise bl\u00e6k indfanger hver eneste detalje i dit valgte design og sikrer en skarp, glat finish. Rammer och plakatoph\u00e6ngrobust og holdbart tr\u00e6Det tr\u00e6, vi bruger til at fremstille vores traditionelle rammer og oph\u00e6ng, er solidt og af h\u00f8j&hellip;<\/p>\n","category_list_v2":"","author_info_v2":{"name":"Edvin Brobeck","url":"https:\/\/www.mapiful.com\/da\/blog\/author\/admin\/"},"comments_num_v2":"0 comments","_links":{"self":[{"href":"https:\/\/www.mapiful.com\/da\/wp-json\/wp\/v2\/pages\/954623"}],"collection":[{"href":"https:\/\/www.mapiful.com\/da\/wp-json\/wp\/v2\/pages"}],"about":[{"href":"https:\/\/www.mapiful.com\/da\/wp-json\/wp\/v2\/types\/page"}],"author":[{"embeddable":true,"href":"https:\/\/www.mapiful.com\/da\/wp-json\/wp\/v2\/users\/1"}],"replies":[{"embeddable":true,"href":"https:\/\/www.mapiful.com\/da\/wp-json\/wp\/v2\/comments?post=954623"}],"version-history":[{"count":0,"href":"https:\/\/www.mapiful.com\/da\/wp-json\/wp\/v2\/pages\/954623\/revisions"}],"wp:attachment":[{"href":"https:\/\/www.mapiful.com\/da\/wp-json\/wp\/v2\/media?parent=954623"}],"curies":[{"name":"wp","href":"https:\/\/api.w.org\/{rel}","templated":true}]}}