{"id":956579,"date":"2020-06-15T09:08:04","date_gmt":"2020-06-15T07:08:04","guid":{"rendered":"https:\/\/www.mapiful.com\/?page_id=956579"},"modified":"2020-10-29T16:07:34","modified_gmt":"2020-10-29T15:07:34","slug":"covid-19-information","status":"publish","type":"page","link":"https:\/\/www.mapiful.com\/da\/covid-19-information\/","title":{"rendered":"Covid-19 Information"},"content":{"rendered":"\n<div class=\"wp-block-genesis-blocks-gb-columns gb-layout-columns-1 gb-1-col-equal gb-has-custom-background-color gb-columns-center\" style=\"padding-top:50px;padding-bottom:50px;background-color:#f5f7f9\"><div class=\"gb-layout-column-wrap gb-block-layout-column-gap-2 gb-is-responsive-column\" style=\"max-width:700px\">\n<div class=\"wp-block-genesis-blocks-gb-column gb-block-layout-column\"><div class=\"gb-block-layout-column-inner\">\n<h2 class=\"has-text-align-center wp-block-heading\"><strong>Seneste opdateringer og ofte stillede sp\u00f8rgsm\u00e5l<\/strong><\/h2>\n\n\n\n<p class=\"has-text-align-center\">Vi arbejder som normalt for at sikre, at vi leverer den samme konsekvente, sikre og hygiejniske service til alle. Opdateringer overv\u00e5ges n\u00f8je, og vi f\u00f8lger eventuelle fremtidige tiltag. Vi s\u00e6tter pris p\u00e5 din forst\u00e5else, mens vi i f\u00e6llesskab pr\u00f8ver at finde en l\u00f8sning.<\/p>\n\n\n\n<div style=\"color:#ddd\" class=\"wp-block-genesis-blocks-gb-spacer gb-block-spacer gb-divider-solid gb-spacer-divider gb-divider-size-1\"><hr style=\"height:19px\"\/><\/div>\n\n\n\n<p class=\"has-text-align-center\">Her kommer vores seneste opdateringer, og hvad vi indtil videre ved:<\/p>\n\n\n\n<ul class=\"wp-block-list\"><li><strong> Levering til visse postnumre i Frankrig er forsinket, <\/strong>herunder Bitche, Sturzelbronn, Siersthal, St Louis les Bitche, Walschbronn, St Louis, Haselbourg, Soucht, Strasbourg, Colmar, Colmar Cedex, Ingersheim, Bennwihr Mittelwihr og Beblenheim. Vi g\u00f8r vores bedste for at s\u00f8rge for, at leveringer sker s\u00e5 hurtigt som muligt.<\/li><li><strong> Andre postomr\u00e5der i EU oplever ogs\u00e5 forsinkelser, <\/strong>herunder Bulgarien (Bansko), Tjekkiet (Kynice, Chudob\u00edn, Sav\u00edn, Uni\u010dov, Litovel), Tyskland (Jessen), Spanien (Arroyo de la Luz), Kroatien (Murter, Betina) og Portugal (Ovar, Esmoriz).<\/li><li><strong> For \u00f8jeblikket ser alle andre leveringer i verden ud til at leve op til forventningerne. <\/strong>Vi informerer dig om eventuelle \u00e6ndringer.<\/li><\/ul>\n\n\n\n<p class=\"has-text-align-center\">Kontakt os endelig p\u00e5<strong> <a rel=\"noreferrer noopener\" target=\"_blank\">support@mapiful.com<\/a><\/strong> hvis du for nylig har bestilt en vare hos os i et af de ber\u00f8rte omr\u00e5der, som er n\u00e6vnt ovenfor, og du har sp\u00f8rgsm\u00e5l til ordren!<\/p>\n<\/div><\/div>\n<\/div><\/div>\n\n\n\n<div class=\"wp-block-media-text alignwide is-stacked-on-mobile is-vertically-aligned-center is-image-fill\" style=\"grid-template-columns:49% auto\"><figure class=\"wp-block-media-text__media\" style=\"background-image:url(https:\/\/www.mapiful.com\/content\/uploads\/2020\/03\/acd9d8c56f79d0ec3137-819x1024.jpg);background-position:50% 50%\"><img loading=\"lazy\" decoding=\"async\" width=\"819\" height=\"1024\" src=\"https:\/\/www.mapiful.com\/content\/uploads\/2020\/03\/acd9d8c56f79d0ec3137-819x1024.jpg\" alt=\"\" class=\"wp-image-956690\" srcset=\"https:\/\/www.mapiful.com\/content\/uploads\/2020\/03\/acd9d8c56f79d0ec3137-819x1024.jpg 819w, https:\/\/www.mapiful.com\/content\/uploads\/2020\/03\/acd9d8c56f79d0ec3137-240x300.jpg 240w, https:\/\/www.mapiful.com\/content\/uploads\/2020\/03\/acd9d8c56f79d0ec3137-768x960.jpg 768w, https:\/\/www.mapiful.com\/content\/uploads\/2020\/03\/acd9d8c56f79d0ec3137-1229x1536.jpg 1229w, https:\/\/www.mapiful.com\/content\/uploads\/2020\/03\/acd9d8c56f79d0ec3137-600x750.jpg 600w, https:\/\/www.mapiful.com\/content\/uploads\/2020\/03\/acd9d8c56f79d0ec3137.jpg 1440w\" sizes=\"(max-width: 819px) 100vw, 819px\" \/><\/figure><div class=\"wp-block-media-text__content\">\n<div style=\"height:50px\" aria-hidden=\"true\" class=\"wp-block-spacer\"><\/div>\n\n\n\n<h1 class=\"wp-block-heading\"><strong>Hvordan er vi p\u00e5virket af Covid-19?<\/strong><\/h1>\n\n\n\n<p>Vi h\u00e5ber, at du passer godt p\u00e5 dig selv i disse meget us\u00e6dvanlige tider. Du har sikkert for l\u00e6ngst h\u00f8rt om og er opm\u00e6rksom p\u00e5 alvoren ved COVID-19, og m\u00e5ske er du ogs\u00e5 efterh\u00e5nden ogs\u00e5 lidt tr\u00e6t af det hele. Virusset p\u00e5virker p\u00e5 forskellig vis os alle, og Mapiful er ingen undtagelse.<\/p>\n\n\n\n<p>Som virksomhed er det vores mission at tilbyde dig produkter, der g\u00f8r det endnu sk\u00f8nnere at tilbringe tid i dit hjem. Det er nu vigtigere end nogensinde, fordi mennesker over hele verden bliver bedt om at blive hjemme. Derfor har vi sat alt ind p\u00e5 at holde vores virksomhed k\u00f8rende med s\u00e5 f\u00e5 afbrydelser som muligt for at leve op til vores mission.<\/p>\n\n\n\n<h3 class=\"wp-block-heading\"><strong>Vi er her p\u00e5 samme m\u00e5de som f\u00f8r \u2026<\/strong><\/h3>\n\n\n\n<p>Og vi g\u00f8r alt, hvad vi kan, for at f\u00e5 dine ordrer leveret til d\u00f8ren. Vi har truffet ekstraordin\u00e6re hygiejnem\u00e6ssige foranstaltninger i vores produktion, vi leverer til d\u00f8ren og g\u00e5r efter lokal produktion og forsendelse. Vi g\u00f8r alt, hvad vi kan, for at g\u00f8re en forskel, hvor det er muligt. Vi ved dog, at det hele desv\u00e6rre ikke altid g\u00e5r som \u00f8nsket eller planlagt. Men selvom omst\u00e6ndighederne i forbindelse med COVID-19 bliver ved med at \u00e6ndre sig, s\u00e5 \u00e6ndrer det ikke vores mission om at g\u00f8re alt, hvad vi kan, for at hj\u00e6lpe med at sikre og beskytte sundheden for alle, der er involveret i Mapiful.<\/p>\n\n\n\n<p><strong>I tider som disse vil vi derfor gerne bede dig om at have lidt t\u00e5lmodighed med os, hvis der skulle opst\u00e5 forsinkelser eller andre forstyrrelser. Hvis du har sp\u00f8rgsm\u00e5l, kan du l\u00e6se mere i vores afsnit med <a href=\"https:\/\/www.mapiful.com\/da\/support\/\">ofte stillede sp\u00f8rgsm\u00e5l<\/a> eller skrive til os p\u00e5 <a href=\"mailto:support@mapiful.com\">support@mapiful.com<\/a> eller via sociale medier.<\/strong><\/p>\n\n\n\n<div style=\"background-color:#FEF5ED;color:#32373c\" class=\"wp-block-genesis-blocks-gb-testimonial left-aligned gb-has-avatar gb-font-size-18 gb-block-testimonial\"><div class=\"gb-testimonial-text\" style=\"text-align:left\"><p>Vi er utroligt glade for den tillid, I har vist os gennem \u00e5rene takket v\u00e6re vores kvalitet og service. Vi forts\u00e6tter ufortr\u00f8dent med at g\u00f8re vores bedste i disse bekymrende tider.<\/p><\/div><div class=\"gb-testimonial-info\"><div class=\"gb-testimonial-avatar-wrap\"><div class=\"gb-testimonial-image-wrap\"><img decoding=\"async\" class=\"gb-testimonial-avatar\" src=\"https:\/\/www.mapiful.com\/content\/uploads\/2020\/02\/19657395_10158848821555548_6890411114150064461_n.jpg\" alt=\"avatar\"\/><\/div><\/div><h2 class=\"gb-testimonial-name\" style=\"color:#32373c\">Edvin Brobeck<\/h2><small class=\"gb-testimonial-title\" style=\"color:#32373c\">Medstifter og CEO for Mapiful<\/small><\/div><\/div>\n\n\n\n<div style=\"height:50px\" aria-hidden=\"true\" class=\"wp-block-spacer\"><\/div>\n<\/div><\/div>\n","protected":false},"excerpt":{"rendered":"","protected":false},"author":1,"featured_media":0,"parent":0,"menu_order":99,"comment_status":"closed","ping_status":"closed","template":"templates\/tpl-fullwidth.php","meta":{"footnotes":""},"class_list":["post-956579","page","type-page","status-publish","hentry"],"acf":[],"featured_image_urls_v2":{"full":"","thumbnail":"","medium":"","medium_large":"","large":"","1536x1536":"","2048x2048":"","woocommerce_thumbnail":"","woocommerce_single":"","woocommerce_gallery_thumbnail":"","wc_order_status_icon":""},"post_excerpt_stackable_v2":"<p>Seneste opdateringer og ofte stillede sp\u00f8rgsm\u00e5l Vi arbejder som normalt for at sikre, at vi leverer den samme konsekvente, sikre og hygiejniske service til alle. Opdateringer overv\u00e5ges n\u00f8je, og vi f\u00f8lger eventuelle fremtidige tiltag. Vi s\u00e6tter pris p\u00e5 din forst\u00e5else, mens vi i f\u00e6llesskab pr\u00f8ver at finde en l\u00f8sning. Her kommer vores seneste opdateringer, og hvad vi indtil videre ved: Levering til visse postnumre i Frankrig er forsinket, herunder Bitche, Sturzelbronn, Siersthal, St Louis les Bitche, Walschbronn, St Louis, Haselbourg, Soucht, Strasbourg, Colmar, Colmar Cedex, Ingersheim, Bennwihr Mittelwihr og Beblenheim. Vi g\u00f8r vores bedste for at s\u00f8rge for, at leveringer&hellip;<\/p>\n","category_list_v2":"","author_info_v2":{"name":"Edvin Brobeck","url":"https:\/\/www.mapiful.com\/da\/blog\/author\/admin\/"},"comments_num_v2":"0 comments","_links":{"self":[{"href":"https:\/\/www.mapiful.com\/da\/wp-json\/wp\/v2\/pages\/956579"}],"collection":[{"href":"https:\/\/www.mapiful.com\/da\/wp-json\/wp\/v2\/pages"}],"about":[{"href":"https:\/\/www.mapiful.com\/da\/wp-json\/wp\/v2\/types\/page"}],"author":[{"embeddable":true,"href":"https:\/\/www.mapiful.com\/da\/wp-json\/wp\/v2\/users\/1"}],"replies":[{"embeddable":true,"href":"https:\/\/www.mapiful.com\/da\/wp-json\/wp\/v2\/comments?post=956579"}],"version-history":[{"count":0,"href":"https:\/\/www.mapiful.com\/da\/wp-json\/wp\/v2\/pages\/956579\/revisions"}],"wp:attachment":[{"href":"https:\/\/www.mapiful.com\/da\/wp-json\/wp\/v2\/media?parent=956579"}],"curies":[{"name":"wp","href":"https:\/\/api.w.org\/{rel}","templated":true}]}}