{"id":956695,"date":"2020-06-15T09:14:55","date_gmt":"2020-06-15T07:14:55","guid":{"rendered":"https:\/\/www.mapiful.com\/?page_id=956695"},"modified":"2020-10-29T16:07:34","modified_gmt":"2020-10-29T15:07:34","slug":"partners","status":"publish","type":"page","link":"https:\/\/www.mapiful.com\/da\/partners\/","title":{"rendered":"Partnerprogram"},"content":{"rendered":"\n<div class=\"wp-block-genesis-blocks-gb-container gb-block-container\"><div class=\"gb-container-inside\"><div class=\"gb-container-content\">\n<div class=\"wp-block-media-text alignwide has-background is-stacked-on-mobile\" style=\"background-color:#FEF5ED\"><figure class=\"wp-block-media-text__media\"><img loading=\"lazy\" decoding=\"async\" width=\"878\" height=\"722\" src=\"https:\/\/www.mapiful.com\/content\/uploads\/2020\/04\/Screenshot-2020-04-09-at-18.28.37.png\" alt=\"\" class=\"wp-image-956709\" srcset=\"https:\/\/www.mapiful.com\/content\/uploads\/2020\/04\/Screenshot-2020-04-09-at-18.28.37.png 878w, https:\/\/www.mapiful.com\/content\/uploads\/2020\/04\/Screenshot-2020-04-09-at-18.28.37-300x247.png 300w, https:\/\/www.mapiful.com\/content\/uploads\/2020\/04\/Screenshot-2020-04-09-at-18.28.37-768x632.png 768w, https:\/\/www.mapiful.com\/content\/uploads\/2020\/04\/Screenshot-2020-04-09-at-18.28.37-600x493.png 600w\" sizes=\"(max-width: 878px) 100vw, 878px\" \/><\/figure><div class=\"wp-block-media-text__content\">\n<div style=\"height:30px\" aria-hidden=\"true\" class=\"wp-block-spacer\"><\/div>\n\n\n\n<p style=\"color:#4C596A\" class=\"has-text-color has-large-font-size\"><strong>Bliv partner til Mapiful<\/strong><\/p>\n\n\n\n<p style=\"color:#4C596A\" class=\"has-text-color has-medium-font-size\">Hej med dig!<\/p>\n\n\n\n<p style=\"color:#4C596A\" class=\"has-text-color has-medium-font-size\">Bliv en del af vores #MapifulFamily, og tag med p\u00e5 vores mission om at sprede gl\u00e6de i alle hjem med skr\u00e6ddersyet kunst.<\/p>\n\n\n\n<div style=\"height:30px\" aria-hidden=\"true\" class=\"wp-block-spacer\"><\/div>\n<\/div><\/div>\n\n\n\n<div style=\"height:50px\" aria-hidden=\"true\" class=\"wp-block-spacer\"><\/div>\n\n\n\n<p style=\"color:#4C596A\" class=\"has-text-color has-text-align-center has-large-font-size\"><strong>S\u00e5dan fungerer det.<\/strong><\/p>\n\n\n\n<div class=\"wp-block-genesis-blocks-gb-columns gb-layout-team-1 gb-layout-columns-3 gb-3-col-equal gb-columns-center\" style=\"padding-top:20px;padding-bottom:20px\"><div class=\"gb-layout-column-wrap gb-block-layout-column-gap-1 gb-is-responsive-column\" style=\"max-width:1200px\">\n<div class=\"wp-block-genesis-blocks-gb-column gb-block-layout-column\"><div class=\"gb-block-layout-column-inner\" style=\"padding-right:8px;padding-left:8px\">\n<div style=\"background-color:#ffffff;color:#4C596A\" class=\"wp-block-genesis-blocks-gb-profile-box center square gb-has-avatar gb-font-size-18 gb-block-profile gb-profile-columns\"><div class=\"gb-profile-column gb-profile-avatar-wrap\"><div class=\"gb-profile-image-wrap\"><figure class=\"gb-profile-image-square\"><img loading=\"lazy\" decoding=\"async\" width=\"950\" height=\"1180\" class=\"gb-profile-avatar wp-image-956703\" src=\"https:\/\/www.mapiful.com\/content\/uploads\/2020\/04\/@lenaallesklar.png\" alt=\"\" srcset=\"https:\/\/www.mapiful.com\/content\/uploads\/2020\/04\/@lenaallesklar.png 950w, https:\/\/www.mapiful.com\/content\/uploads\/2020\/04\/@lenaallesklar-242x300.png 242w, https:\/\/www.mapiful.com\/content\/uploads\/2020\/04\/@lenaallesklar-824x1024.png 824w, https:\/\/www.mapiful.com\/content\/uploads\/2020\/04\/@lenaallesklar-768x954.png 768w, https:\/\/www.mapiful.com\/content\/uploads\/2020\/04\/@lenaallesklar-600x745.png 600w\" sizes=\"(max-width: 950px) 100vw, 950px\" \/><\/figure><\/div><\/div><div class=\"gb-profile-column gb-profile-content-wrap\"><h2 class=\"gb-profile-name\" style=\"color:#4C596A\"><strong>Tilmeld dig.<\/strong><\/h2><p class=\"gb-profile-title\" style=\"color:#4C596A\"><\/p><div class=\"gb-profile-text\"><p>Udfyld vores lynformular, og f\u00e5 en unik URL til at f\u00f8lge salg.<\/p><\/div><ul class=\"gb-social-links\"><\/ul><\/div><\/div>\n<\/div><\/div>\n\n\n\n<div class=\"wp-block-genesis-blocks-gb-column gb-block-layout-column\"><div class=\"gb-block-layout-column-inner\" style=\"padding-right:8px;padding-bottom:8px\">\n<div style=\"background-color:#ffffff;color:#4C596A\" class=\"wp-block-genesis-blocks-gb-profile-box center square gb-has-avatar gb-font-size-18 gb-block-profile gb-profile-columns\"><div class=\"gb-profile-column gb-profile-avatar-wrap\"><div class=\"gb-profile-image-wrap\"><figure class=\"gb-profile-image-square\"><img loading=\"lazy\" decoding=\"async\" width=\"954\" height=\"956\" class=\"gb-profile-avatar wp-image-943117\" src=\"https:\/\/www.mapiful.com\/content\/uploads\/2020\/03\/84037939_343351643233455_5403513376797732646_n.jpg\" alt=\"\" srcset=\"https:\/\/www.mapiful.com\/content\/uploads\/2020\/03\/84037939_343351643233455_5403513376797732646_n.jpg 954w, https:\/\/www.mapiful.com\/content\/uploads\/2020\/03\/84037939_343351643233455_5403513376797732646_n-300x300.jpg 300w, https:\/\/www.mapiful.com\/content\/uploads\/2020\/03\/84037939_343351643233455_5403513376797732646_n-150x150.jpg 150w, https:\/\/www.mapiful.com\/content\/uploads\/2020\/03\/84037939_343351643233455_5403513376797732646_n-768x770.jpg 768w, https:\/\/www.mapiful.com\/content\/uploads\/2020\/03\/84037939_343351643233455_5403513376797732646_n-600x601.jpg 600w, https:\/\/www.mapiful.com\/content\/uploads\/2020\/03\/84037939_343351643233455_5403513376797732646_n-500x500.jpg 500w, https:\/\/www.mapiful.com\/content\/uploads\/2020\/03\/84037939_343351643233455_5403513376797732646_n-650x650.jpg 650w, https:\/\/www.mapiful.com\/content\/uploads\/2020\/03\/84037939_343351643233455_5403513376797732646_n-100x100.jpg 100w, https:\/\/www.mapiful.com\/content\/uploads\/2020\/03\/84037939_343351643233455_5403513376797732646_n-32x32.jpg 32w\" sizes=\"(max-width: 954px) 100vw, 954px\" \/><\/figure><\/div><\/div><div class=\"gb-profile-column gb-profile-content-wrap\"><h2 class=\"gb-profile-name\" style=\"color:#4C596A\"><strong>Spred k\u00e6rligheden.<\/strong><\/h2><p class=\"gb-profile-title\" style=\"color:#4C596A\"><\/p><div class=\"gb-profile-text\"><p>F\u00e5 adgang til tonsvis af sk\u00f8nne kreativiteter, og brug dem til at dele Mapiful med venner og f\u00f8lgere.<\/p><\/div><ul class=\"gb-social-links\"><\/ul><\/div><\/div>\n<\/div><\/div>\n\n\n\n<div class=\"wp-block-genesis-blocks-gb-column gb-block-layout-column\"><div class=\"gb-block-layout-column-inner\" style=\"padding-right:8px;padding-bottom:8px\">\n<div style=\"background-color:#ffffff;color:#4C596A\" class=\"wp-block-genesis-blocks-gb-profile-box center square gb-has-avatar gb-font-size-18 gb-block-profile gb-profile-columns\"><div class=\"gb-profile-column gb-profile-avatar-wrap\"><div class=\"gb-profile-image-wrap\"><figure class=\"gb-profile-image-square\"><img loading=\"lazy\" decoding=\"async\" width=\"878\" height=\"1090\" class=\"gb-profile-avatar wp-image-956705\" src=\"https:\/\/www.mapiful.com\/content\/uploads\/2020\/04\/@mummy_and_wifey_.png\" alt=\"\" srcset=\"https:\/\/www.mapiful.com\/content\/uploads\/2020\/04\/@mummy_and_wifey_.png 878w, https:\/\/www.mapiful.com\/content\/uploads\/2020\/04\/@mummy_and_wifey_-242x300.png 242w, https:\/\/www.mapiful.com\/content\/uploads\/2020\/04\/@mummy_and_wifey_-825x1024.png 825w, https:\/\/www.mapiful.com\/content\/uploads\/2020\/04\/@mummy_and_wifey_-768x953.png 768w, https:\/\/www.mapiful.com\/content\/uploads\/2020\/04\/@mummy_and_wifey_-600x745.png 600w\" sizes=\"(max-width: 878px) 100vw, 878px\" \/><\/figure><\/div><\/div><div class=\"gb-profile-column gb-profile-content-wrap\"><h2 class=\"gb-profile-name\" style=\"color:#4C596A\"><strong>Optjen provision.<\/strong><\/h2><p class=\"gb-profile-title\" style=\"color:#4C596A\"><\/p><div class=\"gb-profile-text\"><p>Kom i gang med at optjene provision ved at sprede gl\u00e6de og positive vibes fra Mapiful!<\/p><\/div><ul class=\"gb-social-links\"><\/ul><\/div><\/div>\n<\/div><\/div>\n<\/div><\/div>\n<\/div><\/div><\/div>\n\n\n\n<div style=\"height:20px\" aria-hidden=\"true\" class=\"wp-block-spacer\"><\/div>\n\n\n\n<div style=\"background-color:#FEF5ED;padding-bottom:4%;padding-top:3%\" class=\"wp-block-genesis-blocks-gb-container gb-block-container\"><div class=\"gb-container-inside\"><div class=\"gb-container-content\">\n<p style=\"color:#4C596A;font-size:30px\" class=\"has-text-color has-text-align-center\"><strong>Vi gl\u00e6der os rigtig meget til at samarbejde med dig!<\/strong><\/p>\n\n\n\n<div style=\"text-align:center\" class=\"wp-block-genesis-blocks-gb-button gb-block-button\"><a href=\"http:\/\/app.impact.com\/campaign-mediapartner-signup\/Mapiful.brand\" class=\"gb-button gb-button-shape-rounded gb-button-size-medium\" style=\"color:#ffffff;background-color:#EE948E\">TILMELD DIG<\/a><\/div>\n<\/div><\/div><\/div>\n\n\n\n<div style=\"height:50px\" aria-hidden=\"true\" class=\"wp-block-spacer\"><\/div>\n\n\n\n<p class=\"has-text-align-center has-medium-font-size\">Har du sp\u00f8rgsm\u00e5l? <a href=\"https:\/\/www.mapiful.com\/partner-terms-conditions\/\">L\u00e6s betingelser og vilk\u00e5r<\/a><\/p>\n\n\n\n<div style=\"height:50px\" aria-hidden=\"true\" class=\"wp-block-spacer\"><\/div>\n\n\n\n<p><\/p>\n","protected":false},"excerpt":{"rendered":"<p>Har du sp\u00f8rgsm\u00e5l? L\u00e6s betingelser og vilk\u00e5r<\/p>\n","protected":false},"author":1,"featured_media":0,"parent":0,"menu_order":18,"comment_status":"closed","ping_status":"closed","template":"","meta":{"footnotes":""},"class_list":["post-956695","page","type-page","status-publish","hentry"],"acf":[],"featured_image_urls_v2":{"full":"","thumbnail":"","medium":"","medium_large":"","large":"","1536x1536":"","2048x2048":"","woocommerce_thumbnail":"","woocommerce_single":"","woocommerce_gallery_thumbnail":"","wc_order_status_icon":""},"post_excerpt_stackable_v2":"<p>Bliv partner til Mapiful Hej med dig! Bliv en del af vores #MapifulFamily, og tag med p\u00e5 vores mission om at sprede gl\u00e6de i alle hjem med skr\u00e6ddersyet kunst. S\u00e5dan fungerer det. Tilmeld dig.Udfyld vores lynformular, og f\u00e5 en unik URL til at f\u00f8lge salg. Spred k\u00e6rligheden.F\u00e5 adgang til tonsvis af sk\u00f8nne kreativiteter, og brug dem til at dele Mapiful med venner og f\u00f8lgere. Optjen provision.Kom i gang med at optjene provision ved at sprede gl\u00e6de og positive vibes fra Mapiful! Vi gl\u00e6der os rigtig meget til at samarbejde med dig! TILMELD DIG Har du sp\u00f8rgsm\u00e5l? L\u00e6s betingelser og vilk\u00e5r<\/p>\n","category_list_v2":"","author_info_v2":{"name":"Edvin Brobeck","url":"https:\/\/www.mapiful.com\/da\/blog\/author\/admin\/"},"comments_num_v2":"0 comments","_links":{"self":[{"href":"https:\/\/www.mapiful.com\/da\/wp-json\/wp\/v2\/pages\/956695"}],"collection":[{"href":"https:\/\/www.mapiful.com\/da\/wp-json\/wp\/v2\/pages"}],"about":[{"href":"https:\/\/www.mapiful.com\/da\/wp-json\/wp\/v2\/types\/page"}],"author":[{"embeddable":true,"href":"https:\/\/www.mapiful.com\/da\/wp-json\/wp\/v2\/users\/1"}],"replies":[{"embeddable":true,"href":"https:\/\/www.mapiful.com\/da\/wp-json\/wp\/v2\/comments?post=956695"}],"version-history":[{"count":0,"href":"https:\/\/www.mapiful.com\/da\/wp-json\/wp\/v2\/pages\/956695\/revisions"}],"wp:attachment":[{"href":"https:\/\/www.mapiful.com\/da\/wp-json\/wp\/v2\/media?parent=956695"}],"curies":[{"name":"wp","href":"https:\/\/api.w.org\/{rel}","templated":true}]}}