{"id":1414696,"date":"2021-09-30T11:13:58","date_gmt":"2021-09-30T09:13:58","guid":{"rendered":"https:\/\/www.mapiful.com\/product\/plakat-bjorn\/"},"modified":"2021-10-20T10:57:00","modified_gmt":"2021-10-20T08:57:00","slug":"plakat-bjorn","status":"publish","type":"product","link":"https:\/\/www.mapiful.com\/da\/product\/plakat-bjorn\/","title":{"rendered":"Plakat \u2013 Bj\u00f8rn"},"content":{"rendered":"<p>Dyreplakat i museumskvalitet trykt p\u00e5 langtidsholdbart, milj\u00f8venligt FSC-certificeret papir. Vi bruger kraftigt 200 g\/m\u00b2 papir med en glat, mat finish.<\/p>\n<p>&nbsp;<\/p>\n<p>P\u00e5 grund af vores produkters s\u00e6rlige karakter kan de ikke returneres eller ombyttes. Mapiful er ikke ansvarlig i tilf\u00e6lde, hvor kunden har afgivet urigtige oplysninger p\u00e5 produktet.<\/p>\n","protected":false},"excerpt":{"rendered":"<p>Personlige plakater af h\u00f8j kvalitet, der g\u00f8r b\u00f8rnev\u00e6relset mere farverigt.<\/p>\n<p>&nbsp;<\/p>\n<p>V\u00e6lg din st\u00f8rrelse, og indtast din valgte tekst i feltet nedenfor for at tilpasse din plakat.<\/p>\n<p>&nbsp;<\/p>\n<p>Uanset om du tilf\u00f8jer dit barns navn eller et s\u00f8dt citat, vises den valgte tekst under illustrationen, s\u00e5 du kan lave en plakat, der er unik for din baby.<\/p>\n<p>&nbsp;<\/p>\n","protected":false},"featured_media":0,"template":"","meta":[],"product_cat":[1601,1834,1610],"product_tag":[],"class_list":["post-1414696","product","type-product","status-publish","hentry","product_cat-en-kollektion-til-bornevaerelset","product_cat-customisable-prints-da","product_cat-plakater-til-bornevaerelset"],"acf":[],"featured_image_urls_v2":{"full":"","thumbnail":"","medium":"","medium_large":"","large":"","1536x1536":"","2048x2048":"","woocommerce_thumbnail":"","woocommerce_single":"","woocommerce_gallery_thumbnail":"","wc_order_status_icon":""},"post_excerpt_stackable_v2":"<p>Personlige plakater af h\u00f8j kvalitet, der g\u00f8r b\u00f8rnev\u00e6relset mere farverigt.<\/p>\n<p>&nbsp;<\/p>\n<p>V\u00e6lg din st\u00f8rrelse, og indtast din valgte tekst i feltet nedenfor for at tilpasse din plakat.<\/p>\n<p>&nbsp;<\/p>\n<p>Uanset om du tilf\u00f8jer dit barns navn eller et s\u00f8dt citat, vises den valgte tekst under illustrationen, s\u00e5 du kan lave en plakat, der er unik for din baby.<\/p>\n<p>&nbsp;<\/p>\n","category_list_v2":"","author_info_v2":{"name":"","url":""},"comments_num_v2":"0 comments","_links":{"self":[{"href":"https:\/\/www.mapiful.com\/da\/wp-json\/wp\/v2\/product\/1414696"}],"collection":[{"href":"https:\/\/www.mapiful.com\/da\/wp-json\/wp\/v2\/product"}],"about":[{"href":"https:\/\/www.mapiful.com\/da\/wp-json\/wp\/v2\/types\/product"}],"wp:attachment":[{"href":"https:\/\/www.mapiful.com\/da\/wp-json\/wp\/v2\/media?parent=1414696"}],"wp:term":[{"taxonomy":"product_cat","embeddable":true,"href":"https:\/\/www.mapiful.com\/da\/wp-json\/wp\/v2\/product_cat?post=1414696"},{"taxonomy":"product_tag","embeddable":true,"href":"https:\/\/www.mapiful.com\/da\/wp-json\/wp\/v2\/product_tag?post=1414696"}],"curies":[{"name":"wp","href":"https:\/\/api.w.org\/{rel}","templated":true}]}}