{"id":1415126,"date":"2021-09-30T09:40:17","date_gmt":"2021-09-30T07:40:17","guid":{"rendered":"https:\/\/www.mapiful.com\/product\/kortaermet-body-giraf\/"},"modified":"2021-10-20T17:10:56","modified_gmt":"2021-10-20T15:10:56","slug":"kortaermet-body-giraf","status":"publish","type":"product","link":"https:\/\/www.mapiful.com\/da\/product\/kortaermet-body-giraf\/","title":{"rendered":"Kort\u00e6rmet body \u2013 Giraf"},"content":{"rendered":"<p>Personligt tilpassede, kort\u00e6rmede bodier med rund hals, der kombinerer b\u00e5de funktion og mode.<\/p>\n<p>&nbsp;<\/p>\n<p>Med:<br \/>\n&#8211; Nakke-, skulder-, \u00e6rme- og ben\u00e5bninger<br \/>\n&#8211; 100 % bomuld, der er n\u00e6nsom mod dit barns hud<br \/>\n&#8211; Unisex-stil i tre forskellige st\u00f8rrelser<br \/>\n&#8211; Afslappet pasform med plads til at vokse<\/p>\n<p>&nbsp;<\/p>\n<h3><u>St\u00f8rrelsesguide <\/u><\/h3>\n<p>&nbsp;<\/p>\n<div class=\"block md:flex\">\n<div class=\"pr-3 sm:text-center\"><img loading=\"lazy\" decoding=\"async\" class=\"alignleft wp-image-1247399 size-full\" src=\"https:\/\/mapiful.com\/content\/uploads\/2021\/09\/baby-onesie.png\" alt=\"\" width=\"240\" height=\"280\" \/><\/div>\n<p>&nbsp;<\/p>\n<div>\n<p>A) L\u00e6ngde<br \/>\nS\u00e6t enden af et m\u00e5leb\u00e5nd ved siden af kraven \u00f8verst p\u00e5 bodien (h\u00f8jeste punkt p\u00e5 skulderen). Tr\u00e6k m\u00e5leb\u00e5ndet til bunden af bodien.<\/p>\n<p>&nbsp;<\/p>\n<p>B) Halvt bryst<\/p>\n<p>L\u00e6g t\u00f8jet p\u00e5 en plan overflade, og m\u00e5l det fra venstre mod h\u00f8jre over brystet, ca. 2 cm under armene.<\/p>\n<p>&nbsp;<\/p>\n<table class=\"table-fixed\">\n<thead>\n<tr class=\"bg-gray-200\">\n<th class=\"w-1\/3\"><\/th>\n<th class=\"w-1\/4 text-left\">6 m\u00e5neder<\/th>\n<th class=\"w-1\/4 text-left\">12 m\u00e5neder<\/th>\n<th class=\"w-1\/4 text-left\">18 m\u00e5neder<\/th>\n<\/tr>\n<\/thead>\n<tbody>\n<tr>\n<td>A) L\u00e6ngde<\/td>\n<td>29,8 cm<\/td>\n<td>32,4 cm<\/td>\n<td>34,9 cm<\/td>\n<\/tr>\n<tr>\n<td>B) Halvt bryst<\/td>\n<td>22,9 cm<\/td>\n<td>25,4 cm<\/td>\n<td>27,9 cm<\/td>\n<\/tr>\n<\/tbody>\n<\/table>\n<p>&nbsp;<\/p>\n<\/div>\n<\/div>\n","protected":false},"excerpt":{"rendered":"<p>Vores kort\u00e6rmede bodier med rund hals er fremstillet af 100 % \u00f8kologisk bomuld og kombinerer b\u00e5de funktion og mode.<\/p>\n<p>&nbsp;<\/p>\n<p>V\u00e6lg din st\u00f8rrelse, og indtast din personlige tekst i feltet nedenfor.<\/p>\n<p>&nbsp;<\/p>\n<p>Uanset om du v\u00e6lger dit barns navn eller f\u00f8dselsdato, vil dit valgte dyr og din valgte tekst blive trykt midt p\u00e5 bodien.<\/p>\n<p>&nbsp;<\/p>\n","protected":false},"featured_media":0,"template":"","meta":[],"product_cat":[1601,1619],"product_tag":[],"class_list":["post-1415126","product","type-product","status-publish","hentry","product_cat-en-kollektion-til-bornevaerelset","product_cat-kortaermet-body"],"acf":[],"featured_image_urls_v2":{"full":"","thumbnail":"","medium":"","medium_large":"","large":"","1536x1536":"","2048x2048":"","woocommerce_thumbnail":"","woocommerce_single":"","woocommerce_gallery_thumbnail":"","wc_order_status_icon":""},"post_excerpt_stackable_v2":"<p>Vores kort\u00e6rmede bodier med rund hals er fremstillet af 100 % \u00f8kologisk bomuld og kombinerer b\u00e5de funktion og mode.<\/p>\n<p>&nbsp;<\/p>\n<p>V\u00e6lg din st\u00f8rrelse, og indtast din personlige tekst i feltet nedenfor.<\/p>\n<p>&nbsp;<\/p>\n<p>Uanset om du v\u00e6lger dit barns navn eller f\u00f8dselsdato, vil dit valgte dyr og din valgte tekst blive trykt midt p\u00e5 bodien.<\/p>\n<p>&nbsp;<\/p>\n","category_list_v2":"","author_info_v2":{"name":"","url":""},"comments_num_v2":"0 comments","_links":{"self":[{"href":"https:\/\/www.mapiful.com\/da\/wp-json\/wp\/v2\/product\/1415126"}],"collection":[{"href":"https:\/\/www.mapiful.com\/da\/wp-json\/wp\/v2\/product"}],"about":[{"href":"https:\/\/www.mapiful.com\/da\/wp-json\/wp\/v2\/types\/product"}],"wp:attachment":[{"href":"https:\/\/www.mapiful.com\/da\/wp-json\/wp\/v2\/media?parent=1415126"}],"wp:term":[{"taxonomy":"product_cat","embeddable":true,"href":"https:\/\/www.mapiful.com\/da\/wp-json\/wp\/v2\/product_cat?post=1415126"},{"taxonomy":"product_tag","embeddable":true,"href":"https:\/\/www.mapiful.com\/da\/wp-json\/wp\/v2\/product_tag?post=1415126"}],"curies":[{"name":"wp","href":"https:\/\/api.w.org\/{rel}","templated":true}]}}