{"id":1415262,"date":"2021-09-29T18:04:30","date_gmt":"2021-09-29T16:04:30","guid":{"rendered":"https:\/\/www.mapiful.com\/product\/mulepose-kat\/"},"modified":"2021-10-21T10:56:03","modified_gmt":"2021-10-21T08:56:03","slug":"mulepose-kat","status":"publish","type":"product","link":"https:\/\/www.mapiful.com\/da\/product\/mulepose-kat\/","title":{"rendered":"Mulepose \u2013 Kat"},"content":{"rendered":"<p>Disse stilfulde og praktiske muleposer i f\u00f8rsteklasses kvalitet har plads til alt det, dit barn har brug for p\u00e5 turene.<\/p>\n<p>&nbsp;<\/p>\n<p>Med:<br \/>\n&#8211; Forst\u00e6rkede syninger p\u00e5 hanken<br \/>\n&#8211; 10 liters b\u00e6reevne<br \/>\n&#8211; 100 % bomuld, 310-400 g\/m\u00b2<\/p>\n<p>&nbsp;<\/p>\n<p>P\u00e5 grund af vores produkters s\u00e6rlige karakter kan de ikke returneres eller ombyttes. Mapiful er ikke ansvarlig i tilf\u00e6lde, hvor kunden har afgivet urigtige oplysninger p\u00e5 produktet.<\/p>\n","protected":false},"excerpt":{"rendered":"<p>Disse stilfulde og praktiske muleposer i f\u00f8rsteklasses kvalitet har plads til alt det, dit barn har brug for p\u00e5 turene.<\/p>\n<p>&nbsp;<\/p>\n<p>Tilpas din mulepose ved at indtaste din valgte tekst i feltet nedenfor.<\/p>\n<p>&nbsp;<\/p>\n<p>Uanset om du v\u00e6lger at tilf\u00f8je dit barns navn eller blot en enkel etiket, vil dit unikke design blive trykt p\u00e5 forsiden af tasken.<\/p>\n<p>&nbsp;<\/p>\n","protected":false},"featured_media":0,"template":"","meta":[],"product_cat":[1601,1628],"product_tag":[],"class_list":["post-1415262","product","type-product","status-publish","hentry","product_cat-en-kollektion-til-bornevaerelset","product_cat-forsteklasses-muleposer"],"acf":[],"featured_image_urls_v2":{"full":"","thumbnail":"","medium":"","medium_large":"","large":"","1536x1536":"","2048x2048":"","woocommerce_thumbnail":"","woocommerce_single":"","woocommerce_gallery_thumbnail":"","wc_order_status_icon":""},"post_excerpt_stackable_v2":"<p>Disse stilfulde og praktiske muleposer i f\u00f8rsteklasses kvalitet har plads til alt det, dit barn har brug for p\u00e5 turene.<\/p>\n<p>&nbsp;<\/p>\n<p>Tilpas din mulepose ved at indtaste din valgte tekst i feltet nedenfor.<\/p>\n<p>&nbsp;<\/p>\n<p>Uanset om du v\u00e6lger at tilf\u00f8je dit barns navn eller blot en enkel etiket, vil dit unikke design blive trykt p\u00e5 forsiden af tasken.<\/p>\n<p>&nbsp;<\/p>\n","category_list_v2":"","author_info_v2":{"name":"","url":""},"comments_num_v2":"0 comments","_links":{"self":[{"href":"https:\/\/www.mapiful.com\/da\/wp-json\/wp\/v2\/product\/1415262"}],"collection":[{"href":"https:\/\/www.mapiful.com\/da\/wp-json\/wp\/v2\/product"}],"about":[{"href":"https:\/\/www.mapiful.com\/da\/wp-json\/wp\/v2\/types\/product"}],"wp:attachment":[{"href":"https:\/\/www.mapiful.com\/da\/wp-json\/wp\/v2\/media?parent=1415262"}],"wp:term":[{"taxonomy":"product_cat","embeddable":true,"href":"https:\/\/www.mapiful.com\/da\/wp-json\/wp\/v2\/product_cat?post=1415262"},{"taxonomy":"product_tag","embeddable":true,"href":"https:\/\/www.mapiful.com\/da\/wp-json\/wp\/v2\/product_tag?post=1415262"}],"curies":[{"name":"wp","href":"https:\/\/api.w.org\/{rel}","templated":true}]}}