{"id":1701341,"date":"2024-12-11T15:17:32","date_gmt":"2024-12-11T14:21:15","guid":{"rendered":"https:\/\/www.mapiful.com\/?post_type=product&#038;p=1701341"},"modified":"2024-12-14T12:32:15","modified_gmt":"2024-12-14T11:32:15","slug":"birth-poster","status":"publish","type":"product","link":"https:\/\/www.mapiful.com\/da\/product\/birth-poster\/","title":{"rendered":"Birth poster"},"content":{"rendered":"<p>Forvandl essensen af \u200b\u200bdine elskede melodier til betagende, personlig v\u00e6gkunst, der taler direkte til dit hjerte og sj\u00e6l. Med millioner af sange at v\u00e6lge imellem kan du skabe et unikt mesterv\u00e6rk, der afspejler sk\u00f8nheden i dine musikalske minder p\u00e5 en visuelt f\u00e6ngslende m\u00e5de.<\/p>\n<div class=\"container my-12 mx-auto md:px-12\">\n<div class=\"flex flex-wrap -mx-1 lg:-mx-4\">\n<p><!-- Column --><\/p>\n<div class=\"my-1 px-1 w-full md:w-1\/2 lg:my-4 lg:px-4\">\n<p><!-- Article --><\/p>\n<article class=\"overflow-hidden flex\"><img decoding=\"async\" class=\"w-6 m-4\" src=\"data:image\/svg+xml;base64,PHN2ZyBkYXRhLXByZWZpeD0iZmFiIiBkYXRhLWljb249ImVudmlyYSIgY2xhc3M9InctMjQiIHJvbGU9ImltZyIgeG1sbnM9Imh0dHA6Ly93d3cudzMub3JnLzIwMDAvc3ZnIiB2aWV3Qm94PSIwIDAgNDQ4IDUxMiI+PHBhdGggZmlsbD0iY3VycmVudENvbG9yIiBkPSJNMCAzMmM0NzcuNiAwIDM2Ni42IDMxNy4zIDM2Ny4xIDM2Ni4zTDQ0OCA0ODBoLTI2bC03MC40LTcxLjJjLTM5IDQuMi0xMjQuNCAzNC41LTIxNC40LTM3QzQ3IDMwMC4zIDUyIDIxNC43IDAgMzJ6bTc5LjcgNDZjLTQ5LjctMjMuNS01LjIgOS4yLTUuMiA5LjIgNDUuMiAzMS4yIDY2IDczLjcgOTAuMiAxMTkuOSAzMS41IDYwLjIgNzkgMTM5LjcgMTQ0LjIgMTY3LjcgNjUgMjggMzQuMiAxMi41IDYtOC41LTI4LjItMjEuMi02OC4yLTg3LTkxLTEzMC4yLTMxLjctNjAtNjEtMTE4LjYtMTQ0LjItMTU4LjF6Ij48L3BhdGg+PC9zdmc+\" alt=\"\" \/><\/p>\n<header class=\"items-center justify-between leading-tight pl-12 md:pr-12 md:p-4\">\n<h2 class=\"text-lg\"><span class=\"text-black\"><br \/>\nEnvironmentally Responsible<br \/>\n<\/span><\/h2>\n<p class=\"text-grey-darker text-sm\">Your prints are produced at the facility closest to you. This allows for faster and greener shipping, reducing carbon emissions by 67%.<\/p>\n<\/header>\n<\/article>\n<p><!-- END Article --><\/p>\n<\/div>\n<p><!-- END Column --><\/p>\n<p><!-- Column --><\/p>\n<div class=\"my-1 px-1 w-full md:w-1\/2 lg:my-4 lg:px-4\">\n<p><!-- Article --><\/p>\n<article class=\"overflow-hidden flex\"><img decoding=\"async\" class=\"w-6 m-4\" src=\"data:image\/svg+xml;base64,ICA8c3ZnIGRhdGEtcHJlZml4PSJmYXMiIGRhdGEtaWNvbj0ibWFnaWMiIGNsYXNzPSJ3LTI0IiByb2xlPSJpbWciIHhtbG5zPSJodHRwOi8vd3d3LnczLm9yZy8yMDAwL3N2ZyIgdmlld0JveD0iMCAwIDUxMiA1MTIiPjxwYXRoIGZpbGw9ImN1cnJlbnRDb2xvciIgZD0iTTIyNCA5NmwxNi0zMiAzMi0xNi0zMi0xNi0xNi0zMi0xNiAzMi0zMiAxNiAzMiAxNiAxNiAzMnpNODAgMTYwbDI2LjY2LTUzLjMzTDE2MCA4MGwtNTMuMzQtMjYuNjdMODAgMCA1My4zNCA1My4zMyAwIDgwbDUzLjM0IDI2LjY3TDgwIDE2MHptMzUyIDEyOGwtMjYuNjYgNTMuMzNMMzUyIDM2OGw1My4zNCAyNi42N0w0MzIgNDQ4bDI2LjY2LTUzLjMzTDUxMiAzNjhsLTUzLjM0LTI2LjY3TDQzMiAyODh6bTcwLjYyLTE5My43N0w0MTcuNzcgOS4zOEM0MTEuNTMgMy4xMiA0MDMuMzQgMCAzOTUuMTUgMGMtOC4xOSAwLTE2LjM4IDMuMTItMjIuNjMgOS4zOEw5LjM4IDM3Mi41MmMtMTIuNSAxMi41LTEyLjUgMzIuNzYgMCA0NS4yNWw4NC44NSA4NC44NWM2LjI1IDYuMjUgMTQuNDQgOS4zNyAyMi42MiA5LjM3IDguMTkgMCAxNi4zOC0zLjEyIDIyLjYzLTkuMzdsMzYzLjE0LTM2My4xNWMxMi41LTEyLjQ4IDEyLjUtMzIuNzUgMC00NS4yNHpNMzU5LjQ1IDIwMy40NmwtNTAuOTEtNTAuOTEgODYuNi04Ni42IDUwLjkxIDUwLjkxLTg2LjYgODYuNnoiPjwvcGF0aD48L3N2Zz4=\" alt=\"\" \/><\/p>\n<header class=\"items-center justify-between leading-tight pl-12 md:pr-12 md:p-4\">\n<h2 class=\"text-lg\"><span class=\"text-black\"><br \/>\nEffortlessly Customizable<br \/>\n<\/span><\/h2>\n<p class=\"text-grey-darker text-sm\">Easily create wall art like no other and fully personalize the special places that made you, you!<\/p>\n<\/header>\n<\/article>\n<p><!-- END Article --><\/p>\n<\/div>\n<p><!-- END Column --><\/p>\n<p><!-- Column --><\/p>\n<div class=\"my-1 px-1 w-full md:w-1\/2 lg:my-4 lg:px-4\">\n<p><!-- Article --><\/p>\n<article class=\"overflow-hidden flex\"><img decoding=\"async\" class=\"w-6 m-4\" src=\"data:image\/svg+xml;base64,IDxzdmcgZGF0YS1wcmVmaXg9ImZhcyIgZGF0YS1pY29uPSJnaWZ0IiBjbGFzcz0idy0yNCIgcm9sZT0iaW1nIiB4bWxucz0iaHR0cDovL3d3dy53My5vcmcvMjAwMC9zdmciIHZpZXdCb3g9IjAgMCA1MTIgNTEyIj48cGF0aCBmaWxsPSJjdXJyZW50Q29sb3IiIGQ9Ik0zMiA0NDhjMCAxNy43IDE0LjMgMzIgMzIgMzJoMTYwVjMyMEgzMnYxMjh6bTI1NiAzMmgxNjBjMTcuNyAwIDMyLTE0LjMgMzItMzJWMzIwSDI4OHYxNjB6bTE5Mi0zMjBoLTQyLjFjNi4yLTEyLjEgMTAuMS0yNS41IDEwLjEtNDAgMC00OC41LTM5LjUtODgtODgtODgtNDEuNiAwLTY4LjUgMjEuMy0xMDMgNjguMy0zNC41LTQ3LTYxLjQtNjguMy0xMDMtNjguMy00OC41IDAtODggMzkuNS04OCA4OCAwIDE0LjUgMy44IDI3LjkgMTAuMSA0MEgzMmMtMTcuNyAwLTMyIDE0LjMtMzIgMzJ2ODBjMCA4LjggNy4yIDE2IDE2IDE2aDQ4MGM4LjggMCAxNi03LjIgMTYtMTZ2LTgwYzAtMTcuNy0xNC4zLTMyLTMyLTMyem0tMzI2LjEgMGMtMjIuMSAwLTQwLTE3LjktNDAtNDBzMTcuOS00MCA0MC00MGMxOS45IDAgMzQuNiAzLjMgODYuMSA4MGgtODYuMXptMjA2LjEgMGgtODYuMWM1MS40LTc2LjUgNjUuNy04MCA4Ni4xLTgwIDIyLjEgMCA0MCAxNy45IDQwIDQwcy0xNy45IDQwLTQwIDQweiI+PC9wYXRoPjwvc3ZnPg==\" alt=\"\" \/><\/p>\n<header class=\"items-center justify-between leading-tight pl-12 md:pr-12 md:p-4\">\n<h2 class=\"text-lg\"><span class=\"text-black\"><br \/>\nPersonalized Gifting<br \/>\n<\/span><\/h2>\n<p class=\"text-grey-darker text-sm\">High-quality and printed-to-order, our personalized map art poster makes a lasting, meaningful gift.<\/p>\n<\/header>\n<\/article>\n<p><!-- END Article --><\/p>\n<\/div>\n<p><!-- END Column --><\/p>\n<p><!-- Column --><\/p>\n<div class=\"my-1 px-1 w-full md:w-1\/2 lg:my-4 lg:px-4\">\n<p><!-- Article --><\/p>\n<article class=\"overflow-hidden flex\"><img decoding=\"async\" class=\"w-6 m-4\" src=\"data:image\/svg+xml;base64,IDxzdmcgZGF0YS1wcmVmaXg9ImZhcyIgZGF0YS1pY29uPSJtYXAtbWFya2VyLWFsdCIgY2xhc3M9InctMjQiIHJvbGU9ImltZyIgeG1sbnM9Imh0dHA6Ly93d3cudzMub3JnLzIwMDAvc3ZnIiB2aWV3Qm94PSIwIDAgMzg0IDUxMiI+PHBhdGggZmlsbD0iY3VycmVudENvbG9yIiBkPSJNMTcyLjI2OCA1MDEuNjdDMjYuOTcgMjkxLjAzMSAwIDI2OS40MTMgMCAxOTIgMCA4NS45NjEgODUuOTYxIDAgMTkyIDBzMTkyIDg1Ljk2MSAxOTIgMTkyYzAgNzcuNDEzLTI2Ljk3IDk5LjAzMS0xNzIuMjY4IDMwOS42Ny05LjUzNSAxMy43NzQtMjkuOTMgMTMuNzczLTM5LjQ2NCAwek0xOTIgMjcyYzQ0LjE4MyAwIDgwLTM1LjgxNyA4MC04MHMtMzUuODE3LTgwLTgwLTgwLTgwIDM1LjgxNy04MCA4MCAzNS44MTcgODAgODAgODB6Ij48L3BhdGg+PC9zdmc+\" alt=\"\" \/><\/p>\n<header class=\"items-center justify-between leading-tight pl-12 md:pr-12 md:p-4\">\n<h2 class=\"text-lg\"><span class=\"text-black\"><br \/>\nScandinavian Design<br \/>\n<\/span><\/h2>\n<p class=\"text-grey-darker text-sm\">Our on-trend and high quality Scandinavian designs fit any interior, without the help of an expert.<\/p>\n<\/header>\n<\/article>\n<p><!-- END Article --><\/p>\n<\/div>\n<p><!-- END Column --><\/p>\n<\/div>\n<\/div>\n<div class=\"container my-24 mx-auto px-4 md:px-12\">\n<div class=\"flex flex-wrap -mx-1 lg:-mx-4\">\n<p><!-- Column --><\/p>\n<div class=\"my-1 px-12 w-full md:w-1\/2 lg:my-4 lg:px-4\">\n<p><img loading=\"lazy\" decoding=\"async\" class=\"alignnone wp-image-1608643 size-large\" src=\"https:\/\/www.mapiful.com\/content\/uploads\/2021\/04\/Screenshot-2023-03-27-at-11.34.12-1024x804.png\" alt=\"\" width=\"1024\" height=\"804\" srcset=\"https:\/\/www.mapiful.com\/content\/uploads\/2021\/04\/Screenshot-2023-03-27-at-11.34.12-1024x804.png 1024w, https:\/\/www.mapiful.com\/content\/uploads\/2021\/04\/Screenshot-2023-03-27-at-11.34.12-300x235.png 300w, https:\/\/www.mapiful.com\/content\/uploads\/2021\/04\/Screenshot-2023-03-27-at-11.34.12-768x603.png 768w, https:\/\/www.mapiful.com\/content\/uploads\/2021\/04\/Screenshot-2023-03-27-at-11.34.12-600x471.png 600w, https:\/\/www.mapiful.com\/content\/uploads\/2021\/04\/Screenshot-2023-03-27-at-11.34.12.png 1320w\" sizes=\"(max-width: 1024px) 100vw, 1024px\" \/><\/p>\n<\/div>\n<p><!-- END Column --><\/p>\n<p><!-- Column --><\/p>\n<div class=\"my-1 px-1 w-full md:w-1\/2 lg:my-4 lg:px-4\">\n<h2 class=\"text-lg lg:text-2xl text-black pb-4\">Create Your Customizable Music Poster<\/h2>\n<p class=\"text-lg\">Mapiful lets you create unique music posters in just a few steps!<\/p>\n<article class=\"overflow-hidden flex\"><img decoding=\"async\" class=\"flex-none w-6 h-full m-4\" src=\"data:image\/svg+xml;base64,PHN2ZyB4bWxucz0iaHR0cDovL3d3dy53My5vcmcvMjAwMC9zdmciIHZpZXdCb3g9IjAgMCAxOTAgMTkwIiBzdHlsZT0iZmlsbDogIzc2N0Q2QSAhaW1wb3J0YW50OyBjb2xvcjogIzc2N0Q2QSAhaW1wb3J0YW50Ij48cG9seWdvbiBwb2ludHM9IjE3My44LDI4LjQgNjAuNCwxNDEuOCAxNS43LDk3LjIgNS4xLDEwNy44IDYwLjQsMTYzIDE4NC40LDM5IDE3My44LDI4LjQiIGZpbGw9IiM3NjdENkEiIHN0cm9rZT0iIzc2N0Q2QSIgc3R5bGU9ImZpbGw6IHJnYigxMTgsIDEyNSwgMTA2KTsgc3Ryb2tlOiByZ2IoMTE4LCAxMjUsIDEwNik7Ii8+PC9zdmc+\" \/><\/p>\n<header class=\"items-center justify-between leading-tight pl-12 md:pr-12 md:p-4\">\n<h3 class=\"text-lg\"><span class=\"text-black\"><br \/>\nChoose your song<br \/>\n<\/span><\/h3>\n<p class=\"text-grey-darker text-sm\">Whether you\u2019re a Metallica fan, or prefer some lo-fi singer song writer, we all have our favorite jams! Find yours among millions of songs!<\/p>\n<\/header>\n<\/article>\n<article class=\"overflow-hidden flex\"><img decoding=\"async\" class=\"flex-none w-6 h-full m-4\" src=\"data:image\/svg+xml;base64,PHN2ZyB4bWxucz0iaHR0cDovL3d3dy53My5vcmcvMjAwMC9zdmciIHZpZXdCb3g9IjAgMCAxOTAgMTkwIiBzdHlsZT0iZmlsbDogIzc2N0Q2QSAhaW1wb3J0YW50OyBjb2xvcjogIzc2N0Q2QSAhaW1wb3J0YW50Ij48cG9seWdvbiBwb2ludHM9IjE3My44LDI4LjQgNjAuNCwxNDEuOCAxNS43LDk3LjIgNS4xLDEwNy44IDYwLjQsMTYzIDE4NC40LDM5IDE3My44LDI4LjQiIGZpbGw9IiM3NjdENkEiIHN0cm9rZT0iIzc2N0Q2QSIgc3R5bGU9ImZpbGw6IHJnYigxMTgsIDEyNSwgMTA2KTsgc3Ryb2tlOiByZ2IoMTE4LCAxMjUsIDEwNik7Ii8+PC9zdmc+\" \/><\/p>\n<header class=\"items-center justify-between leading-tight pl-12 md:pr-12 md:p-4\">\n<h3 class=\"text-lg\"><span class=\"text-black\"><br \/>\nPersonalize your text<br \/>\n<\/span><\/h3>\n<p class=\"text-grey-darker text-sm\">Add any special words or quote that will lift your mood each day, or a loveable message to someone else.<\/p>\n<\/header>\n<\/article>\n<article class=\"overflow-hidden flex\"><img decoding=\"async\" class=\"flex-none w-6 h-full m-4\" src=\"data:image\/svg+xml;base64,PHN2ZyB4bWxucz0iaHR0cDovL3d3dy53My5vcmcvMjAwMC9zdmciIHZpZXdCb3g9IjAgMCAxOTAgMTkwIiBzdHlsZT0iZmlsbDogIzc2N0Q2QSAhaW1wb3J0YW50OyBjb2xvcjogIzc2N0Q2QSAhaW1wb3J0YW50Ij48cG9seWdvbiBwb2ludHM9IjE3My44LDI4LjQgNjAuNCwxNDEuOCAxNS43LDk3LjIgNS4xLDEwNy44IDYwLjQsMTYzIDE4NC40LDM5IDE3My44LDI4LjQiIGZpbGw9IiM3NjdENkEiIHN0cm9rZT0iIzc2N0Q2QSIgc3R5bGU9ImZpbGw6IHJnYigxMTgsIDEyNSwgMTA2KTsgc3Ryb2tlOiByZ2IoMTE4LCAxMjUsIDEwNik7Ii8+PC9zdmc+\" \/><\/p>\n<header class=\"items-center justify-between leading-tight pl-12 md:pr-12 md:p-4\">\n<h3 class=\"text-lg\"><span class=\"text-black\"><br \/>\nChange up the look with colors and themes<br \/>\n<\/span><\/h3>\n<p class=\"text-grey-darker text-sm\">Every home is unique, and with our predefined colors and themes you can quickly find a look that suits your interior style.<\/p>\n<\/header>\n<\/article>\n<\/div>\n<p><!-- END Column --><\/p>\n<\/div>\n<\/div>\n","protected":false},"excerpt":{"rendered":"<p>Hver plakat er designet til at v\u00e6re enest\u00e5ende, idet den tager inspiration fra sangens karakteristika og blander den med dit personlige pr\u00e6g. Vores intuitive tilpasningsproces giver dig mulighed for at v\u00e6lge fra en bred palet af farver og tilf\u00f8je din egen tekst, s\u00e5 den virkelig bliver din. Resultatet er en harmonisk blanding af stil, f\u00f8lelser og individualitet.<\/p>\n","protected":false},"featured_media":1701679,"template":"","meta":[],"product_cat":[1952,1834,824],"product_tag":[],"class_list":["post-1701341","product","type-product","status-publish","has-post-thumbnail","hentry","product_cat-birth-poster-da","product_cat-customisable-prints-da","product_cat-posters-da","product_shipping_class-posters-da"],"acf":[],"featured_image_urls_v2":{"full":["https:\/\/www.mapiful.com\/content\/uploads\/2024\/12\/birtposter.png",1280,1280,false],"thumbnail":["https:\/\/www.mapiful.com\/content\/uploads\/2024\/12\/birtposter-150x150.png",150,150,true],"medium":["https:\/\/www.mapiful.com\/content\/uploads\/2024\/12\/birtposter-300x300.png",300,300,true],"medium_large":["https:\/\/www.mapiful.com\/content\/uploads\/2024\/12\/birtposter-768x768.png",768,768,true],"large":["https:\/\/www.mapiful.com\/content\/uploads\/2024\/12\/birtposter-1024x1024.png",1024,1024,true],"1536x1536":["https:\/\/www.mapiful.com\/content\/uploads\/2024\/12\/birtposter.png",1280,1280,false],"2048x2048":["https:\/\/www.mapiful.com\/content\/uploads\/2024\/12\/birtposter.png",1280,1280,false],"woocommerce_thumbnail":["https:\/\/www.mapiful.com\/content\/uploads\/2024\/12\/birtposter-300x300.png",300,300,true],"woocommerce_single":["https:\/\/www.mapiful.com\/content\/uploads\/2024\/12\/birtposter-600x600.png",600,600,true],"woocommerce_gallery_thumbnail":["https:\/\/www.mapiful.com\/content\/uploads\/2024\/12\/birtposter-100x100.png",100,100,true],"wc_order_status_icon":["https:\/\/www.mapiful.com\/content\/uploads\/2024\/12\/birtposter-32x32.png",32,32,true]},"post_excerpt_stackable_v2":"<p>Hver plakat er designet til at v\u00e6re enest\u00e5ende, idet den tager inspiration fra sangens karakteristika og blander den med dit personlige pr\u00e6g. Vores intuitive tilpasningsproces giver dig mulighed for at v\u00e6lge fra en bred palet af farver og tilf\u00f8je din egen tekst, s\u00e5 den virkelig bliver din. Resultatet er en harmonisk blanding af stil, f\u00f8lelser og individualitet.<\/p>\n","category_list_v2":"","author_info_v2":{"name":"","url":""},"comments_num_v2":"0 comments","_links":{"self":[{"href":"https:\/\/www.mapiful.com\/da\/wp-json\/wp\/v2\/product\/1701341"}],"collection":[{"href":"https:\/\/www.mapiful.com\/da\/wp-json\/wp\/v2\/product"}],"about":[{"href":"https:\/\/www.mapiful.com\/da\/wp-json\/wp\/v2\/types\/product"}],"wp:featuredmedia":[{"embeddable":true,"href":"https:\/\/www.mapiful.com\/da\/wp-json\/wp\/v2\/media\/1701679"}],"wp:attachment":[{"href":"https:\/\/www.mapiful.com\/da\/wp-json\/wp\/v2\/media?parent=1701341"}],"wp:term":[{"taxonomy":"product_cat","embeddable":true,"href":"https:\/\/www.mapiful.com\/da\/wp-json\/wp\/v2\/product_cat?post=1701341"},{"taxonomy":"product_tag","embeddable":true,"href":"https:\/\/www.mapiful.com\/da\/wp-json\/wp\/v2\/product_tag?post=1701341"}],"curies":[{"name":"wp","href":"https:\/\/api.w.org\/{rel}","templated":true}]}}