{"id":945877,"date":"2019-10-18T12:35:35","date_gmt":"2019-10-18T10:35:35","guid":{"rendered":"https:\/\/www.mapiful.com\/product\/poster-hanger-black-da\/"},"modified":"2021-12-16T00:10:22","modified_gmt":"2021-12-15T23:10:22","slug":"poster-hanger-black-da","status":"publish","type":"product","link":"https:\/\/www.mapiful.com\/da\/product\/poster-hanger-black-da\/","title":{"rendered":"PLAKATOPH\u00c6NG SORT"},"content":{"rendered":"<p><br data-mce-bogus=\"1\"><\/p>\n","protected":false},"excerpt":{"rendered":"<p>V\u00e6lg mellem plakatoph\u00e6ng i Elegant Pine, Crisp White eller Black Pine. Hver plakatoph\u00e6ng har fire solide tr\u00e6pinde, to der holder fast p\u00e5 toppen af dit billede og to, der holder fast forneden, og en f\u00f8rsteklasses snor, der matcher b\u00f8jlens farve. Dens fantastiske design fremh\u00e6ver din poster helt perfekt!<\/p>\n","protected":false},"featured_media":1470806,"template":"","meta":[],"product_cat":[823,821],"product_tag":[],"class_list":["post-945877","product","type-product","status-publish","has-post-thumbnail","hentry","product_cat-hangers-da","product_cat-frames-da","product_shipping_class-rammer-da"],"acf":[],"featured_image_urls_v2":{"full":["https:\/\/www.mapiful.com\/content\/uploads\/2019\/10\/Black-Poster-Hanger.jpg",1000,1000,false],"thumbnail":["https:\/\/www.mapiful.com\/content\/uploads\/2019\/10\/Black-Poster-Hanger-150x150.jpg",150,150,true],"medium":["https:\/\/www.mapiful.com\/content\/uploads\/2019\/10\/Black-Poster-Hanger-300x300.jpg",300,300,true],"medium_large":["https:\/\/www.mapiful.com\/content\/uploads\/2019\/10\/Black-Poster-Hanger-768x768.jpg",768,768,true],"large":["https:\/\/www.mapiful.com\/content\/uploads\/2019\/10\/Black-Poster-Hanger.jpg",1000,1000,false],"1536x1536":["https:\/\/www.mapiful.com\/content\/uploads\/2019\/10\/Black-Poster-Hanger.jpg",1000,1000,false],"2048x2048":["https:\/\/www.mapiful.com\/content\/uploads\/2019\/10\/Black-Poster-Hanger.jpg",1000,1000,false],"woocommerce_thumbnail":["https:\/\/www.mapiful.com\/content\/uploads\/2019\/10\/Black-Poster-Hanger-300x300.jpg",300,300,true],"woocommerce_single":["https:\/\/www.mapiful.com\/content\/uploads\/2019\/10\/Black-Poster-Hanger-600x600.jpg",600,600,true],"woocommerce_gallery_thumbnail":["https:\/\/www.mapiful.com\/content\/uploads\/2019\/10\/Black-Poster-Hanger-100x100.jpg",100,100,true],"wc_order_status_icon":["https:\/\/www.mapiful.com\/content\/uploads\/2019\/10\/Black-Poster-Hanger-32x32.jpg",32,32,true]},"post_excerpt_stackable_v2":"<p>V\u00e6lg mellem plakatoph\u00e6ng i Elegant Pine, Crisp White eller Black Pine. Hver plakatoph\u00e6ng har fire solide tr\u00e6pinde, to der holder fast p\u00e5 toppen af dit billede og to, der holder fast forneden, og en f\u00f8rsteklasses snor, der matcher b\u00f8jlens farve. Dens fantastiske design fremh\u00e6ver din poster helt perfekt!<\/p>\n","category_list_v2":"","author_info_v2":{"name":"","url":""},"comments_num_v2":"0 comments","_links":{"self":[{"href":"https:\/\/www.mapiful.com\/da\/wp-json\/wp\/v2\/product\/945877"}],"collection":[{"href":"https:\/\/www.mapiful.com\/da\/wp-json\/wp\/v2\/product"}],"about":[{"href":"https:\/\/www.mapiful.com\/da\/wp-json\/wp\/v2\/types\/product"}],"wp:featuredmedia":[{"embeddable":true,"href":"https:\/\/www.mapiful.com\/da\/wp-json\/wp\/v2\/media\/1470806"}],"wp:attachment":[{"href":"https:\/\/www.mapiful.com\/da\/wp-json\/wp\/v2\/media?parent=945877"}],"wp:term":[{"taxonomy":"product_cat","embeddable":true,"href":"https:\/\/www.mapiful.com\/da\/wp-json\/wp\/v2\/product_cat?post=945877"},{"taxonomy":"product_tag","embeddable":true,"href":"https:\/\/www.mapiful.com\/da\/wp-json\/wp\/v2\/product_tag?post=945877"}],"curies":[{"name":"wp","href":"https:\/\/api.w.org\/{rel}","templated":true}]}}