{"id":946011,"date":"2019-10-18T11:28:57","date_gmt":"2019-10-18T09:28:57","guid":{"rendered":"https:\/\/www.mapiful.com\/product\/black-aluminium-picture-frame-da\/"},"modified":"2021-12-15T13:42:56","modified_gmt":"2021-12-15T12:42:56","slug":"black-metal-frame-da","status":"publish","type":"product","link":"https:\/\/www.mapiful.com\/da\/product\/black-metal-frame-da\/","title":{"rendered":"Metalramme i sort"},"content":{"rendered":"","protected":false},"excerpt":{"rendered":"<p>Giv din indretning et moderne udtryk med vores metalrammer. Du kan v\u00e6lge mellem guld, s\u00f8lv eller sort, og den slanke profil p\u00e5 disse kvalitetsrammer fremh\u00e6ver perfekt dine unikke print. De er sikre og lette, og deres 1 mm tykke plexiglas g\u00f8r dem superholdbare \u2013 din v\u00e6gkunst f\u00e5r et knivskarpt fokus.<\/p>\n","protected":false},"featured_media":1469237,"template":"","meta":[],"product_cat":[821,822],"product_tag":[],"class_list":["post-946011","product","type-product","status-publish","has-post-thumbnail","hentry","product_cat-frames-da","product_cat-full-frames-da","product_shipping_class-rammer-da"],"acf":[],"featured_image_urls_v2":{"full":["https:\/\/www.mapiful.com\/content\/uploads\/2021\/12\/Black-Metal-Frame-Front-View.jpg",1000,1000,false],"thumbnail":["https:\/\/www.mapiful.com\/content\/uploads\/2021\/12\/Black-Metal-Frame-Front-View-150x150.jpg",150,150,true],"medium":["https:\/\/www.mapiful.com\/content\/uploads\/2021\/12\/Black-Metal-Frame-Front-View-300x300.jpg",300,300,true],"medium_large":["https:\/\/www.mapiful.com\/content\/uploads\/2021\/12\/Black-Metal-Frame-Front-View-768x768.jpg",768,768,true],"large":["https:\/\/www.mapiful.com\/content\/uploads\/2021\/12\/Black-Metal-Frame-Front-View.jpg",1000,1000,false],"1536x1536":["https:\/\/www.mapiful.com\/content\/uploads\/2021\/12\/Black-Metal-Frame-Front-View.jpg",1000,1000,false],"2048x2048":["https:\/\/www.mapiful.com\/content\/uploads\/2021\/12\/Black-Metal-Frame-Front-View.jpg",1000,1000,false],"woocommerce_thumbnail":["https:\/\/www.mapiful.com\/content\/uploads\/2021\/12\/Black-Metal-Frame-Front-View-300x300.jpg",300,300,true],"woocommerce_single":["https:\/\/www.mapiful.com\/content\/uploads\/2021\/12\/Black-Metal-Frame-Front-View-600x600.jpg",600,600,true],"woocommerce_gallery_thumbnail":["https:\/\/www.mapiful.com\/content\/uploads\/2021\/12\/Black-Metal-Frame-Front-View-100x100.jpg",100,100,true],"wc_order_status_icon":["https:\/\/www.mapiful.com\/content\/uploads\/2021\/12\/Black-Metal-Frame-Front-View-32x32.jpg",32,32,true]},"post_excerpt_stackable_v2":"<p>Giv din indretning et moderne udtryk med vores metalrammer. Du kan v\u00e6lge mellem guld, s\u00f8lv eller sort, og den slanke profil p\u00e5 disse kvalitetsrammer fremh\u00e6ver perfekt dine unikke print. De er sikre og lette, og deres 1 mm tykke plexiglas g\u00f8r dem superholdbare \u2013 din v\u00e6gkunst f\u00e5r et knivskarpt fokus.<\/p>\n","category_list_v2":"","author_info_v2":{"name":"","url":""},"comments_num_v2":"0 comments","_links":{"self":[{"href":"https:\/\/www.mapiful.com\/da\/wp-json\/wp\/v2\/product\/946011"}],"collection":[{"href":"https:\/\/www.mapiful.com\/da\/wp-json\/wp\/v2\/product"}],"about":[{"href":"https:\/\/www.mapiful.com\/da\/wp-json\/wp\/v2\/types\/product"}],"wp:featuredmedia":[{"embeddable":true,"href":"https:\/\/www.mapiful.com\/da\/wp-json\/wp\/v2\/media\/1469237"}],"wp:attachment":[{"href":"https:\/\/www.mapiful.com\/da\/wp-json\/wp\/v2\/media?parent=946011"}],"wp:term":[{"taxonomy":"product_cat","embeddable":true,"href":"https:\/\/www.mapiful.com\/da\/wp-json\/wp\/v2\/product_cat?post=946011"},{"taxonomy":"product_tag","embeddable":true,"href":"https:\/\/www.mapiful.com\/da\/wp-json\/wp\/v2\/product_tag?post=946011"}],"curies":[{"name":"wp","href":"https:\/\/api.w.org\/{rel}","templated":true}]}}