{"id":946066,"date":"2019-10-18T11:18:25","date_gmt":"2019-10-18T09:18:25","guid":{"rendered":"https:\/\/www.mapiful.com\/product\/white-picture-frame-da\/"},"modified":"2021-12-15T15:50:15","modified_gmt":"2021-12-15T14:50:15","slug":"white-picture-frame-da","status":"publish","type":"product","link":"https:\/\/www.mapiful.com\/da\/product\/white-picture-frame-da\/","title":{"rendered":"Hvid Tr\u00e6ramme"},"content":{"rendered":"<p><br data-mce-bogus=\"1\"><\/p>\n","protected":false},"excerpt":{"rendered":"<p>Vores tr\u00e6rammer pr\u00e6senterer dine prints p\u00e5 smukkeste vis. De er fremstillet af \u00e6gte tr\u00e6 i en sold konstruktion, der er nem at h\u00e6nge op. Rammernes elegante design tilf\u00f8jer et skandinavisk pr\u00e6g i enhver indretning. Plexiglasset er sikkert og lyst, super holdbart og giver et knivskarpt fokus. Rammerne er produceret i Europa og er klar til at tage godt imod dine minder og fort\u00e6llinger!<\/p>\n","protected":false},"featured_media":1469799,"template":"","meta":[],"product_cat":[821,822],"product_tag":[],"class_list":["post-946066","product","type-product","status-publish","has-post-thumbnail","hentry","product_cat-frames-da","product_cat-full-frames-da","product_shipping_class-rammer-da"],"acf":[],"featured_image_urls_v2":{"full":["https:\/\/www.mapiful.com\/content\/uploads\/2021\/12\/White-Wood-Frame-Front-View-1.jpg",1000,1000,false],"thumbnail":["https:\/\/www.mapiful.com\/content\/uploads\/2021\/12\/White-Wood-Frame-Front-View-1-150x150.jpg",150,150,true],"medium":["https:\/\/www.mapiful.com\/content\/uploads\/2021\/12\/White-Wood-Frame-Front-View-1-300x300.jpg",300,300,true],"medium_large":["https:\/\/www.mapiful.com\/content\/uploads\/2021\/12\/White-Wood-Frame-Front-View-1-768x768.jpg",768,768,true],"large":["https:\/\/www.mapiful.com\/content\/uploads\/2021\/12\/White-Wood-Frame-Front-View-1.jpg",1000,1000,false],"1536x1536":["https:\/\/www.mapiful.com\/content\/uploads\/2021\/12\/White-Wood-Frame-Front-View-1.jpg",1000,1000,false],"2048x2048":["https:\/\/www.mapiful.com\/content\/uploads\/2021\/12\/White-Wood-Frame-Front-View-1.jpg",1000,1000,false],"woocommerce_thumbnail":["https:\/\/www.mapiful.com\/content\/uploads\/2021\/12\/White-Wood-Frame-Front-View-1-300x300.jpg",300,300,true],"woocommerce_single":["https:\/\/www.mapiful.com\/content\/uploads\/2021\/12\/White-Wood-Frame-Front-View-1-600x600.jpg",600,600,true],"woocommerce_gallery_thumbnail":["https:\/\/www.mapiful.com\/content\/uploads\/2021\/12\/White-Wood-Frame-Front-View-1-100x100.jpg",100,100,true],"wc_order_status_icon":["https:\/\/www.mapiful.com\/content\/uploads\/2021\/12\/White-Wood-Frame-Front-View-1-32x32.jpg",32,32,true]},"post_excerpt_stackable_v2":"<p>Vores tr\u00e6rammer pr\u00e6senterer dine prints p\u00e5 smukkeste vis. De er fremstillet af \u00e6gte tr\u00e6 i en sold konstruktion, der er nem at h\u00e6nge op. Rammernes elegante design tilf\u00f8jer et skandinavisk pr\u00e6g i enhver indretning. Plexiglasset er sikkert og lyst, super holdbart og giver et knivskarpt fokus. Rammerne er produceret i Europa og er klar til at tage godt imod dine minder og fort\u00e6llinger!<\/p>\n","category_list_v2":"","author_info_v2":{"name":"","url":""},"comments_num_v2":"0 comments","_links":{"self":[{"href":"https:\/\/www.mapiful.com\/da\/wp-json\/wp\/v2\/product\/946066"}],"collection":[{"href":"https:\/\/www.mapiful.com\/da\/wp-json\/wp\/v2\/product"}],"about":[{"href":"https:\/\/www.mapiful.com\/da\/wp-json\/wp\/v2\/types\/product"}],"wp:featuredmedia":[{"embeddable":true,"href":"https:\/\/www.mapiful.com\/da\/wp-json\/wp\/v2\/media\/1469799"}],"wp:attachment":[{"href":"https:\/\/www.mapiful.com\/da\/wp-json\/wp\/v2\/media?parent=946066"}],"wp:term":[{"taxonomy":"product_cat","embeddable":true,"href":"https:\/\/www.mapiful.com\/da\/wp-json\/wp\/v2\/product_cat?post=946066"},{"taxonomy":"product_tag","embeddable":true,"href":"https:\/\/www.mapiful.com\/da\/wp-json\/wp\/v2\/product_tag?post=946066"}],"curies":[{"name":"wp","href":"https:\/\/api.w.org\/{rel}","templated":true}]}}