{"id":946088,"date":"2019-10-18T10:41:11","date_gmt":"2019-10-18T08:41:11","guid":{"rendered":"https:\/\/www.mapiful.com\/product\/black-picture-frame-da\/"},"modified":"2021-12-15T16:31:50","modified_gmt":"2021-12-15T15:31:50","slug":"black-picture-frame-da","status":"publish","type":"product","link":"https:\/\/www.mapiful.com\/da\/product\/black-picture-frame-da\/","title":{"rendered":"Sort tr\u00e6ramme"},"content":{"rendered":"","protected":false},"excerpt":{"rendered":"<p>Vores tr\u00e6rammer pr\u00e6senterer dine prints p\u00e5 smukkeste vis. De er fremstillet af \u00e6gte tr\u00e6 i en sold konstruktion, der er nem at h\u00e6nge op. Rammernes elegante design tilf\u00f8jer et skandinavisk pr\u00e6g i enhver indretning. Plexiglasset er sikkert og lyst, super holdbart og giver et knivskarpt fokus. Rammerne er produceret i Europa og er klar til at tage godt imod dine minder og fort\u00e6llinger!<\/p>\n","protected":false},"featured_media":1469881,"template":"","meta":[],"product_cat":[822,821],"product_tag":[],"class_list":["post-946088","product","type-product","status-publish","has-post-thumbnail","hentry","product_cat-full-frames-da","product_cat-frames-da","product_shipping_class-rammer-da"],"acf":[],"featured_image_urls_v2":{"full":["https:\/\/www.mapiful.com\/content\/uploads\/2019\/10\/Black-Wood-Frame-Front-View.jpg",1000,1000,false],"thumbnail":["https:\/\/www.mapiful.com\/content\/uploads\/2019\/10\/Black-Wood-Frame-Front-View-150x150.jpg",150,150,true],"medium":["https:\/\/www.mapiful.com\/content\/uploads\/2019\/10\/Black-Wood-Frame-Front-View-300x300.jpg",300,300,true],"medium_large":["https:\/\/www.mapiful.com\/content\/uploads\/2019\/10\/Black-Wood-Frame-Front-View-768x768.jpg",768,768,true],"large":["https:\/\/www.mapiful.com\/content\/uploads\/2019\/10\/Black-Wood-Frame-Front-View.jpg",1000,1000,false],"1536x1536":["https:\/\/www.mapiful.com\/content\/uploads\/2019\/10\/Black-Wood-Frame-Front-View.jpg",1000,1000,false],"2048x2048":["https:\/\/www.mapiful.com\/content\/uploads\/2019\/10\/Black-Wood-Frame-Front-View.jpg",1000,1000,false],"woocommerce_thumbnail":["https:\/\/www.mapiful.com\/content\/uploads\/2019\/10\/Black-Wood-Frame-Front-View-300x300.jpg",300,300,true],"woocommerce_single":["https:\/\/www.mapiful.com\/content\/uploads\/2019\/10\/Black-Wood-Frame-Front-View-600x600.jpg",600,600,true],"woocommerce_gallery_thumbnail":["https:\/\/www.mapiful.com\/content\/uploads\/2019\/10\/Black-Wood-Frame-Front-View-100x100.jpg",100,100,true],"wc_order_status_icon":["https:\/\/www.mapiful.com\/content\/uploads\/2019\/10\/Black-Wood-Frame-Front-View-32x32.jpg",32,32,true]},"post_excerpt_stackable_v2":"<p>Vores tr\u00e6rammer pr\u00e6senterer dine prints p\u00e5 smukkeste vis. De er fremstillet af \u00e6gte tr\u00e6 i en sold konstruktion, der er nem at h\u00e6nge op. Rammernes elegante design tilf\u00f8jer et skandinavisk pr\u00e6g i enhver indretning. Plexiglasset er sikkert og lyst, super holdbart og giver et knivskarpt fokus. Rammerne er produceret i Europa og er klar til at tage godt imod dine minder og fort\u00e6llinger!<\/p>\n","category_list_v2":"","author_info_v2":{"name":"","url":""},"comments_num_v2":"0 comments","_links":{"self":[{"href":"https:\/\/www.mapiful.com\/da\/wp-json\/wp\/v2\/product\/946088"}],"collection":[{"href":"https:\/\/www.mapiful.com\/da\/wp-json\/wp\/v2\/product"}],"about":[{"href":"https:\/\/www.mapiful.com\/da\/wp-json\/wp\/v2\/types\/product"}],"wp:featuredmedia":[{"embeddable":true,"href":"https:\/\/www.mapiful.com\/da\/wp-json\/wp\/v2\/media\/1469881"}],"wp:attachment":[{"href":"https:\/\/www.mapiful.com\/da\/wp-json\/wp\/v2\/media?parent=946088"}],"wp:term":[{"taxonomy":"product_cat","embeddable":true,"href":"https:\/\/www.mapiful.com\/da\/wp-json\/wp\/v2\/product_cat?post=946088"},{"taxonomy":"product_tag","embeddable":true,"href":"https:\/\/www.mapiful.com\/da\/wp-json\/wp\/v2\/product_tag?post=946088"}],"curies":[{"name":"wp","href":"https:\/\/api.w.org\/{rel}","templated":true}]}}