{"id":1310851,"date":"2021-04-22T08:21:26","date_gmt":"2021-04-22T06:21:26","guid":{"rendered":"https:\/\/www.mapiful.com\/?page_id=1310851"},"modified":"2021-07-14T10:42:49","modified_gmt":"2021-07-14T08:42:49","slug":"qualitaet-zaehlt","status":"publish","type":"page","link":"https:\/\/www.mapiful.com\/de\/qualitaet-zaehlt\/","title":{"rendered":"Qualit\u00e4t Z\u00e4hlt"},"content":{"rendered":"\n<div class=\"alignfull wp-block-ugb-container ugb-container ugb-b724a95 ugb-container--v2 ugb-container--design-plain ugb-main-block ugb-main-block--inner-wide ugb--has-block-background\"><style>.ugb-b724a95 h1,.ugb-b724a95 h2,.ugb-b724a95 h3,.ugb-b724a95 h4,.ugb-b724a95 h5,.ugb-b724a95 h6{color:#ffffff}.ugb-b724a95 p,.ugb-b724a95 li,.ugb-b724a95 label,.ugb-b724a95 table{color:#ffffff}.ugb-b724a95 a,.ugb-b724a95 a:visited,.ugb-b724a95 a:focus{color:#ffffff}.ugb-b724a95 a:hover{color:#F8F5F2}.ugb-b724a95-content-wrapper > h1,.ugb-b724a95-content-wrapper > h2,.ugb-b724a95-content-wrapper > h3,.ugb-b724a95-content-wrapper > h4,.ugb-b724a95-content-wrapper > h5,.ugb-b724a95-content-wrapper > h6{color:#ffffff}.ugb-b724a95-content-wrapper > p,.ugb-b724a95-content-wrapper > ol li,.ugb-b724a95-content-wrapper > ul li{color:#ffffff}.ugb-b724a95.ugb-container{background-color:#2F394B}.ugb-b724a95.ugb-container:before{background-color:#2F394B}@media screen and (min-width:768px){.ugb-b724a95 > .ugb-inner-block > .ugb-block-content > *{padding-top:0px !important;padding-bottom:0px !important;padding-right:0px !important;padding-left:0px !important}}@media screen and (max-width:768px){.ugb-b724a95 > .ugb-inner-block > .ugb-block-content > *{padding-top:0px !important;padding-right:0px !important;padding-bottom:0px !important;padding-left:0px !important}}<\/style><div class=\"ugb-inner-block ugb-inner-block--wide\"><div class=\"ugb-block-content\"><div class=\"ugb-container__wrapper ugb-b724a95-wrapper\"><div class=\"ugb-container__side\"><div class=\"ugb-container__content-wrapper ugb-b724a95-content-wrapper\">\n<div class=\"wp-block-ugb-text ugb-text ugb-2928a61 ugb-text--design-plain ugb-text--columns-1 ugb-main-block\"><style>.ugb-2928a61 .ugb-text__title{font-size:38px !important;font-weight:600 !important}.ugb-2928a61 .ugb-text__text p{font-size:22px !important}@media screen and (max-width:768px){.ugb-2928a61 .ugb-text__title{text-align:center}.ugb-2928a61 .ugb-inner-block{text-align:center}}<\/style><div class=\"ugb-inner-block\"><div class=\"ugb-block-content\"><div class=\"ugb-text__title-wrapper\"><h1 class=\"ugb-text__title\">Qualit\u00e4t Z\u00e4hlt<\/h1><\/div><div class=\"ugb-text__text-wrapper\"><div class=\"ugb-text__text\"><p class=\"ugb-text__text-1\">Personalisierte Deko, die die gr\u00f6\u00dften Erfolge deines Lebens f\u00fcr immer festh\u00e4lt<\/p><\/div><\/div><\/div><\/div><\/div>\n<\/div><\/div><\/div><\/div><\/div><\/div>\n\n\n\n<div class=\"wp-block-genesis-blocks-gb-container gb-block-container\"><div class=\"gb-container-inside\"><div class=\"gb-container-content\" style=\"max-width:1600px\"><\/div><\/div><\/div>\n\n\n\n<div class=\"alignfull wp-block-ugb-container ugb-container ugb-fa7d58f ugb-container--v2 ugb-container--design-basic ugb-main-block ugb-main-block--inner-full ugb--has-block-background\"><style>.ugb-fa7d58f-wrapper.ugb-container__wrapper{border-radius:0px !important}.ugb-fa7d58f.ugb-container{background-color:#ffffff}.ugb-fa7d58f.ugb-container:before{background-color:#ffffff}@media screen and (max-width:768px){.ugb-fa7d58f.ugb-container{margin-top:0px !important;margin-bottom:0px !important;padding-top:0px !important;padding-right:0px !important;padding-bottom:0px !important;padding-left:0px !important}}@media screen and (min-width:768px){.ugb-fa7d58f > .ugb-inner-block > .ugb-block-content > *{padding-top:10px !important;padding-bottom:10px !important;padding-right:10px !important;padding-left:10px !important}}@media screen and (max-width:768px){.ugb-fa7d58f > .ugb-inner-block > .ugb-block-content > *{padding-top:5px !important;padding-right:5px !important;padding-bottom:5px !important;padding-left:5px !important}}<\/style><div class=\"ugb-inner-block ugb-inner-block--full\"><div class=\"ugb-block-content\"><div class=\"ugb-container__wrapper ugb-fa7d58f-wrapper ugb--shadow-0\"><div class=\"ugb-container__side\"><div class=\"ugb-container__content-wrapper ugb-fa7d58f-content-wrapper\">\n<div class=\"alignfull wp-block-ugb-columns ugb-columns ugb-186957d ugb-columns--design-plain ugb-columns--columns-2 ugb-main-block ugb-main-block--inner-wide ugb--has-block-background\"><style>.ugb-186957d{padding-left:0 !important;padding-right:0 !important;padding:0 !important}.ugb-186957d.ugb-columns{background-color:#ffffff}.ugb-186957d.ugb-columns:before{background-color:#ffffff}@media screen and (max-width:768px){.ugb-186957d-content-wrapper{grid-row-gap:0 !important;grid-column-gap:0px !important}.ugb-186957d.ugb-columns{margin-right:0px !important;margin-left:0px !important;margin-top:0px !important;margin-bottom:0px !important}}<\/style><div class=\"ugb-inner-block ugb-inner-block--wide\"><div class=\"ugb-block-content\"><div class=\"ugb-columns__item ugb-186957d-content-wrapper\">\n<div class=\"wp-block-ugb-column ugb-column ugb-2f54e10 ugb-column--design-basic ugb-main-block\"><style>.ugb-2f54e10-column-wrapper{border-radius:0px !important;background-image:url(https:\/\/www.mapiful.com\/content\/uploads\/2021\/04\/QUALITYPAGE2.jpg)}.ugb-2f54e10-column-wrapper:before{opacity:0.5}.ugb-2f54e10.ugb-column{min-height:600px}@media screen and (max-width:768px){.ugb-2f54e10.ugb-column{min-height:300px}}@media screen and (-ms-high-contrast:active),screen and (-ms-high-contrast:none){.ugb-2f54e10.ugb-column{height:600px}}<\/style><div class=\"ugb-inner-block\"><div class=\"ugb-block-content\"><div class=\"ugb-column__item ugb-2f54e10-column-wrapper ugb--shadow-0 ugb--has-background-overlay\"><div class=\"ugb-column__content-wrapper\"><\/div><\/div><\/div><\/div><\/div>\n\n\n\n<div class=\"wp-block-ugb-column ugb-column ugb-0e110ef ugb-column--design-plain ugb-main-block\"><style>.ugb-0e110ef h1,.ugb-0e110ef h2,.ugb-0e110ef h3,.ugb-0e110ef h4,.ugb-0e110ef h5,.ugb-0e110ef h6{color:#000000}.ugb-0e110ef p,.ugb-0e110ef li,.ugb-0e110ef label,.ugb-0e110ef table{color:#62636B}.ugb-0e110ef-column-wrapper > * > h1,.ugb-0e110ef-column-wrapper > * > h2,.ugb-0e110ef-column-wrapper > * > h3,.ugb-0e110ef-column-wrapper > * > h4,.ugb-0e110ef-column-wrapper > * > h5,.ugb-0e110ef-column-wrapper > * > h6{color:#000000}.ugb-0e110ef-column-wrapper > * > p,.ugb-0e110ef-column-wrapper > * > ol li,.ugb-0e110ef-column-wrapper > * > ul li{color:#62636B}@media screen and (min-width:768px){.ugb-0e110ef > .ugb-inner-block > .ugb-block-content > *{justify-content:center}}.ugb-0e110ef > .ugb-inner-block > .ugb-block-content > *{justify-content:center !important}@media screen and (min-width:768px){.ugb-0e110ef > .ugb-inner-block > .ugb-block-content > *{padding-top:40px !important;padding-bottom:40px !important;padding-right:40px !important;padding-left:40px !important}}@media screen and (max-width:768px){.ugb-0e110ef > .ugb-inner-block > .ugb-block-content > *{padding-top:30px !important;padding-right:30px !important;padding-bottom:30px !important;padding-left:30px !important}}<\/style><div class=\"ugb-inner-block\"><div class=\"ugb-block-content\"><div class=\"ugb-column__item ugb-0e110ef-column-wrapper\"><div class=\"ugb-column__content-wrapper\">\n<div class=\"wp-block-ugb-text ugb-text ugb-a51d348 ugb-text--design-plain ugb-text--columns-1 ugb-text--subtitle-top ugb-main-block\"><style>.ugb-a51d348 .ugb-text__title{font-size:38px !important}.ugb-a51d348 .ugb-text__subtitle{font-size:16px !important;font-weight:500 !important;text-transform:uppercase !important;letter-spacing:1px !important;color:#995955}.ugb-a51d348 .ugb-text__text p{line-height:2em !important}@media screen and (max-width:768px){.ugb-a51d348 .ugb-text__title{text-align:center}.ugb-a51d348 .ugb-inner-block{text-align:center}}<\/style><div class=\"ugb-inner-block\"><div class=\"ugb-block-content\"><div class=\"ugb-text__title-wrapper\"><h2 class=\"ugb-text__title\">Unsere Poster<\/h2><p class=\"ugb-text__subtitle\">QUALITATIV HOCHWERTIGES PAPIER UND TINTE<\/p><\/div><div class=\"ugb-text__text-wrapper\"><div class=\"ugb-text__text\"><p class=\"ugb-text__text-1\">Unsere individuellen Mapiful-Poster werden sorgf\u00e4ltig auf FSC-zertifiziertem Papier\u00ae gedruckt, das den h\u00f6chsten Umweltstandards entspricht. <br><br>Wir verwenden grunds\u00e4tzlich nur hochwertiges und 200 mg2 leichtes Papier in Museumsqualit\u00e4t, damit dein Mapiful jahrelang von deinen W\u00e4nden strahlt. <br><br>Unsere ultrapr\u00e4zisen Tinten erfassen jedes einzelne Detail deiner ausgew\u00e4hlten Designs und sorgen f\u00fcr ein scharfes, glattes Finish.<br><\/p><\/div><\/div><\/div><\/div><\/div>\n<\/div><\/div><\/div><\/div><\/div>\n<\/div><\/div><\/div><\/div>\n<\/div><\/div><\/div><\/div><\/div><\/div>\n\n\n\n<div class=\"alignfull wp-block-ugb-container ugb-container ugb-f43d1ce ugb-container--v2 ugb-container--design-basic ugb-main-block ugb-main-block--inner-full ugb--has-block-background\"><style>.ugb-f43d1ce-wrapper.ugb-container__wrapper{border-radius:0px !important}.ugb-f43d1ce.ugb-container{background-color:#ffffff}.ugb-f43d1ce.ugb-container:before{background-color:#ffffff}@media screen and (max-width:768px){.ugb-f43d1ce.ugb-container{margin-top:0px !important;margin-bottom:0px !important;padding-top:0px !important;padding-right:0px !important;padding-bottom:0px !important;padding-left:0px !important}}@media screen and (min-width:768px){.ugb-f43d1ce > .ugb-inner-block > .ugb-block-content > *{padding-top:10px !important;padding-bottom:10px !important;padding-right:10px !important;padding-left:10px !important}}@media screen and (max-width:768px){.ugb-f43d1ce > .ugb-inner-block > .ugb-block-content > *{padding-top:5px !important;padding-right:5px !important;padding-bottom:5px !important;padding-left:5px !important}}<\/style><div class=\"ugb-inner-block ugb-inner-block--full\"><div class=\"ugb-block-content\"><div class=\"ugb-container__wrapper ugb-f43d1ce-wrapper ugb--shadow-0\"><div class=\"ugb-container__side\"><div class=\"ugb-container__content-wrapper ugb-f43d1ce-content-wrapper\">\n<div class=\"alignfull wp-block-ugb-columns ugb-columns ugb-4a86859 ugb-columns--design-plain ugb-columns--columns-2 ugb-main-block ugb-main-block--inner-wide ugb--has-block-background\"><style>.ugb-4a86859{padding-left:0 !important;padding-right:0 !important;padding:0 !important}.ugb-4a86859.ugb-columns{background-color:#ffffff}.ugb-4a86859.ugb-columns:before{background-color:#ffffff}@media screen and (max-width:768px){.ugb-4a86859-content-wrapper{grid-row-gap:0 !important;grid-column-gap:0px !important}.ugb-4a86859.ugb-columns{margin-right:0px !important;margin-left:0px !important;margin-top:0px !important;margin-bottom:0px !important}}<\/style><div class=\"ugb-inner-block ugb-inner-block--wide\"><div class=\"ugb-block-content\"><div class=\"ugb-columns__item ugb-4a86859-content-wrapper\">\n<div class=\"wp-block-ugb-column ugb-column ugb-c1152fe ugb-column--design-plain ugb-main-block\"><style>.ugb-c1152fe h1,.ugb-c1152fe h2,.ugb-c1152fe h3,.ugb-c1152fe h4,.ugb-c1152fe h5,.ugb-c1152fe h6{color:#000000}.ugb-c1152fe p,.ugb-c1152fe li,.ugb-c1152fe label,.ugb-c1152fe table{color:#62636B}.ugb-c1152fe-column-wrapper > * > h1,.ugb-c1152fe-column-wrapper > * > h2,.ugb-c1152fe-column-wrapper > * > h3,.ugb-c1152fe-column-wrapper > * > h4,.ugb-c1152fe-column-wrapper > * > h5,.ugb-c1152fe-column-wrapper > * > h6{color:#000000}.ugb-c1152fe-column-wrapper > * > p,.ugb-c1152fe-column-wrapper > * > ol li,.ugb-c1152fe-column-wrapper > * > ul li{color:#62636B}@media screen and (min-width:768px){.ugb-c1152fe > .ugb-inner-block > .ugb-block-content > *{justify-content:center}}.ugb-c1152fe > .ugb-inner-block > .ugb-block-content > *{justify-content:center !important}@media screen and (min-width:768px){.ugb-c1152fe > .ugb-inner-block > .ugb-block-content > *{padding-top:40px !important;padding-bottom:40px !important;padding-right:40px !important;padding-left:40px !important}}@media screen and (max-width:768px){.ugb-c1152fe > .ugb-inner-block > .ugb-block-content > *{padding-top:30px !important;padding-right:30px !important;padding-bottom:30px !important;padding-left:30px !important}}<\/style><div class=\"ugb-inner-block\"><div class=\"ugb-block-content\"><div class=\"ugb-column__item ugb-c1152fe-column-wrapper\"><div class=\"ugb-column__content-wrapper\">\n<div class=\"wp-block-ugb-text ugb-text ugb-c38765a ugb-text--design-plain ugb-text--columns-1 ugb-text--subtitle-top ugb-main-block\"><style>.ugb-c38765a .ugb-text__title{font-size:38px !important}.ugb-c38765a .ugb-text__subtitle{font-size:16px !important;font-weight:500 !important;text-transform:uppercase !important;letter-spacing:1px !important;color:#995955}.ugb-c38765a .ugb-text__text p{line-height:2em !important}@media screen and (max-width:768px){.ugb-c38765a .ugb-text__title{text-align:center}.ugb-c38765a .ugb-inner-block{text-align:center}}<\/style><div class=\"ugb-inner-block\"><div class=\"ugb-block-content\"><div class=\"ugb-text__title-wrapper\"><h2 class=\"ugb-text__title\">Rahmen und Posterleisten<\/h2><p class=\"ugb-text__subtitle\">ROBUST UND LANGLEBIG<\/p><\/div><div class=\"ugb-text__text-wrapper\"><div class=\"ugb-text__text\"><p class=\"ugb-text__text-1\">Das solide und hochwertige Holz, aus dem wir unsere traditionellen Rahmen und Posterleiste herstellen, entspricht wiederum den FSC\u00ae-Standards. <br><br>Unsere Bilderrahmen verf\u00fcgen \u00fcber einen simplen Montagemechanismus und 1 mm dickes Plexiglas, das deiner Wandkunst einen scharfen Fokus verleiht. <br><br>Unsere minimalistischen Posterleisten werden au\u00dferdem mit einer hochwertigen Lederschnur zum schnellen und einfachen Aufh\u00e4ngen geliefert.<br><\/p><\/div><\/div><\/div><\/div><\/div>\n<\/div><\/div><\/div><\/div><\/div>\n\n\n\n<div class=\"wp-block-ugb-column ugb-column ugb-db1a71f ugb-column--design-basic ugb-main-block\"><style>.ugb-db1a71f-column-wrapper{border-radius:0px !important;background-image:url(https:\/\/www.mapiful.com\/content\/uploads\/2021\/04\/QUALITY_PAGE.jpg)}.ugb-db1a71f-column-wrapper:before{opacity:0.5}.ugb-db1a71f.ugb-column{min-height:600px}@media screen and (max-width:768px){.ugb-db1a71f.ugb-column{min-height:300px}}@media screen and (-ms-high-contrast:active),screen and (-ms-high-contrast:none){.ugb-db1a71f.ugb-column{height:600px}}<\/style><div class=\"ugb-inner-block\"><div class=\"ugb-block-content\"><div class=\"ugb-column__item ugb-db1a71f-column-wrapper ugb--shadow-0 ugb--has-background-overlay\"><div class=\"ugb-column__content-wrapper\"><\/div><\/div><\/div><\/div><\/div>\n<\/div><\/div><\/div><\/div>\n<\/div><\/div><\/div><\/div><\/div><\/div>\n\n\n\n<div class=\"alignfull wp-block-ugb-container ugb-container ugb-b735a67 ugb-container--v2 ugb-container--design-plain ugb-main-block ugb-main-block--inner-center ugb--has-block-background\"><style>.ugb-b735a67 p,.ugb-b735a67 li,.ugb-b735a67 label,.ugb-b735a67 table{color:#62636B}.ugb-b735a67-content-wrapper > p,.ugb-b735a67-content-wrapper > ol li,.ugb-b735a67-content-wrapper > ul li{color:#62636B}.ugb-b735a67.ugb-container{background-color:#F8F5F2}.ugb-b735a67{padding:0 !important}.ugb-b735a67.ugb-container:before{background-color:#F8F5F2}@media screen and (max-width:768px){.ugb-b735a67.ugb-container{padding-right:30px !important;padding-left:30px !important}}<\/style><div class=\"ugb-inner-block ugb-inner-block--center\"><div class=\"ugb-block-content\"><div class=\"ugb-container__wrapper ugb-b735a67-wrapper\"><div class=\"ugb-container__side\"><div class=\"ugb-container__content-wrapper ugb-b735a67-content-wrapper\">\n<div class=\"wp-block-ugb-text ugb-text ugb-370d4d0 ugb-text--design-plain ugb-text--columns-1 ugb-main-block\"><style>.ugb-370d4d0 .ugb-text__title{font-size:38px !important;text-align:center}.ugb-370d4d0 .ugb-text__text p{line-height:1.5em !important}.ugb-370d4d0 .ugb-inner-block{text-align:center}<\/style><div class=\"ugb-inner-block\"><div class=\"ugb-block-content\"><div class=\"ugb-text__title-wrapper\"><h2 class=\"ugb-text__title\">Qualit\u00e4t, die bleibt<\/h2><\/div><div class=\"ugb-text__text-wrapper\"><div class=\"ugb-text__text\"><p class=\"ugb-text__text-1\">Jedes Poster wird in sch\u00fctzender Seidenh\u00fclle eingewickelt und sorgf\u00e4ltig in robusten sowie recycelbaren Versandh\u00fclsen verpackt. <br><br>Sobald du dein Mapiful ausgepackt hast, sch\u00fctze es vor direkter Sonneneinstrahlung und Feuchtigkeit. Staubpartikel k\u00f6nnen ganz einfach mit einem trockenen Tuch entfernt werden. Sollte sich dein Mapiful ein wenig aufrollen, lege es flach aus und platziere kleine Gegenst\u00e4nde an jeder Ecke. <br><br>Schon bald kannst du es an die gew\u00fcnschte Stelle aufh\u00e4ngen!<\/p><\/div><\/div><\/div><\/div><\/div>\n\n\n\n<div class=\"wp-block-ugb-button ugb-button-wrapper ugb-0eb8bba ugb-main-block\"><style>.ugb-0eb8bba .ugb-block-content{justify-content:center}.ugb-0eb8bba .ugb-button1{background-color:#2F394B;padding-top:20px;padding-right:40px;padding-bottom:20px;padding-left:40px;border-radius:0px !important}.ugb-0eb8bba .ugb-button1 .ugb-button--inner,.ugb-0eb8bba .ugb-button1 svg:not(.ugb-custom-icon){color:#ffffff !important}.ugb-0eb8bba .ugb-button1:before{border-radius:0px !important}.ugb-0eb8bba .ugb-inner-block{text-align:center}<\/style><div class=\"ugb-inner-block\"><div class=\"ugb-block-content\"><div class=\"ugb-button-container\"><a class=\"ugb-button1 ugb-button ugb-button--size-normal\" href=\"https:\/\/www.mapiful.com\/de\/editor\/\" rel=\"\" title=\"\"><span class=\"ugb-button--inner\">Design dein Eigenes <\/span><\/a><\/div><\/div><\/div><\/div>\n<\/div><\/div><\/div><\/div><\/div><\/div>\n","protected":false},"excerpt":{"rendered":"<p>Qualit\u00e4t Z\u00e4hlt Personalisierte Deko, die die gr\u00f6\u00dften Erfolge deines Lebens f\u00fcr immer festh\u00e4lt Unsere Poster QUALITATIV HOCHWERTIGES PAPIER UND TINTE Unsere individuellen Mapiful-Poster werden sorgf\u00e4ltig auf FSC-zertifiziertem Papier\u00ae gedruckt, das den h\u00f6chsten Umweltstandards entspricht. Wir verwenden grunds\u00e4tzlich nur hochwertiges und 200 mg2 leichtes Papier in Museumsqualit\u00e4t, damit dein Mapiful jahrelang von deinen W\u00e4nden strahlt. Unsere&#8230;<\/p>\n","protected":false},"author":1,"featured_media":0,"parent":0,"menu_order":14,"comment_status":"closed","ping_status":"closed","template":"","meta":{"footnotes":""},"class_list":["post-1310851","page","type-page","status-publish","hentry"],"acf":[],"featured_image_urls_v2":{"full":"","thumbnail":"","medium":"","medium_large":"","large":"","1536x1536":"","2048x2048":"","woocommerce_thumbnail":"","woocommerce_single":"","woocommerce_gallery_thumbnail":"","wc_order_status_icon":""},"post_excerpt_stackable_v2":"<p>Qualit\u00e4t Z\u00e4hltPersonalisierte Deko, die die gr\u00f6\u00dften Erfolge deines Lebens f\u00fcr immer festh\u00e4lt Unsere PosterQUALITATIV HOCHWERTIGES PAPIER UND TINTEUnsere individuellen Mapiful-Poster werden sorgf\u00e4ltig auf FSC-zertifiziertem Papier\u00ae gedruckt, das den h\u00f6chsten Umweltstandards entspricht. Wir verwenden grunds\u00e4tzlich nur hochwertiges und 200 mg2 leichtes Papier in Museumsqualit\u00e4t, damit dein Mapiful jahrelang von deinen W\u00e4nden strahlt. Unsere ultrapr\u00e4zisen Tinten erfassen jedes einzelne Detail deiner ausgew\u00e4hlten Designs und sorgen f\u00fcr ein scharfes, glattes Finish. Rahmen und PosterleistenROBUST UND LANGLEBIGDas solide und hochwertige Holz, aus dem wir unsere traditionellen Rahmen und Posterleiste herstellen, entspricht wiederum den FSC\u00ae-Standards. Unsere Bilderrahmen verf\u00fcgen \u00fcber einen simplen Montagemechanismus und 1 mm&hellip;<\/p>\n","category_list_v2":"","author_info_v2":{"name":"Edvin Brobeck","url":"https:\/\/www.mapiful.com\/de\/blog\/author\/admin\/"},"comments_num_v2":"0 comments","_links":{"self":[{"href":"https:\/\/www.mapiful.com\/de\/wp-json\/wp\/v2\/pages\/1310851"}],"collection":[{"href":"https:\/\/www.mapiful.com\/de\/wp-json\/wp\/v2\/pages"}],"about":[{"href":"https:\/\/www.mapiful.com\/de\/wp-json\/wp\/v2\/types\/page"}],"author":[{"embeddable":true,"href":"https:\/\/www.mapiful.com\/de\/wp-json\/wp\/v2\/users\/1"}],"replies":[{"embeddable":true,"href":"https:\/\/www.mapiful.com\/de\/wp-json\/wp\/v2\/comments?post=1310851"}],"version-history":[{"count":0,"href":"https:\/\/www.mapiful.com\/de\/wp-json\/wp\/v2\/pages\/1310851\/revisions"}],"wp:attachment":[{"href":"https:\/\/www.mapiful.com\/de\/wp-json\/wp\/v2\/media?parent=1310851"}],"curies":[{"name":"wp","href":"https:\/\/api.w.org\/{rel}","templated":true}]}}