{"id":61620,"date":"2018-05-02T14:52:47","date_gmt":"2018-05-02T13:52:47","guid":{"rendered":"https:\/\/www.mapiful.com\/?page_id=61620"},"modified":"2023-12-27T18:53:42","modified_gmt":"2023-12-27T17:53:42","slug":"terms-condition","status":"publish","type":"page","link":"https:\/\/www.mapiful.com\/de\/terms-condition\/","title":{"rendered":"Allgemeine Gesch\u00e4ftsbedingungen\u00a0(AGB)"},"content":{"rendered":"\n<p>Die folgenden Gesch\u00e4ftsbedingungen (die &#8220;Vereinbarung&#8221;) regeln die gesamte Nutzung der Website mapiful.com (die &#8220;Website&#8221;) und der auf oder \u00fcber die Website verf\u00fcgbaren Dienste (zusammen mit der Website als &#8220;Dienst&#8221; bezeichnet). Der Dienst ist im Besitz und wird betrieben von Mapiful AB, einem nach schwedischem Recht gegr\u00fcndeten Unternehmen (&#8220;Mapiful&#8221;). Mapiful druckt personalisierte Karten (&#8220;Produkte&#8221;) direkt f\u00fcr Kunden (&#8220;Kunden&#8221;). Der Dienst wird Ihnen (dem &#8220;Benutzer&#8221;) unter der Voraussetzung angeboten, dass Sie alle hierin enthaltenen Bedingungen und alle anderen Betriebsregeln, Richtlinien und Verfahren, die von Zeit zu Zeit auf der Website von Mapiful ver\u00f6ffentlicht werden k\u00f6nnen, ohne \u00c4nderungen akzeptieren. Wenn Sie dieser Vereinbarung nicht zustimmen, nutzen Sie die Website nicht.<\/p>\n\n\n\n<h1 class=\"wp-block-heading\"><br>Allgemeine Gesch\u00e4ftsbedingungen<\/h1>\n\n\n\n<h2 class=\"wp-block-heading\">#YesMapiful<\/h2>\n\n\n\n<p>Bei Mapiful freuen wir uns, unsere Produkte auf sozialen Medien zu sehen, und wir k\u00f6nnen darum bitten, von Ihnen auf Instagram oder anderen Plattformen gepostete Bilder direkt in unseren Kan\u00e4len zu teilen. Diese Kan\u00e4le k\u00f6nnen unsere Mapiful-Websites (gehostet unter mapiful.com) sein, aber auch andere Kommunikationskan\u00e4le von Mapiful, wie unser Mapiful-Newsletter und Social-Media-Kan\u00e4le (bezahlt und organisch).<\/p>\n\n\n\n<p>Indem Sie auf ein Bild nach einer Anfrage von Mapiful auf Instagram mit #YesMapiful kommentieren und antworten, erkl\u00e4ren Sie sich mit Folgendem einverstanden:<\/p>\n\n\n\n<p>Sie gew\u00e4hren Mapiful AB, einem schwedischen Unternehmen unter der Registrierungsnummer 559105-8382 (nachfolgend &#8220;MAPIFUL&#8221;), eine nicht-exklusive, geb\u00fchrenfreie, weltweite Lizenz, Ihre Bilder nach alleinigem Ermessen von MAPIFUL und ohne jegliche Verpflichtungen Ihnen gegen\u00fcber, in ihrem Marketing und\/oder ihrer Werbung zu verwenden, einschlie\u00dflich unter anderem des Rechts, Ihre Fotos zu reproduzieren, zu verbreiten, zu ver\u00e4ndern und zu bearbeiten. Dar\u00fcber hinaus geben Sie MAPIFUL Ihre Zustimmung, Fotos, auf denen Sie identifiziert werden k\u00f6nnen, f\u00fcr Marketing- und\/oder Werbezwecke zu verwenden, gem\u00e4\u00df Schwedischem Gesetz \u00fcber Namen und Bild in der Werbung (1978:800).<\/p>\n\n\n\n<p>Sie erkl\u00e4ren und garantieren, dass Sie die Rechte an dem von Ihnen eingereichten Material besitzen oder kontrollieren und dass Sie die Erlaubnis von jeder Person haben, die auf den Fotos erscheint. Au\u00dferdem best\u00e4tigen Sie, dass Sie eine Einzelperson (d.h. keine Gesellschaft) sind, mindestens 18 Jahre alt sind oder die Zustimmung der Eltern haben und dass die Verwendung Ihrer Bilder durch MAPIFUL keine Rechte Dritter oder Gesetze verletzen wird.<\/p>\n\n\n\n<p>Hiermit entbinden Sie MAPIFUL von allen Verpflichtungen, Ihnen f\u00fcr die Verwendung Ihrer Bilder zu zahlen, und erkl\u00e4ren sich damit einverstanden, MAPIFUL und alle f\u00fcr MAPIFUL handelnden Personen von allen Anspr\u00fcchen (einschlie\u00dflich Anspr\u00fcchen Dritter), Haftungen, unabh\u00e4ngig von ihrer Art, in Verbindung mit der Verwendung der Bilder wie oben beschrieben, freizustellen.<\/p>\n\n\n\n<p>Schwedisches Recht regelt diese Gesch\u00e4ftsbedingungen, wobei zust\u00e4ndige Gerichte in Stockholm ausschlie\u00dfliche Zust\u00e4ndigkeit f\u00fcr jegliche Streitigkeiten haben, die sich aus ihnen ergeben.<\/p>\n\n\n\n<p>Sie k\u00f6nnen uns jederzeit mit Fragen zu unseren Dienstleistungen oder zum Datenschutz kontaktieren: support@mapiful.com, hello@mapiful.com, dpo@mapiful.com<\/p>\n\n\n\n<p>Wenn Sie die Zustimmung zur gemeinsamen Nutzung Ihrer Bilder mit MAPIFUL widerrufen m\u00f6chten, m\u00fcssen Sie uns kontaktieren, indem Sie auf die Schaltfl\u00e4che &#8220;Melden&#8221; in der unteren Ecke des Lightbox mit der Bildunterschrift neben Ihrem auf unserer Website ver\u00f6ffentlichten Bild klicken. Das Symbol f\u00fchrt Sie zu Anweisungen, wie Sie Ihren Widerrufsantrag einreichen k\u00f6nnen.<\/p>\n\n\n\n<h2 class=\"wp-block-heading\">1 Kunden<\/h2>\n\n\n\n<p>1.1 Der Kunde best\u00e4tigt Mapiful, dass der Kunde, falls er eine Einzelperson (d.h. keine Gesellschaft) ist, mindestens 18 Jahre alt ist. Der Kunde best\u00e4tigt auch, dass er gesetzlich berechtigt ist, den Dienst zu nutzen, und \u00fcbernimmt die volle Verantwortung f\u00fcr die Auswahl und Nutzung des Dienstes. Diese Vereinbarung ist in L\u00e4ndern, in denen sie gesetzlich verboten ist, ung\u00fcltig, und das Recht auf Zugang zum Dienst wird in solchen L\u00e4ndern widerrufen.<\/p>\n\n\n\n<h2 class=\"wp-block-heading\">2 \u00c4nderungen<\/h2>\n\n\n\n<p>2.1 Mapiful beh\u00e4lt sich das Recht vor, nach eigenem Ermessen diese Vereinbarung, Geb\u00fchren, Geb\u00fchren, Bedingungen jederzeit zu \u00e4ndern. Der Benutzer ist daf\u00fcr verantwortlich, sich mit solchen \u00c4nderungen vertraut zu machen und sie zu \u00fcberpr\u00fcfen. Die Nutzung des Dienstes durch den Benutzer nach einer solchen Benachrichtigung stellt die Zustimmung des Benutzers zu den ge\u00e4nderten Bedingungen dieser \u00c4nderungen dar.<\/p>\n\n\n\n<h2 class=\"wp-block-heading\">3 Verantwortung von Website-Kunden und Besuchern<\/h2>\n\n\n\n<p>3.1 Verst\u00f6\u00dfe gegen Artikel dieser Vereinbarung oder andere Regeln f\u00fchren zum Verbot der Nutzung der Website f\u00fcr Benutzer.<\/p>\n\n\n\n<p>3.2 Ohne andere Ma\u00dfnahmen einzuschr\u00e4nken, k\u00f6nnen wir unseren Service einschr\u00e4nken, aussetzen oder beenden, den Zugang zu unserer Website verbieten, gehostete Inhalte verz\u00f6gern oder entfernen und technische und rechtliche Schritte unternehmen, um Benutzer von der Website fernzuhalten, wenn wir der Meinung sind, dass sie Probleme, m\u00f6gliche rechtliche Haftungen verursachen oder nicht im Einklang mit dem Buchstaben oder Geist unserer Richtlinien handeln. Wir behalten uns auch das Recht vor, unbest\u00e4tigte Konten oder Konten, die \u00fcber l\u00e4ngere Zeitr\u00e4ume inaktiv waren, zu k\u00fcndigen.<\/p>\n\n\n\n<h2 class=\"wp-block-heading\">4 Zahlungen und Geb\u00fchren<\/h2>\n\n\n\n<p>4.1 Mapiful kann die Kredit- oder Debitkarteninformationen des Mitglieds speichern und f\u00fcr alle zuk\u00fcnftigen Sendungen und Geb\u00fchren verwenden, die automatisch der gespeicherten Karte belastet werden, es sei denn, das Mitglied benachrichtigt Mapiful \u00fcber die Website. Wenn Sie ein Produkt bestellen, werden Ihnen die aktuellen Geb\u00fchren berechnet, die wir von Zeit zu Zeit \u00e4ndern k\u00f6nnen (zum Beispiel, wenn wir Urlaubsverk\u00e4ufe haben oder Ihnen einen Rabatt auf den Basispreis des Produkts anbieten). Wir k\u00f6nnen die Geb\u00fchren f\u00fcr unsere Produkte vor\u00fcbergehend \u00e4ndern.<\/p>\n\n\n\n<p>4.2 Indem Sie eine Bestellung \u00fcber die Website aufgeben, best\u00e4tigen Sie, dass Sie berechtigt sind, das angegebene Zahlungsmittel zu verwenden und dass Sie im Falle von Kartenzahlungen entweder der Karteninhaber sind oder die ausdr\u00fcckliche Erlaubnis des Karteninhabers haben, die Karte zur Zahlung zu verwenden.<\/p>\n\n\n\n<p>4.3 Wir k\u00f6nnen aus beliebigen Gr\u00fcnden eine Transaktion ablehnen oder den Service jederzeit nach unserem alleinigen Ermessen verweigern. Wir haften Ihnen oder Dritten nicht daf\u00fcr, dass wir eine Transaktion ablehnen oder aussetzen, nachdem die Verarbeitung begonnen hat.<\/p>\n\n\n\n<p>4.4 Sofern nicht anders angegeben, sind alle Geb\u00fchren und Zahlungen in US-Dollar angegeben. Der Benutzer ist verantwortlich f\u00fcr die Zahlung aller Geb\u00fchren, Zahlungen und anwendbaren Steuern im Zusammenhang mit unserer Website und Produkten. Nach Erhalt Ihrer Bestellung erhalten Sie von uns eine E-Mail, in der die Einzelheiten, Beschreibung und der Preis f\u00fcr die bestellten Produkte zusammen mit einigen Informationen zu Ihren R\u00fcckgaberechten best\u00e4tigt werden.<\/p>\n\n\n\n<p>4.5 Die Zahlung des Gesamtpreises zuz\u00fcglich Lieferung muss vor dem Versand Ihrer Produkte vollst\u00e4ndig erfolgen.<\/p>\n\n\n\n<h2 class=\"wp-block-heading\">5 Umsatzsteuer &amp; Zoll<\/h2>\n\n\n\n<p>5.1 Wenn der Kunde au\u00dferhalb des Gebiets der Europ\u00e4ischen Union ans\u00e4ssig ist, ist der Kunde f\u00fcr die Zahlung der Umsatzsteuer (wie in jeder Gerichtsbarkeit anwendbar) verantwortlich. Mapiful haftet nicht f\u00fcr solche Verkaufssteuern. Wenn sich der Kunde innerhalb der Europ\u00e4ischen Union befindet, ist die Umsatzsteuer im Produktpreis enthalten.<\/p>\n\n\n\n<p>5.2 Kunden au\u00dferhalb der Europ\u00e4ischen Union k\u00f6nnen verpflichtet sein, Zollgeb\u00fchren (wie in jeder Gerichtsbarkeit anwendbar) zu zahlen. Mapiful haftet nicht f\u00fcr solche Z\u00f6lle.<\/p>\n\n\n\n<h2 class=\"wp-block-heading\">6 Versand, R\u00fccksendungen und Widerrufsrecht<\/h2>\n\n\n\n<p>6.1 Sobald Sie auf die Schaltfl\u00e4che &#8220;Best\u00e4tigen&#8221; geklickt haben, ist es nicht mehr m\u00f6glich, Ihre Bestellung zu bearbeiten oder zu stornieren. Wenn Sie einige Parameter, Kundenadressen usw. \u00e4ndern m\u00f6chten, kontaktieren Sie uns bitte so schnell wie m\u00f6glich. Wir sind nicht verpflichtet, solche \u00c4nderungen in Ihrer Bestellung vorzunehmen, werden aber unser Bestes auf einer Fall-zu-Fall-Basis tun. Ersatz f\u00fcr Produkte und Gutschriften auf das Konto des Mitglieds f\u00fcr als besch\u00e4digt oder nicht erhalten reklamierte Produkte unterliegen der Untersuchung und dem Ermessen von Mapiful.<\/p>\n\n\n\n<p>6.2 Mapiful wird Ersatz- oder R\u00fcckerstattungsantr\u00e4ge f\u00fcr Produkte innerhalb von 14 Tagen nach Auftragserteilung \u00fcberpr\u00fcfen. Wenn ein Produkt fehlt, besch\u00e4digt ist oder einen Druckfehler aufweist, wird Mapiful das fehlerhafte Produkt durch ein neues Produkt ersetzen. Um eine R\u00fcckerstattung aufgrund der oben genannten Gr\u00fcnde zu beantragen, kontaktieren Sie support@mapiful.com. R\u00fcckerstattungsantr\u00e4ge werden innerhalb von f\u00fcnf (5) Werktagen bearbeitet. Zur Klarstellung: Mapiful ist nicht verantwortlich f\u00fcr Situationen, in denen der Kunde falsche Informationen bereitgestellt hat, wie z. B. einen falschen Kundennamen oder eine falsche Adresse. In solchen F\u00e4llen wird eine zus\u00e4tzliche Zahlung f\u00e4llig.<\/p>\n\n\n\n<p>6.3 Aufgrund der Individualisierung des Produkts besteht nach Auftragserteilung kein Widerrufsrecht f\u00fcr das Produkt.<\/p>\n\n\n\n<h2 class=\"wp-block-heading\">7 Beschreibung der Produkte<\/h2>\n\n\n\n<p>7.1 Obwohl viele Bestandteile unserer Produkte standardisiert sind, werden alle zum Kauf verf\u00fcgbaren Produkte auf ihrer spezifischen Designseite auf unserer Website beschrieben. Wir bem\u00fchen uns stets, jedes Design so genau wie m\u00f6glich darzustellen.<\/p>\n\n\n\n<p>7.2 Wir haben eine Politik der kontinuierlichen Produktentwicklung, damit wir Ihnen das beste Design in Kombination mit der besten Leistung bieten k\u00f6nnen. Daher behalten wir uns das Recht vor, die Spezifikationen der Produkte, ihre Preise und Verpackungen ohne vorherige Ank\u00fcndigung zu \u00e4ndern. Bevor Sie bestellen, laden wir Sie daher ein, sich die Produktbeschreibung und das Design genau anzusehen.<\/p>\n\n\n\n<p>7.3 Wir bem\u00fchen uns, Ihnen die besten Bilder und Beschreibungen zu liefern, k\u00f6nnen jedoch leider nicht garantieren, dass die Farben und Details in den Website-Bildern 100% genaue Darstellungen des Produkts sind.<\/p>\n\n\n\n<h2 class=\"wp-block-heading\">8 Kauf von Produkten<\/h2>\n\n\n\n<p>8.1 Ihre Bestellung stellt ein Angebot an uns dar, ein Produkt zu kaufen, das von uns angenommen wird, sobald wir Ihnen eine E-Mail-Bestellbest\u00e4tigung gesendet haben. Jedes Produkt in derselben Bestellung, das wir nicht in einer Bestellbest\u00e4tigungs-E-Mail best\u00e4tigt haben, ist nicht Teil dieses Vertrags.<\/p>\n\n\n\n<p>8.2 Mapiful haftet unter keinen Umst\u00e4nden f\u00fcr besondere Verluste aufgrund spezifischer Umst\u00e4nde des Benutzers und\/oder Kunden, indirekte oder Folgesch\u00e4den oder verschwendete Ausgaben.<\/p>\n\n\n\n<p>8.3 Bestellungen werden ausschlie\u00dflich \u00fcber die Website aufgegeben und entgegengenommen. Vor der Bestellung bei uns liegt es in der Verantwortung des Kunden, die vollst\u00e4ndige F\u00e4higkeit zum Empfang der Produkte zu \u00fcberpr\u00fcfen und zu bestimmen. Die korrekte Adresse und Postleitzahl\/PLZ des Kunden, die aktuelle Telefonnummer und E-Mail-Adresse des Benutzers sind unbedingt erforderlich, um eine erfolgreiche Lieferung der Produkte zu gew\u00e4hrleisten.<\/p>\n\n\n\n<p>8.4 Alle auf der Checkout-Seite angeforderten Informationen m\u00fcssen pr\u00e4zise und genau ausgef\u00fcllt werden. Mapiful ist nicht verantwortlich f\u00fcr verpasste Lieferungen aufgrund einer falschen Lieferadresse oder einer unangemessenen Telefonnummer. Sollten Sie eine \u00c4nderung der Lieferadresse w\u00fcnschen, eine \u00c4nderung der Telefonnummer mitteilen oder andere besondere Anforderungen haben, kontaktieren Sie bitte Mapiful.<\/p>\n\n\n\n<h2 class=\"wp-block-heading\">9 Lieferung<\/h2>\n\n\n\n<p>9.1 Mapiful liefert an Benutzer\/Kunden an den meisten Orten der Welt. Der Kunde ist verantwortlich f\u00fcr die Lieferpreise. Die Lieferpreise sind zus\u00e4tzlich zum Produktpreis und k\u00f6nnen je nach Lieferort und\/oder Art der Produkte variieren. Zus\u00e4tzliche Geb\u00fchren k\u00f6nnen f\u00fcr entlegene oder schwer zug\u00e4ngliche Standorte, die besondere Aufmerksamkeit erfordern, zum Auftrag hinzugef\u00fcgt werden. Standardliefergeb\u00fchren werden auf unserer Checkout-Seite angezeigt; wir behalten uns jedoch das Recht vor, Sie \u00fcber zus\u00e4tzliche Liefergeb\u00fchren zu informieren, die f\u00fcr Ihre spezifische Lieferadresse gelten.<\/p>\n\n\n\n<p>9.2 Mapiful kann keine Liefertermine garantieren und \u00fcbernimmt keine Verantwortung, au\u00dfer die Beratung \u00fcber bekannte Verz\u00f6gerungen, f\u00fcr Produkte, die nach dem gesch\u00e4tzten Lieferdatum geliefert werden. Standardlieferzeiten werden auf der Website angezeigt. Es handelt sich nur um eine durchschnittliche Sch\u00e4tzung, und einige Lieferungen k\u00f6nnen l\u00e4nger dauern oder alternativ viel schneller geliefert werden. Alle Lieferprognosen, die zum Zeitpunkt der Bestellung und Best\u00e4tigung der Bestellung gegeben werden, k\u00f6nnen sich \u00e4ndern. In jedem Fall werden wir unser Bestes tun, um Sie zu kontaktieren und Sie \u00fcber alle \u00c4nderungen zu informieren. Wir bem\u00fchen uns, die Lieferung des Produkts so einfach wie m\u00f6glich zu gestalten.<\/p>\n\n\n\n<p>Das Eigentum an den Produkten geht erst dann auf den Kunden \u00fcber, wenn wir die vollst\u00e4ndige Zahlung aller auf die Produkte f\u00e4lligen Betr\u00e4ge, einschlie\u00dflich der Lieferkosten, erhalten haben.<\/p>\n\n\n\n<h2 class=\"wp-block-heading\">10 Freistellung<\/h2>\n\n\n\n<p>10.1 Sie stellen uns (und unsere Direktoren, Agenten, Tochtergesellschaften, Joint Ventures und Mitarbeiter) von Anspr\u00fcchen, Forderungen und Sch\u00e4den (sowohl tats\u00e4chlichen als auch folgenden) jeder Art und Natur, bekannt und unbekannt, frei, die sich aus oder in irgendeiner Weise im Zusammenhang mit solchen Streitigkeiten ergeben. Sie stimmen zu, dass Mapiful keine Kontrolle \u00fcber die Lieferung der beworbenen Kooperationen hat und keine Garantie daf\u00fcr \u00fcbernimmt, und dass Mapiful von allen Sch\u00e4den, die aus dem Nichterhalt von Vorteilen einer erwarteten Kooperation resultieren, freigestellt wird.<\/p>\n\n\n\n<h2 class=\"wp-block-heading\">11 Pers\u00f6nliche Daten und Cookies<\/h2>\n\n\n\n<p>11.1 Durch die Zustimmung zur Vereinbarung akzeptiert der Kunde die Verwendung von Cookies auf der Website. Dar\u00fcber hinaus akzeptiert der Kunde, dass Mapiful relevante pers\u00f6nliche Daten \u00fcber den Kunden speichert und verwendet, um das Produkt zu liefern.<\/p>\n\n\n\n<h2 class=\"wp-block-heading\">12 Schadensersatz<\/h2>\n\n\n\n<p>12.1 Sie werden Mapiful (und seine Direktoren, Agenten, Tochtergesellschaften, Joint Ventures und Mitarbeiter) von jeglichen Anspr\u00fcchen oder Forderungen, einschlie\u00dflich angemessener Anwaltsgeb\u00fchren, die von Dritten aufgrund oder im Zusammenhang mit Ihrer Verletzung dieser Vereinbarung oder Ihrer Verletzung von Gesetzen oder Rechten Dritter erhoben werden, schadlos halten.<\/p>\n\n\n\n<p>13 Recht und Gerichtsstand.<\/p>\n\n\n\n<p>13.1 Wenn ein Streit zwischen Ihnen und Mapiful entsteht, ermutigen wir Sie dringend, uns zun\u00e4chst direkt zu kontaktieren, um eine L\u00f6sung zu suchen. Wir werden angemessene Anfragen zur Beilegung des Streits durch alternative Streitbeilegungsverfahren, wie Mediation oder Schiedsverfahren, als Alternative zu einem Gerichtsverfahren in Betracht ziehen.<\/p>\n\n\n\n<p>13.2 Vertr\u00e4ge \u00fcber den Kauf von Produkten \u00fcber unsere Website und alle Streitigkeiten oder Anspr\u00fcche, die sich aus ihnen oder ihrem Gegenstand oder ihrer Bildung ergeben (einschlie\u00dflich nicht-vertraglicher Streitigkeiten oder Anspr\u00fcche), m\u00fcssen durch ein Gericht in Schweden beigelegt werden.<\/p>\n\n\n\n<p>13.3 Jede Streitigkeit oder jeder Anspruch, der sich aus dieser Vereinbarung oder ihrer Bildung ergibt (einschlie\u00dflich nicht-vertraglicher Streitigkeiten oder Anspr\u00fcche), unterliegt der nicht-ausschlie\u00dflichen Gerichtsbarkeit der schwedischen Gerichte.<\/p>\n\n\n\n<h2 class=\"wp-block-heading\">14 Allgemeines<\/h2>\n\n\n\n<p>14.1 Diese Vereinbarung beabsichtigt oder schafft keine Agentur-, Partnerschafts-, Joint-Venture-, Arbeitgeber-Arbeitnehmer-, Franchisegeber-Franchisenehmer-Beziehung usw.<\/p>\n\n\n\n<p>14.2 Sie best\u00e4tigen, dass Sie alle notwendigen Genehmigungen haben, um uns die pers\u00f6nlichen Daten des Kunden zur Erf\u00fcllung dieser Vereinbarung zur Verf\u00fcgung zu stellen.<\/p>\n\n\n\n<p>14.3 Sollte eine Bestimmung dieser Vereinbarung f\u00fcr ung\u00fcltig oder nicht durchsetzbar befunden werden, so wird diese Bestimmung gestrichen und die verbleibenden Bestimmungen werden durchgesetzt. Nach unserem alleinigen Ermessen k\u00f6nnen wir diese Vereinbarung nach Mitteilung an Sie abtreten. \u00dcberschriften dienen nur als Referenzzwecke und begrenzen nicht den Umfang oder das Ausma\u00df eines solchen Abschnitts. Unser Vers\u00e4umnis, bei einem Versto\u00df durch Sie oder andere zu handeln, verzichtet nicht auf unser Recht, bei nachfolgenden oder \u00e4hnlichen Verst\u00f6\u00dfen zu handeln. Wir garantieren nicht, dass wir gegen alle Verst\u00f6\u00dfe gegen diese Vereinbarung vorgehen werden.<\/p>\n\n\n\n<p><\/p>\n\n\n\n<h2 class=\"wp-block-heading\">Bedingungen des mobilen Nachrichtendienstes<\/h2>\n\n\n\n<p>Der mobile Nachrichtendienst von Mapiful (der &#8220;Dienst&#8221;) wird von Mapiful AB (\u201cMapiful\u201d, \u201cwir\u201d oder \u201cuns\u201d) betrieben. Ihre Nutzung des Dienstes stellt Ihre Zustimmung zu diesen Gesch\u00e4ftsbedingungen (\u201cMobile Bedingungen\u201d) dar. Wir k\u00f6nnen den Dienst oder seine Funktionen ohne Ank\u00fcndigung \u00e4ndern oder k\u00fcndigen. Soweit gesetzlich zul\u00e4ssig, k\u00f6nnen wir diese Mobilen Bedingungen jederzeit \u00e4ndern und Ihre fortgesetzte Nutzung des Dienstes nach dem Inkrafttreten solcher \u00c4nderungen stellt Ihre Zustimmung zu solchen \u00c4nderungen dar.<\/p>\n\n\n\n<p>Wir berechnen keine Geb\u00fchren f\u00fcr den Dienst, aber Sie sind verantwortlich f\u00fcr alle Geb\u00fchren und Kosten, die mit dem Textnachrichtendienst durch Ihren Mobilfunkanbieter verbunden sind. Nachrichten- und Datentarife k\u00f6nnen anfallen.<\/p>\n\n\n\n<p>Textnachrichten k\u00f6nnen mit einem automatischen Telefonwahlsystem oder einer anderen Technologie gesendet werden. Ihre Zustimmung zum Empfang von automatisch gew\u00e4hlten Marketing-Textnachrichten ist keine Voraussetzung f\u00fcr den Kauf von Waren oder Dienstleistungen. Wenn Sie sich angemeldet haben, bietet der Service Werbeaktionen, Sonderangebote und andere Marketingangebote (z. B. Warenkorberinnerungen) von Mapiful \u00fcber Textnachrichten Ihres Mobilfunkanbieters an die von Ihnen angegebene Handynummer an. Die H\u00e4ufigkeit der Nachrichten variiert. Zum Abmelden senden Sie in den USA und Kanada das Kommando STOP als einzelnes Stichwort an +1 (855) 949-5142, im Vereinigten K\u00f6nigreich klicken Sie auf den Abmelde-Link in einer beliebigen Textnachricht, um jederzeit zu k\u00fcndigen. Sie erhalten eine einmalige Best\u00e4tigungsnachricht f\u00fcr das Opt-out. Wenn Sie andere mobile Nachrichtenprogramme von Mapiful abonniert haben und diese k\u00fcndigen m\u00f6chten, m\u00fcssen Sie sich, sofern nicht anders gesetzlich vorgeschrieben, getrennt von diesen Programmen abmelden, indem Sie den Anweisungen in ihren jeweiligen mobilen Bedingungen folgen. F\u00fcr Unterst\u00fctzung oder Hilfe zum Service senden Sie HELP an +1 (855) 949-5142 oder E-Mail an support@mapiful.com.<\/p>\n\n\n\n<p>Wir k\u00f6nnen jederzeit Kurzwahlnummern oder Telefonnummern, die wir zur Bedienung des Service verwenden, \u00e4ndern und werden Sie \u00fcber diese \u00c4nderungen informieren. Sie erkennen an, dass Nachrichten, einschlie\u00dflich STOP- oder HELP-Anfragen, die Sie an eine ge\u00e4nderte Kurzwahl- oder Telefonnummer senden, m\u00f6glicherweise nicht empfangen werden und wir nicht f\u00fcr die Erf\u00fcllung solcher Anfragen in solchen Nachrichten verantwortlich sind.<\/p>\n\n\n\n<p>Die von dem Service unterst\u00fctzten Mobilfunkanbieter haften nicht f\u00fcr verz\u00f6gerte oder nicht zugestellte Nachrichten. Sie stimmen zu, uns eine g\u00fcltige Handynummer zur Verf\u00fcgung zu stellen.<\/p>\n\n\n\n<p>Soweit gesetzlich zul\u00e4ssig, stimmen Sie zu, dass wir nicht haftbar sind f\u00fcr fehlgeschlagene, verz\u00f6gerte oder falsch geleitete Zustellung von Informationen, die \u00fcber den Service gesendet werden, f\u00fcr Fehler in solchen Informationen und\/oder f\u00fcr Handlungen, die Sie aufgrund der Informationen oder des Service m\u00f6glicherweise ergreifen oder nicht ergreifen.<\/p>\n\n\n\n<hr class=\"wp-block-separator has-css-opacity\"\/>\n\n\n\n<h2 class=\"wp-block-heading\">Urheberrechte und Anerkennung der Arbeit anderer<\/h2>\n\n\n\n<p>Einige unserer Produkte werden durch die gro\u00dfartige Arbeit der <a rel=\"noreferrer noopener\" aria-label=\"OpenStreetMap (\u00f6ffnet in einem neuen Tab)\" href=\"https:\/\/wiki.openstreetmap.org\" target=\"_blank\">OpenStreetMap<\/a>-Gemeinschaft und Stiftung erm\u00f6glicht. Sie stellen uns OpenStreetMap<sup><a href=\"https:\/\/www.openstreetmap.org\/copyright\/en#trademarks\">\u00ae<\/a><\/sup>&nbsp;als&nbsp;<em>offene Daten<\/em>, lizenziert unter der&nbsp;<a href=\"https:\/\/opendatacommons.org\/licenses\/odbl\/\">Open Data Commons Open Database License<\/a>&nbsp;(ODbL) von der&nbsp;<a href=\"https:\/\/osmfoundation.org\/\">OpenStreetMap Foundation<\/a>&nbsp;(OSMF) zur Verf\u00fcgung. Wir unterst\u00fctzen und tragen bei und ermutigen Sie, dasselbe zu tun! Kontaktieren Sie uns oder die OSMF, wenn Sie Interesse am Mitwirken haben.<\/p>\n\n\n\n<p>Einige unserer Produkte werden durch die Arbeit erm\u00f6glicht, die von <a href=\"https:\/\/github.com\/ofrohn\/d3-celestial\">Olaf Frohn<\/a> zur Verf\u00fcgung gestellt wurde, dem wir sehr dankbar sind.<\/p>\n","protected":false},"excerpt":{"rendered":"<p>Die folgenden Gesch\u00e4ftsbedingungen (die &#8220;Vereinbarung&#8221;) regeln die gesamte Nutzung der Website mapiful.com (die &#8220;Website&#8221;) und der auf oder \u00fcber die Website verf\u00fcgbaren Dienste (zusammen mit der Website als &#8220;Dienst&#8221; bezeichnet). Der Dienst ist im Besitz und wird betrieben von Mapiful AB, einem nach schwedischem Recht gegr\u00fcndeten Unternehmen (&#8220;Mapiful&#8221;). Mapiful druckt personalisierte Karten (&#8220;Produkte&#8221;) direkt f\u00fcr&#8230;<\/p>\n","protected":false},"author":1,"featured_media":0,"parent":0,"menu_order":43,"comment_status":"closed","ping_status":"closed","template":"templates\/template-base.php","meta":{"footnotes":""},"class_list":["post-61620","page","type-page","status-publish","hentry"],"acf":[],"featured_image_urls_v2":{"full":"","thumbnail":"","medium":"","medium_large":"","large":"","1536x1536":"","2048x2048":"","woocommerce_thumbnail":"","woocommerce_single":"","woocommerce_gallery_thumbnail":"","wc_order_status_icon":""},"post_excerpt_stackable_v2":"<p>Die folgenden Gesch\u00e4ftsbedingungen (die &#8220;Vereinbarung&#8221;) regeln die gesamte Nutzung der Website mapiful.com (die &#8220;Website&#8221;) und der auf oder \u00fcber die Website verf\u00fcgbaren Dienste (zusammen mit der Website als &#8220;Dienst&#8221; bezeichnet). Der Dienst ist im Besitz und wird betrieben von Mapiful AB, einem nach schwedischem Recht gegr\u00fcndeten Unternehmen (&#8220;Mapiful&#8221;). Mapiful druckt personalisierte Karten (&#8220;Produkte&#8221;) direkt f\u00fcr Kunden (&#8220;Kunden&#8221;). Der Dienst wird Ihnen (dem &#8220;Benutzer&#8221;) unter der Voraussetzung angeboten, dass Sie alle hierin enthaltenen Bedingungen und alle anderen Betriebsregeln, Richtlinien und Verfahren, die von Zeit zu Zeit auf der Website von Mapiful ver\u00f6ffentlicht werden k\u00f6nnen, ohne \u00c4nderungen akzeptieren. Wenn Sie dieser Vereinbarung&hellip;<\/p>\n","category_list_v2":"","author_info_v2":{"name":"Edvin Brobeck","url":"https:\/\/www.mapiful.com\/de\/blog\/author\/admin\/"},"comments_num_v2":"0 comments","_links":{"self":[{"href":"https:\/\/www.mapiful.com\/de\/wp-json\/wp\/v2\/pages\/61620"}],"collection":[{"href":"https:\/\/www.mapiful.com\/de\/wp-json\/wp\/v2\/pages"}],"about":[{"href":"https:\/\/www.mapiful.com\/de\/wp-json\/wp\/v2\/types\/page"}],"author":[{"embeddable":true,"href":"https:\/\/www.mapiful.com\/de\/wp-json\/wp\/v2\/users\/1"}],"replies":[{"embeddable":true,"href":"https:\/\/www.mapiful.com\/de\/wp-json\/wp\/v2\/comments?post=61620"}],"version-history":[{"count":0,"href":"https:\/\/www.mapiful.com\/de\/wp-json\/wp\/v2\/pages\/61620\/revisions"}],"wp:attachment":[{"href":"https:\/\/www.mapiful.com\/de\/wp-json\/wp\/v2\/media?parent=61620"}],"curies":[{"name":"wp","href":"https:\/\/api.w.org\/{rel}","templated":true}]}}