{"id":66020,"date":"2018-05-22T15:25:49","date_gmt":"2018-05-22T14:25:49","guid":{"rendered":"https:\/\/www.mapiful.com\/privacy\/"},"modified":"2023-12-27T17:26:34","modified_gmt":"2023-12-27T16:26:34","slug":"privacy","status":"publish","type":"page","link":"https:\/\/www.mapiful.com\/de\/privacy\/","title":{"rendered":"Datenschutzerkl\u00e4rung"},"content":{"rendered":"\n<div style=\"max-width:750px; margin:0px auto; text-align:center;margin-bottom: 20px;\">\n<h1>Datenschutzrichtlinie<\/h1>\n<p>Zweck dieses Dokuments ist es, dar\u00fcber zu informieren, auf welche Weise wir Informationen speichern, zu welchem Zweck und welche Absichten wir damit verfolgen. Wir haben einen allumfassenden Schnellleitfaden vorbereitet, der erkl\u00e4rt, wie wir mit Ihren Daten umgehen und sie behandeln.<\/p>\n\n<h2>Die kurze und einfache Version<\/h2>\n<p>Wir streben st\u00e4ndig danach, die von uns angebotenen Dienstleistungen zu verbessern, und das tun wir, indem wir analysieren, wie Sie unsere Website und Produkte nutzen.<\/p>\n<\/div>\n\n\n\n<div class=\"wp-block-columns has-4-columns is-layout-flex wp-container-core-columns-is-layout-1 wp-block-columns-is-layout-flex\">\n<div class=\"wp-block-column is-layout-flow wp-block-column-is-layout-flow\">\n<h3 class=\"wp-block-heading\">Nur das Wesentliche<\/h3>\n\n\n\n<p>Wir verpflichten uns, nur das Notwendige zu speichern, als Teil unseres berechtigten Interesses, unsere Gesch\u00e4fte zu erhalten und zu entwickeln. Wir verpflichten uns auch, nichts l\u00e4nger als notwendig oder gesetzlich erlaubt zu speichern.<\/p>\n<\/div>\n\n\n\n<div class=\"wp-block-column is-layout-flow wp-block-column-is-layout-flow\">\n<h3 class=\"wp-block-heading\">Datenschutz<\/h3>\n\n\n\n<p>Wir widmen uns dem Schutz aller gesammelten Daten, als w\u00e4ren es unsere eigenen. Wir streben danach, die h\u00f6chsten Compliance-Standards einzuhalten und die h\u00f6chsten Sicherheitsstandards zu erf\u00fcllen. Wir werden Ihre Daten niemals verkaufen, vermieten oder anderen au\u00dfer unseren Gesch\u00e4ftspartnern Zugang gew\u00e4hren.<\/p>\n<\/div>\n\n\n\n<div class=\"wp-block-column is-layout-flow wp-block-column-is-layout-flow\">\n<h3 class=\"wp-block-heading\">Ihre Rechte<\/h3>\n\n\n\n<p>Sie haben das Recht zu erfahren, welche personenbezogenen Daten wir \u00fcber Sie gespeichert haben. Sie haben das Recht, unvollst\u00e4ndige, falsche, unn\u00f6tige oder veraltete personenbezogene Daten zu aktualisieren sowie die L\u00f6schung jeglicher personenbezogener Daten zu beantragen.<\/p>\n<\/div>\n\n\n\n<div class=\"wp-block-column is-layout-flow wp-block-column-is-layout-flow\">\n<h3 class=\"wp-block-heading\">Informationstransparenz<\/h3>\n\n\n\n<p>Wir tun unser Bestes, um in unserer Kommunikation dar\u00fcber transparent zu sein, wie wir die gesammelten Informationen verwenden werden, zu welchem Zweck und mit wem die Informationen geteilt werden.<\/p>\n<\/div>\n<\/div>\n\n\n\n<hr class=\"wp-block-separator has-css-opacity\"\/>\n\n\n<p><\/p>\n<h2>Die ausf\u00fchrliche Version<\/h2>\n<p>Mapiful AB (auch bezeichnet als \u201ewir\u201c, \u201euns\u201c und \u201eMapiful\u201c) in diesem Dokument ist zutiefst darauf bedacht, die Daten unserer Nutzer und Kunden zu sch\u00fctzen und zu pflegen. Wir streben danach, die h\u00f6chsten Standards im Datenschutz und in der Privatsph\u00e4re einzuhalten. Wir setzen auch alle anwendbaren notwendigen Gesetze und Einschr\u00e4nkungen durch.<\/p>\n<p>Die Nutzung unserer Webseite, Dienstleistungen und\/oder der Kauf unserer Produkte bedeutet Ihre Zustimmung zu unserer Richtlinie. Sollten Sie damit nicht einverstanden sein, verwenden Sie bitte keines unserer Produkte oder Dienstleistungen.<\/p>\n<p>Diese Richtlinie gilt f\u00fcr alle Daten, die Mapiful bei der Erbringung unserer Dienste verarbeitet.<\/p>\n<h3>Verwendung von Cookies<\/h3>\n<p>Wie die meisten Webseiten im Internet verwenden auch wir \u201eCookies\u201c. Ein Cookie ist eine kleine Datei, die auf Ihrem Computer (durch Ihren Browser) gespeichert wird und textbasierte Werte enth\u00e4lt. Die in diesen Dateien gespeicherten Informationen werden verwendet, um eine gute, anhaltende Kundenerfahrung zu bieten, z.B. das Nicht-Anzeigen von \u201eWillkommens\u201c-Nachrichten beim ersten Besuch der Webseite, Ihre Sprach- oder W\u00e4hrungsauswahl und das Speichern der Produkte in Ihrem Warenkorb &#8211; <span style=\"font-weight: 400;\">einschlie\u00dflich, wenn Sie Ihren Warenkorb verlassen haben. Diese Informationen werden verwendet, um zu bestimmen, wann Erinnerungsnachrichten zum Warenkorb per SMS gesendet werden sollen. <\/span>Die erlaubte Lebensdauer dieser Datei wird je nach Zweck festgelegt. Sie k\u00f6nnen die Verwendung von Cookies verhindern, indem Sie die Funktion in Ihrem Browser deaktivieren.<\/p>\n<p>Unsere Webseite ist auch ohne die Verwendung von Cookies nutzbar, allerdings wird dies das Benutzererlebnis negativ beeinflussen.<\/p>\n<h3>Automatische Datenerfassung<\/h3>\n<p>Bei der Nutzung dieser Webseite erfassen wir Informationen \u00fcber die Nutzung unserer Dienste mit dem Ziel, ein gutes Gesamtnutzererlebnis zu schaffen und relevante Informationen im Marketing zu liefern. Die Informationen werden in anonymisierter Form gespeichert, d.h. sie sind nicht an pers\u00f6nliche Informationen gebunden.<\/p>\n<p><strong>Beispiele f\u00fcr gespeicherte Informationen:<\/strong><\/p>\n<ul>\n<li>Informationen \u00fcber Ihren Browser und Ger\u00e4tetyp.<\/li>\n<li>Von welchem Ort aus Sie unsere Dienste nutzen.<\/li>\n<li>Wie Sie mit unseren Diensten interagieren, welche Inhalte Sie sehen und wann.<\/li>\n<li>Informationen \u00fcber Ihren Internetanbieter.<\/li>\n<\/ul>\n<h4>Zweck der Datenerfassung<\/h4>\n<p>Der Zweck dessen ist es, uns mit realen Nutzungsstatistiken zu versorgen, um Inhalte, Sicherheit und das Gesamterlebnis als bestehender oder potenzieller Kunde f\u00fcr uns zu verbessern.<\/p>\n<p>Es ist gut zu wissen, dass es technisch m\u00f6glich ist, eine Person anhand einer IP-Adresse zu identifizieren, aber dies ist nur Regierungen und Strafverfolgungsbeh\u00f6rden vorbehalten.<\/p>\n<h4>Datenweitergabe an Dritte<\/h4>\n<p>Wir werden niemals Daten verkaufen, vermieten oder vermieten und d\u00fcrfen nur anonymisierte Daten unter den nachstehend genannten Umst\u00e4nden an Dritte weitergeben, um unser legitimes Interesse an der Pflege und Weiterentwicklung unseres Gesch\u00e4fts zu verfolgen.<\/p>\n<h5>Google (Analytics und Tag Manager)<\/h5>\n<p>Google wird in unserem Auftrag anonymisierte Daten \u00fcber Ihre Nutzung unserer Dienste speichern und verarbeiten. Die Art der Daten umfasst, ist aber nicht beschr\u00e4nkt auf, welche Seiten Sie besucht haben, von wo aus Sie unsere Dienste nutzen und welches Ger\u00e4t Sie verwenden.<\/p>\n<p>Sie k\u00f6nnen jederzeit Ihre Zustimmung (Opt-out) widerrufen und verhindern, dass Daten \u00fcber Ihre Nutzung gespeichert werden, indem Sie die von Google f\u00fcr diesen Zweck bereitgestellten Browser-Plugins installieren.<\/p>\n<p>Google kann diese Informationen auf Servern au\u00dferhalb der Europ\u00e4ischen Union speichern. Google ist dadurch zertifiziert und erf\u00fcllt alle Anforderungen unter dem \u201eEU-US-Privacy Shield\u201c und erreicht eine hohe Sicherheit bei der Verarbeitung und Speicherung von Daten dieser Art.<\/p>\n<h5>Facebook<\/h5>\n<p>Wir nutzen Facebook f\u00fcr \u201eVerhaltens- und zielgerichtetes Marketing\u201c als Teil unseres legitimen Interesses, unsere Gesch\u00e4fte zu pflegen und zu entwickeln. Facebook wird in unserem Auftrag Informationen \u00fcber Ihre Nutzung unserer Dienste mithilfe eines Tracking-Pixels sammeln.<\/p>\n<p>Sie k\u00f6nnen jederzeit Ihre Zustimmung widerrufen (opt-out) und die Speicherung Ihrer Daten verhindern, indem Sie Ihre Einstellungen in Ihrem von Facebook bereitgestellten Profil \u00e4ndern.<\/p>\n<p>Facebook kann diese Informationen auf Servern au\u00dferhalb der Europ\u00e4ischen Union speichern. Facebook ist daher verpflichtet, alle Anforderungen des \u201eEU-US Privacy Shield\u201c zu erf\u00fcllen und gew\u00e4hrleistet h\u00f6chste Sicherheit bei der Verarbeitung und Speicherung dieser Daten.<\/p>\n<h5>Pinterest<\/h5>\n<p>Wir nutzen Pinterest f\u00fcr \u201eVerhaltens- und zielgerichtetes Marketing\u201c als Teil unseres legitimen Interesses, unsere Gesch\u00e4fte zu pflegen und zu entwickeln. Pinterest wird in unserem Auftrag Informationen \u00fcber Ihre Nutzung unserer Dienste mithilfe eines Tracking-Pixels sammeln.<\/p>\n<p>Sie k\u00f6nnen jederzeit Ihre Zustimmung widerrufen (opt-out) und die Speicherung Ihrer Daten verhindern, indem Sie Ihre Einstellungen in Ihrem von Pinterest bereitgestellten Profil \u00e4ndern.<\/p>\n<h5>TradeDoubler<\/h5>\n<p>Wir nutzen die Dienste von TradeDoubler f\u00fcr \u201eAffiliate-Marketing\u201c. Anonymisierte Daten werden bei K\u00e4ufen unserer Dienstleistungen zur Verkaufsattribute erfasst.<\/p>\n<h5>Rev:Relations<\/h5>\n<p>Wir nutzen die Dienste von Rev:Relations f\u00fcr \u201eAffiliate-Marketing\u201c. Anonymisierte Daten werden bei K\u00e4ufen unserer Dienstleistungen zur Verkaufsattribute erfasst.<\/p>\n<p><span style=\"font-weight: 400;\">Dies schlie\u00dft Daten und Zustimmungen zur Herkunft von SMS-Textnachrichten aus; diese Informationen werden nicht mit Dritten geteilt.<\/span><\/p>\n<h3>Manuell bereitgestellte personenbezogene Daten<\/h3>\n<p>Wenn Sie ein Konto erstellen, einen Kauf t\u00e4tigen, Informationen anfordern oder anderweitig mit uns interagieren, k\u00f6nnen wir Sie um Informationen bitten, um Ihre Anfrage erf\u00fcllen zu k\u00f6nnen. Mapiful verarbeitet personenbezogene Daten, um unsere vertraglichen Verpflichtungen zu erf\u00fcllen und rechtlichen Verpflichtungen nachzukommen. Dar\u00fcber hinaus verarbeiten wir personenbezogene Daten, um unser legitimes Interesse an der Pflege und Entwicklung unserer Gesch\u00e4fte zu verfolgen.<\/p>\n<p>Der Beauftragte\/Vertreter f\u00fcr die Nutzung und Handhabung personenbezogener Daten ist die \u201ejuristische Person\/Entit\u00e4t\u201c, die Mapiful AB ist, Organisationsnummer 559006-2393, Stora Nygatan 39<br>SE-11127 Stockholm.<\/p>\n<p>Beispiele f\u00fcr Informationen, die wir m\u00f6glicherweise anfordern:<\/p>\n<ul>\n<li>Ihr Name.<\/li>\n<li>Ihre E-Mail-Adresse.<\/li>\n<li>Ihre Stra\u00dfenadresse und Telefonnummer.<\/li>\n<li>In bestimmten F\u00e4llen Benutzernamen und Passw\u00f6rter, Feedback, Alter, Geschlecht und Sprache.<\/li>\n<\/ul>\n<h4>Datenverarbeitung f\u00fcr Zahlungen<\/h4>\n<p>Ein wesentlicher Teil der von uns angebotenen Dienstleistungen ist die M\u00f6glichkeit, unsere Waren und Dienstleistungen zu kaufen. Wir tun dies mit Partnern, die wir hinsichtlich Sicherheit und Compliance streng bewertet haben.<\/p>\n<p>Mapiful speichert oder verarbeitet niemals Informationen wie Kreditkartennummern oder Bankkonten. Solche Informationen, die auf unserer Website oder als Teil unserer Dienstleistungen eingegeben werden, werden ausschlie\u00dflich von der Zahlungs-Gateway verarbeitet.<\/p>\n<h3>Legitime Gr\u00fcnde f\u00fcr die Verarbeitung personenbezogener Daten<\/h3>\n<ul>\n<li><strong>Bereitstellung von Produkten und Dienstleistungen<\/strong> &#8211; Wir k\u00f6nnen Ihre personenbezogenen Daten verwenden, um Ihnen unsere Dienstleistungen anzubieten und Produkte zu liefern und zu versenden, die Sie angefordert oder bestellt haben, um Ihre Anfragen zu bearbeiten oder um den Vertrag zwischen Ihnen und uns zu erf\u00fcllen, um die Funktionalit\u00e4t und Sicherheit unserer Dienste und eine korrekte Lieferung zu gew\u00e4hrleisten, um Sie zu identifizieren sowie um Betrug und andere Missbr\u00e4uche zu verhindern und zu untersuchen.<\/li>\n<li><strong>Kommunikation<\/strong> &#8211; Wir k\u00f6nnen Ihre personenbezogenen Daten verwenden, um mit Ihnen zu kommunizieren, zum Beispiel um Sie dar\u00fcber zu informieren, dass sich unsere Dienste ge\u00e4ndert haben, oder um Ihnen wichtige Warnungen und andere solche Mitteilungen in Bezug auf unsere Dienste und Produkte zu senden und um Sie zu verkaufsbezogenen Zwecken zu kontaktieren.<\/li>\n<li><strong>Marketing<\/strong> &#8211; Werbung und Empfehlungen: Mit Ihrer Zustimmung, mit der Annahme unserer Bedingungen und Richtlinien oder wenn es anderweitig erlaubt ist, k\u00f6nnen wir Sie kontaktieren, um Sie \u00fcber neue Produkte, Dienstleistungen oder Aktionen zu informieren, die wir anbieten k\u00f6nnen, und um Marktforschung zu betreiben. Wir k\u00f6nnen auch Ihre personenbezogenen Daten verwenden, um unser Angebot zu personalisieren und Ihnen relevantere Dienste anzubieten sowie um angepasste Inhalte und Werbung in unseren Diensten anzuzeigen. Dies kann auch die Anzeige von Inhalten Dritter umfassen.<\/li>\n<\/ul>\n<h3>Weitergabe personenbezogener Daten<\/h3>\n<p>Wir werden niemals Ihre personenbezogenen Daten verkaufen, vermieten oder verleihen und d\u00fcrfen Ihre personenbezogenen Daten nur unter den unten genannten Umst\u00e4nden an Dritte weitergeben.<\/p>\n<ul>\n<li>\n<h4>Unternehmen in der Firmenstruktur von Mapiful.<\/h4>\n<p>Wir k\u00f6nnen Ihre personenbezogenen Daten mit anderen mit Mapiful verbundenen Unternehmen (Tochtergesellschaften oder Muttergesellschaften) oder autorisierten Dritten teilen, die personenbezogene Daten in unserem Auftrag verarbeiten, jedoch nur zu den in dieser Richtlinie beschriebenen Zwecken und solange die Partei Dienstleistungen f\u00fcr Mapiful erbringt.<\/p>\n<\/li>\n<\/ul>\n<ul>\n<li>\n<h4>Verpflichtende Offenlegungen.<\/h4>\n<p>Wir k\u00f6nnen auf Ihre personenbezogenen Daten zugreifen, diese offenlegen und aufbewahren, wenn wir in gutem Glauben der Ansicht sind, dass dies notwendig ist, um: (1) geltendem Recht nachzukommen oder auf g\u00fcltige rechtliche Anforderungen von zust\u00e4ndigen Beh\u00f6rden zu reagieren, einschlie\u00dflich von Strafverfolgungsbeh\u00f6rden oder anderen staatlichen Stellen; (2) unsere Kunden zu sch\u00fctzen (z.B. vor Spam oder Betrug und\/oder um schwerwiegende Verletzungen oder den Verlust von Leben zu verhindern); (3) die Sicherheit unserer Dienste zu betreiben und aufrechtzuerhalten, einschlie\u00dflich der Verhinderung oder Beendigung eines Angriffs auf unsere Computersysteme oder Netzwerke; oder (4) die Rechte oder das Eigentum von Mapiful zu sch\u00fctzen, einschlie\u00dflich der Durchsetzung der Bedingungen f\u00fcr die Nutzung der Dienste, m\u00f6glicherweise in Zusammenarbeit mit Strafverfolgungsbeh\u00f6rden.<\/p>\n<\/li>\n<\/ul>\n<ul>\n<li>\n<h4>Fusionen und \u00dcbernahmen.<\/h4>\n<p>Wenn Mapiful in eine Fusion, \u00dcbernahme oder einen Verm\u00f6gensverkauf involviert ist, k\u00f6nnen wir personenbezogene Daten an die beteiligte dritte Partei \u00fcbertragen. Wir werden jedoch weiterhin die Vertraulichkeit aller personenbezogenen Daten gew\u00e4hrleisten.<\/p>\n<\/li>\n<\/ul>\n<ul>\n<li>\n<h4>Ihre Zustimmung und soziale Teilungsdienste.<\/h4>\n<p>Wir k\u00f6nnen Ihre personenbezogenen Daten weitergeben, wenn wir Ihre Zustimmung dazu haben oder Sie dies ausdr\u00fccklich angefordert haben.<\/p>\n<\/li>\n<\/ul>\n<ul>\n<li>\n<h4>Unternehmen aufgef\u00fchrt unter \u201eDaten, die mit Dritten geteilt werden\u201c<\/h4>\n<\/li>\n<\/ul>\n<h4>Personenbezogene Daten, die mit Dritten geteilt werden<\/h4>\n<p>Wir teilen personenbezogene Daten, um unser legitimes Interesse zu verfolgen, unser Gesch\u00e4ft zu erhalten und zu entwickeln, jedoch nur mit den folgenden Parteien:<\/p>\n<h5>Klaviyo<\/h5>\n<p><span style=\"font-weight: 400;\">Klaviyo Inc.<\/span><span style=\"font-weight: 400;\"><br><\/span><span style=\"font-weight: 400;\">225 Franklin Street Boston, <\/span><span style=\"font-weight: 400;\"><br><\/span><span style=\"font-weight: 400;\">MA 02110 Vereinigte Staaten<\/span><\/p>\n<p><span style=\"font-weight: 400;\">Klaviyo bietet eine Plattform f\u00fcr Kommunikation per E-Mail und SMS. Wir nutzen sie, um mit bestehenden und potenziellen Kunden sowie Partnern zu kommunizieren. Der Inhalt h\u00e4ngt vom Empf\u00e4nger und Anlass ab und kann unter anderem Informationen \u00fcber unseren Service, Informationen \u00fcber eine Kundenbestellung, relevante Marketinginformationen und Angebote beinhalten.<\/span><\/p>\n<h5>Printmotor<\/h5>\n<p>Printmotor Ltd, Gesch\u00e4fts-ID: 0824433-3<br>Adresse: Sorvaajankatu 11, FI-00880 Helsinki, Finnland<br><a href=\"mailto:support@printmotor.io\">support@printmotor.io<\/a>.<br>Printmotor bietet Mapiful Dienstleistungen f\u00fcr Erf\u00fcllung und Produktion.<\/p>\n<h5>Elanders Sverige AB<\/h5>\n<p>Processv\u00e4gen 5, <br>435 33 M\u00f6lnlycke<br>Schweden<\/p>\n<p>Elanders bietet Mapiful Dienstleistungen f\u00fcr Erf\u00fcllung und Produktion.<\/p>\n<h5>Gelateo Sverige AB<\/h5>\n<p>Gelato Schweden AB<br>Malmskillnadsgatan 32<br>111 51 Stockholm, Schweden<\/p>\n<p>Gelato bietet Mapiful Dienstleistungen f\u00fcr Erf\u00fcllung und Produktion.<\/p>\n<h5>Stripe<\/h5>\n<p>Stripe Inc.<br>185 Berry Street<br>Suite 550<br>San Francisco, CA 94107<br>Vereinigte Staaten<\/p>\n<p>Stripe ist eines unserer Zahlungsgateways und wenn Sie f\u00fcr unsere Produkte oder Dienstleistungen bezahlen, stellen wir Stripe die erforderlichen Informationen zur Verf\u00fcgung, um z. B. aber nicht beschr\u00e4nkt auf Sicherheits- und Betrugsvalidierung durchzuf\u00fchren und erforderliche Transaktionsdaten gem\u00e4\u00df dem Gesetz zu speichern.<\/p>\n<h5>Klarna &amp; Paypal<\/h5>\n<p>Wir arbeiten mit weltweit f\u00fchrenden Zahlungsanbietern zusammen, um stets sichere Zahlungen zu gew\u00e4hrleisten. Klarna &amp; Paypal k\u00f6nnen im Zusammenhang mit der Zahlung personenbezogene Informationen sammeln. Der Zahlungsanbieter ist somit pers\u00f6nlich f\u00fcr solche personenbezogenen Daten unter den Nutzungsbedingungen verantwortlich.<\/p>\n<p><\/p>\n<h3>Ihre Rechte bez\u00fcglich personenbezogener Daten<\/h3>\n<h4>Recht auf L\u00f6schung personenbezogener Daten<\/h4>\n<p>Auf Anfrage haben Personen das Recht, unter der Allgemeinen Datenschutzverordnung (GDPR) \u201evergessen zu werden\u201c. Dieses Recht ist auszu\u00fcben, wenn Sie m\u00f6chten, dass alle Informationen, die nicht von anderen anwendbaren Gesetzen oder Vorschriften gefordert sind, entfernt werden. Beispiele f\u00fcr solche Informationen umfassen, sind aber nicht beschr\u00e4nkt auf Daten zu Finanztransaktionen und Bestellinformationen.<\/p>\n<p>Auf solche Anfragen werden wir innerhalb einer angemessenen Zeit und Art und Weise die anwendbaren Informationen entfernen.<\/p>\n<p>Sie k\u00f6nnen jederzeit das Recht aus\u00fcben und sich abmelden, indem Sie die Tools und Dienste unserer Partner verwenden, einschlie\u00dflich \u201eAbmelde-Links\u201c. Kontaktieren Sie unseren DSB (Datenschutzbeauftragten), wenn Sie Fragen haben.<\/p>\n<h4>Recht auf Zugang zu personenbezogenen Daten und \u00dcbertragbarkeit<\/h4>\n<p>Auf Anfrage haben Personen das Recht, alle Aufzeichnungen der personenbezogenen Daten, die wir derzeit speichern, in einem g\u00e4ngigen und maschinenlesbaren Format anzufordern. Kontaktieren Sie unseren DSB (Datenschutzbeauftragten), wenn Sie Fragen haben.<\/p>\n<h4>Recht auf Berichtigung personenbezogener Daten<\/h4>\n<p>Auf Anfrage haben Personen das Recht, Korrekturen vorzunehmen, wenn sie in den \u00fcber sie gespeicherten Informationen zutreffen. Wenn angefordert, werden wir innerhalb einer angemessenen Zeit die Aufzeichnungen aktualisieren und korrigieren. Kontaktieren Sie unseren DSB (Datenschutzbeauftragten), wenn Sie Fragen haben.<\/p>\n<h3>Datenschutzbeauftragter und Kontaktangaben des Vertreters<\/h3>\n<p>Kontaktieren Sie unseren Datenschutzbeauftragten, wenn Sie Fragen zu unserer Politik, unserem Verhalten oder individuellen Anfragen haben.<\/p>\n<p><strong>Mapiful AB<\/strong><br>Att: DSB Vertreter \/ Edvin Brobeck<br>Stora Nygatan 39<br>SE-11127 Stockholm<\/p>\n<p>Telefon: +46-(0)737-64 9207<br>E-Mail: <a href=\"mailto:dpo@mapiful.com\">dpo@mapiful.com<\/a><\/p>\n<h3>Schutz personenbezogener Daten<\/h3>\n<p>Wir speichern und verarbeiten personenbezogene Daten auf Servern von Drittanbietern (\u201eDatenhosting-Anbieter\u201c), die wir aufgrund ihrer hochmodernen Sicherheitsma\u00dfnahmen und ihrer \u00dcbereinstimmung mit geltenden Gesetzen und Einschr\u00e4nkungen bewertet haben. Solche Server befinden sich in der Europ\u00e4ischen Union und\/oder den Vereinigten Staaten von Amerika. Wir haben strenge interne Richtlinien und Leitlinien, um Datenschutz und Sicherheitsangelegenheiten anzugehen (proaktives und reaktives Risikomanagement, Sicherheits- und Datenschutztechnik und -bewertungen). Wir ergreifen angemessene Schritte, um das Risiko von Datenverlust und anderen m\u00f6glichen Risiken, die durch die Verarbeitung und die Art der zu sch\u00fctzenden Daten dargestellt werden, anzugehen. Au\u00dferdem beschr\u00e4nken wir den Zugang zu unseren Datenbanken, die personenbezogene Daten enthalten, nur auf autorisierte Personen, die einen gerechtfertigten Bedarf haben, auf solche Informationen zuzugreifen.<\/p>\n<h4>Internationaler Transfer personenbezogener Daten<\/h4>\n<p>Durch die Nutzung der Dienste geben Sie uns Ihre Zustimmung, Ihre personenbezogenen Daten, die wir gesammelt haben, au\u00dferhalb Ihres Wohnsitzlandes zu speichern, zu verarbeiten und zu \u00fcbertragen, zu den L\u00e4ndern, in denen die Server der Datenhosting-Anbieter sich befinden.<\/p>\n<p>In einigen F\u00e4llen k\u00f6nnen Sie unsere Dienste in einem anderen Land als dem, in dem sich die Server der Datenhosting-Anbieter befinden, nutzen und daher k\u00f6nnen Ihre personenbezogenen Daten \u00fcber internationale Grenzen hinweg au\u00dferhalb des Landes, in dem Sie unsere Dienste nutzen, einschlie\u00dflich aus L\u00e4ndern au\u00dferhalb des Europ\u00e4ischen Wirtschaftsraums (EWR), \u00fcbertragen werden. In solchen F\u00e4llen stellen wir sicher, dass es eine rechtliche Grundlage f\u00fcr eine solche \u00dcbertragung gibt und dass ein angemessener Schutz Ihrer personenbezogenen Daten wie gesetzlich vorgeschrieben gew\u00e4hrleistet wird, zum Beispiel durch die Verwendung von Standardvereinbarungen, die von zust\u00e4ndigen Beh\u00f6rden genehmigt wurden (wenn n\u00f6tig), und durch die Anforderung der Verwendung anderer geeigneter technischer und organisatorischer Informationssicherheitsma\u00dfnahmen.<\/p>\n<h3>Speicherfrist<\/h3>\n<p>Wir speichern personenbezogene Daten nicht l\u00e4nger, als gesetzlich erlaubt und notwendig f\u00fcr die Zwecke der Bereitstellung unserer Dienste. Die Speicherdauer h\u00e4ngt von der Art der Informationen und den Zwecken der Verarbeitung ab. Die maximale Dauer kann daher je nach Verwendung variieren.<\/p>\n<h3>Weitere Informationen von unseren Partnern und Dritten<\/h3>\n<p><a href=\"https:\/\/www.google.com\/analytics\/terms\/us.html\">Nutzungsbedingungen von Google Analytics<\/a>,<br><a href=\"https:\/\/support.google.com\/analytics\/answer\/6004245?hl=de\">Google Analytics Sicherheits- und Datenschutzprinzipien<\/a>,<br><a href=\"https:\/\/www.google.com\/analytics\/tag-manager\/use-policy\/\">Nutzungsbedingungen des Google Tag Managers<\/a> und <a href=\"https:\/\/www.google.com\/policies\/privacy\/\">Google Datenschutzerkl\u00e4rung<\/a>.<\/p>\n<p><a href=\"https:\/\/www.facebook.com\/policy.php\">Datenschutzrichtlinie von Facebook<\/a> und <a href=\"https:\/\/www.facebook.com\/full_data_use_policy\">Facebook Datenverwendungsrichtlinie<\/a><\/p>\n<p><a href=\"https:\/\/policy.pinterest.com\/de\/privacy-policy\">Datenschutzrichtlinie von Pinterest<\/a><\/p>\n<p><a href=\"https:\/\/www.klaviyo.com\/legal\/privacy-policy\">Datenschutzrichtlinie von Klaviyo<\/a><\/p>\n<p><a href=\"http:\/\/www.tradedoubler.com\/de\/gdpr-compliance\/\">TradeDoubler DSGVO-Konformit\u00e4t<\/a><\/p>\n<p><a href=\"https:\/\/wove.com\/privacy\">Datenschutzrichtlinie von Wove<\/a><\/p>\n\n\n<p><\/p>\n","protected":false},"excerpt":{"rendered":"<p>Datenschutzrichtlinie Zweck dieses Dokuments ist es, dar\u00fcber zu informieren, auf welche Weise wir Informationen speichern, zu welchem Zweck und welche Absichten wir damit verfolgen. Wir haben einen allumfassenden Schnellleitfaden vorbereitet, der erkl\u00e4rt, wie wir mit Ihren Daten umgehen und sie behandeln. Die kurze und einfache Version Wir streben st\u00e4ndig danach, die von uns angebotenen Dienstleistungen&#8230;<\/p>\n","protected":false},"author":1,"featured_media":0,"parent":0,"menu_order":50,"comment_status":"closed","ping_status":"closed","template":"templates\/template-base.php","meta":{"footnotes":""},"class_list":["post-66020","page","type-page","status-publish","hentry"],"acf":[],"featured_image_urls_v2":{"full":"","thumbnail":"","medium":"","medium_large":"","large":"","1536x1536":"","2048x2048":"","woocommerce_thumbnail":"","woocommerce_single":"","woocommerce_gallery_thumbnail":"","wc_order_status_icon":""},"post_excerpt_stackable_v2":"<p>Datenschutzrichtlinie Zweck dieses Dokuments ist es, dar\u00fcber zu informieren, auf welche Weise wir Informationen speichern, zu welchem Zweck und welche Absichten wir damit verfolgen. Wir haben einen allumfassenden Schnellleitfaden vorbereitet, der erkl\u00e4rt, wie wir mit Ihren Daten umgehen und sie behandeln. Die kurze und einfache Version Wir streben st\u00e4ndig danach, die von uns angebotenen Dienstleistungen zu verbessern, und das tun wir, indem wir analysieren, wie Sie unsere Website und Produkte nutzen. Nur das Wesentliche Wir verpflichten uns, nur das Notwendige zu speichern, als Teil unseres berechtigten Interesses, unsere Gesch\u00e4fte zu erhalten und zu entwickeln. Wir verpflichten uns auch, nichts l\u00e4nger&hellip;<\/p>\n","category_list_v2":"","author_info_v2":{"name":"Edvin Brobeck","url":"https:\/\/www.mapiful.com\/de\/blog\/author\/admin\/"},"comments_num_v2":"0 comments","_links":{"self":[{"href":"https:\/\/www.mapiful.com\/de\/wp-json\/wp\/v2\/pages\/66020"}],"collection":[{"href":"https:\/\/www.mapiful.com\/de\/wp-json\/wp\/v2\/pages"}],"about":[{"href":"https:\/\/www.mapiful.com\/de\/wp-json\/wp\/v2\/types\/page"}],"author":[{"embeddable":true,"href":"https:\/\/www.mapiful.com\/de\/wp-json\/wp\/v2\/users\/1"}],"replies":[{"embeddable":true,"href":"https:\/\/www.mapiful.com\/de\/wp-json\/wp\/v2\/comments?post=66020"}],"version-history":[{"count":0,"href":"https:\/\/www.mapiful.com\/de\/wp-json\/wp\/v2\/pages\/66020\/revisions"}],"wp:attachment":[{"href":"https:\/\/www.mapiful.com\/de\/wp-json\/wp\/v2\/media?parent=66020"}],"curies":[{"name":"wp","href":"https:\/\/api.w.org\/{rel}","templated":true}]}}