{"id":767988,"date":"2020-03-17T17:09:57","date_gmt":"2020-03-17T16:09:57","guid":{"rendered":"https:\/\/www.mapiful.com\/?page_id=767988"},"modified":"2020-10-29T16:07:15","modified_gmt":"2020-10-29T15:07:15","slug":"informationen-ueber-covid-19","status":"publish","type":"page","link":"https:\/\/www.mapiful.com\/de\/informationen-ueber-covid-19\/","title":{"rendered":"Informationen \u00fcber Covid-19"},"content":{"rendered":"\n<div class=\"wp-block-genesis-blocks-gb-columns gb-layout-columns-1 gb-1-col-equal gb-has-custom-background-color gb-columns-center\" style=\"padding-top:50px;padding-bottom:50px;background-color:#f5f7f9\"><div class=\"gb-layout-column-wrap gb-block-layout-column-gap-2 gb-is-responsive-column\" style=\"max-width:700px\">\n<div class=\"wp-block-genesis-blocks-gb-column gb-block-layout-column\"><div class=\"gb-block-layout-column-inner\">\n<h2 class=\"has-text-align-center wp-block-heading\">Infos &amp; FAQ<\/h2>\n\n\n\n<p class=\"has-text-align-center\">Wir garantieren, dass unsere Arbeitsabl\u00e4ufe wie gewohnt mit gr\u00f6\u00dfter Sorgfalt ausgef\u00fchrt werden. Updates zu neuen Beschl\u00fcssen verschiedener L\u00e4ndern sowie dessen Auswirkungen werden informativ auf unserer Website zur Verf\u00fcgung gestellt. Wir danken dir f\u00fcr dein Verst\u00e4ndnis und hoffen optimale L\u00f6sungen f\u00fcr dich bereitstellen zu k\u00f6nnen. <\/p>\n\n\n\n<div style=\"color:#ddd\" class=\"wp-block-genesis-blocks-gb-spacer gb-block-spacer gb-divider-solid gb-spacer-divider gb-divider-size-1\"><hr style=\"height:30px\"\/><\/div>\n\n\n\n<p class=\"has-text-align-center\">Alle Updates findest du hier:&nbsp;<\/p>\n\n\n\n<ul class=\"wp-block-list\"><li><strong>Wir rechnen mit verz\u00f6gerter Lieferung in folgenden Orten Frankreichs<\/strong>: Bitche, Sturzelbronn, Siersthal, St Louis les Bitche, Walschbronn, St Louis, Haselbourg, Soucht, Strasbourg, Colmar, Colmar Cedex, Ingersheim, Bennwihr Mittelwihr and Beblenheim. Wir geben unser Bestes, damit alle Bestellungen rechzeitig geliefert werden.<\/li><li><strong>In anderen Postregionen der EU kommt es ebenfalls zu Lieferverz\u00f6gerungen<\/strong>, darunter Bulgarien (Bansko), die Tschechische Republik (Kynice, Chudob\u00edn, Sav\u00edn, Uni\u010dov, Litovel), Deutschland (Jessen), Spanien (Arroyo de la Luz), Kroatien (Murter, Betina) ) und Portugal (Ovar, Esmoriz).<\/li><li><strong>Alle anderen internationalen Lieferungen werden\u00a0wie gewohnt versendet<\/strong>.<\/li><\/ul>\n\n\n\n<p class=\"has-text-align-center\">Falls du eine Bestellung in den betroffenen Gebieten erwartest oder weitere Fragen hast, schreibe uns gerne eine E-Mail an <strong>support@mapiful.com<\/strong>!&nbsp;<\/p>\n<\/div><\/div>\n<\/div><\/div>\n\n\n\n<div class=\"wp-block-media-text alignwide is-stacked-on-mobile is-vertically-aligned-center is-image-fill\" style=\"grid-template-columns:49% auto\"><figure class=\"wp-block-media-text__media\" style=\"background-image:url(https:\/\/www.mapiful.com\/content\/uploads\/2020\/03\/acd9d8c56f79d0ec3137-819x1024.jpg);background-position:50% 50%\"><img loading=\"lazy\" decoding=\"async\" width=\"819\" height=\"1024\" src=\"https:\/\/www.mapiful.com\/content\/uploads\/2020\/03\/acd9d8c56f79d0ec3137-819x1024.jpg\" alt=\"\" class=\"wp-image-767808\" srcset=\"https:\/\/www.mapiful.com\/content\/uploads\/2020\/03\/acd9d8c56f79d0ec3137-819x1024.jpg 819w, https:\/\/www.mapiful.com\/content\/uploads\/2020\/03\/acd9d8c56f79d0ec3137-240x300.jpg 240w, https:\/\/www.mapiful.com\/content\/uploads\/2020\/03\/acd9d8c56f79d0ec3137-768x960.jpg 768w, https:\/\/www.mapiful.com\/content\/uploads\/2020\/03\/acd9d8c56f79d0ec3137-1229x1536.jpg 1229w, https:\/\/www.mapiful.com\/content\/uploads\/2020\/03\/acd9d8c56f79d0ec3137-600x750.jpg 600w, https:\/\/www.mapiful.com\/content\/uploads\/2020\/03\/acd9d8c56f79d0ec3137.jpg 1440w\" sizes=\"(max-width: 819px) 100vw, 819px\" \/><\/figure><div class=\"wp-block-media-text__content\">\n<div style=\"height:50px\" aria-hidden=\"true\" class=\"wp-block-spacer\"><\/div>\n\n\n\n<h1 class=\"wp-block-heading\">Wie beinflusst uns das Covid-19?<\/h1>\n\n\n\n<p>Wir hoffen, dass du gut auf dich und deine Mitmenschen achtest. Sicherlich bist du auch von den Ma\u00dfnahmen durch Covid-19 betroffen und von all dem gestresst zugleich. Jeder von uns versucht mit der aktuellen Situation bestm\u00f6glich umzugehen, wie auch Mapiful selbst.&nbsp;<\/p>\n\n\n\n<p>Unser Mission ist es Produkte anzubieten, die deine Zeit zuhause angenehmer und sch\u00f6ner gestaltet. Das ist nun wichtiger denn je, da viele Menschen ihren Alltag nicht mehr drau\u00dfen verbringen k\u00f6nnen. Wir f\u00fchlen uns verpflichtet, weiterhin neue Inspiration und den optimalen Service zu gew\u00e4hrleisten.&nbsp;<\/p>\n\n\n\n<h3 class=\"wp-block-heading\">Wir sind immer f\u00fcr dich da&#8230;<\/h3>\n\n\n\n<p>Wir sch\u00e4tzen deine Geduld sehr und geben unser Bestes! Bei Fragen, schau gerne in unser<a href=\"https:\/\/support.mapiful.com\/hc\/en-us\"> <strong>FAQ<\/strong> <\/a>oder sende uns eine Nachricht an support@mapiful.com oder auf unseren Social Media Kan\u00e4len. <\/p>\n\n\n\n<div style=\"background-color:#FEF5ED;color:#32373c\" class=\"wp-block-genesis-blocks-gb-testimonial left-aligned gb-has-avatar gb-font-size-18 gb-block-testimonial\"><div class=\"gb-testimonial-text\" style=\"text-align:left\"><p>Wir haben euer Vertrauen im Laufe der letzten Jahre durch unser Engagement f\u00fcr Qualit\u00e4t und Service gewonnen, und m\u00f6chten euch sehr daf\u00fcr danken. Wir arbeiten weiterhin unerm\u00fcdlich, damit wir alle diese schwierige Zeiten \u00fcberstehen.\u00a0<\/p><\/div><div class=\"gb-testimonial-info\"><div class=\"gb-testimonial-avatar-wrap\"><div class=\"gb-testimonial-image-wrap\"><img decoding=\"async\" class=\"gb-testimonial-avatar\" src=\"https:\/\/www.mapiful.com\/content\/uploads\/2020\/02\/19657395_10158848821555548_6890411114150064461_n.jpg\" alt=\"avatar\"\/><\/div><\/div><h2 class=\"gb-testimonial-name\" style=\"color:#32373c\">Edvin Brobeck<\/h2><small class=\"gb-testimonial-title\" style=\"color:#32373c\">Co-founder and CEO of Mapiful<\/small><\/div><\/div>\n\n\n\n<div style=\"height:50px\" aria-hidden=\"true\" class=\"wp-block-spacer\"><\/div>\n<\/div><\/div>\n","protected":false},"excerpt":{"rendered":"","protected":false},"author":1,"featured_media":0,"parent":0,"menu_order":99,"comment_status":"closed","ping_status":"closed","template":"templates\/tpl-fullwidth.php","meta":{"footnotes":""},"class_list":["post-767988","page","type-page","status-publish","hentry"],"acf":[],"featured_image_urls_v2":{"full":"","thumbnail":"","medium":"","medium_large":"","large":"","1536x1536":"","2048x2048":"","woocommerce_thumbnail":"","woocommerce_single":"","woocommerce_gallery_thumbnail":"","wc_order_status_icon":""},"post_excerpt_stackable_v2":"<p>Infos &amp; FAQ Wir garantieren, dass unsere Arbeitsabl\u00e4ufe wie gewohnt mit gr\u00f6\u00dfter Sorgfalt ausgef\u00fchrt werden. Updates zu neuen Beschl\u00fcssen verschiedener L\u00e4ndern sowie dessen Auswirkungen werden informativ auf unserer Website zur Verf\u00fcgung gestellt. Wir danken dir f\u00fcr dein Verst\u00e4ndnis und hoffen optimale L\u00f6sungen f\u00fcr dich bereitstellen zu k\u00f6nnen. Alle Updates findest du hier:&nbsp; Wir rechnen mit verz\u00f6gerter Lieferung in folgenden Orten Frankreichs: Bitche, Sturzelbronn, Siersthal, St Louis les Bitche, Walschbronn, St Louis, Haselbourg, Soucht, Strasbourg, Colmar, Colmar Cedex, Ingersheim, Bennwihr Mittelwihr and Beblenheim. Wir geben unser Bestes, damit alle Bestellungen rechzeitig geliefert werden.In anderen Postregionen der EU kommt es ebenfalls zu&hellip;<\/p>\n","category_list_v2":"","author_info_v2":{"name":"Edvin Brobeck","url":"https:\/\/www.mapiful.com\/de\/blog\/author\/admin\/"},"comments_num_v2":"0 comments","_links":{"self":[{"href":"https:\/\/www.mapiful.com\/de\/wp-json\/wp\/v2\/pages\/767988"}],"collection":[{"href":"https:\/\/www.mapiful.com\/de\/wp-json\/wp\/v2\/pages"}],"about":[{"href":"https:\/\/www.mapiful.com\/de\/wp-json\/wp\/v2\/types\/page"}],"author":[{"embeddable":true,"href":"https:\/\/www.mapiful.com\/de\/wp-json\/wp\/v2\/users\/1"}],"replies":[{"embeddable":true,"href":"https:\/\/www.mapiful.com\/de\/wp-json\/wp\/v2\/comments?post=767988"}],"version-history":[{"count":0,"href":"https:\/\/www.mapiful.com\/de\/wp-json\/wp\/v2\/pages\/767988\/revisions"}],"wp:attachment":[{"href":"https:\/\/www.mapiful.com\/de\/wp-json\/wp\/v2\/media?parent=767988"}],"curies":[{"name":"wp","href":"https:\/\/api.w.org\/{rel}","templated":true}]}}