{"id":1410620,"date":"2021-09-30T11:01:23","date_gmt":"2021-09-30T09:01:23","guid":{"rendered":"https:\/\/www.mapiful.com\/product\/poster-lowe\/"},"modified":"2021-10-15T16:44:19","modified_gmt":"2021-10-15T14:44:19","slug":"poster-lowe","status":"publish","type":"product","link":"https:\/\/www.mapiful.com\/de\/produkt\/poster-lowe\/","title":{"rendered":"Poster &#8211; L\u00f6we"},"content":{"rendered":"<p>Tierposter in Museumsqualit\u00e4t, gedruckt auf langlebigem, umweltfreundlichem FSC-zertifiziertem Papier. Wir verwenden schweres Papier mit 200 g\/m\u00b2 und einer glatten, matten Oberfl\u00e4che.<br \/>\n &nbsp;<\/p>\n<p>Da es sich bei unseren Produkten um Sonderanfertigungen handelt, k\u00f6nnen wir weder R\u00fcckgabe noch Umtausch akzeptieren. Der Klarheit halber sei gesagt, dass Mapiful nicht f\u00fcr F\u00e4lle verantwortlich ist, in denen der Kunde falsche Angaben zum Produkt gemacht hat. <\/p>\n","protected":false},"excerpt":{"rendered":"<p>Hochwertige, personalisierbare Poster zur Versch\u00f6nerung des Kinderzimmers deines Kindes.<br \/>\n&nbsp;<br \/>\nW\u00e4hle deine Gr\u00f6\u00dfe und f\u00fcge den von dir gew\u00e4hlten Text in das Feld unten ein, um dein Poster individuell zu gestalten.<br \/>\n&nbsp;<br \/>\nEgal, ob du den Namen deines Kindes oder einen s\u00fc\u00dfen Spruch hinzuf\u00fcgst, der von dir gew\u00e4hlte Text wird unter der Illustration erscheinen und ein Poster schaffen, das so einzigartig ist wie dein Baby. &nbsp;<\/p>\n","protected":false},"featured_media":0,"template":"","meta":[],"product_cat":[1604,1830,1613],"product_tag":[],"class_list":["post-1410620","product","type-product","status-publish","hentry","product_cat-die-kinderzimmer-kollektion","product_cat-customisable-prints-de","product_cat-kinderzimmer-poster"],"acf":[],"featured_image_urls_v2":{"full":"","thumbnail":"","medium":"","medium_large":"","large":"","1536x1536":"","2048x2048":"","woocommerce_thumbnail":"","woocommerce_single":"","woocommerce_gallery_thumbnail":"","wc_order_status_icon":""},"post_excerpt_stackable_v2":"<p>Hochwertige, personalisierbare Poster zur Versch\u00f6nerung des Kinderzimmers deines Kindes.<br \/>\n&nbsp;<br \/>\nW\u00e4hle deine Gr\u00f6\u00dfe und f\u00fcge den von dir gew\u00e4hlten Text in das Feld unten ein, um dein Poster individuell zu gestalten.<br \/>\n&nbsp;<br \/>\nEgal, ob du den Namen deines Kindes oder einen s\u00fc\u00dfen Spruch hinzuf\u00fcgst, der von dir gew\u00e4hlte Text wird unter der Illustration erscheinen und ein Poster schaffen, das so einzigartig ist wie dein Baby. &nbsp;<\/p>\n","category_list_v2":"","author_info_v2":{"name":"","url":""},"comments_num_v2":"0 comments","_links":{"self":[{"href":"https:\/\/www.mapiful.com\/de\/wp-json\/wp\/v2\/product\/1410620"}],"collection":[{"href":"https:\/\/www.mapiful.com\/de\/wp-json\/wp\/v2\/product"}],"about":[{"href":"https:\/\/www.mapiful.com\/de\/wp-json\/wp\/v2\/types\/product"}],"wp:attachment":[{"href":"https:\/\/www.mapiful.com\/de\/wp-json\/wp\/v2\/media?parent=1410620"}],"wp:term":[{"taxonomy":"product_cat","embeddable":true,"href":"https:\/\/www.mapiful.com\/de\/wp-json\/wp\/v2\/product_cat?post=1410620"},{"taxonomy":"product_tag","embeddable":true,"href":"https:\/\/www.mapiful.com\/de\/wp-json\/wp\/v2\/product_tag?post=1410620"}],"curies":[{"name":"wp","href":"https:\/\/api.w.org\/{rel}","templated":true}]}}