{"id":1410706,"date":"2021-09-29T23:41:01","date_gmt":"2021-09-29T21:41:01","guid":{"rendered":"https:\/\/www.mapiful.com\/product\/kurzarm-strampler-tiger\/"},"modified":"2021-10-21T08:42:12","modified_gmt":"2021-10-21T06:42:12","slug":"kurzarm-strampler-tiger","status":"publish","type":"product","link":"https:\/\/www.mapiful.com\/de\/produkt\/kurzarm-strampler-tiger\/","title":{"rendered":"Kurzarm-Strampler &#8211; Tiger"},"content":{"rendered":"<p>Personalisierbare Kurzarm-Baby-Strampler mit Rundhalsausschnitt, die sowohl Funktionalit\u00e4t als auch Mode vereinen.<\/p>\n<p>&nbsp;<\/p>\n<p>Ausgestattet mit:<br \/>\n&#8211; Nacken, Schulter, \u00c4rmel- und Bein\u00f6ffnungen<br \/>\n&#8211; 100% Baumwolle, hautfreundlich f\u00fcr Ihr Baby<br \/>\n&#8211; Unisex-Modell in drei verschiedenen Gr\u00f6\u00dfen<br \/>\n&#8211; Entspannte Passform, um Raum f\u00fcr Wachstum zu lassen<\/p>\n<p>&nbsp;<\/p>\n<h3><u>Size Guide <\/u><\/h3>\n<p>&nbsp;<\/p>\n<div class=\"block md:flex\">\n<div class=\"pr-3 sm:text-center\"><img loading=\"lazy\" decoding=\"async\" class=\"alignleft wp-image-1247399 size-full\" src=\"https:\/\/mapiful.com\/content\/uploads\/2021\/09\/baby-onesie.png\" alt=\"\" width=\"240\" height=\"280\" \/><\/div>\n<p>&nbsp;<\/p>\n<div>\n<p>A) L\u00e4nge<br \/>\nLegen Sie das Ende eines Ma\u00dfbandes neben den Kragen am oberen Rand des Stramplers (h\u00f6chster Punkt der Schulter). Ziehen Sie das Band bis zum unteren Rand des Stramplers.<\/p>\n<p>&nbsp;<\/p>\n<p>B) Halbbrust<\/p>\n<p>Legen Sie das Kleidungsst\u00fcck auf eine ebene Fl\u00e4che und messen Sie es von links nach rechts \u00fcber die Brust, etwa 2 cm unterhalb der Arme.<\/p>\n<p>&nbsp;<\/p>\n<table class=\"table-fixed\">\n<thead>\n<tr class=\"bg-gray-200\">\n<th class=\"w-1\/3\"><\/th>\n<th class=\"w-1\/4 text-left\">6 months<\/th>\n<th class=\"w-1\/4 text-left\">12 months<\/th>\n<th class=\"w-1\/4 text-left\">18 months<\/th>\n<\/tr>\n<\/thead>\n<tbody>\n<tr>\n<td>A) Length<\/td>\n<td>29.8cm<\/td>\n<td>32.4cm<\/td>\n<td>34.9cm<\/td>\n<\/tr>\n<tr>\n<td>B) Half Chest<\/td>\n<td>22.9cm<\/td>\n<td>25.4cm<\/td>\n<td>27.9cm<\/td>\n<\/tr>\n<\/tbody>\n<\/table>\n<p>&nbsp;<\/p>\n<\/div>\n<\/div>\n<p>Da es sich bei unseren Produkten um Sonderanfertigungen handelt, k\u00f6nnen wir weder R\u00fcckgabe noch Umtausch akzeptieren. Der Klarheit halber sei gesagt, dass Mapiful nicht f\u00fcr F\u00e4lle verantwortlich ist, in denen der Kunde falsche Angaben zum Produkt gemacht hat.<\/p>\n","protected":false},"excerpt":{"rendered":"<p>Unsere personalisierbaren Kurzarm-Strampler mit Rundhalsausschnitt sind aus 100 % Bio-Baumwolle gefertigt und verbinden Funktionalit\u00e4t und Mode. <\/p>\n<p>&nbsp;<\/p>\n<p>W\u00e4hle deine Gr\u00f6\u00dfe und gib deinen individuellen Text in das Feld unten ein.  <\/p>\n<p>&nbsp;<\/p>\n<p>Egal, ob du den Namen deines Kindes oder sein Geburtsdatum w\u00e4hlst, das von dir ausgew\u00e4hlte Tier und der Text werden in der Mitte des Stramplers aufgedruckt.<\/p>\n<p>&nbsp;<\/p>\n","protected":false},"featured_media":0,"template":"","meta":[],"product_cat":[1604,1622],"product_tag":[],"class_list":["post-1410706","product","type-product","status-publish","hentry","product_cat-die-kinderzimmer-kollektion","product_cat-kurzarm-strampler"],"acf":[],"featured_image_urls_v2":{"full":"","thumbnail":"","medium":"","medium_large":"","large":"","1536x1536":"","2048x2048":"","woocommerce_thumbnail":"","woocommerce_single":"","woocommerce_gallery_thumbnail":"","wc_order_status_icon":""},"post_excerpt_stackable_v2":"<p>Unsere personalisierbaren Kurzarm-Strampler mit Rundhalsausschnitt sind aus 100 % Bio-Baumwolle gefertigt und verbinden Funktionalit\u00e4t und Mode. <\/p>\n<p>&nbsp;<\/p>\n<p>W\u00e4hle deine Gr\u00f6\u00dfe und gib deinen individuellen Text in das Feld unten ein.  <\/p>\n<p>&nbsp;<\/p>\n<p>Egal, ob du den Namen deines Kindes oder sein Geburtsdatum w\u00e4hlst, das von dir ausgew\u00e4hlte Tier und der Text werden in der Mitte des Stramplers aufgedruckt.<\/p>\n<p>&nbsp;<\/p>\n","category_list_v2":"","author_info_v2":{"name":"","url":""},"comments_num_v2":"0 comments","_links":{"self":[{"href":"https:\/\/www.mapiful.com\/de\/wp-json\/wp\/v2\/product\/1410706"}],"collection":[{"href":"https:\/\/www.mapiful.com\/de\/wp-json\/wp\/v2\/product"}],"about":[{"href":"https:\/\/www.mapiful.com\/de\/wp-json\/wp\/v2\/types\/product"}],"wp:attachment":[{"href":"https:\/\/www.mapiful.com\/de\/wp-json\/wp\/v2\/media?parent=1410706"}],"wp:term":[{"taxonomy":"product_cat","embeddable":true,"href":"https:\/\/www.mapiful.com\/de\/wp-json\/wp\/v2\/product_cat?post=1410706"},{"taxonomy":"product_tag","embeddable":true,"href":"https:\/\/www.mapiful.com\/de\/wp-json\/wp\/v2\/product_tag?post=1410706"}],"curies":[{"name":"wp","href":"https:\/\/api.w.org\/{rel}","templated":true}]}}