{"id":1410727,"date":"2021-09-29T18:13:58","date_gmt":"2021-09-29T16:13:58","guid":{"rendered":"https:\/\/www.mapiful.com\/product\/jutebeutel-panda\/"},"modified":"2021-10-21T09:23:43","modified_gmt":"2021-10-21T07:23:43","slug":"jutebeutel-panda","status":"publish","type":"product","link":"https:\/\/www.mapiful.com\/de\/produkt\/jutebeutel-panda\/","title":{"rendered":"Jutebeutel &#8211; Panda"},"content":{"rendered":"<p>Diese hochwertigen, personalisierbaren Tragetaschen sind stilvoll und praktisch und decken alles ab, was dein Baby zum unterwegs so braucht.<\/p>\n<p>&nbsp;<\/p>\n<p>Ausgestattet mit:<br \/>\n&#8211; Verst\u00e4rkte N\u00e4hte an den Griffen<br \/>\n&#8211; 10 Liter Fassungsverm\u00f6gen<br \/>\n&#8211; 100% Baumwolle, 310 &#8211; 400 g\/m\u00b2<\/p>\n<p>&nbsp;<\/p>\n<p>Da es sich bei unseren Produkten um Sonderanfertigungen handelt, k\u00f6nnen wir weder R\u00fcckgabe noch Umtausch akzeptieren. Der Klarheit halber sei gesagt, dass Mapiful nicht f\u00fcr F\u00e4lle verantwortlich ist, in denen der Kunde falsche Angaben zum Produkt gemacht hat.<\/p>\n","protected":false},"excerpt":{"rendered":"<p>Stilvoll und praktisch &#8211; diese hochwertigen, personalisierbaren Jutebeutel decken alle Bed\u00fcrfnisse deines Babys ab, die unterwegs aufkommen k\u00f6nnen.<br \/>\nGestalte deine Tragetasche individuell, indem du den gew\u00fcnschten Text in das Feld unten eingibst.<\/p>\n<p>&nbsp;<\/p>\n<p>Egal, ob du dich f\u00fcr den Namen deines Kindes oder ein einfaches Label entscheidest, dein einzigartiges Design wird auf eine Seite der Tasche gedruckt.<\/p>\n<p>&nbsp;<\/p>\n","protected":false},"featured_media":0,"template":"","meta":[],"product_cat":[1604,1631],"product_tag":[],"class_list":["post-1410727","product","type-product","status-publish","hentry","product_cat-die-kinderzimmer-kollektion","product_cat-premium-jutebeutel"],"acf":[],"featured_image_urls_v2":{"full":"","thumbnail":"","medium":"","medium_large":"","large":"","1536x1536":"","2048x2048":"","woocommerce_thumbnail":"","woocommerce_single":"","woocommerce_gallery_thumbnail":"","wc_order_status_icon":""},"post_excerpt_stackable_v2":"<p>Stilvoll und praktisch &#8211; diese hochwertigen, personalisierbaren Jutebeutel decken alle Bed\u00fcrfnisse deines Babys ab, die unterwegs aufkommen k\u00f6nnen.<br \/>\nGestalte deine Tragetasche individuell, indem du den gew\u00fcnschten Text in das Feld unten eingibst.<\/p>\n<p>&nbsp;<\/p>\n<p>Egal, ob du dich f\u00fcr den Namen deines Kindes oder ein einfaches Label entscheidest, dein einzigartiges Design wird auf eine Seite der Tasche gedruckt.<\/p>\n<p>&nbsp;<\/p>\n","category_list_v2":"","author_info_v2":{"name":"","url":""},"comments_num_v2":"0 comments","_links":{"self":[{"href":"https:\/\/www.mapiful.com\/de\/wp-json\/wp\/v2\/product\/1410727"}],"collection":[{"href":"https:\/\/www.mapiful.com\/de\/wp-json\/wp\/v2\/product"}],"about":[{"href":"https:\/\/www.mapiful.com\/de\/wp-json\/wp\/v2\/types\/product"}],"wp:attachment":[{"href":"https:\/\/www.mapiful.com\/de\/wp-json\/wp\/v2\/media?parent=1410727"}],"wp:term":[{"taxonomy":"product_cat","embeddable":true,"href":"https:\/\/www.mapiful.com\/de\/wp-json\/wp\/v2\/product_cat?post=1410727"},{"taxonomy":"product_tag","embeddable":true,"href":"https:\/\/www.mapiful.com\/de\/wp-json\/wp\/v2\/product_tag?post=1410727"}],"curies":[{"name":"wp","href":"https:\/\/api.w.org\/{rel}","templated":true}]}}