{"id":1580741,"date":"2022-11-02T09:41:20","date_gmt":"2022-11-02T08:41:20","guid":{"rendered":"https:\/\/www.mapiful.com\/product\/digitale-geschenkkarte\/"},"modified":"2022-11-21T12:30:10","modified_gmt":"2022-11-21T11:30:10","slug":"digitale-geschenkkarte","status":"publish","type":"product","link":"https:\/\/www.mapiful.com\/de\/produkt\/digitale-geschenkkarte\/","title":{"rendered":"Digitale Geschenkkarte"},"content":{"rendered":"<p style=\"text-align: center;\">Eine Geschenkkarte ist ab dem Kaufdatum 1 Jahr lang g\u00fcltig und kann auf Mapiful.com verwendet werden.<\/p>\n<p style=\"text-align: center;\"><strong>Wenn Sie Produkte auf unserer Website mit einem Geschenkgutschein kaufen, m\u00fcssen Sie dieselbe W\u00e4hrung ausw\u00e4hlen, die beim Kauf des Geschenkgutscheins verwendet wurde.<\/strong><\/p>\n","protected":false},"excerpt":{"rendered":"<p>Die Freiheit, Ihren eigenen einzigartigen Druck zu entwerfen, ist das beste Geschenk! Schenken Sie Ihren Lieben die Gelegenheit, kreativ zu sein und die perfekte Poster- und Rahmenkombination f\u00fcr sie zu entwerfen Platz. Wenn Sie eine Geschenkkarte kaufen, k\u00f6nnen Sie die E-Mail-Adresse ausw\u00e4hlen, an die sie gesendet werden soll geliefert. Nach Abschluss Ihrer Bestellung wird diese sofort an den Empf\u00e4nger versendet.<\/p>\n<p>&nbsp;<\/p>\n<p><strong>Die Felder &#8220;To&#8221; und &#8220;From&#8221; sind f\u00fcr den Kauf erforderlich.<\/strong> Das m\u00fcssen Sie jedoch nicht Geben Sie Ihren richtigen Namen ein, wenn Sie m\u00f6chten, dass er geheim bleibt! Sie k\u00f6nnen auch Ihre eigene E-Mail-Adresse eingeben ausdrucken oder zu einem anderen Zeitpunkt weiterleiten. Wenn Sie eine optionale Nachricht anh\u00e4ngen, wird diese in die Datei aufgenommen E-Mail an den Empf\u00e4nger. Seien Sie kreativ!<\/p>\n","protected":false},"featured_media":1646043,"template":"","meta":[],"product_cat":[1863],"product_tag":[],"class_list":["post-1580741","product","type-product","status-publish","has-post-thumbnail","hentry","product_cat-gift-card-de"],"acf":[],"featured_image_urls_v2":{"full":["https:\/\/www.mapiful.com\/content\/uploads\/2023\/11\/gifting.webp",1024,1024,false],"thumbnail":["https:\/\/www.mapiful.com\/content\/uploads\/2023\/11\/gifting-150x150.webp",150,150,true],"medium":["https:\/\/www.mapiful.com\/content\/uploads\/2023\/11\/gifting-300x300.webp",300,300,true],"medium_large":["https:\/\/www.mapiful.com\/content\/uploads\/2023\/11\/gifting-768x768.webp",768,768,true],"large":["https:\/\/www.mapiful.com\/content\/uploads\/2023\/11\/gifting-1024x1024.webp",1024,1024,true],"1536x1536":["https:\/\/www.mapiful.com\/content\/uploads\/2023\/11\/gifting.webp",1024,1024,false],"2048x2048":["https:\/\/www.mapiful.com\/content\/uploads\/2023\/11\/gifting.webp",1024,1024,false],"woocommerce_thumbnail":["https:\/\/www.mapiful.com\/content\/uploads\/2023\/11\/gifting-300x300.webp",300,300,true],"woocommerce_single":["https:\/\/www.mapiful.com\/content\/uploads\/2023\/11\/gifting-600x600.webp",600,600,true],"woocommerce_gallery_thumbnail":["https:\/\/www.mapiful.com\/content\/uploads\/2023\/11\/gifting-100x100.webp",100,100,true],"wc_order_status_icon":["https:\/\/www.mapiful.com\/content\/uploads\/2023\/11\/gifting-32x32.webp",32,32,true]},"post_excerpt_stackable_v2":"<p>Die Freiheit, Ihren eigenen einzigartigen Druck zu entwerfen, ist das beste Geschenk! Schenken Sie Ihren Lieben die Gelegenheit, kreativ zu sein und die perfekte Poster- und Rahmenkombination f\u00fcr sie zu entwerfen Platz. Wenn Sie eine Geschenkkarte kaufen, k\u00f6nnen Sie die E-Mail-Adresse ausw\u00e4hlen, an die sie gesendet werden soll geliefert. Nach Abschluss Ihrer Bestellung wird diese sofort an den Empf\u00e4nger versendet.<\/p>\n<p>&nbsp;<\/p>\n<p><strong>Die Felder &#8220;To&#8221; und &#8220;From&#8221; sind f\u00fcr den Kauf erforderlich.<\/strong> Das m\u00fcssen Sie jedoch nicht Geben Sie Ihren richtigen Namen ein, wenn Sie m\u00f6chten, dass er geheim bleibt! Sie k\u00f6nnen auch Ihre eigene E-Mail-Adresse eingeben ausdrucken oder zu einem anderen Zeitpunkt weiterleiten. Wenn Sie eine optionale Nachricht anh\u00e4ngen, wird diese in die Datei aufgenommen E-Mail an den Empf\u00e4nger. Seien Sie kreativ!<\/p>\n","category_list_v2":"","author_info_v2":{"name":"","url":""},"comments_num_v2":"0 comments","_links":{"self":[{"href":"https:\/\/www.mapiful.com\/de\/wp-json\/wp\/v2\/product\/1580741"}],"collection":[{"href":"https:\/\/www.mapiful.com\/de\/wp-json\/wp\/v2\/product"}],"about":[{"href":"https:\/\/www.mapiful.com\/de\/wp-json\/wp\/v2\/types\/product"}],"wp:featuredmedia":[{"embeddable":true,"href":"https:\/\/www.mapiful.com\/de\/wp-json\/wp\/v2\/media\/1646043"}],"wp:attachment":[{"href":"https:\/\/www.mapiful.com\/de\/wp-json\/wp\/v2\/media?parent=1580741"}],"wp:term":[{"taxonomy":"product_cat","embeddable":true,"href":"https:\/\/www.mapiful.com\/de\/wp-json\/wp\/v2\/product_cat?post=1580741"},{"taxonomy":"product_tag","embeddable":true,"href":"https:\/\/www.mapiful.com\/de\/wp-json\/wp\/v2\/product_tag?post=1580741"}],"curies":[{"name":"wp","href":"https:\/\/api.w.org\/{rel}","templated":true}]}}