{"id":462341,"date":"2019-10-18T12:42:09","date_gmt":"2019-10-18T11:42:09","guid":{"rendered":"https:\/\/www.mapiful.com\/product\/eichenposterleisten\/"},"modified":"2021-12-16T10:58:59","modified_gmt":"2021-12-16T09:58:59","slug":"posterleiste-holz","status":"publish","type":"product","link":"https:\/\/www.mapiful.com\/de\/produkt\/posterleiste-holz\/","title":{"rendered":"Posterleiste Holz"},"content":{"rendered":"","protected":false},"excerpt":{"rendered":"<p>W\u00e4hle zwischen hochwertiger Naturholz, edlem Wei\u00df oder schwarzem Holz. Jeder Posterh\u00e4nger besitzt vier robuste Holzst\u00e4be: Zwei, die jeweils die Ober- und Unterseite deines Posters festhalten und eine hochwertige Schnur, die der Farbe des Posterh\u00e4ngers entspricht. Das magnetische Design l\u00e4sst dein Mapiful dabei noch hochwertiger wirken!<\/p>\n","protected":false},"featured_media":1470862,"template":"","meta":[],"product_cat":[534,364],"product_tag":[],"class_list":["post-462341","product","type-product","status-publish","has-post-thumbnail","hentry","product_cat-hangers-de","product_cat-frames-de","product_shipping_class-frames-de"],"acf":[],"featured_image_urls_v2":{"full":["https:\/\/www.mapiful.com\/content\/uploads\/2019\/10\/Wooden-poster-hanger.jpg",1000,1000,false],"thumbnail":["https:\/\/www.mapiful.com\/content\/uploads\/2019\/10\/Wooden-poster-hanger-150x150.jpg",150,150,true],"medium":["https:\/\/www.mapiful.com\/content\/uploads\/2019\/10\/Wooden-poster-hanger-300x300.jpg",300,300,true],"medium_large":["https:\/\/www.mapiful.com\/content\/uploads\/2019\/10\/Wooden-poster-hanger-768x768.jpg",768,768,true],"large":["https:\/\/www.mapiful.com\/content\/uploads\/2019\/10\/Wooden-poster-hanger.jpg",1000,1000,false],"1536x1536":["https:\/\/www.mapiful.com\/content\/uploads\/2019\/10\/Wooden-poster-hanger.jpg",1000,1000,false],"2048x2048":["https:\/\/www.mapiful.com\/content\/uploads\/2019\/10\/Wooden-poster-hanger.jpg",1000,1000,false],"woocommerce_thumbnail":["https:\/\/www.mapiful.com\/content\/uploads\/2019\/10\/Wooden-poster-hanger-300x300.jpg",300,300,true],"woocommerce_single":["https:\/\/www.mapiful.com\/content\/uploads\/2019\/10\/Wooden-poster-hanger-600x600.jpg",600,600,true],"woocommerce_gallery_thumbnail":["https:\/\/www.mapiful.com\/content\/uploads\/2019\/10\/Wooden-poster-hanger-100x100.jpg",100,100,true],"wc_order_status_icon":["https:\/\/www.mapiful.com\/content\/uploads\/2019\/10\/Wooden-poster-hanger-32x32.jpg",32,32,true]},"post_excerpt_stackable_v2":"<p>W\u00e4hle zwischen hochwertiger Naturholz, edlem Wei\u00df oder schwarzem Holz. Jeder Posterh\u00e4nger besitzt vier robuste Holzst\u00e4be: Zwei, die jeweils die Ober- und Unterseite deines Posters festhalten und eine hochwertige Schnur, die der Farbe des Posterh\u00e4ngers entspricht. Das magnetische Design l\u00e4sst dein Mapiful dabei noch hochwertiger wirken!<\/p>\n","category_list_v2":"","author_info_v2":{"name":"","url":""},"comments_num_v2":"0 comments","_links":{"self":[{"href":"https:\/\/www.mapiful.com\/de\/wp-json\/wp\/v2\/product\/462341"}],"collection":[{"href":"https:\/\/www.mapiful.com\/de\/wp-json\/wp\/v2\/product"}],"about":[{"href":"https:\/\/www.mapiful.com\/de\/wp-json\/wp\/v2\/types\/product"}],"wp:featuredmedia":[{"embeddable":true,"href":"https:\/\/www.mapiful.com\/de\/wp-json\/wp\/v2\/media\/1470862"}],"wp:attachment":[{"href":"https:\/\/www.mapiful.com\/de\/wp-json\/wp\/v2\/media?parent=462341"}],"wp:term":[{"taxonomy":"product_cat","embeddable":true,"href":"https:\/\/www.mapiful.com\/de\/wp-json\/wp\/v2\/product_cat?post=462341"},{"taxonomy":"product_tag","embeddable":true,"href":"https:\/\/www.mapiful.com\/de\/wp-json\/wp\/v2\/product_tag?post=462341"}],"curies":[{"name":"wp","href":"https:\/\/api.w.org\/{rel}","templated":true}]}}