{"id":462383,"date":"2019-10-18T11:26:01","date_gmt":"2019-10-18T10:26:01","guid":{"rendered":"https:\/\/www.mapiful.com\/product\/eichenrahmen\/"},"modified":"2021-12-15T23:33:44","modified_gmt":"2021-12-15T22:33:44","slug":"bilderrahmen-holz","status":"publish","type":"product","link":"https:\/\/www.mapiful.com\/de\/produkt\/bilderrahmen-holz\/","title":{"rendered":"Bilderrahmen Holz"},"content":{"rendered":"","protected":false},"excerpt":{"rendered":"<p>Runde deine einzigartigen Geschichten mit einem unserer hochwertigen Rahmen ab. Verf\u00fcgbar in zahlreichen Gr\u00f6\u00dfen und Farben, mit 1 mm dickem Plexiglas f\u00fcr langlebige.<\/p>\n<p>Qualit\u00e4t und messerscharfem Fokus. Damit wird garantiert jedes deiner Designs zum Hingucker.<\/p>\n","protected":false},"featured_media":1470709,"template":"","meta":[],"product_cat":[364,528],"product_tag":[],"class_list":["post-462383","product","type-product","status-publish","has-post-thumbnail","hentry","product_cat-frames-de","product_cat-full-frames-de","product_shipping_class-frames-de"],"acf":[],"featured_image_urls_v2":{"full":["https:\/\/www.mapiful.com\/content\/uploads\/2019\/10\/Natural-Wood-Frame-Front-View.jpg",1000,1000,false],"thumbnail":["https:\/\/www.mapiful.com\/content\/uploads\/2019\/10\/Natural-Wood-Frame-Front-View-150x150.jpg",150,150,true],"medium":["https:\/\/www.mapiful.com\/content\/uploads\/2019\/10\/Natural-Wood-Frame-Front-View-300x300.jpg",300,300,true],"medium_large":["https:\/\/www.mapiful.com\/content\/uploads\/2019\/10\/Natural-Wood-Frame-Front-View-768x768.jpg",768,768,true],"large":["https:\/\/www.mapiful.com\/content\/uploads\/2019\/10\/Natural-Wood-Frame-Front-View.jpg",1000,1000,false],"1536x1536":["https:\/\/www.mapiful.com\/content\/uploads\/2019\/10\/Natural-Wood-Frame-Front-View.jpg",1000,1000,false],"2048x2048":["https:\/\/www.mapiful.com\/content\/uploads\/2019\/10\/Natural-Wood-Frame-Front-View.jpg",1000,1000,false],"woocommerce_thumbnail":["https:\/\/www.mapiful.com\/content\/uploads\/2019\/10\/Natural-Wood-Frame-Front-View-300x300.jpg",300,300,true],"woocommerce_single":["https:\/\/www.mapiful.com\/content\/uploads\/2019\/10\/Natural-Wood-Frame-Front-View-600x600.jpg",600,600,true],"woocommerce_gallery_thumbnail":["https:\/\/www.mapiful.com\/content\/uploads\/2019\/10\/Natural-Wood-Frame-Front-View-100x100.jpg",100,100,true],"wc_order_status_icon":["https:\/\/www.mapiful.com\/content\/uploads\/2019\/10\/Natural-Wood-Frame-Front-View-32x32.jpg",32,32,true]},"post_excerpt_stackable_v2":"<p>Runde deine einzigartigen Geschichten mit einem unserer hochwertigen Rahmen ab. Verf\u00fcgbar in zahlreichen Gr\u00f6\u00dfen und Farben, mit 1 mm dickem Plexiglas f\u00fcr langlebige.<\/p>\n<p>Qualit\u00e4t und messerscharfem Fokus. Damit wird garantiert jedes deiner Designs zum Hingucker.<\/p>\n","category_list_v2":"","author_info_v2":{"name":"","url":""},"comments_num_v2":"0 comments","_links":{"self":[{"href":"https:\/\/www.mapiful.com\/de\/wp-json\/wp\/v2\/product\/462383"}],"collection":[{"href":"https:\/\/www.mapiful.com\/de\/wp-json\/wp\/v2\/product"}],"about":[{"href":"https:\/\/www.mapiful.com\/de\/wp-json\/wp\/v2\/types\/product"}],"wp:featuredmedia":[{"embeddable":true,"href":"https:\/\/www.mapiful.com\/de\/wp-json\/wp\/v2\/media\/1470709"}],"wp:attachment":[{"href":"https:\/\/www.mapiful.com\/de\/wp-json\/wp\/v2\/media?parent=462383"}],"wp:term":[{"taxonomy":"product_cat","embeddable":true,"href":"https:\/\/www.mapiful.com\/de\/wp-json\/wp\/v2\/product_cat?post=462383"},{"taxonomy":"product_tag","embeddable":true,"href":"https:\/\/www.mapiful.com\/de\/wp-json\/wp\/v2\/product_tag?post=462383"}],"curies":[{"name":"wp","href":"https:\/\/api.w.org\/{rel}","templated":true}]}}