{"id":462390,"date":"2019-10-18T11:18:25","date_gmt":"2019-10-18T10:18:25","guid":{"rendered":"https:\/\/www.mapiful.com\/product\/weisse-holzrahmen\/"},"modified":"2021-12-15T16:02:01","modified_gmt":"2021-12-15T15:02:01","slug":"weisse-holzrahmen","status":"publish","type":"product","link":"https:\/\/www.mapiful.com\/de\/produkt\/weisse-holzrahmen\/","title":{"rendered":"Wei\u00dfer Holzrahmen"},"content":{"rendered":"","protected":false},"excerpt":{"rendered":"<p>Unsere Holzrahmen bringen dein selbstdesigntes Poster erst so richtig zum Strahlen. Produziert in Europa, aus echtem hochwertigen Holz, verf\u00fcgbar in Eiche, Schwarz und Wei\u00df. Das cleane Design bringt einen Hauch von Scandi-Style in dein Zuhause und das edle Plexiglas sch\u00fctzt dabei jedes einzigartige Detail deines Posters. Alle Rahmen kommen fertig zusammengestellt bei dir Zuhause an: Bereit um deine sch\u00f6nsten Erinnerungen f\u00fcr immer festzuhalten!<\/p>\n","protected":false},"featured_media":1469802,"template":"","meta":[],"product_cat":[364,528],"product_tag":[],"class_list":["post-462390","product","type-product","status-publish","has-post-thumbnail","hentry","product_cat-frames-de","product_cat-full-frames-de","product_shipping_class-frames-de"],"acf":[],"featured_image_urls_v2":{"full":["https:\/\/www.mapiful.com\/content\/uploads\/2021\/12\/White-Wood-Frame-Front-View-1.jpg",1000,1000,false],"thumbnail":["https:\/\/www.mapiful.com\/content\/uploads\/2021\/12\/White-Wood-Frame-Front-View-1-150x150.jpg",150,150,true],"medium":["https:\/\/www.mapiful.com\/content\/uploads\/2021\/12\/White-Wood-Frame-Front-View-1-300x300.jpg",300,300,true],"medium_large":["https:\/\/www.mapiful.com\/content\/uploads\/2021\/12\/White-Wood-Frame-Front-View-1-768x768.jpg",768,768,true],"large":["https:\/\/www.mapiful.com\/content\/uploads\/2021\/12\/White-Wood-Frame-Front-View-1.jpg",1000,1000,false],"1536x1536":["https:\/\/www.mapiful.com\/content\/uploads\/2021\/12\/White-Wood-Frame-Front-View-1.jpg",1000,1000,false],"2048x2048":["https:\/\/www.mapiful.com\/content\/uploads\/2021\/12\/White-Wood-Frame-Front-View-1.jpg",1000,1000,false],"woocommerce_thumbnail":["https:\/\/www.mapiful.com\/content\/uploads\/2021\/12\/White-Wood-Frame-Front-View-1-300x300.jpg",300,300,true],"woocommerce_single":["https:\/\/www.mapiful.com\/content\/uploads\/2021\/12\/White-Wood-Frame-Front-View-1-600x600.jpg",600,600,true],"woocommerce_gallery_thumbnail":["https:\/\/www.mapiful.com\/content\/uploads\/2021\/12\/White-Wood-Frame-Front-View-1-100x100.jpg",100,100,true],"wc_order_status_icon":["https:\/\/www.mapiful.com\/content\/uploads\/2021\/12\/White-Wood-Frame-Front-View-1-32x32.jpg",32,32,true]},"post_excerpt_stackable_v2":"<p>Unsere Holzrahmen bringen dein selbstdesigntes Poster erst so richtig zum Strahlen. Produziert in Europa, aus echtem hochwertigen Holz, verf\u00fcgbar in Eiche, Schwarz und Wei\u00df. Das cleane Design bringt einen Hauch von Scandi-Style in dein Zuhause und das edle Plexiglas sch\u00fctzt dabei jedes einzigartige Detail deines Posters. Alle Rahmen kommen fertig zusammengestellt bei dir Zuhause an: Bereit um deine sch\u00f6nsten Erinnerungen f\u00fcr immer festzuhalten!<\/p>\n","category_list_v2":"","author_info_v2":{"name":"","url":""},"comments_num_v2":"0 comments","_links":{"self":[{"href":"https:\/\/www.mapiful.com\/de\/wp-json\/wp\/v2\/product\/462390"}],"collection":[{"href":"https:\/\/www.mapiful.com\/de\/wp-json\/wp\/v2\/product"}],"about":[{"href":"https:\/\/www.mapiful.com\/de\/wp-json\/wp\/v2\/types\/product"}],"wp:featuredmedia":[{"embeddable":true,"href":"https:\/\/www.mapiful.com\/de\/wp-json\/wp\/v2\/media\/1469802"}],"wp:attachment":[{"href":"https:\/\/www.mapiful.com\/de\/wp-json\/wp\/v2\/media?parent=462390"}],"wp:term":[{"taxonomy":"product_cat","embeddable":true,"href":"https:\/\/www.mapiful.com\/de\/wp-json\/wp\/v2\/product_cat?post=462390"},{"taxonomy":"product_tag","embeddable":true,"href":"https:\/\/www.mapiful.com\/de\/wp-json\/wp\/v2\/product_tag?post=462390"}],"curies":[{"name":"wp","href":"https:\/\/api.w.org\/{rel}","templated":true}]}}