{"id":767992,"date":"2020-03-17T17:14:18","date_gmt":"2020-03-17T16:14:18","guid":{"rendered":"https:\/\/www.mapiful.com\/?page_id=767992"},"modified":"2020-10-29T16:07:15","modified_gmt":"2020-10-29T15:07:15","slug":"informacion-acerca-del-covid-19","status":"publish","type":"page","link":"https:\/\/www.mapiful.com\/es\/informacion-acerca-del-covid-19\/","title":{"rendered":"Informaci\u00f3n acerca del covid-19"},"content":{"rendered":"\n<div class=\"wp-block-genesis-blocks-gb-columns gb-layout-columns-1 gb-1-col-equal gb-has-custom-background-color gb-columns-center\" style=\"padding-top:50px;padding-bottom:50px;background-color:#f5f7f9\"><div class=\"gb-layout-column-wrap gb-block-layout-column-gap-2 gb-is-responsive-column\" style=\"max-width:700px\">\n<div class=\"wp-block-genesis-blocks-gb-column gb-block-layout-column\"><div class=\"gb-block-layout-column-inner\">\n<h2 class=\"has-text-align-center wp-block-heading\">Informaci\u00f3n &amp; FAQ<\/h2>\n\n\n\n<p class=\"has-text-align-center\">Estamos operando lo m\u00e1s normal posible para garantizar que proporcionamos los mismos servicios consistentes, seguros e higi\u00e9nicos para todos. Estamos a la alerta de nuevas actualizaciones y nos adheriremos a cualquier acci\u00f3n futura. Agradecemos todo vuestro apoyo mientras tratamos de resolver esto juntos. <\/p>\n\n\n\n<div style=\"color:#ddd\" class=\"wp-block-genesis-blocks-gb-spacer gb-block-spacer gb-divider-solid gb-spacer-divider gb-divider-size-1\"><hr style=\"height:30px\"\/><\/div>\n\n\n\n<p class=\"has-text-align-center\">Por ahora, aqu\u00ed est\u00e1 nuestra informaci\u00f3n m\u00e1s recientes y lo que sabemos hasta el momento:<\/p>\n\n\n\n<ul class=\"wp-block-list\"><li><strong>Estamos viendo que algunos lugares en Francia est\u00e1n experimentando retrasos en la entrega<\/strong>, como por ejemplo: Bitche, Sturzelbronn, Siersthal, St Louis les Bitche, Walschbronn, St Louis, Haselbourg, Soucht, Strasbourg, Colmar, Colmar Cedex, Ingersheim, Bennwihr Mittelwihr y Beblenheim. Estamos haciendo todo lo posible para que los pedidos se entreguen lo antes posible.\u00a0<\/li><li><strong>Otras regiones postales de la UE tambi\u00e9n est\u00e1n experimentando demoras en la entrega<\/strong>, incluidas Bulgaria (Bansko), Rep\u00fablica Checa (Kynice, Chudob\u00edn, Sav\u00edn, Uni\u010dov, Litovel), Alemania (Jessen), Espa\u00f1a (Arroyo de la Luz), Croacia (Murter, Betina ) y Portugal (Ovar, Esmoriz).<\/li><li>En este momento, <strong>las dem\u00e1s entregas hacia el resto de pa\u00edses se han manteniendo<\/strong>. En caso de que esto cambiase, publicaremos m\u00e1s informaci\u00f3n al respeto.<\/li><\/ul>\n\n\n\n<p class=\"has-text-align-center\">Por favor, no dud\u00e9is en contactarnos a <strong>support@mapiful.com<\/strong> si hab\u00e9is hecho alg\u00fan pedido destinado a alguna de las zonas afectadas mencionadas o si ten\u00e9is alguna duda.&nbsp;<\/p>\n<\/div><\/div>\n<\/div><\/div>\n\n\n\n<div class=\"wp-block-media-text alignwide is-stacked-on-mobile is-vertically-aligned-center is-image-fill\" style=\"grid-template-columns:49% auto\"><figure class=\"wp-block-media-text__media\" style=\"background-image:url(https:\/\/www.mapiful.com\/content\/uploads\/2020\/03\/acd9d8c56f79d0ec3137-819x1024.jpg);background-position:50% 50%\"><img loading=\"lazy\" decoding=\"async\" width=\"819\" height=\"1024\" src=\"https:\/\/www.mapiful.com\/content\/uploads\/2020\/03\/acd9d8c56f79d0ec3137-819x1024.jpg\" alt=\"\" class=\"wp-image-767810\" srcset=\"https:\/\/www.mapiful.com\/content\/uploads\/2020\/03\/acd9d8c56f79d0ec3137-819x1024.jpg 819w, https:\/\/www.mapiful.com\/content\/uploads\/2020\/03\/acd9d8c56f79d0ec3137-240x300.jpg 240w, https:\/\/www.mapiful.com\/content\/uploads\/2020\/03\/acd9d8c56f79d0ec3137-768x960.jpg 768w, https:\/\/www.mapiful.com\/content\/uploads\/2020\/03\/acd9d8c56f79d0ec3137-1229x1536.jpg 1229w, https:\/\/www.mapiful.com\/content\/uploads\/2020\/03\/acd9d8c56f79d0ec3137-600x750.jpg 600w, https:\/\/www.mapiful.com\/content\/uploads\/2020\/03\/acd9d8c56f79d0ec3137.jpg 1440w\" sizes=\"(max-width: 819px) 100vw, 819px\" \/><\/figure><div class=\"wp-block-media-text__content\">\n<div style=\"height:50px\" aria-hidden=\"true\" class=\"wp-block-spacer\"><\/div>\n\n\n\n<h1 class=\"wp-block-heading\">\u00bfC\u00f3mo nos afecta el covid-19?<\/h1>\n\n\n\n<p>Esperamos que os est\u00e9is cuidando todos durante estos tiempos de incertidumbre. A estas alturas, probablemente hayas escuchado y est\u00e9s al tanto de la gravedad del COVID-19. No es nada raro sentirse agotado por el estr\u00e9s que esta situaci\u00f3n puede llegar a suponer. De diferentes formas, nos afecta a cada uno de nosotros y Mapiful no es ninguna excepci\u00f3n.<\/p>\n\n\n\n<p>Nuestro principal prop\u00f3sito como empresa, es facilitar productos que hagan que pasar m\u00e1s tiempo en un hogar sea m\u00e1s agradable. Creemos que en tiempos as\u00ed, esto es a\u00fan m\u00e1s importante, ya que a las personas de todo el mundo se les est\u00e1 pidiendo por favor que se queden en casa. Es por esto, que nos comprometemos a mantener las cosas en funcionamiento, con interrupciones m\u00ednimas para cumplir con este prop\u00f3sito.<\/p>\n\n\n\n<h3 class=\"wp-block-heading\">Y como siempre, aqu\u00ed seguimos&#8230;<\/h3>\n\n\n\n<p>Agradecemos vuestra paciencia y tolerancia mientras intentamos resolver esto todos juntos. Si te surgiera cualquier pregunta, no dudes en consultar nuestra <a href=\"https:\/\/support.mapiful.com\/hc\/en-us\"><strong>p\u00e1gina de FAQ<\/strong><\/a> o cont\u00e1ctanos directamente a <strong>support@mapiful.com<\/strong> o a trav\u00e9s de nuestras redes sociales.<\/p>\n\n\n\n<div style=\"background-color:#FEF5ED;color:#32373c\" class=\"wp-block-genesis-blocks-gb-testimonial left-aligned gb-has-avatar gb-font-size-18 gb-block-testimonial\"><div class=\"gb-testimonial-text\" style=\"text-align:left\"><p>Nos hemos ganado vuestra confianza a lo largo de los a\u00f1os a trav\u00e9s de nuestro compromiso con la calidad y el servicio, y os agradecemos haber confiado en nosotros. Estamos trabajando persistentemente para conservarla en estos tiempos dif\u00edciles.<\/p><\/div><div class=\"gb-testimonial-info\"><div class=\"gb-testimonial-avatar-wrap\"><div class=\"gb-testimonial-image-wrap\"><img decoding=\"async\" class=\"gb-testimonial-avatar\" src=\"https:\/\/www.mapiful.com\/content\/uploads\/2020\/02\/19657395_10158848821555548_6890411114150064461_n.jpg\" alt=\"avatar\"\/><\/div><\/div><h2 class=\"gb-testimonial-name\" style=\"color:#32373c\">Edvin Brobeck<\/h2><small class=\"gb-testimonial-title\" style=\"color:#32373c\">Co-founder and CEO of Mapiful<\/small><\/div><\/div>\n\n\n\n<div style=\"height:50px\" aria-hidden=\"true\" class=\"wp-block-spacer\"><\/div>\n<\/div><\/div>\n","protected":false},"excerpt":{"rendered":"","protected":false},"author":1,"featured_media":0,"parent":0,"menu_order":99,"comment_status":"closed","ping_status":"closed","template":"templates\/tpl-fullwidth.php","meta":{"footnotes":""},"class_list":["post-767992","page","type-page","status-publish","hentry"],"acf":[],"featured_image_urls_v2":{"full":"","thumbnail":"","medium":"","medium_large":"","large":"","1536x1536":"","2048x2048":"","woocommerce_thumbnail":"","woocommerce_single":"","woocommerce_gallery_thumbnail":"","wc_order_status_icon":""},"post_excerpt_stackable_v2":"<p>Informaci\u00f3n &amp; FAQ Estamos operando lo m\u00e1s normal posible para garantizar que proporcionamos los mismos servicios consistentes, seguros e higi\u00e9nicos para todos. Estamos a la alerta de nuevas actualizaciones y nos adheriremos a cualquier acci\u00f3n futura. Agradecemos todo vuestro apoyo mientras tratamos de resolver esto juntos. Por ahora, aqu\u00ed est\u00e1 nuestra informaci\u00f3n m\u00e1s recientes y lo que sabemos hasta el momento: Estamos viendo que algunos lugares en Francia est\u00e1n experimentando retrasos en la entrega, como por ejemplo: Bitche, Sturzelbronn, Siersthal, St Louis les Bitche, Walschbronn, St Louis, Haselbourg, Soucht, Strasbourg, Colmar, Colmar Cedex, Ingersheim, Bennwihr Mittelwihr y Beblenheim. Estamos haciendo&hellip;<\/p>\n","category_list_v2":"","author_info_v2":{"name":"Edvin Brobeck","url":"https:\/\/www.mapiful.com\/es\/blog\/author\/admin\/"},"comments_num_v2":"0 comentarios","_links":{"self":[{"href":"https:\/\/www.mapiful.com\/es\/wp-json\/wp\/v2\/pages\/767992"}],"collection":[{"href":"https:\/\/www.mapiful.com\/es\/wp-json\/wp\/v2\/pages"}],"about":[{"href":"https:\/\/www.mapiful.com\/es\/wp-json\/wp\/v2\/types\/page"}],"author":[{"embeddable":true,"href":"https:\/\/www.mapiful.com\/es\/wp-json\/wp\/v2\/users\/1"}],"replies":[{"embeddable":true,"href":"https:\/\/www.mapiful.com\/es\/wp-json\/wp\/v2\/comments?post=767992"}],"version-history":[{"count":0,"href":"https:\/\/www.mapiful.com\/es\/wp-json\/wp\/v2\/pages\/767992\/revisions"}],"wp:attachment":[{"href":"https:\/\/www.mapiful.com\/es\/wp-json\/wp\/v2\/media?parent=767992"}],"curies":[{"name":"wp","href":"https:\/\/api.w.org\/{rel}","templated":true}]}}