{"id":1330038,"date":"2021-05-12T13:30:13","date_gmt":"2021-05-12T11:30:19","guid":{"rendered":"https:\/\/www.mapiful.com\/?post_type=product&#038;p=1330038"},"modified":"2023-04-04T17:02:07","modified_gmt":"2023-04-04T15:02:07","slug":"lineart-poster","status":"publish","type":"product","link":"https:\/\/www.mapiful.com\/es\/producto\/lineart-poster\/","title":{"rendered":"Lineart poster"},"content":{"rendered":"<div class=\"container my-12 mx-auto md:px-12\">\n<div class=\"flex flex-wrap -mx-1 lg:-mx-4\">\n<p><!-- Column --><\/p>\n<div class=\"my-1 px-1 w-full md:w-1\/2 lg:my-4 lg:px-4\">\n<p><!-- Article --><\/p>\n<article class=\"overflow-hidden flex\"><img decoding=\"async\" class=\"w-6 m-4\" src=\"data:image\/svg+xml;base64,PHN2ZyBkYXRhLXByZWZpeD0iZmFiIiBkYXRhLWljb249ImVudmlyYSIgY2xhc3M9InctMjQiIHJvbGU9ImltZyIgeG1sbnM9Imh0dHA6Ly93d3cudzMub3JnLzIwMDAvc3ZnIiB2aWV3Qm94PSIwIDAgNDQ4IDUxMiI+PHBhdGggZmlsbD0iY3VycmVudENvbG9yIiBkPSJNMCAzMmM0NzcuNiAwIDM2Ni42IDMxNy4zIDM2Ny4xIDM2Ni4zTDQ0OCA0ODBoLTI2bC03MC40LTcxLjJjLTM5IDQuMi0xMjQuNCAzNC41LTIxNC40LTM3QzQ3IDMwMC4zIDUyIDIxNC43IDAgMzJ6bTc5LjcgNDZjLTQ5LjctMjMuNS01LjIgOS4yLTUuMiA5LjIgNDUuMiAzMS4yIDY2IDczLjcgOTAuMiAxMTkuOSAzMS41IDYwLjIgNzkgMTM5LjcgMTQ0LjIgMTY3LjcgNjUgMjggMzQuMiAxMi41IDYtOC41LTI4LjItMjEuMi02OC4yLTg3LTkxLTEzMC4yLTMxLjctNjAtNjEtMTE4LjYtMTQ0LjItMTU4LjF6Ij48L3BhdGg+PC9zdmc+\" alt=\"\" \/><\/p>\n<header class=\"items-center justify-between leading-tight pl-12 md:pr-12 md:p-4\">\n<h2 class=\"text-lg\"><span class=\"text-black\"><br \/>\nRespetando el medio ambiente<br \/>\n<\/span><\/h2>\n<p class=\"text-grey-darker text-sm\">Producimos las l\u00e1minas de forma local, que nos permite ofrecer env\u00edos m\u00e1s r\u00e1pidos y con menos impacto en el medio ambiente, reduciendo as\u00ed un 67% de las emisiones de cO2.<\/p>\n<\/header>\n<\/article>\n<p><!-- END Article --><\/p>\n<\/div>\n<p><!-- END Column --><\/p>\n<p><!-- Column --><\/p>\n<div class=\"my-1 px-1 w-full md:w-1\/2 lg:my-4 lg:px-4\">\n<p><!-- Article --><\/p>\n<article class=\"overflow-hidden flex\"><img decoding=\"async\" class=\"w-6 m-4\" src=\"data:image\/svg+xml;base64,ICA8c3ZnIGRhdGEtcHJlZml4PSJmYXMiIGRhdGEtaWNvbj0ibWFnaWMiIGNsYXNzPSJ3LTI0IiByb2xlPSJpbWciIHhtbG5zPSJodHRwOi8vd3d3LnczLm9yZy8yMDAwL3N2ZyIgdmlld0JveD0iMCAwIDUxMiA1MTIiPjxwYXRoIGZpbGw9ImN1cnJlbnRDb2xvciIgZD0iTTIyNCA5NmwxNi0zMiAzMi0xNi0zMi0xNi0xNi0zMi0xNiAzMi0zMiAxNiAzMiAxNiAxNiAzMnpNODAgMTYwbDI2LjY2LTUzLjMzTDE2MCA4MGwtNTMuMzQtMjYuNjdMODAgMCA1My4zNCA1My4zMyAwIDgwbDUzLjM0IDI2LjY3TDgwIDE2MHptMzUyIDEyOGwtMjYuNjYgNTMuMzNMMzUyIDM2OGw1My4zNCAyNi42N0w0MzIgNDQ4bDI2LjY2LTUzLjMzTDUxMiAzNjhsLTUzLjM0LTI2LjY3TDQzMiAyODh6bTcwLjYyLTE5My43N0w0MTcuNzcgOS4zOEM0MTEuNTMgMy4xMiA0MDMuMzQgMCAzOTUuMTUgMGMtOC4xOSAwLTE2LjM4IDMuMTItMjIuNjMgOS4zOEw5LjM4IDM3Mi41MmMtMTIuNSAxMi41LTEyLjUgMzIuNzYgMCA0NS4yNWw4NC44NSA4NC44NWM2LjI1IDYuMjUgMTQuNDQgOS4zNyAyMi42MiA5LjM3IDguMTkgMCAxNi4zOC0zLjEyIDIyLjYzLTkuMzdsMzYzLjE0LTM2My4xNWMxMi41LTEyLjQ4IDEyLjUtMzIuNzUgMC00NS4yNHpNMzU5LjQ1IDIwMy40NmwtNTAuOTEtNTAuOTEgODYuNi04Ni42IDUwLjkxIDUwLjkxLTg2LjYgODYuNnoiPjwvcGF0aD48L3N2Zz4=\" alt=\"\" \/><\/p>\n<header class=\"items-center justify-between leading-tight pl-12 md:pr-12 md:p-4\">\n<h2 class=\"text-lg\"><span class=\"text-black\"><br \/>\nF\u00e1cil de personalizar<br \/>\n<\/span><\/h2>\n<p class=\"text-grey-darker text-sm\">Arte muy f\u00e1cil de personalizar para recordar los momentos m\u00e1s significativos.<\/p>\n<\/header>\n<\/article>\n<p><!-- END Article --><\/p>\n<\/div>\n<p><!-- END Column --><\/p>\n<p><!-- Column --><\/p>\n<div class=\"my-1 px-1 w-full md:w-1\/2 lg:my-4 lg:px-4\">\n<p><!-- Article --><\/p>\n<article class=\"overflow-hidden flex\"><img decoding=\"async\" class=\"w-6 m-4\" src=\"data:image\/svg+xml;base64,IDxzdmcgZGF0YS1wcmVmaXg9ImZhcyIgZGF0YS1pY29uPSJnaWZ0IiBjbGFzcz0idy0yNCIgcm9sZT0iaW1nIiB4bWxucz0iaHR0cDovL3d3dy53My5vcmcvMjAwMC9zdmciIHZpZXdCb3g9IjAgMCA1MTIgNTEyIj48cGF0aCBmaWxsPSJjdXJyZW50Q29sb3IiIGQ9Ik0zMiA0NDhjMCAxNy43IDE0LjMgMzIgMzIgMzJoMTYwVjMyMEgzMnYxMjh6bTI1NiAzMmgxNjBjMTcuNyAwIDMyLTE0LjMgMzItMzJWMzIwSDI4OHYxNjB6bTE5Mi0zMjBoLTQyLjFjNi4yLTEyLjEgMTAuMS0yNS41IDEwLjEtNDAgMC00OC41LTM5LjUtODgtODgtODgtNDEuNiAwLTY4LjUgMjEuMy0xMDMgNjguMy0zNC41LTQ3LTYxLjQtNjguMy0xMDMtNjguMy00OC41IDAtODggMzkuNS04OCA4OCAwIDE0LjUgMy44IDI3LjkgMTAuMSA0MEgzMmMtMTcuNyAwLTMyIDE0LjMtMzIgMzJ2ODBjMCA4LjggNy4yIDE2IDE2IDE2aDQ4MGM4LjggMCAxNi03LjIgMTYtMTZ2LTgwYzAtMTcuNy0xNC4zLTMyLTMyLTMyem0tMzI2LjEgMGMtMjIuMSAwLTQwLTE3LjktNDAtNDBzMTcuOS00MCA0MC00MGMxOS45IDAgMzQuNiAzLjMgODYuMSA4MGgtODYuMXptMjA2LjEgMGgtODYuMWM1MS40LTc2LjUgNjUuNy04MCA4Ni4xLTgwIDIyLjEgMCA0MCAxNy45IDQwIDQwcy0xNy45IDQwLTQwIDQweiI+PC9wYXRoPjwvc3ZnPg==\" alt=\"\" \/><\/p>\n<header class=\"items-center justify-between leading-tight pl-12 md:pr-12 md:p-4\">\n<h2 class=\"text-lg\"><span class=\"text-black\"><br \/>\nRegalos personalizados<br \/>\n<\/span><\/h2>\n<p class=\"text-grey-darker text-sm\">Nuestros p\u00f3sters personalizados de mapas son de alta calidad e impresos a demanda.<\/p>\n<\/header>\n<\/article>\n<p><!-- END Article --><\/p>\n<\/div>\n<p><!-- END Column --><\/p>\n<p><!-- Column --><\/p>\n<div class=\"my-1 px-1 w-full md:w-1\/2 lg:my-4 lg:px-4\">\n<p><!-- Article --><\/p>\n<article class=\"overflow-hidden flex\"><img decoding=\"async\" class=\"w-6 m-4\" src=\"data:image\/svg+xml;base64,IDxzdmcgZGF0YS1wcmVmaXg9ImZhcyIgZGF0YS1pY29uPSJtYXAtbWFya2VyLWFsdCIgY2xhc3M9InctMjQiIHJvbGU9ImltZyIgeG1sbnM9Imh0dHA6Ly93d3cudzMub3JnLzIwMDAvc3ZnIiB2aWV3Qm94PSIwIDAgMzg0IDUxMiI+PHBhdGggZmlsbD0iY3VycmVudENvbG9yIiBkPSJNMTcyLjI2OCA1MDEuNjdDMjYuOTcgMjkxLjAzMSAwIDI2OS40MTMgMCAxOTIgMCA4NS45NjEgODUuOTYxIDAgMTkyIDBzMTkyIDg1Ljk2MSAxOTIgMTkyYzAgNzcuNDEzLTI2Ljk3IDk5LjAzMS0xNzIuMjY4IDMwOS42Ny05LjUzNSAxMy43NzQtMjkuOTMgMTMuNzczLTM5LjQ2NCAwek0xOTIgMjcyYzQ0LjE4MyAwIDgwLTM1LjgxNyA4MC04MHMtMzUuODE3LTgwLTgwLTgwLTgwIDM1LjgxNy04MCA4MCAzNS44MTcgODAgODAgODB6Ij48L3BhdGg+PC9zdmc+\" alt=\"\" \/><\/p>\n<header class=\"items-center justify-between leading-tight pl-12 md:pr-12 md:p-4\">\n<h2 class=\"text-lg\"><span class=\"text-black\"><br \/>\nEstilo Escandinavo<br \/>\n<\/span><\/h2>\n<p class=\"text-grey-darker text-sm\">Nuestros estilos escandinavos, s\u00faper demandados, encajan en cualquier interior sin la ayuda de ning\u00fan experto de dise\u00f1o.<\/p>\n<\/header>\n<\/article>\n<p><!-- END Article --><\/p>\n<\/div>\n<p><!-- END Column --><\/p>\n<\/div>\n<\/div>\n<div class=\"container my-24 mx-auto px-4 md:px-12\">\n<div class=\"flex flex-wrap -mx-1 lg:-mx-4\">\n<p><!-- Column --><\/p>\n<div class=\"my-1 px-12 w-full md:w-1\/2 lg:my-4 lg:px-4\">\n<p><video class=\"ugb-video-background\" src=\"https:\/\/www.mapiful.com\/content\/uploads\/2021\/06\/Lineart-explainer-1.mp4\" loop=\"loop\" muted=\"\" controls=\"controls\" width=\"300\" height=\"150\"><\/video><\/p>\n<\/div>\n<p><!-- END Column --><\/p>\n<p><!-- Column --><\/p>\n<div class=\"my-1 px-1 w-full md:w-1\/2 lg:my-4 lg:px-4\">\n<h2 class=\"text-lg lg:text-2xl text-black pb-4\">Como crear tu poster Line Art<\/h2>\n<p class=\"text-lg\">Nuestra colecci\u00f3n Line Art te permite personalizar ilustraciones minimalistas que hablan por ti o tus seres queridos en unos simples pasos.<\/p>\n<article class=\"overflow-hidden flex\"><img decoding=\"async\" class=\"flex-none w-6 h-full m-4\" src=\"data:image\/svg+xml;base64,PHN2ZyB4bWxucz0iaHR0cDovL3d3dy53My5vcmcvMjAwMC9zdmciIHZpZXdCb3g9IjAgMCAxOTAgMTkwIiBzdHlsZT0iZmlsbDogIzc2N0Q2QSAhaW1wb3J0YW50OyBjb2xvcjogIzc2N0Q2QSAhaW1wb3J0YW50Ij48cG9seWdvbiBwb2ludHM9IjE3My44LDI4LjQgNjAuNCwxNDEuOCAxNS43LDk3LjIgNS4xLDEwNy44IDYwLjQsMTYzIDE4NC40LDM5IDE3My44LDI4LjQiIGZpbGw9IiM3NjdENkEiIHN0cm9rZT0iIzc2N0Q2QSIgc3R5bGU9ImZpbGw6IHJnYigxMTgsIDEyNSwgMTA2KTsgc3Ryb2tlOiByZ2IoMTE4LCAxMjUsIDEwNik7Ii8+PC9zdmc+\" \/><\/p>\n<header class=\"items-center justify-between leading-tight pl-12 md:pr-12 md:p-4\">\n<h3 class=\"text-lg\"><span class=\"text-black\"><br \/>\nElige una ilustraci\u00f3n de nuestra colecci\u00f3n seleccionada the dibujos line art<br \/>\n<\/span><\/h3>\n<p class=\"text-grey-darker text-sm\">\u00bfQu\u00e9 es lo que m\u00e1s te importa en la vida? Encuentra una ilustraci\u00f3n que hable por ti o tus seres queridos.<\/p>\n<\/header>\n<\/article>\n<article class=\"overflow-hidden flex\"><img decoding=\"async\" class=\"flex-none w-6 h-full m-4\" src=\"data:image\/svg+xml;base64,PHN2ZyB4bWxucz0iaHR0cDovL3d3dy53My5vcmcvMjAwMC9zdmciIHZpZXdCb3g9IjAgMCAxOTAgMTkwIiBzdHlsZT0iZmlsbDogIzc2N0Q2QSAhaW1wb3J0YW50OyBjb2xvcjogIzc2N0Q2QSAhaW1wb3J0YW50Ij48cG9seWdvbiBwb2ludHM9IjE3My44LDI4LjQgNjAuNCwxNDEuOCAxNS43LDk3LjIgNS4xLDEwNy44IDYwLjQsMTYzIDE4NC40LDM5IDE3My44LDI4LjQiIGZpbGw9IiM3NjdENkEiIHN0cm9rZT0iIzc2N0Q2QSIgc3R5bGU9ImZpbGw6IHJnYigxMTgsIDEyNSwgMTA2KTsgc3Ryb2tlOiByZ2IoMTE4LCAxMjUsIDEwNik7Ii8+PC9zdmc+\" \/><\/p>\n<header class=\"items-center justify-between leading-tight pl-12 md:pr-12 md:p-4\">\n<h3 class=\"text-lg\"><span class=\"text-black\"><br \/>\nElige tu apariencia y colores<br \/>\n<\/span><\/h3>\n<p class=\"text-grey-darker text-sm\">Cada hogar es \u00fanico, con nuestros colores y estilos podr\u00e1s encontrar f\u00e1cilmente un look que encaje perfectamente.<\/p>\n<\/header>\n<\/article>\n<article class=\"overflow-hidden flex\"><img decoding=\"async\" class=\"flex-none w-6 h-full m-4\" src=\"data:image\/svg+xml;base64,PHN2ZyB4bWxucz0iaHR0cDovL3d3dy53My5vcmcvMjAwMC9zdmciIHZpZXdCb3g9IjAgMCAxOTAgMTkwIiBzdHlsZT0iZmlsbDogIzc2N0Q2QSAhaW1wb3J0YW50OyBjb2xvcjogIzc2N0Q2QSAhaW1wb3J0YW50Ij48cG9seWdvbiBwb2ludHM9IjE3My44LDI4LjQgNjAuNCwxNDEuOCAxNS43LDk3LjIgNS4xLDEwNy44IDYwLjQsMTYzIDE4NC40LDM5IDE3My44LDI4LjQiIGZpbGw9IiM3NjdENkEiIHN0cm9rZT0iIzc2N0Q2QSIgc3R5bGU9ImZpbGw6IHJnYigxMTgsIDEyNSwgMTA2KTsgc3Ryb2tlOiByZ2IoMTE4LCAxMjUsIDEwNik7Ii8+PC9zdmc+\" \/><\/p>\n<header class=\"items-center justify-between leading-tight pl-12 md:pr-12 md:px-12 md:p-4\">\n<h3 class=\"text-lg\"><span class=\"text-black\"><br \/>\nPersonaliza tu texto<br \/>\n<\/span><\/h3>\n<p class=\"text-grey-darker text-sm\">A\u00f1ade cualquier frase o palabra especial que levante tu \u00e1nimo cada d\u00eda, o un mensaje para alguien mas.<\/p>\n<\/header>\n<\/article>\n<\/div>\n<p><!-- END Column --><\/p>\n<\/div>\n<\/div>\n","protected":false},"excerpt":{"rendered":"<p>Respetando el medio ambiente Producimos las l\u00e1minas de forma local, que nos permite ofrecer env\u00edos m\u00e1s r\u00e1pidos y con menos impacto en el medio ambiente, reduciendo as\u00ed un 67% de las emisiones de cO2. F\u00e1cil de personalizar Arte muy f\u00e1cil de personalizar para recordar los momentos m\u00e1s significativos. Regalos personalizados Nuestros p\u00f3sters personalizados de mapas&#8230;<\/p>\n","protected":false},"featured_media":1348463,"template":"","meta":[],"product_cat":[1255,1836,469],"product_tag":[],"class_list":["post-1330038","product","type-product","status-publish","has-post-thumbnail","hentry","product_cat-linearts-es","product_cat-customisable-prints-es","product_cat-posters-es","product_shipping_class-posters-es"],"acf":[],"featured_image_urls_v2":{"full":["https:\/\/www.mapiful.com\/content\/uploads\/2021\/06\/line-art-woman-poster.png",1280,1280,false],"thumbnail":["https:\/\/www.mapiful.com\/content\/uploads\/2021\/06\/line-art-woman-poster-150x150.png",150,150,true],"medium":["https:\/\/www.mapiful.com\/content\/uploads\/2021\/06\/line-art-woman-poster-300x300.png",300,300,true],"medium_large":["https:\/\/www.mapiful.com\/content\/uploads\/2021\/06\/line-art-woman-poster-768x768.png",768,768,true],"large":["https:\/\/www.mapiful.com\/content\/uploads\/2021\/06\/line-art-woman-poster-1024x1024.png",1024,1024,true],"1536x1536":["https:\/\/www.mapiful.com\/content\/uploads\/2021\/06\/line-art-woman-poster.png",1280,1280,false],"2048x2048":["https:\/\/www.mapiful.com\/content\/uploads\/2021\/06\/line-art-woman-poster.png",1280,1280,false],"woocommerce_thumbnail":["https:\/\/www.mapiful.com\/content\/uploads\/2021\/06\/line-art-woman-poster-300x300.png",300,300,true],"woocommerce_single":["https:\/\/www.mapiful.com\/content\/uploads\/2021\/06\/line-art-woman-poster-600x600.png",600,600,true],"woocommerce_gallery_thumbnail":["https:\/\/www.mapiful.com\/content\/uploads\/2021\/06\/line-art-woman-poster-100x100.png",100,100,true],"wc_order_status_icon":["https:\/\/www.mapiful.com\/content\/uploads\/2021\/06\/line-art-woman-poster-32x32.png",32,32,true]},"post_excerpt_stackable_v2":"<p>Respetando el medio ambiente Producimos las l\u00e1minas de forma local, que nos permite ofrecer env\u00edos m\u00e1s r\u00e1pidos y con menos impacto en el medio ambiente, reduciendo as\u00ed un 67% de las emisiones de cO2. F\u00e1cil de personalizar Arte muy f\u00e1cil de personalizar para recordar los momentos m\u00e1s significativos. Regalos personalizados Nuestros p\u00f3sters personalizados de mapas son de alta calidad e impresos a demanda. Estilo Escandinavo Nuestros estilos escandinavos, s\u00faper demandados, encajan en cualquier interior sin la ayuda de ning\u00fan experto de dise\u00f1o. Como crear tu poster Line Art Nuestra colecci\u00f3n Line Art te permite personalizar ilustraciones minimalistas que hablan por&hellip;<\/p>\n","category_list_v2":"","author_info_v2":{"name":"","url":""},"comments_num_v2":"0 comentarios","_links":{"self":[{"href":"https:\/\/www.mapiful.com\/es\/wp-json\/wp\/v2\/product\/1330038"}],"collection":[{"href":"https:\/\/www.mapiful.com\/es\/wp-json\/wp\/v2\/product"}],"about":[{"href":"https:\/\/www.mapiful.com\/es\/wp-json\/wp\/v2\/types\/product"}],"wp:featuredmedia":[{"embeddable":true,"href":"https:\/\/www.mapiful.com\/es\/wp-json\/wp\/v2\/media\/1348463"}],"wp:attachment":[{"href":"https:\/\/www.mapiful.com\/es\/wp-json\/wp\/v2\/media?parent=1330038"}],"wp:term":[{"taxonomy":"product_cat","embeddable":true,"href":"https:\/\/www.mapiful.com\/es\/wp-json\/wp\/v2\/product_cat?post=1330038"},{"taxonomy":"product_tag","embeddable":true,"href":"https:\/\/www.mapiful.com\/es\/wp-json\/wp\/v2\/product_tag?post=1330038"}],"curies":[{"name":"wp","href":"https:\/\/api.w.org\/{rel}","templated":true}]}}