{"id":1411642,"date":"2021-09-30T11:15:22","date_gmt":"2021-09-30T09:15:22","guid":{"rendered":"https:\/\/www.mapiful.com\/product\/poster-tigre\/"},"modified":"2021-10-20T09:12:53","modified_gmt":"2021-10-20T07:12:53","slug":"poster-tigre","status":"publish","type":"product","link":"https:\/\/www.mapiful.com\/es\/producto\/poster-tigre\/","title":{"rendered":"P\u00f3ster &#8211; Tigre"},"content":{"rendered":"<p>P\u00f3ster de animales de guarder\u00eda con calidad de museo, impreso en papel ecol\u00f3gico y duradero con certificaci\u00f3n FSC. Utilizamos un papel pesado de 200 g\/m\u00b2 con un acabado mate suave.<\/p>\n<p>Debido a la naturaleza personalizada de nuestros productos, no podemos aceptar devoluciones o cambios. Para mayor claridad, Mapiful no se hace responsable en los casos en que el Cliente haya proporcionado informaci\u00f3n incorrecta sobre el producto.<\/p>\n","protected":false},"excerpt":{"rendered":"<p>P\u00f3steres de alta calidad y personalizables para alegrar la pared de la habitaci\u00f3n de tu peque\u00f1o.<\/p>\n<p>&nbsp;<\/p>\n<p>Seleccione su tama\u00f1o e introduzca el texto que desee en el cuadro inferior para personalizar su p\u00f3ster.<\/p>\n<p>&nbsp;<\/p>\n<p>Tanto si a\u00f1ades el nombre de tu hijo como una cita dulce, el texto que elijas aparecer\u00e1 debajo de la ilustraci\u00f3n, creando un p\u00f3ster \u00fanico como tu beb\u00e9.<\/p>\n<p>&nbsp;<\/p>\n","protected":false},"featured_media":0,"template":"","meta":[],"product_cat":[1608,1617,1836],"product_tag":[],"class_list":["post-1411642","product","type-product","status-publish","hentry","product_cat-la-coleccion-infantil","product_cat-posters-de-guarderia","product_cat-customisable-prints-es"],"acf":[],"featured_image_urls_v2":{"full":"","thumbnail":"","medium":"","medium_large":"","large":"","1536x1536":"","2048x2048":"","woocommerce_thumbnail":"","woocommerce_single":"","woocommerce_gallery_thumbnail":"","wc_order_status_icon":""},"post_excerpt_stackable_v2":"<p>P\u00f3steres de alta calidad y personalizables para alegrar la pared de la habitaci\u00f3n de tu peque\u00f1o.<\/p>\n<p>&nbsp;<\/p>\n<p>Seleccione su tama\u00f1o e introduzca el texto que desee en el cuadro inferior para personalizar su p\u00f3ster.<\/p>\n<p>&nbsp;<\/p>\n<p>Tanto si a\u00f1ades el nombre de tu hijo como una cita dulce, el texto que elijas aparecer\u00e1 debajo de la ilustraci\u00f3n, creando un p\u00f3ster \u00fanico como tu beb\u00e9.<\/p>\n<p>&nbsp;<\/p>\n","category_list_v2":"","author_info_v2":{"name":"","url":""},"comments_num_v2":"0 comentarios","_links":{"self":[{"href":"https:\/\/www.mapiful.com\/es\/wp-json\/wp\/v2\/product\/1411642"}],"collection":[{"href":"https:\/\/www.mapiful.com\/es\/wp-json\/wp\/v2\/product"}],"about":[{"href":"https:\/\/www.mapiful.com\/es\/wp-json\/wp\/v2\/types\/product"}],"wp:attachment":[{"href":"https:\/\/www.mapiful.com\/es\/wp-json\/wp\/v2\/media?parent=1411642"}],"wp:term":[{"taxonomy":"product_cat","embeddable":true,"href":"https:\/\/www.mapiful.com\/es\/wp-json\/wp\/v2\/product_cat?post=1411642"},{"taxonomy":"product_tag","embeddable":true,"href":"https:\/\/www.mapiful.com\/es\/wp-json\/wp\/v2\/product_tag?post=1411642"}],"curies":[{"name":"wp","href":"https:\/\/api.w.org\/{rel}","templated":true}]}}