{"id":1414110,"date":"2021-09-30T09:37:22","date_gmt":"2021-09-30T07:37:22","guid":{"rendered":"https:\/\/www.mapiful.com\/product\/short-sleeve-onesie-cat\/"},"modified":"2021-10-20T17:44:50","modified_gmt":"2021-10-20T15:44:50","slug":"body-manga-corta-gato","status":"publish","type":"product","link":"https:\/\/www.mapiful.com\/es\/producto\/body-manga-corta-gato\/","title":{"rendered":"Body Manga Corta &#8211; Gato"},"content":{"rendered":"<div class=\"\">\n<div>\n<div>\n<p><span style=\"font-family: inherit;\">Bodies personalizables de manga corta con cuello redondo para beb\u00e9s que combinan funcionalidad y moda.<\/span><\/p>\n<\/div>\n<\/div>\n<\/div>\n<p>&nbsp;<\/p>\n<p>Caracter\u00edsticas:<br \/>\n&#8211; Cuello, hombros, mangas y perneras<br \/>\n&#8211; 100% algod\u00f3n que respeta la piel de tu beb\u00e9<br \/>\n&#8211; Estilo unisex en tres tallas diferentes<br \/>\n&#8211; Ajuste relajado para permitir el crecimiento<\/p>\n<p>&nbsp;<\/p>\n<h3><u>Gu\u00eda de tallas<\/u><\/h3>\n<p>&nbsp;<\/p>\n<div class=\"block md:flex\">\n<div class=\"pr-3 sm:text-center\"><img loading=\"lazy\" decoding=\"async\" class=\"alignleft wp-image-1247399 size-full\" src=\"https:\/\/www.mapiful.com\/content\/uploads\/2021\/09\/baby-onesie.png\" alt=\"\" width=\"240\" height=\"280\" \/><\/div>\n<p>&nbsp;<\/p>\n<div>\n<p>A) Longitud<br \/>\nColoca el extremo de una cinta m\u00e9trica junto al cuello en la parte superior del body (punto alto del hombro). Tira de la cinta hasta la parte inferior del body.<\/p>\n<p>&nbsp;<\/p>\n<p>B) Medio pecho<\/p>\n<p>Coloca la prenda sobre una superficie plana y m\u00eddela de izquierda a derecha por el pecho, unos 2 cm por debajo de los brazos.<\/p>\n<p>&nbsp;<\/p>\n<table class=\"table-fixed\">\n<thead>\n<tr class=\"bg-gray-200\">\n<th class=\"w-1\/3\"><\/th>\n<th class=\"w-1\/4 text-left\">6 months<\/th>\n<th class=\"w-1\/4 text-left\">12 months<\/th>\n<th class=\"w-1\/4 text-left\">18 months<\/th>\n<\/tr>\n<\/thead>\n<tbody>\n<tr>\n<td>A) Longitud<\/td>\n<td>29.8cm<\/td>\n<td>32.4cm<\/td>\n<td>34.9cm<\/td>\n<\/tr>\n<tr>\n<td>B) Medio Pecho<\/td>\n<td>22.9cm<\/td>\n<td>25.4cm<\/td>\n<td>27.9cm<\/td>\n<\/tr>\n<\/tbody>\n<\/table>\n<p>&nbsp;<\/p>\n<\/div>\n<\/div>\n<p>&nbsp;<\/p>\n<p>Debido a la naturaleza personalizada de nuestros productos, no podemos aceptar devoluciones o cambios. Para mayor claridad, Mapiful no se hace responsable en los casos en que el Cliente haya proporcionado informaci\u00f3n incorrecta sobre el producto.<\/p>\n","protected":false},"excerpt":{"rendered":"<p>Nuestros bodies personalizables de manga corta con cuello redondo est\u00e1n hechos de algod\u00f3n 100% org\u00e1nico, combinando funcionalidad y moda.<\/p>\n<p>&nbsp;<\/p>\n<p>Seleccione su talla e introduzca su texto personalizado en el cuadro inferior.<\/p>\n<p>&nbsp;<\/p>\n<p>Tanto si eliges el nombre de tu hijo como su fecha de nacimiento, el animal elegido y el texto se imprimir\u00e1n en el centro del body.<\/p>\n<p>&nbsp;<\/p>\n","protected":false},"featured_media":0,"template":"","meta":[],"product_cat":[1626,1608],"product_tag":[],"class_list":["post-1414110","product","type-product","status-publish","hentry","product_cat-bodies-de-manga-corta","product_cat-la-coleccion-infantil"],"acf":[],"featured_image_urls_v2":{"full":"","thumbnail":"","medium":"","medium_large":"","large":"","1536x1536":"","2048x2048":"","woocommerce_thumbnail":"","woocommerce_single":"","woocommerce_gallery_thumbnail":"","wc_order_status_icon":""},"post_excerpt_stackable_v2":"<p>Nuestros bodies personalizables de manga corta con cuello redondo est\u00e1n hechos de algod\u00f3n 100% org\u00e1nico, combinando funcionalidad y moda.<\/p>\n<p>&nbsp;<\/p>\n<p>Seleccione su talla e introduzca su texto personalizado en el cuadro inferior.<\/p>\n<p>&nbsp;<\/p>\n<p>Tanto si eliges el nombre de tu hijo como su fecha de nacimiento, el animal elegido y el texto se imprimir\u00e1n en el centro del body.<\/p>\n<p>&nbsp;<\/p>\n","category_list_v2":"","author_info_v2":{"name":"","url":""},"comments_num_v2":"0 comentarios","_links":{"self":[{"href":"https:\/\/www.mapiful.com\/es\/wp-json\/wp\/v2\/product\/1414110"}],"collection":[{"href":"https:\/\/www.mapiful.com\/es\/wp-json\/wp\/v2\/product"}],"about":[{"href":"https:\/\/www.mapiful.com\/es\/wp-json\/wp\/v2\/types\/product"}],"wp:attachment":[{"href":"https:\/\/www.mapiful.com\/es\/wp-json\/wp\/v2\/media?parent=1414110"}],"wp:term":[{"taxonomy":"product_cat","embeddable":true,"href":"https:\/\/www.mapiful.com\/es\/wp-json\/wp\/v2\/product_cat?post=1414110"},{"taxonomy":"product_tag","embeddable":true,"href":"https:\/\/www.mapiful.com\/es\/wp-json\/wp\/v2\/product_tag?post=1414110"}],"curies":[{"name":"wp","href":"https:\/\/api.w.org\/{rel}","templated":true}]}}