{"id":1414175,"date":"2021-09-29T18:06:27","date_gmt":"2021-09-29T16:06:27","guid":{"rendered":"https:\/\/www.mapiful.com\/product\/bolsa-de-tela-zorro\/"},"modified":"2021-10-21T10:54:08","modified_gmt":"2021-10-21T08:54:08","slug":"bolsa-de-tela-zorro","status":"publish","type":"product","link":"https:\/\/www.mapiful.com\/es\/producto\/bolsa-de-tela-zorro\/","title":{"rendered":"Bolsa de Tela &#8211; Zorro"},"content":{"rendered":"<p>Elegantes y pr\u00e1cticas, estas bolsas personalizables de primera calidad cubren todas las necesidades de tu beb\u00e9. <\/p>\n<p> &nbsp;<\/p>\n<p>Caracter\u00edsticas:<br \/>\n&#8211; Costuras reforzadas en las asas<br \/>\n&#8211; Capacidad de transporte de 10 litros<br \/>\n&#8211; 100% algod\u00f3n, 310 &#8211; 400 g\/m\u00b2<\/p>\n<p>&nbsp;<\/p>\n<p>Debido a la naturaleza personalizada de nuestros productos, no podemos aceptar devoluciones o cambios. Para mayor claridad, Mapiful no se hace responsable en los casos en que el Cliente haya proporcionado informaci\u00f3n incorrecta sobre el producto. <\/p>\n","protected":false},"excerpt":{"rendered":"<p>Elegantes y pr\u00e1cticas, estas bolsas personalizables de primera calidad cubren todas las necesidades de tu beb\u00e9. <\/p>\n<p>&nbsp;<\/p>\n<p>Personaliza tu Bolsa de Tela introduciendo el texto que desees en el cuadro de abajo. <\/p>\n<p>&nbsp;<\/p>\n<p>Tanto si eliges a\u00f1adir el nombre de tu hijo como una simple etiqueta, tu dise\u00f1o \u00fanico se imprimir\u00e1 en la parte delantera de la bolsa.<\/p>\n<p>&nbsp;<\/p>\n","protected":false},"featured_media":0,"template":"","meta":[],"product_cat":[1635,1608],"product_tag":[],"class_list":["post-1414175","product","type-product","status-publish","hentry","product_cat-bolsas-de-tela-premium","product_cat-la-coleccion-infantil"],"acf":[],"featured_image_urls_v2":{"full":"","thumbnail":"","medium":"","medium_large":"","large":"","1536x1536":"","2048x2048":"","woocommerce_thumbnail":"","woocommerce_single":"","woocommerce_gallery_thumbnail":"","wc_order_status_icon":""},"post_excerpt_stackable_v2":"<p>Elegantes y pr\u00e1cticas, estas bolsas personalizables de primera calidad cubren todas las necesidades de tu beb\u00e9. <\/p>\n<p>&nbsp;<\/p>\n<p>Personaliza tu Bolsa de Tela introduciendo el texto que desees en el cuadro de abajo. <\/p>\n<p>&nbsp;<\/p>\n<p>Tanto si eliges a\u00f1adir el nombre de tu hijo como una simple etiqueta, tu dise\u00f1o \u00fanico se imprimir\u00e1 en la parte delantera de la bolsa.<\/p>\n<p>&nbsp;<\/p>\n","category_list_v2":"","author_info_v2":{"name":"","url":""},"comments_num_v2":"0 comentarios","_links":{"self":[{"href":"https:\/\/www.mapiful.com\/es\/wp-json\/wp\/v2\/product\/1414175"}],"collection":[{"href":"https:\/\/www.mapiful.com\/es\/wp-json\/wp\/v2\/product"}],"about":[{"href":"https:\/\/www.mapiful.com\/es\/wp-json\/wp\/v2\/types\/product"}],"wp:attachment":[{"href":"https:\/\/www.mapiful.com\/es\/wp-json\/wp\/v2\/media?parent=1414175"}],"wp:term":[{"taxonomy":"product_cat","embeddable":true,"href":"https:\/\/www.mapiful.com\/es\/wp-json\/wp\/v2\/product_cat?post=1414175"},{"taxonomy":"product_tag","embeddable":true,"href":"https:\/\/www.mapiful.com\/es\/wp-json\/wp\/v2\/product_tag?post=1414175"}],"curies":[{"name":"wp","href":"https:\/\/api.w.org\/{rel}","templated":true}]}}