{"id":462510,"date":"2019-10-18T12:42:09","date_gmt":"2019-10-18T11:42:09","guid":{"rendered":"https:\/\/www.mapiful.com\/product\/colgadores-de-roble-para-posters\/"},"modified":"2021-12-16T10:57:29","modified_gmt":"2021-12-16T09:57:29","slug":"colgador-de-madera-natural-para-posters","status":"publish","type":"product","link":"https:\/\/www.mapiful.com\/es\/producto\/colgador-de-madera-natural-para-posters\/","title":{"rendered":"Colgador de madera natural para p\u00f3sters"},"content":{"rendered":"","protected":false},"excerpt":{"rendered":"<p>Escoge entre Madera clara, Blanco n\u00edtido o Negro moderno. Cada colgador incluye cuatro listones resistentes, dos de ellos aseguran la l\u00e1mina por la parte superior y los otros dos por la parte inferior, y una cuerda de alta calidad del mismo color que el colgador. La sujeci\u00f3n con imanes permite exhibir su Mapiful perfectamente!<\/p>\n","protected":false},"featured_media":1470867,"template":"","meta":[],"product_cat":[536,468],"product_tag":[],"class_list":["post-462510","product","type-product","status-publish","has-post-thumbnail","hentry","product_cat-hangers-es","product_cat-frames-es","product_shipping_class-frames-es"],"acf":[],"featured_image_urls_v2":{"full":["https:\/\/www.mapiful.com\/content\/uploads\/2019\/10\/Wooden-poster-hanger.jpg",1000,1000,false],"thumbnail":["https:\/\/www.mapiful.com\/content\/uploads\/2019\/10\/Wooden-poster-hanger-150x150.jpg",150,150,true],"medium":["https:\/\/www.mapiful.com\/content\/uploads\/2019\/10\/Wooden-poster-hanger-300x300.jpg",300,300,true],"medium_large":["https:\/\/www.mapiful.com\/content\/uploads\/2019\/10\/Wooden-poster-hanger-768x768.jpg",768,768,true],"large":["https:\/\/www.mapiful.com\/content\/uploads\/2019\/10\/Wooden-poster-hanger.jpg",1000,1000,false],"1536x1536":["https:\/\/www.mapiful.com\/content\/uploads\/2019\/10\/Wooden-poster-hanger.jpg",1000,1000,false],"2048x2048":["https:\/\/www.mapiful.com\/content\/uploads\/2019\/10\/Wooden-poster-hanger.jpg",1000,1000,false],"woocommerce_thumbnail":["https:\/\/www.mapiful.com\/content\/uploads\/2019\/10\/Wooden-poster-hanger-300x300.jpg",300,300,true],"woocommerce_single":["https:\/\/www.mapiful.com\/content\/uploads\/2019\/10\/Wooden-poster-hanger-600x600.jpg",600,600,true],"woocommerce_gallery_thumbnail":["https:\/\/www.mapiful.com\/content\/uploads\/2019\/10\/Wooden-poster-hanger-100x100.jpg",100,100,true],"wc_order_status_icon":["https:\/\/www.mapiful.com\/content\/uploads\/2019\/10\/Wooden-poster-hanger-32x32.jpg",32,32,true]},"post_excerpt_stackable_v2":"<p>Escoge entre Madera clara, Blanco n\u00edtido o Negro moderno. Cada colgador incluye cuatro listones resistentes, dos de ellos aseguran la l\u00e1mina por la parte superior y los otros dos por la parte inferior, y una cuerda de alta calidad del mismo color que el colgador. La sujeci\u00f3n con imanes permite exhibir su Mapiful perfectamente!<\/p>\n","category_list_v2":"","author_info_v2":{"name":"","url":""},"comments_num_v2":"0 comentarios","_links":{"self":[{"href":"https:\/\/www.mapiful.com\/es\/wp-json\/wp\/v2\/product\/462510"}],"collection":[{"href":"https:\/\/www.mapiful.com\/es\/wp-json\/wp\/v2\/product"}],"about":[{"href":"https:\/\/www.mapiful.com\/es\/wp-json\/wp\/v2\/types\/product"}],"wp:featuredmedia":[{"embeddable":true,"href":"https:\/\/www.mapiful.com\/es\/wp-json\/wp\/v2\/media\/1470867"}],"wp:attachment":[{"href":"https:\/\/www.mapiful.com\/es\/wp-json\/wp\/v2\/media?parent=462510"}],"wp:term":[{"taxonomy":"product_cat","embeddable":true,"href":"https:\/\/www.mapiful.com\/es\/wp-json\/wp\/v2\/product_cat?post=462510"},{"taxonomy":"product_tag","embeddable":true,"href":"https:\/\/www.mapiful.com\/es\/wp-json\/wp\/v2\/product_tag?post=462510"}],"curies":[{"name":"wp","href":"https:\/\/api.w.org\/{rel}","templated":true}]}}