{"id":462515,"date":"2019-10-18T12:40:21","date_gmt":"2019-10-18T11:40:21","guid":{"rendered":"https:\/\/www.mapiful.com\/product\/colgadores-blancos-para-posters\/"},"modified":"2021-12-16T11:03:42","modified_gmt":"2021-12-16T10:03:42","slug":"colgadores-blancos-para-posters","status":"publish","type":"product","link":"https:\/\/www.mapiful.com\/es\/producto\/colgadores-blancos-para-posters\/","title":{"rendered":"Colgador blanco para p\u00f3sters"},"content":{"rendered":"","protected":false},"excerpt":{"rendered":"<p>Escoge entre Madera clara, Blanco n\u00edtido o Negro moderno. Cada colgador incluye cuatro listones resistentes, dos de ellos aseguran la l\u00e1mina por la parte superior y los otros dos por la parte inferior, y una cuerda\u00a0de alta calidad del mismo color que el colgador. La sujeci\u00f3n con imanes permite exhibir su Mapiful perfectamente!<\/p>\n","protected":false},"featured_media":1470903,"template":"","meta":[],"product_cat":[536,468],"product_tag":[],"class_list":["post-462515","product","type-product","status-publish","has-post-thumbnail","hentry","product_cat-hangers-es","product_cat-frames-es","product_shipping_class-frames-es"],"acf":[],"featured_image_urls_v2":{"full":["https:\/\/www.mapiful.com\/content\/uploads\/2019\/10\/White-Poster-Hanger.jpg",1000,1000,false],"thumbnail":["https:\/\/www.mapiful.com\/content\/uploads\/2019\/10\/White-Poster-Hanger-150x150.jpg",150,150,true],"medium":["https:\/\/www.mapiful.com\/content\/uploads\/2019\/10\/White-Poster-Hanger-300x300.jpg",300,300,true],"medium_large":["https:\/\/www.mapiful.com\/content\/uploads\/2019\/10\/White-Poster-Hanger-768x768.jpg",768,768,true],"large":["https:\/\/www.mapiful.com\/content\/uploads\/2019\/10\/White-Poster-Hanger.jpg",1000,1000,false],"1536x1536":["https:\/\/www.mapiful.com\/content\/uploads\/2019\/10\/White-Poster-Hanger.jpg",1000,1000,false],"2048x2048":["https:\/\/www.mapiful.com\/content\/uploads\/2019\/10\/White-Poster-Hanger.jpg",1000,1000,false],"woocommerce_thumbnail":["https:\/\/www.mapiful.com\/content\/uploads\/2019\/10\/White-Poster-Hanger-300x300.jpg",300,300,true],"woocommerce_single":["https:\/\/www.mapiful.com\/content\/uploads\/2019\/10\/White-Poster-Hanger-600x600.jpg",600,600,true],"woocommerce_gallery_thumbnail":["https:\/\/www.mapiful.com\/content\/uploads\/2019\/10\/White-Poster-Hanger-100x100.jpg",100,100,true],"wc_order_status_icon":["https:\/\/www.mapiful.com\/content\/uploads\/2019\/10\/White-Poster-Hanger-32x32.jpg",32,32,true]},"post_excerpt_stackable_v2":"<p>Escoge entre Madera clara, Blanco n\u00edtido o Negro moderno. Cada colgador incluye cuatro listones resistentes, dos de ellos aseguran la l\u00e1mina por la parte superior y los otros dos por la parte inferior, y una cuerda\u00a0de alta calidad del mismo color que el colgador. La sujeci\u00f3n con imanes permite exhibir su Mapiful perfectamente!<\/p>\n","category_list_v2":"","author_info_v2":{"name":"","url":""},"comments_num_v2":"0 comentarios","_links":{"self":[{"href":"https:\/\/www.mapiful.com\/es\/wp-json\/wp\/v2\/product\/462515"}],"collection":[{"href":"https:\/\/www.mapiful.com\/es\/wp-json\/wp\/v2\/product"}],"about":[{"href":"https:\/\/www.mapiful.com\/es\/wp-json\/wp\/v2\/types\/product"}],"wp:featuredmedia":[{"embeddable":true,"href":"https:\/\/www.mapiful.com\/es\/wp-json\/wp\/v2\/media\/1470903"}],"wp:attachment":[{"href":"https:\/\/www.mapiful.com\/es\/wp-json\/wp\/v2\/media?parent=462515"}],"wp:term":[{"taxonomy":"product_cat","embeddable":true,"href":"https:\/\/www.mapiful.com\/es\/wp-json\/wp\/v2\/product_cat?post=462515"},{"taxonomy":"product_tag","embeddable":true,"href":"https:\/\/www.mapiful.com\/es\/wp-json\/wp\/v2\/product_tag?post=462515"}],"curies":[{"name":"wp","href":"https:\/\/api.w.org\/{rel}","templated":true}]}}