{"id":462562,"date":"2019-10-18T11:28:57","date_gmt":"2019-10-18T10:28:57","guid":{"rendered":"https:\/\/www.mapiful.com\/product\/marcos-metalicos-negros\/"},"modified":"2021-12-15T14:24:30","modified_gmt":"2021-12-15T13:24:30","slug":"marcos-metalicos-negros","status":"publish","type":"product","link":"https:\/\/www.mapiful.com\/es\/producto\/marcos-metalicos-negros\/","title":{"rendered":"Marco Met\u00e1lico Negro"},"content":{"rendered":"<p><br data-mce-bogus=\"1\"><\/p>\n","protected":false},"excerpt":{"rendered":"<p>Dale un toque contempor\u00e1neo a tu interior con nuestros marcos met\u00e1licos premium. Con una selecci\u00f3n de dorado, plateado o negro, el perfil estilizado de estos marcos de alta calidad perfila perfectamente con los posters Mapiful. Seguro pero liviano, el plexiglas de 1mm de espesor los hace super durables y proporciona un enfoque n\u00edtido para el arte en tu pared.<\/p>\n","protected":false},"featured_media":1469246,"template":"","meta":[],"product_cat":[468,530],"product_tag":[],"class_list":["post-462562","product","type-product","status-publish","has-post-thumbnail","hentry","product_cat-frames-es","product_cat-full-frames-es","product_shipping_class-frames-es"],"acf":[],"featured_image_urls_v2":{"full":["https:\/\/www.mapiful.com\/content\/uploads\/2021\/12\/Black-Metal-Frame-Front-View.jpg",1000,1000,false],"thumbnail":["https:\/\/www.mapiful.com\/content\/uploads\/2021\/12\/Black-Metal-Frame-Front-View-150x150.jpg",150,150,true],"medium":["https:\/\/www.mapiful.com\/content\/uploads\/2021\/12\/Black-Metal-Frame-Front-View-300x300.jpg",300,300,true],"medium_large":["https:\/\/www.mapiful.com\/content\/uploads\/2021\/12\/Black-Metal-Frame-Front-View-768x768.jpg",768,768,true],"large":["https:\/\/www.mapiful.com\/content\/uploads\/2021\/12\/Black-Metal-Frame-Front-View.jpg",1000,1000,false],"1536x1536":["https:\/\/www.mapiful.com\/content\/uploads\/2021\/12\/Black-Metal-Frame-Front-View.jpg",1000,1000,false],"2048x2048":["https:\/\/www.mapiful.com\/content\/uploads\/2021\/12\/Black-Metal-Frame-Front-View.jpg",1000,1000,false],"woocommerce_thumbnail":["https:\/\/www.mapiful.com\/content\/uploads\/2021\/12\/Black-Metal-Frame-Front-View-300x300.jpg",300,300,true],"woocommerce_single":["https:\/\/www.mapiful.com\/content\/uploads\/2021\/12\/Black-Metal-Frame-Front-View-600x600.jpg",600,600,true],"woocommerce_gallery_thumbnail":["https:\/\/www.mapiful.com\/content\/uploads\/2021\/12\/Black-Metal-Frame-Front-View-100x100.jpg",100,100,true],"wc_order_status_icon":["https:\/\/www.mapiful.com\/content\/uploads\/2021\/12\/Black-Metal-Frame-Front-View-32x32.jpg",32,32,true]},"post_excerpt_stackable_v2":"<p>Dale un toque contempor\u00e1neo a tu interior con nuestros marcos met\u00e1licos premium. Con una selecci\u00f3n de dorado, plateado o negro, el perfil estilizado de estos marcos de alta calidad perfila perfectamente con los posters Mapiful. Seguro pero liviano, el plexiglas de 1mm de espesor los hace super durables y proporciona un enfoque n\u00edtido para el arte en tu pared.<\/p>\n","category_list_v2":"","author_info_v2":{"name":"","url":""},"comments_num_v2":"0 comentarios","_links":{"self":[{"href":"https:\/\/www.mapiful.com\/es\/wp-json\/wp\/v2\/product\/462562"}],"collection":[{"href":"https:\/\/www.mapiful.com\/es\/wp-json\/wp\/v2\/product"}],"about":[{"href":"https:\/\/www.mapiful.com\/es\/wp-json\/wp\/v2\/types\/product"}],"wp:featuredmedia":[{"embeddable":true,"href":"https:\/\/www.mapiful.com\/es\/wp-json\/wp\/v2\/media\/1469246"}],"wp:attachment":[{"href":"https:\/\/www.mapiful.com\/es\/wp-json\/wp\/v2\/media?parent=462562"}],"wp:term":[{"taxonomy":"product_cat","embeddable":true,"href":"https:\/\/www.mapiful.com\/es\/wp-json\/wp\/v2\/product_cat?post=462562"},{"taxonomy":"product_tag","embeddable":true,"href":"https:\/\/www.mapiful.com\/es\/wp-json\/wp\/v2\/product_tag?post=462562"}],"curies":[{"name":"wp","href":"https:\/\/api.w.org\/{rel}","templated":true}]}}