{"id":1031077,"date":"2020-09-18T14:22:31","date_gmt":"2020-09-18T12:22:31","guid":{"rendered":"https:\/\/www.mapiful.com\/?page_id=1031077"},"modified":"2020-10-29T16:07:46","modified_gmt":"2020-10-29T15:07:46","slug":"gaia","status":"publish","type":"page","link":"https:\/\/www.mapiful.com\/fr\/gaia\/","title":{"rendered":"Ga\u00efa"},"content":{"rendered":"\n<div class=\"wp-block-genesis-blocks-gb-container gb-block-container\"><div class=\"gb-container-inside\"><div class=\"gb-container-content\">\n<div class=\"wp-block-media-text alignwide has-media-on-the-right has-background is-stacked-on-mobile\" style=\"background-color:#f9f1e7\"><figure class=\"wp-block-media-text__media\"><img decoding=\"async\" src=\"https:\/\/www.mapiful.com\/content\/uploads\/2020\/09\/LPF04965-684x1024.jpg\" alt=\"\" class=\"wp-image-7005\"\/><\/figure><div class=\"wp-block-media-text__content\">\n<div style=\"height:20px\" aria-hidden=\"true\" class=\"wp-block-spacer\"><\/div>\n\n\n\n<h1 class=\"has-text-color has-text-align-center wp-block-heading\" style=\"color:#4d2813\">Cr\u00e9e en hommage \u00e0 notre plan\u00e8te<\/h1>\n\n\n\n<p style=\"color:#895b45\" class=\"has-text-color has-text-align-center has-medium-font-size\">D\u00e9couvre Ga\u00efa, la collection \u00e9co-responsable<\/p>\n\n\n\n<p style=\"color:#4d2813\" class=\"has-text-color has-text-align-center\">Apporte une touche d\u2019\u00e9l\u00e9gance \u00e0 ta d\u00e9coration avec ces trois mod\u00e8les d\u2019inspiration \u00ab&nbsp;mid-century&nbsp;\u00bb, cr\u00e9\u00e9s en exclusivit\u00e9 par l\u2019influenceuse Margot @YouMakeFashion.<\/p>\n\n\n\n<p style=\"color:#4d2813\" class=\"has-text-color has-text-align-center\">Pour toute affiche = 1\u20ac revers\u00e9 pour la protection des plages et oc\u00e9ans<\/p>\n\n\n\n<div class=\"wp-block-image\"><figure class=\"aligncenter size-large is-resized\"><img loading=\"lazy\" decoding=\"async\" src=\"https:\/\/www.mapiful.com\/content\/uploads\/2020\/09\/surfrider.png\" alt=\"\" class=\"wp-image-1031100\" width=\"67\" height=\"67\" srcset=\"https:\/\/www.mapiful.com\/content\/uploads\/2020\/09\/surfrider.png 500w, https:\/\/www.mapiful.com\/content\/uploads\/2020\/09\/surfrider-300x300.png 300w, https:\/\/www.mapiful.com\/content\/uploads\/2020\/09\/surfrider-150x150.png 150w, https:\/\/www.mapiful.com\/content\/uploads\/2020\/09\/surfrider-100x100.png 100w, https:\/\/www.mapiful.com\/content\/uploads\/2020\/09\/surfrider-32x32.png 32w\" sizes=\"(max-width: 67px) 100vw, 67px\" \/><\/figure><\/div>\n\n\n\n<div style=\"text-align:center\" class=\"wp-block-genesis-blocks-gb-button gb-block-button\"><a href=\"#sign_up_now\" class=\"gb-button gb-button-shape-rounded gb-button-size-medium\" style=\"color:#ffffff;background-color:#9a4823\">Ach\u00e8te la collection<\/a><\/div>\n\n\n\n<div style=\"height:30px\" aria-hidden=\"true\" class=\"wp-block-spacer\"><\/div>\n<\/div><\/div>\n\n\n\n<p><\/p>\n<\/div><\/div><\/div>\n\n\n\n<div style=\"height:30px\" aria-hidden=\"true\" class=\"wp-block-spacer\"><\/div>\n\n\n\n<div class=\"wp-block-genesis-blocks-gb-container gb-block-container\"><div class=\"gb-container-inside\"><div class=\"gb-container-content\" style=\"max-width:800px\">\n<p style=\"color:#4d2813;font-size:32px\" class=\"has-text-color has-text-align-center\"><strong>Produite consciemment<\/strong><\/p>\n\n\n\n<p style=\"color:#4d2813\" class=\"has-text-color has-text-align-center\">Comme toutes nos impressions, cette collection utilise du papier certifi\u00e9 FSC, des encres non toxiques et \u00e9cologiques, et est imprim\u00e9e et produite localement, le plus pr\u00e8s de chez vous. Cela permet de r\u00e9duire le transport des tirages de 90 % et de diminuer les \u00e9missions de carbone li\u00e9es au processus d&#8217;exp\u00e9dition.<\/p>\n<\/div><\/div><\/div>\n\n\n\n<span id=\"sign_up_now\"><\/span>\n\n\n\n<div class=\"wp-block-genesis-blocks-gb-columns gb-layout-team-1 gb-layout-columns-3 gb-3-col-equal gb-columns-center\" style=\"padding-top:20px;padding-bottom:20px\"><div class=\"gb-layout-column-wrap gb-block-layout-column-gap-2 gb-is-responsive-column\" style=\"max-width:995px\">\n<div class=\"wp-block-genesis-blocks-gb-column gb-block-layout-column\"><div class=\"gb-block-layout-column-inner\">\n<div style=\"background-color:#ffffff;color:#4d2813\" class=\"wp-block-genesis-blocks-gb-profile-box center square gb-has-avatar gb-font-size-16 gb-block-profile gb-profile-columns\"><div class=\"gb-profile-column gb-profile-avatar-wrap\"><div class=\"gb-profile-image-wrap\"><figure class=\"gb-profile-image-square\"><img decoding=\"async\" class=\"gb-profile-avatar wp-image-6987\" src=\"https:\/\/www.mapiful.com\/content\/uploads\/2020\/09\/LPF04959-scaled.jpg\" alt=\"\"\/><\/figure><\/div><\/div><div class=\"gb-profile-column gb-profile-content-wrap\"><h2 class=\"gb-profile-name\" style=\"color:#4d2813\">Mapiful Classic<\/h2><p class=\"gb-profile-title\" style=\"color:#4d2813\">\u201cJe souhaitais cr\u00e9er un Mapiful Classic car c\u2019est par ce biais que j\u2019ai d\u00e9couvert Mapiful. Je trouve g\u00e9nial de pouvoir immortaliser un souvenir avec un endroit de coeur.\u201d<\/p><div class=\"gb-profile-text\"><p>Les jolis tons terra-cotta de ces affiches sont inspir\u00e9s des sols de notre jolie plan\u00e8te.<\/p><\/div><ul class=\"gb-social-links\"><\/ul><\/div><\/div>\n\n\n\n<div style=\"text-align:center\" class=\"wp-block-genesis-blocks-gb-button gb-block-button\"><a href=\"https:\/\/www.mapiful.com\/fr\/editor\/#!\/location\/?NELat=49.043269300657656&amp;NELng=2.555007934570313&amp;SWLat=48.66965226164767&amp;SWLng=2.1492004394531254&amp;divider=France&amp;headline=Paris&amp;height=8268&amp;orientation=portrait-fr&amp;size=56649&amp;sku=mapiful-poster-50x70&amp;style=gaia&amp;tagline=48.856%C2%B0N+%2F+2.3521%C2%B0E&amp;theme=gaia&amp;utm_campagn=editor_share&amp;utm_medium=link&amp;utm_source=shared&amp;variation=56651&amp;width=5906&amp;zoom=11\" class=\"gb-button gb-button-shape-rounded gb-button-size-medium\" style=\"color:#ffffff;background-color:#9a4823\"><strong>Cr\u00e9e ton affiche<\/strong><\/a><\/div>\n<\/div><\/div>\n\n\n\n<div class=\"wp-block-genesis-blocks-gb-column gb-block-layout-column\"><div class=\"gb-block-layout-column-inner\">\n<div style=\"background-color:#ffffff;color:#4d2813\" class=\"wp-block-genesis-blocks-gb-profile-box center square gb-has-avatar gb-font-size-16 gb-block-profile gb-profile-columns\"><div class=\"gb-profile-column gb-profile-avatar-wrap\"><div class=\"gb-profile-image-wrap\"><figure class=\"gb-profile-image-square\"><img decoding=\"async\" class=\"gb-profile-avatar wp-image-6993\" src=\"https:\/\/www.mapiful.com\/content\/uploads\/2020\/09\/LPF04950-scaled.jpg\" alt=\"\"\/><\/figure><\/div><\/div><div class=\"gb-profile-column gb-profile-content-wrap\"><h2 class=\"gb-profile-name\" style=\"color:#4d2813\">Mapiful Star<\/h2><p class=\"gb-profile-title\" style=\"color:#4d2813\">\u201cJe suis tr\u00e8s contente de proposer un Mapiful Star car symboliquement je trouve tr\u00e8s beau de pouvoir figer une date et un lieu avec la position des \u00e9toiles.\u201d<\/p><div class=\"gb-profile-text\"><p>Ces tons chauds ajouteront une touche r\u00e9tro \u00e0 votre propre alignement des \u00e9toiles!<\/p><\/div><ul class=\"gb-social-links\"><\/ul><\/div><\/div>\n\n\n\n<div style=\"text-align:center\" class=\"wp-block-genesis-blocks-gb-button gb-block-button\"><a href=\"https:\/\/www.mapiful.com\/fr\/starmap-editor\/#\/editor\" class=\"gb-button gb-button-shape-rounded gb-button-size-medium\" style=\"color:#ffffff;background-color:#9a4823\"><strong>Cr\u00e9e ton affiche<\/strong><\/a><\/div>\n<\/div><\/div>\n\n\n\n<div class=\"wp-block-genesis-blocks-gb-column gb-block-layout-column\"><div class=\"gb-block-layout-column-inner\">\n<div style=\"background-color:#ffffff;color:#4d2813\" class=\"wp-block-genesis-blocks-gb-profile-box center square gb-has-avatar gb-font-size-16 gb-block-profile gb-profile-columns\"><div class=\"gb-profile-column gb-profile-avatar-wrap\"><div class=\"gb-profile-image-wrap\"><figure class=\"gb-profile-image-square\"><img decoding=\"async\" class=\"gb-profile-avatar wp-image-6999\" src=\"https:\/\/www.mapiful.com\/content\/uploads\/2020\/09\/LPF04949-scaled.jpg\" alt=\"\"\/><\/figure><\/div><\/div><div class=\"gb-profile-column gb-profile-content-wrap\"><h2 class=\"gb-profile-name\" style=\"color:#4d2813\">Mapiful Zodiac<\/h2><p class=\"gb-profile-title\" style=\"color:#4d2813\">\u201cCr\u00e9er un Mapiful Zodiac fut une \u00e9vidence car ma grand-m\u00e8re \u00e9tait astrologue, et j\u2019ai toujours \u00e9t\u00e9 guid\u00e9e par l\u2019astrologie.\u201d<\/p><div class=\"gb-profile-text\"><p>Faites ressortir votre signe astro sur des tons doux avec ce beige tr\u00e8s en vogue cet automne!<\/p><\/div><ul class=\"gb-social-links\"><\/ul><\/div><\/div>\n\n\n\n<div style=\"text-align:center\" class=\"wp-block-genesis-blocks-gb-button gb-block-button\"><a href=\"https:\/\/www.mapiful.com\/fr\/zodiac-editor\/#\/editor\" class=\"gb-button gb-button-shape-rounded gb-button-size-medium\" style=\"color:#ffffff;background-color:#9a4823\"><strong>Cr\u00e9e ton affich<\/strong>e<\/a><\/div>\n<\/div><\/div>\n<\/div><\/div>\n\n\n\n<div class=\"wp-block-genesis-blocks-gb-container gb-block-container\"><div class=\"gb-container-inside\"><div class=\"gb-container-content\" style=\"max-width:600px\">\n<div style=\"height:30px\" aria-hidden=\"true\" class=\"wp-block-spacer\"><\/div>\n\n\n\n<h2 class=\"has-text-color has-text-align-center wp-block-heading\" style=\"color:#4d2813\">Inspiration &#8220;Mid-century&#8221;<\/h2>\n\n\n\n<p style=\"color:#4d2813\" class=\"has-text-color has-text-align-center\">Curieux de conna\u00eetre le processus de conception ou l&#8217;id\u00e9e derri\u00e8re le nom Ga\u00efa ? Le vlog de Margot te r\u00e9v\u00e8le tous les secrets des coulisses !<\/p>\n\n\n\n<iframe loading=\"lazy\" class=\"\u201cw-100\u201d\" width=\"560\" height=\"315\" src=\"https:\/\/www.youtube.com\/embed\/DuwqGoj0w2M\" frameborder=\"0\" allow=\"accelerometer; autoplay; clipboard-write; encrypted-media; gyroscope; picture-in-picture\" allowfullscreen=\"\"><\/iframe>\n\n\n\n<p><\/p>\n<\/div><\/div><\/div>\n\n\n\n<div style=\"height:30px\" aria-hidden=\"true\" class=\"wp-block-spacer\"><\/div>\n\n\n\n<div style=\"background-color:#f9f1e7;padding-left:5.5%;padding-right:5.5%;padding-bottom:4%;padding-top:4%\" class=\"wp-block-genesis-blocks-gb-container gb-block-container\"><div class=\"gb-container-inside\"><div class=\"gb-container-content\" style=\"max-width:1000px\">\n<div style=\"height:20px\" aria-hidden=\"true\" class=\"wp-block-spacer\"><\/div>\n\n\n\n<h3 class=\"has-text-color has-text-align-center wp-block-heading\" style=\"color:#4d2813\">Pour toute affiche = 1\u20ac revers\u00e9<\/h3>\n\n\n\n<div class=\"wp-block-image\"><figure class=\"aligncenter size-thumbnail is-resized\"><img loading=\"lazy\" decoding=\"async\" src=\"https:\/\/www.mapiful.com\/content\/uploads\/2020\/09\/pngegg-150x150.png\" alt=\"\" class=\"wp-image-6638\" width=\"75\" height=\"75\"\/><\/figure><\/div>\n\n\n\n<p style=\"color:#4d2813\" class=\"has-text-color has-text-align-center\">Pour chaque tirage Ga\u00efa achet\u00e9, Mapiful fait un don de 1\u20ac \u00e0 l&#8217;association caritative choisie par Margot, la Surfrider Foundation.<br><br>D\u00e9di\u00e9e \u00e0 la protection des plages et oc\u00e9ans de notre monde, il \u00e9tait important pour elle de choisir une organisation \u00e9cologique en qui elle a confiance et qui repr\u00e9sente une cause qui lui tient \u00e0 c\u0153ur depuis toujours. <\/p>\n\n\n\n<div style=\"text-align:center\" class=\"wp-block-genesis-blocks-gb-button gb-block-button\"><a href=\"https:\/\/surfrider.eu\/\" target=\"_blank\" rel=\"noopener noreferrer\" class=\"gb-button gb-button-shape-rounded gb-button-size-medium\" style=\"color:#ffffff;background-color:#9a4823\">En savoir +<\/a><\/div>\n<\/div><\/div><\/div>\n\n\n\n<div style=\"height:20px\" aria-hidden=\"true\" class=\"wp-block-spacer\"><\/div>\n\n\n\n<p style=\"color:#4d2813\" class=\"has-text-color has-text-align-center has-small-font-size\">Images photographi\u00e9es par la talentueuse @palmer.film<\/p>\n\n\n\n<div style=\"height:30px\" aria-hidden=\"true\" class=\"wp-block-spacer\"><\/div>\n\n\n\n<p><\/p>\n","protected":false},"excerpt":{"rendered":"<p>Images photographi\u00e9es par la talentueuse @palmer.film<\/p>\n","protected":false},"author":1,"featured_media":0,"parent":0,"menu_order":20,"comment_status":"closed","ping_status":"closed","template":"","meta":{"footnotes":""},"class_list":["post-1031077","page","type-page","status-publish","hentry"],"acf":[],"featured_image_urls_v2":{"full":"","thumbnail":"","medium":"","medium_large":"","large":"","1536x1536":"","2048x2048":"","woocommerce_thumbnail":"","woocommerce_single":"","woocommerce_gallery_thumbnail":"","wc_order_status_icon":""},"post_excerpt_stackable_v2":"<p>Cr\u00e9e en hommage \u00e0 notre plan\u00e8te D\u00e9couvre Ga\u00efa, la collection \u00e9co-responsable Apporte une touche d\u2019\u00e9l\u00e9gance \u00e0 ta d\u00e9coration avec ces trois mod\u00e8les d\u2019inspiration \u00ab&nbsp;mid-century&nbsp;\u00bb, cr\u00e9\u00e9s en exclusivit\u00e9 par l\u2019influenceuse Margot @YouMakeFashion. Pour toute affiche = 1\u20ac revers\u00e9 pour la protection des plages et oc\u00e9ans Ach\u00e8te la collection Produite consciemment Comme toutes nos impressions, cette collection utilise du papier certifi\u00e9 FSC, des encres non toxiques et \u00e9cologiques, et est imprim\u00e9e et produite localement, le plus pr\u00e8s de chez vous. Cela permet de r\u00e9duire le transport des tirages de 90 % et de diminuer les \u00e9missions de carbone li\u00e9es au processus d&#8217;exp\u00e9dition.\u2026<\/p>\n","category_list_v2":"","author_info_v2":{"name":"Edvin Brobeck","url":"https:\/\/www.mapiful.com\/fr\/blog\/author\/admin\/"},"comments_num_v2":"0 commentaire","_links":{"self":[{"href":"https:\/\/www.mapiful.com\/fr\/wp-json\/wp\/v2\/pages\/1031077"}],"collection":[{"href":"https:\/\/www.mapiful.com\/fr\/wp-json\/wp\/v2\/pages"}],"about":[{"href":"https:\/\/www.mapiful.com\/fr\/wp-json\/wp\/v2\/types\/page"}],"author":[{"embeddable":true,"href":"https:\/\/www.mapiful.com\/fr\/wp-json\/wp\/v2\/users\/1"}],"replies":[{"embeddable":true,"href":"https:\/\/www.mapiful.com\/fr\/wp-json\/wp\/v2\/comments?post=1031077"}],"version-history":[{"count":0,"href":"https:\/\/www.mapiful.com\/fr\/wp-json\/wp\/v2\/pages\/1031077\/revisions"}],"wp:attachment":[{"href":"https:\/\/www.mapiful.com\/fr\/wp-json\/wp\/v2\/media?parent=1031077"}],"curies":[{"name":"wp","href":"https:\/\/api.w.org\/{rel}","templated":true}]}}