{"id":1310841,"date":"2021-04-22T08:19:34","date_gmt":"2021-04-22T06:19:34","guid":{"rendered":"https:\/\/www.mapiful.com\/?page_id=1310841"},"modified":"2021-04-22T15:13:11","modified_gmt":"2021-04-22T13:13:11","slug":"la-qualite-compte","status":"publish","type":"page","link":"https:\/\/www.mapiful.com\/fr\/la-qualite-compte\/","title":{"rendered":"La Qualit\u00e9 Compte"},"content":{"rendered":"\n<div class=\"alignfull wp-block-ugb-container ugb-container ugb-b724a95 ugb-container--v2 ugb-container--design-plain ugb-main-block ugb-main-block--inner-wide ugb--has-block-background\"><style>.ugb-b724a95 h1,.ugb-b724a95 h2,.ugb-b724a95 h3,.ugb-b724a95 h4,.ugb-b724a95 h5,.ugb-b724a95 h6{color:#ffffff}.ugb-b724a95 p,.ugb-b724a95 li,.ugb-b724a95 label,.ugb-b724a95 table{color:#ffffff}.ugb-b724a95 a,.ugb-b724a95 a:visited,.ugb-b724a95 a:focus{color:#ffffff}.ugb-b724a95 a:hover{color:#F8F5F2}.ugb-b724a95-content-wrapper > h1,.ugb-b724a95-content-wrapper > h2,.ugb-b724a95-content-wrapper > h3,.ugb-b724a95-content-wrapper > h4,.ugb-b724a95-content-wrapper > h5,.ugb-b724a95-content-wrapper > h6{color:#ffffff}.ugb-b724a95-content-wrapper > p,.ugb-b724a95-content-wrapper > ol li,.ugb-b724a95-content-wrapper > ul li{color:#ffffff}.ugb-b724a95.ugb-container{background-color:#2F394B}.ugb-b724a95.ugb-container:before{background-color:#2F394B}@media screen and (min-width:768px){.ugb-b724a95 > .ugb-inner-block > .ugb-block-content > *{padding-top:0px !important;padding-bottom:0px !important;padding-right:0px !important;padding-left:0px !important}}@media screen and (max-width:768px){.ugb-b724a95 > .ugb-inner-block > .ugb-block-content > *{padding-top:0px !important;padding-right:0px !important;padding-bottom:0px !important;padding-left:0px !important}}<\/style><div class=\"ugb-inner-block ugb-inner-block--wide\"><div class=\"ugb-block-content\"><div class=\"ugb-container__wrapper ugb-b724a95-wrapper\"><div class=\"ugb-container__side\"><div class=\"ugb-container__content-wrapper ugb-b724a95-content-wrapper\">\n<div class=\"wp-block-ugb-text ugb-text ugb-2928a61 ugb-text--design-plain ugb-text--columns-1 ugb-main-block\"><style>.ugb-2928a61 .ugb-text__title{font-size:38px !important;font-weight:600 !important}.ugb-2928a61 .ugb-text__text p{font-size:22px !important}@media screen and (max-width:768px){.ugb-2928a61 .ugb-text__title{text-align:center}.ugb-2928a61 .ugb-inner-block{text-align:center}}<\/style><div class=\"ugb-inner-block\"><div class=\"ugb-block-content\"><div class=\"ugb-text__title-wrapper\"><h1 class=\"ugb-text__title\">La Qualit\u00e9 Compte<\/h1><\/div><div class=\"ugb-text__text-wrapper\"><div class=\"ugb-text__text\"><p class=\"ugb-text__text-1\">Un d\u00e9cor personnalis\u00e9 qui permet \u00e0 vos r\u00e9alisations de durer toute une vie<\/p><\/div><\/div><\/div><\/div><\/div>\n<\/div><\/div><\/div><\/div><\/div><\/div>\n\n\n\n<div class=\"wp-block-genesis-blocks-gb-container gb-block-container\"><div class=\"gb-container-inside\"><div class=\"gb-container-content\" style=\"max-width:1600px\"><\/div><\/div><\/div>\n\n\n\n<div class=\"alignfull wp-block-ugb-container ugb-container ugb-fa7d58f ugb-container--v2 ugb-container--design-basic ugb-main-block ugb-main-block--inner-full ugb--has-block-background\"><style>.ugb-fa7d58f-wrapper.ugb-container__wrapper{border-radius:0px !important}.ugb-fa7d58f.ugb-container{background-color:#ffffff}.ugb-fa7d58f.ugb-container:before{background-color:#ffffff}@media screen and (max-width:768px){.ugb-fa7d58f.ugb-container{margin-top:0px !important;margin-bottom:0px !important;padding-top:0px !important;padding-right:0px !important;padding-bottom:0px !important;padding-left:0px !important}}@media screen and (min-width:768px){.ugb-fa7d58f > .ugb-inner-block > .ugb-block-content > *{padding-top:10px !important;padding-bottom:10px !important;padding-right:10px !important;padding-left:10px !important}}@media screen and (max-width:768px){.ugb-fa7d58f > .ugb-inner-block > .ugb-block-content > *{padding-top:5px !important;padding-right:5px !important;padding-bottom:5px !important;padding-left:5px !important}}<\/style><div class=\"ugb-inner-block ugb-inner-block--full\"><div class=\"ugb-block-content\"><div class=\"ugb-container__wrapper ugb-fa7d58f-wrapper ugb--shadow-0\"><div class=\"ugb-container__side\"><div class=\"ugb-container__content-wrapper ugb-fa7d58f-content-wrapper\">\n<div class=\"alignfull wp-block-ugb-columns ugb-columns ugb-186957d ugb-columns--design-plain ugb-columns--columns-2 ugb-main-block ugb-main-block--inner-wide ugb--has-block-background\"><style>.ugb-186957d{padding-left:0 !important;padding-right:0 !important;padding:0 !important}.ugb-186957d.ugb-columns{background-color:#ffffff}.ugb-186957d.ugb-columns:before{background-color:#ffffff}@media screen and (max-width:768px){.ugb-186957d-content-wrapper{grid-row-gap:0 !important;grid-column-gap:0px !important}.ugb-186957d.ugb-columns{margin-right:0px !important;margin-left:0px !important;margin-top:0px !important;margin-bottom:0px !important}}<\/style><div class=\"ugb-inner-block ugb-inner-block--wide\"><div class=\"ugb-block-content\"><div class=\"ugb-columns__item ugb-186957d-content-wrapper\">\n<div class=\"wp-block-ugb-column ugb-column ugb-2f54e10 ugb-column--design-basic ugb-main-block\"><style>.ugb-2f54e10-column-wrapper{border-radius:0px !important;background-image:url(https:\/\/www.mapiful.com\/content\/uploads\/2021\/04\/QUALITYPAGE2.jpg)}.ugb-2f54e10-column-wrapper:before{opacity:0.5}.ugb-2f54e10.ugb-column{min-height:600px}@media screen and (max-width:768px){.ugb-2f54e10.ugb-column{min-height:300px}}@media screen and (-ms-high-contrast:active),screen and (-ms-high-contrast:none){.ugb-2f54e10.ugb-column{height:600px}}<\/style><div class=\"ugb-inner-block\"><div class=\"ugb-block-content\"><div class=\"ugb-column__item ugb-2f54e10-column-wrapper ugb--shadow-0 ugb--has-background-overlay\"><div class=\"ugb-column__content-wrapper\"><\/div><\/div><\/div><\/div><\/div>\n\n\n\n<div class=\"wp-block-ugb-column ugb-column ugb-0e110ef ugb-column--design-plain ugb-main-block\"><style>.ugb-0e110ef h1,.ugb-0e110ef h2,.ugb-0e110ef h3,.ugb-0e110ef h4,.ugb-0e110ef h5,.ugb-0e110ef h6{color:#000000}.ugb-0e110ef p,.ugb-0e110ef li,.ugb-0e110ef label,.ugb-0e110ef table{color:#62636B}.ugb-0e110ef-column-wrapper > * > h1,.ugb-0e110ef-column-wrapper > * > h2,.ugb-0e110ef-column-wrapper > * > h3,.ugb-0e110ef-column-wrapper > * > h4,.ugb-0e110ef-column-wrapper > * > h5,.ugb-0e110ef-column-wrapper > * > h6{color:#000000}.ugb-0e110ef-column-wrapper > * > p,.ugb-0e110ef-column-wrapper > * > ol li,.ugb-0e110ef-column-wrapper > * > ul li{color:#62636B}@media screen and (min-width:768px){.ugb-0e110ef > .ugb-inner-block > .ugb-block-content > *{justify-content:center}}.ugb-0e110ef > .ugb-inner-block > .ugb-block-content > *{justify-content:center !important}@media screen and (min-width:768px){.ugb-0e110ef > .ugb-inner-block > .ugb-block-content > *{padding-top:40px !important;padding-bottom:40px !important;padding-right:40px !important;padding-left:40px !important}}@media screen and (max-width:768px){.ugb-0e110ef > .ugb-inner-block > .ugb-block-content > *{padding-top:30px !important;padding-right:30px !important;padding-bottom:30px !important;padding-left:30px !important}}<\/style><div class=\"ugb-inner-block\"><div class=\"ugb-block-content\"><div class=\"ugb-column__item ugb-0e110ef-column-wrapper\"><div class=\"ugb-column__content-wrapper\">\n<div class=\"wp-block-ugb-text ugb-text ugb-a51d348 ugb-text--design-plain ugb-text--columns-1 ugb-text--subtitle-top ugb-main-block\"><style>.ugb-a51d348 .ugb-text__title{font-size:38px !important}.ugb-a51d348 .ugb-text__subtitle{font-size:16px !important;font-weight:500 !important;text-transform:uppercase !important;letter-spacing:1px !important;color:#995955}.ugb-a51d348 .ugb-text__text p{line-height:2em !important}@media screen and (max-width:768px){.ugb-a51d348 .ugb-text__title{text-align:center}.ugb-a51d348 .ugb-inner-block{text-align:center}}<\/style><div class=\"ugb-inner-block\"><div class=\"ugb-block-content\"><div class=\"ugb-text__title-wrapper\"><h2 class=\"ugb-text__title\">Nos affiches<\/h2><p class=\"ugb-text__subtitle\">QUALIT\u00c9 DU PAPIER ET DE L&#8217;ENCRE<\/p><\/div><div class=\"ugb-text__text-wrapper\"><div class=\"ugb-text__text\"><p class=\"ugb-text__text-1\">Nos posters Mapiful personnalis\u00e9s sont soigneusement imprim\u00e9s sur du papier certifi\u00e9 FSC\u00ae, ce qui garantit que le papier r\u00e9pond aux normes environnementales les plus strictes. <br><br>Nous utilisons un papier lourd, de qualit\u00e9 mus\u00e9e, d&#8217;un poids de 200g\/m\u00b2, assurant la long\u00e9vit\u00e9 pour que vous puissiez admirer les moments les plus chers \u00e0 votre c\u0153ur pendant des ann\u00e9es. <br><br>Nos encres ultra pr\u00e9cises capturent chaque d\u00e9tail complexe du dessin que vous avez choisi et assurent une finition nette et lisse.<br><\/p><\/div><\/div><\/div><\/div><\/div>\n<\/div><\/div><\/div><\/div><\/div>\n<\/div><\/div><\/div><\/div>\n<\/div><\/div><\/div><\/div><\/div><\/div>\n\n\n\n<div class=\"alignfull wp-block-ugb-container ugb-container ugb-f43d1ce ugb-container--v2 ugb-container--design-basic ugb-main-block ugb-main-block--inner-full ugb--has-block-background\"><style>.ugb-f43d1ce-wrapper.ugb-container__wrapper{border-radius:0px !important}.ugb-f43d1ce.ugb-container{background-color:#ffffff}.ugb-f43d1ce.ugb-container:before{background-color:#ffffff}@media screen and (max-width:768px){.ugb-f43d1ce.ugb-container{margin-top:0px !important;margin-bottom:0px !important;padding-top:0px !important;padding-right:0px !important;padding-bottom:0px !important;padding-left:0px !important}}@media screen and (min-width:768px){.ugb-f43d1ce > .ugb-inner-block > .ugb-block-content > *{padding-top:10px !important;padding-bottom:10px !important;padding-right:10px !important;padding-left:10px !important}}@media screen and (max-width:768px){.ugb-f43d1ce > .ugb-inner-block > .ugb-block-content > *{padding-top:5px !important;padding-right:5px !important;padding-bottom:5px !important;padding-left:5px !important}}<\/style><div class=\"ugb-inner-block ugb-inner-block--full\"><div class=\"ugb-block-content\"><div class=\"ugb-container__wrapper ugb-f43d1ce-wrapper ugb--shadow-0\"><div class=\"ugb-container__side\"><div class=\"ugb-container__content-wrapper ugb-f43d1ce-content-wrapper\">\n<div class=\"alignfull wp-block-ugb-columns ugb-columns ugb-4a86859 ugb-columns--design-plain ugb-columns--columns-2 ugb-main-block ugb-main-block--inner-wide ugb--has-block-background\"><style>.ugb-4a86859{padding-left:0 !important;padding-right:0 !important;padding:0 !important}.ugb-4a86859.ugb-columns{background-color:#ffffff}.ugb-4a86859.ugb-columns:before{background-color:#ffffff}@media screen and (max-width:768px){.ugb-4a86859-content-wrapper{grid-row-gap:0 !important;grid-column-gap:0px !important}.ugb-4a86859.ugb-columns{margin-right:0px !important;margin-left:0px !important;margin-top:0px !important;margin-bottom:0px !important}}<\/style><div class=\"ugb-inner-block ugb-inner-block--wide\"><div class=\"ugb-block-content\"><div class=\"ugb-columns__item ugb-4a86859-content-wrapper\">\n<div class=\"wp-block-ugb-column ugb-column ugb-c1152fe ugb-column--design-plain ugb-main-block\"><style>.ugb-c1152fe h1,.ugb-c1152fe h2,.ugb-c1152fe h3,.ugb-c1152fe h4,.ugb-c1152fe h5,.ugb-c1152fe h6{color:#000000}.ugb-c1152fe p,.ugb-c1152fe li,.ugb-c1152fe label,.ugb-c1152fe table{color:#62636B}.ugb-c1152fe-column-wrapper > * > h1,.ugb-c1152fe-column-wrapper > * > h2,.ugb-c1152fe-column-wrapper > * > h3,.ugb-c1152fe-column-wrapper > * > h4,.ugb-c1152fe-column-wrapper > * > h5,.ugb-c1152fe-column-wrapper > * > h6{color:#000000}.ugb-c1152fe-column-wrapper > * > p,.ugb-c1152fe-column-wrapper > * > ol li,.ugb-c1152fe-column-wrapper > * > ul li{color:#62636B}@media screen and (min-width:768px){.ugb-c1152fe > .ugb-inner-block > .ugb-block-content > *{justify-content:center}}.ugb-c1152fe > .ugb-inner-block > .ugb-block-content > *{justify-content:center !important}@media screen and (min-width:768px){.ugb-c1152fe > .ugb-inner-block > .ugb-block-content > *{padding-top:40px !important;padding-bottom:40px !important;padding-right:40px !important;padding-left:40px !important}}@media screen and (max-width:768px){.ugb-c1152fe > .ugb-inner-block > .ugb-block-content > *{padding-top:30px !important;padding-right:30px !important;padding-bottom:30px !important;padding-left:30px !important}}<\/style><div class=\"ugb-inner-block\"><div class=\"ugb-block-content\"><div class=\"ugb-column__item ugb-c1152fe-column-wrapper\"><div class=\"ugb-column__content-wrapper\">\n<div class=\"wp-block-ugb-text ugb-text ugb-c38765a ugb-text--design-plain ugb-text--columns-1 ugb-text--subtitle-top ugb-main-block\"><style>.ugb-c38765a .ugb-text__title{font-size:38px !important}.ugb-c38765a .ugb-text__subtitle{font-size:16px !important;font-weight:500 !important;text-transform:uppercase !important;letter-spacing:1px !important;color:#995955}.ugb-c38765a .ugb-text__text p{line-height:2em !important}@media screen and (max-width:768px){.ugb-c38765a .ugb-text__title{text-align:center}.ugb-c38765a .ugb-inner-block{text-align:center}}<\/style><div class=\"ugb-inner-block\"><div class=\"ugb-block-content\"><div class=\"ugb-text__title-wrapper\"><h2 class=\"ugb-text__title\">Cadres et pinces \u00e0 affiches<\/h2><p class=\"ugb-text__subtitle\">ROBUSTE ET DURABLE<\/p><\/div><div class=\"ugb-text__text-wrapper\"><div class=\"ugb-text__text\"><p class=\"ugb-text__text-1\">Le bois que nous utilisons pour fabriquer nos cadres traditionnels et pinces \u00e0 affiches est solide et de haute qualit\u00e9, et r\u00e9pond \u00e9galement aux normes FSC\u00ae. <br><br>Nos cadres traditionnels sont robustes et l\u00e9gers, et sont dot\u00e9s d&#8217;un m\u00e9canisme de montage facile et d&#8217;un plexiglas de 1 mm d&#8217;\u00e9paisseur qui donne une tr\u00e8s bonne visibilit\u00e9 \u00e0 votre art mural. <br><br>Nos pinces \u00e0 affiches scandinaves sont \u00e9galement livr\u00e9es avec un cordon en cuir de qualit\u00e9 sup\u00e9rieure pour un accrochage rapide et simple.<br><\/p><\/div><\/div><\/div><\/div><\/div>\n<\/div><\/div><\/div><\/div><\/div>\n\n\n\n<div class=\"wp-block-ugb-column ugb-column ugb-db1a71f ugb-column--design-basic ugb-main-block\"><style>.ugb-db1a71f-column-wrapper{border-radius:0px !important;background-image:url(https:\/\/www.mapiful.com\/content\/uploads\/2021\/04\/QUALITY_PAGE.jpg)}.ugb-db1a71f-column-wrapper:before{opacity:0.5}.ugb-db1a71f.ugb-column{min-height:600px}@media screen and (max-width:768px){.ugb-db1a71f.ugb-column{min-height:300px}}@media screen and (-ms-high-contrast:active),screen and (-ms-high-contrast:none){.ugb-db1a71f.ugb-column{height:600px}}<\/style><div class=\"ugb-inner-block\"><div class=\"ugb-block-content\"><div class=\"ugb-column__item ugb-db1a71f-column-wrapper ugb--shadow-0 ugb--has-background-overlay\"><div class=\"ugb-column__content-wrapper\"><\/div><\/div><\/div><\/div><\/div>\n<\/div><\/div><\/div><\/div>\n<\/div><\/div><\/div><\/div><\/div><\/div>\n\n\n\n<div class=\"alignfull wp-block-ugb-container ugb-container ugb-b735a67 ugb-container--v2 ugb-container--design-plain ugb-main-block ugb-main-block--inner-center ugb--has-block-background\"><style>.ugb-b735a67 p,.ugb-b735a67 li,.ugb-b735a67 label,.ugb-b735a67 table{color:#62636B}.ugb-b735a67-content-wrapper > p,.ugb-b735a67-content-wrapper > ol li,.ugb-b735a67-content-wrapper > ul li{color:#62636B}.ugb-b735a67.ugb-container{background-color:#F8F5F2}.ugb-b735a67{padding:0 !important}.ugb-b735a67.ugb-container:before{background-color:#F8F5F2}@media screen and (max-width:768px){.ugb-b735a67.ugb-container{padding-right:30px !important;padding-left:30px !important}}<\/style><div class=\"ugb-inner-block ugb-inner-block--center\"><div class=\"ugb-block-content\"><div class=\"ugb-container__wrapper ugb-b735a67-wrapper\"><div class=\"ugb-container__side\"><div class=\"ugb-container__content-wrapper ugb-b735a67-content-wrapper\">\n<div class=\"wp-block-ugb-text ugb-text ugb-370d4d0 ugb-text--design-plain ugb-text--columns-1 ugb-main-block\"><style>.ugb-370d4d0 .ugb-text__title{font-size:38px !important;text-align:center}.ugb-370d4d0 .ugb-text__text p{line-height:1.5em !important}.ugb-370d4d0 .ugb-inner-block{text-align:center}<\/style><div class=\"ugb-inner-block\"><div class=\"ugb-block-content\"><div class=\"ugb-text__title-wrapper\"><h2 class=\"ugb-text__title\">Une qualit\u00e9 qui dure<\/h2><\/div><div class=\"ugb-text__text-wrapper\"><div class=\"ugb-text__text\"><p class=\"ugb-text__text-1\">Chaque affiche est envelopp\u00e9e dans une housse de soie protectrice et soigneusement emball\u00e9e dans nos colis en carton solides et recyclables. <br><br>Une fois que vous avez d\u00e9ball\u00e9 votre Mapiful, gardez-le \u00e0 l&#8217;abri de la lumi\u00e8re directe du soleil et de l&#8217;humidit\u00e9. Un chiffon sec et propre enl\u00e8vera la poussi\u00e8re facilement et sans dommage. Si votre Mapiful s&#8217;enroule un peu, mettez-le \u00e0 plat et placez de petits objets lest\u00e9s sur chacun de ses coins. Il sera pr\u00eat \u00e0 \u00eatre suspendu en un rien de temps ! <br><br>Pour que votre Mapiful se sente encore plus aim\u00e9, continuez \u00e0 partager les histoires personnelles que vous avez \u00e0 dire sur lui, encore et encore !<\/p><\/div><\/div><\/div><\/div><\/div>\n\n\n\n<div class=\"wp-block-ugb-button ugb-button-wrapper ugb-0eb8bba ugb-main-block\"><style>.ugb-0eb8bba .ugb-block-content{justify-content:center}.ugb-0eb8bba .ugb-button1{background-color:#2F394B;padding-top:20px;padding-right:40px;padding-bottom:20px;padding-left:40px;border-radius:0px !important}.ugb-0eb8bba .ugb-button1 .ugb-button--inner,.ugb-0eb8bba .ugb-button1 svg:not(.ugb-custom-icon){color:#ffffff !important}.ugb-0eb8bba .ugb-button1:before{border-radius:0px !important}.ugb-0eb8bba .ugb-inner-block{text-align:center}<\/style><div class=\"ugb-inner-block\"><div class=\"ugb-block-content\"><div class=\"ugb-button-container\"><a class=\"ugb-button1 ugb-button ugb-button--size-normal\" href=\"https:\/\/www.mapiful.com\/fr\/editor\/\" rel=\"\" title=\"\"><span class=\"ugb-button--inner\">Cr\u00e9er ton Mapiful<\/span><\/a><\/div><\/div><\/div><\/div>\n<\/div><\/div><\/div><\/div><\/div><\/div>\n","protected":false},"excerpt":{"rendered":"<p>La Qualit\u00e9 Compte Un d\u00e9cor personnalis\u00e9 qui permet \u00e0 vos r\u00e9alisations de durer toute une vie Nos affiches QUALIT\u00c9 DU PAPIER ET DE L&#8217;ENCRE Nos posters Mapiful personnalis\u00e9s sont soigneusement imprim\u00e9s sur du papier certifi\u00e9 FSC\u00ae, ce qui garantit que le papier r\u00e9pond aux normes environnementales les plus strictes. Nous utilisons un papier lourd, de&#8230;<\/p>\n","protected":false},"author":1,"featured_media":0,"parent":0,"menu_order":14,"comment_status":"closed","ping_status":"closed","template":"","meta":{"footnotes":""},"class_list":["post-1310841","page","type-page","status-publish","hentry"],"acf":[],"featured_image_urls_v2":{"full":"","thumbnail":"","medium":"","medium_large":"","large":"","1536x1536":"","2048x2048":"","woocommerce_thumbnail":"","woocommerce_single":"","woocommerce_gallery_thumbnail":"","wc_order_status_icon":""},"post_excerpt_stackable_v2":"<p>La Qualit\u00e9 CompteUn d\u00e9cor personnalis\u00e9 qui permet \u00e0 vos r\u00e9alisations de durer toute une vie Nos affichesQUALIT\u00c9 DU PAPIER ET DE L&#8217;ENCRENos posters Mapiful personnalis\u00e9s sont soigneusement imprim\u00e9s sur du papier certifi\u00e9 FSC\u00ae, ce qui garantit que le papier r\u00e9pond aux normes environnementales les plus strictes. Nous utilisons un papier lourd, de qualit\u00e9 mus\u00e9e, d&#8217;un poids de 200g\/m\u00b2, assurant la long\u00e9vit\u00e9 pour que vous puissiez admirer les moments les plus chers \u00e0 votre c\u0153ur pendant des ann\u00e9es. Nos encres ultra pr\u00e9cises capturent chaque d\u00e9tail complexe du dessin que vous avez choisi et assurent une finition nette et lisse. Cadres et\u2026<\/p>\n","category_list_v2":"","author_info_v2":{"name":"Edvin Brobeck","url":"https:\/\/www.mapiful.com\/fr\/blog\/author\/admin\/"},"comments_num_v2":"0 commentaire","_links":{"self":[{"href":"https:\/\/www.mapiful.com\/fr\/wp-json\/wp\/v2\/pages\/1310841"}],"collection":[{"href":"https:\/\/www.mapiful.com\/fr\/wp-json\/wp\/v2\/pages"}],"about":[{"href":"https:\/\/www.mapiful.com\/fr\/wp-json\/wp\/v2\/types\/page"}],"author":[{"embeddable":true,"href":"https:\/\/www.mapiful.com\/fr\/wp-json\/wp\/v2\/users\/1"}],"replies":[{"embeddable":true,"href":"https:\/\/www.mapiful.com\/fr\/wp-json\/wp\/v2\/comments?post=1310841"}],"version-history":[{"count":0,"href":"https:\/\/www.mapiful.com\/fr\/wp-json\/wp\/v2\/pages\/1310841\/revisions"}],"wp:attachment":[{"href":"https:\/\/www.mapiful.com\/fr\/wp-json\/wp\/v2\/media?parent=1310841"}],"curies":[{"name":"wp","href":"https:\/\/api.w.org\/{rel}","templated":true}]}}