{"id":1336337,"date":"2021-05-21T15:23:23","date_gmt":"2021-05-21T13:23:23","guid":{"rendered":"https:\/\/www.mapiful.com\/?page_id=1336337"},"modified":"2021-05-21T15:23:24","modified_gmt":"2021-05-21T13:23:24","slug":"renvoyer-le-mail-de-commande","status":"publish","type":"page","link":"https:\/\/www.mapiful.com\/fr\/renvoyer-le-mail-de-commande\/","title":{"rendered":"Renvoyer l&#8217;e-mail de commande"},"content":{"rendered":"\n<div class=\"wp-block-ugb-container ugb-container ugb-bc0c89c ugb-container--v2 ugb-container--design-plain ugb-main-block ugb--has-custom-content-width\"><style>.ugb-bc0c89c.ugb-container > .ugb-inner-block{max-width:640px !important}<\/style><div class=\"ugb-inner-block\"><div class=\"ugb-block-content\"><div class=\"ugb-container__wrapper ugb-bc0c89c-wrapper\"><div class=\"ugb-container__side\"><div class=\"ugb-container__content-wrapper ugb-bc0c89c-content-wrapper\">\n<div class=\"wp-block-ugb-text ugb-text ugb-aa33850 ugb-text--design-plain ugb-text--columns-1 ugb-main-block\"><div class=\"ugb-inner-block\"><div class=\"ugb-block-content\"><div class=\"ugb-text__text-wrapper\"><div class=\"ugb-text__text\"><p class=\"ugb-text__text-1\">Veuillez entrer, ci dessous, votre num\u00e9ro de commande ou votre adresse e-mail et nous vous renverons la confirmation de votre commande. Pensez \u00e9galement \u00e0 bien v\u00e9rifier vos ind\u00e9sirables et \u00e0 chercher un e-mail de notre part @mapiful.com<br><br><section id=\"resend_order_details\" class=\"resend_order_details\">\n\t<form method=\"post\" action=\"#\" id=\"resend_order_details_form\">\n\t\t<input type=\"text\" name=\"order\" class=\"resend_order_details_input\" id=\"resend_order_details_input\" placeholder=\"Entrez ID ou E-mail\" \/>\n\t\t<button type=\"submit\" class=\"resend_order_details_button\">Demander les d\u00e9tails de la commande<\/button>\n\t<\/form>\n<\/section>\n\n<script>\n\tjQuery(document).ready(function(){\n\t\tjQuery('#resend_order_details_form').on('submit', function(e){\n\t\t\te.preventDefault()\n\t\t\trequest_order_details()\n\t\t})\n\t\tjQuery('#resend_order_details_input').on('keyup', function(){\n\t\t\tjQuery('#resend_order_details_input ~ span').remove()\n\t\t})\n\t})\n\tfunction request_order_details(){\n\t\tlet value = jQuery('#resend_order_details_input').val();\n\t\tif (value !== \"\") {\n\t\t\tif (!isValidEmailAddress(value) && !jQuery.isNumeric(value)) {\n\t\t\t\tjQuery('#resend_order_details_input').after('<span class=\"text-danger\">Entrez un e-mail correct ou un num\u00e9ro de commande<\/span>')\n\t\t\t}else{\n\t\t\t\tlet type = isValidEmailAddress(value) ? \"email\" : \"order\";\n\t\t\t\tjQuery.ajax({\n\t\t\t\t\turl: 'https:\/\/www.mapiful.com\/wp\/wp-admin\/admin-ajax.php',\n\t\t\t\t\ttype: 'POST',\n\t\t\t\t\tdata: 'action=order_details&value=' + value + \"&type=\" + type,\n\t\t\t\t\tsuccess: function(res){\n\t\t\t\t\t\tswitch(res.status){\n\t\t\t\t\t\t\tcase 200:\n\t\t\t\t\t\t\t\tjQuery('#resend_order_details_form').hide()\n\t\t\t\t\t\t\t\tjQuery('#resend_order_details').after('<h3 class=\"text-success text-center\">V\u00e9rifiez votre courrier \u00e9lectronique en quelques minutes.<\/h3>')\n\t\t\t\t\t\t\t\tbreak;\n\t\t\t\t\t\t\tcase 400:\n\t\t\t\t\t\t\t\tjQuery('#resend_order_details_input').after('<span class=\"text-danger\">Entrez un e-mail correct ou un num\u00e9ro de commande<\/span>')\n\t\t\t\t\t\t\t\tbreak;\n\t\t\t\t\t\t\tdefault:\n\t\t\t\t\t\t\t\tbreak;\n\t\t\t\t\t\t}\n\t\t\t\t\t}\n\t\t\t\t})\n\t\t\t}\n\t\t}else{\n\t\t\tjQuery('#resend_order_details_input').after('<span class=\"text-danger\">Entrez un e-mail correct ou un num\u00e9ro de commande<\/span>')\n\t\t}\n\t}\n\tfunction isValidEmailAddress(emailAddress) {\n\t\tlet pattern = new RegExp(\/^((\"[\\w-+\\s]+\")|([\\w-+]+(?:\\.[\\w-+]+)*)|(\"[\\w-+\\s]+\")([\\w-+]+(?:\\.[\\w-+]+)*))(@((?:[\\w-+]+\\.)*\\w[\\w-+]{0,66})\\.([a-z]{2,6}(?:\\.[a-z]{2})?)$)|(@\\[?((25[0-5]\\.|2[0-4][\\d]\\.|1[\\d]{2}\\.|[\\d]{1,2}\\.))((25[0-5]|2[0-4][\\d]|1[\\d]{2}|[\\d]{1,2})\\.){2}(25[0-5]|2[0-4][\\d]|1[\\d]{2}|[\\d]{1,2})\\]?$)\/i);\n\t\treturn pattern.test(emailAddress);\n\t};\n<\/script>\n<\/p><\/div><\/div><\/div><\/div><\/div>\n<\/div><\/div><\/div><\/div><\/div><\/div>\n","protected":false},"excerpt":{"rendered":"<p>Veuillez entrer, ci dessous, votre num\u00e9ro de commande ou votre adresse e-mail et nous vous renverons la confirmation de votre commande. Pensez \u00e9galement \u00e0 bien v\u00e9rifier vos ind\u00e9sirables et \u00e0 chercher un e-mail de notre part @mapiful.com<\/p>\n","protected":false},"author":1,"featured_media":0,"parent":0,"menu_order":200,"comment_status":"closed","ping_status":"closed","template":"templates\/template-base.php","meta":{"footnotes":""},"class_list":["post-1336337","page","type-page","status-publish","hentry"],"acf":[],"featured_image_urls_v2":{"full":"","thumbnail":"","medium":"","medium_large":"","large":"","1536x1536":"","2048x2048":"","woocommerce_thumbnail":"","woocommerce_single":"","woocommerce_gallery_thumbnail":"","wc_order_status_icon":""},"post_excerpt_stackable_v2":"<p>Veuillez entrer, ci dessous, votre num\u00e9ro de commande ou votre adresse e-mail et nous vous renverons la confirmation de votre commande. Pensez \u00e9galement \u00e0 bien v\u00e9rifier vos ind\u00e9sirables et \u00e0 chercher un e-mail de notre part @mapiful.com Demander les d\u00e9tails de la commande<\/p>\n","category_list_v2":"","author_info_v2":{"name":"Edvin Brobeck","url":"https:\/\/www.mapiful.com\/fr\/blog\/author\/admin\/"},"comments_num_v2":"0 commentaire","_links":{"self":[{"href":"https:\/\/www.mapiful.com\/fr\/wp-json\/wp\/v2\/pages\/1336337"}],"collection":[{"href":"https:\/\/www.mapiful.com\/fr\/wp-json\/wp\/v2\/pages"}],"about":[{"href":"https:\/\/www.mapiful.com\/fr\/wp-json\/wp\/v2\/types\/page"}],"author":[{"embeddable":true,"href":"https:\/\/www.mapiful.com\/fr\/wp-json\/wp\/v2\/users\/1"}],"replies":[{"embeddable":true,"href":"https:\/\/www.mapiful.com\/fr\/wp-json\/wp\/v2\/comments?post=1336337"}],"version-history":[{"count":0,"href":"https:\/\/www.mapiful.com\/fr\/wp-json\/wp\/v2\/pages\/1336337\/revisions"}],"wp:attachment":[{"href":"https:\/\/www.mapiful.com\/fr\/wp-json\/wp\/v2\/media?parent=1336337"}],"curies":[{"name":"wp","href":"https:\/\/api.w.org\/{rel}","templated":true}]}}