{"id":1410224,"date":"2021-09-30T10:47:16","date_gmt":"2021-09-30T08:47:16","guid":{"rendered":"https:\/\/www.mapiful.com\/product\/poster-lapin\/"},"modified":"2021-10-20T15:32:40","modified_gmt":"2021-10-20T13:32:40","slug":"poster-lapin","status":"publish","type":"product","link":"https:\/\/www.mapiful.com\/fr\/produit\/poster-lapin\/","title":{"rendered":"Poster \u2013 Lapin"},"content":{"rendered":"<p>Poster d\u2019animaux de qualit\u00e9 professionnelle pour nursery, imprim\u00e9 sur du papier durable et \u00e9cologique certifi\u00e9 FSC. Nous utilisons du papier \u00e9pais de 200 g\/m2 avec une finition mate lisse.<\/p>\n<p>&nbsp;<\/p>\n<p>En raison de la nature personnalis\u00e9e de nos produits, nous ne sommes pas en mesure d\u2019accepter des retours ou des \u00e9changes. Par souci de transparence, Mapiful n\u2019est pas responsable dans les cas o\u00f9 le client a fourni des informations erron\u00e9es pour le produit.<\/p>\n","protected":false},"excerpt":{"rendered":"<p>Posters personnalisables de haute qualit\u00e9 pour \u00e9gayer le mur de la nursery de votre tout-petit.<\/p>\n<p>&nbsp;<\/p>\n<p>S\u00e9lectionnez votre taille et saisissez le texte de votre choix dans le champ ci-dessous pour personnaliser votre poster.<\/p>\n<p>&nbsp;<\/p>\n<p>Que vous ajoutiez le pr\u00e9nom de votre enfant ou une jolie citation, le texte que vous avez choisi appara\u00eetra sous l\u2019illustration, cr\u00e9ant ainsi un poster unique pour votre b\u00e9b\u00e9.<\/p>\n<p>&nbsp;<\/p>\n","protected":false},"featured_media":0,"template":"","meta":[],"product_cat":[1832,1603,1612],"product_tag":[],"class_list":["post-1410224","product","type-product","status-publish","hentry","product_cat-customisable-prints-fr","product_cat-la-collection-nursery","product_cat-posters-nursery"],"acf":[],"featured_image_urls_v2":{"full":"","thumbnail":"","medium":"","medium_large":"","large":"","1536x1536":"","2048x2048":"","woocommerce_thumbnail":"","woocommerce_single":"","woocommerce_gallery_thumbnail":"","wc_order_status_icon":""},"post_excerpt_stackable_v2":"<p>Posters personnalisables de haute qualit\u00e9 pour \u00e9gayer le mur de la nursery de votre tout-petit.<\/p>\n<p>&nbsp;<\/p>\n<p>S\u00e9lectionnez votre taille et saisissez le texte de votre choix dans le champ ci-dessous pour personnaliser votre poster.<\/p>\n<p>&nbsp;<\/p>\n<p>Que vous ajoutiez le pr\u00e9nom de votre enfant ou une jolie citation, le texte que vous avez choisi appara\u00eetra sous l\u2019illustration, cr\u00e9ant ainsi un poster unique pour votre b\u00e9b\u00e9.<\/p>\n<p>&nbsp;<\/p>\n","category_list_v2":"","author_info_v2":{"name":"","url":""},"comments_num_v2":"0 commentaire","_links":{"self":[{"href":"https:\/\/www.mapiful.com\/fr\/wp-json\/wp\/v2\/product\/1410224"}],"collection":[{"href":"https:\/\/www.mapiful.com\/fr\/wp-json\/wp\/v2\/product"}],"about":[{"href":"https:\/\/www.mapiful.com\/fr\/wp-json\/wp\/v2\/types\/product"}],"wp:attachment":[{"href":"https:\/\/www.mapiful.com\/fr\/wp-json\/wp\/v2\/media?parent=1410224"}],"wp:term":[{"taxonomy":"product_cat","embeddable":true,"href":"https:\/\/www.mapiful.com\/fr\/wp-json\/wp\/v2\/product_cat?post=1410224"},{"taxonomy":"product_tag","embeddable":true,"href":"https:\/\/www.mapiful.com\/fr\/wp-json\/wp\/v2\/product_tag?post=1410224"}],"curies":[{"name":"wp","href":"https:\/\/api.w.org\/{rel}","templated":true}]}}