{"id":1410301,"date":"2021-09-29T18:37:50","date_gmt":"2021-09-29T16:37:50","guid":{"rendered":"https:\/\/www.mapiful.com\/product\/grenouillere-a-manches-courtes-ours\/"},"modified":"2021-10-21T08:55:26","modified_gmt":"2021-10-21T06:55:26","slug":"grenouillere-a-manches-courtes-ours","status":"publish","type":"product","link":"https:\/\/www.mapiful.com\/fr\/produit\/grenouillere-a-manches-courtes-ours\/","title":{"rendered":"Grenouill\u00e8re \u00e0 manches courtes \u2013 Ours"},"content":{"rendered":"<p>Grenouill\u00e8res \u00e0 manches courtes et \u00e0 col rond personnalisables alliant fonctionnalit\u00e9 et mode.<\/p>\n<p>&nbsp;<\/p>\n<p>Caract\u00e9ristiques :<br \/>\n&#8211; Ouvertures pour le cou, les \u00e9paules, les manches et les jambes<br \/>\n&#8211; 100 % coton pour une sensation douce sur la peau de votre b\u00e9b\u00e9<br \/>\n&#8211; Style unisexe en trois tailles diff\u00e9rentes<br \/>\n&#8211; Coupe ample pour laisser de la place \u00e0 la croissance<\/p>\n<p>&nbsp;<\/p>\n<h3><u>Guide des tailles <\/u><\/h3>\n<p>&nbsp;<\/p>\n<div class=\"block md:flex\">\n<div class=\"pr-3 sm:text-center\"><img loading=\"lazy\" decoding=\"async\" class=\"alignleft wp-image-1247399 size-full\" src=\"https:\/\/mapiful.com\/content\/uploads\/2021\/09\/baby-onesie.png\" alt=\"\" width=\"240\" height=\"280\" \/><\/div>\n<p>&nbsp;<\/p>\n<div>\n<p>A) Longueur<br \/>\nPlacer l\u2019extr\u00e9mit\u00e9 d\u2019un m\u00e8tre ruban \u00e0 c\u00f4t\u00e9 du col en haut de la grenouill\u00e8re (haut de l\u2019\u00e9paule). Tirer le m\u00e8tre vers le bas de la grenouill\u00e8re.<\/p>\n<p>&nbsp;<\/p>\n<p>B) Demi-poitrine<\/p>\n<p>Poser le v\u00eatement sur une surface plane et le mesurer de gauche \u00e0 droite sur la poitrine, \u00e0 environ 2 cm sous les bras.<\/p>\n<p>&nbsp;<\/p>\n<table class=\"table-fixed\">\n<thead>\n<tr class=\"bg-gray-200\">\n<th class=\"w-1\/3\"><\/th>\n<th class=\"w-1\/4 text-left\">6 mois<\/th>\n<th class=\"w-1\/4 text-left\">12 mois<\/th>\n<th class=\"w-1\/4 text-left\">18 mois<\/th>\n<\/tr>\n<\/thead>\n<tbody>\n<tr>\n<td>A) Longueur<\/td>\n<td>29,8 cm<\/td>\n<td>32,4 cm<\/td>\n<td>34,9 cm<\/td>\n<\/tr>\n<tr>\n<td>B) Demi-poitrine<\/td>\n<td>22,9 cm<\/td>\n<td>25,4 cm<\/td>\n<td>27,9 cm<\/td>\n<\/tr>\n<\/tbody>\n<\/table>\n<p>&nbsp;<\/p>\n<\/div>\n<\/div>\n<p>En raison de la nature personnalis\u00e9e de nos produits, nous ne sommes pas en mesure d\u2019accepter des retours ou des \u00e9changes. Par souci de transparence, Mapiful n\u2019est pas responsable dans les cas o\u00f9 le client a fourni des informations erron\u00e9es pour le produit.<\/p>\n","protected":false},"excerpt":{"rendered":"<p>Nos grenouill\u00e8res \u00e0 manches courtes et \u00e0 col rond personnalisables sont fabriqu\u00e9es en coton 100 % biologique, alliant fonctionnalit\u00e9 et mode. <\/p>\n<p> &nbsp;<\/p>\n<p>S\u00e9lectionnez votre taille et saisissez votre texte personnalis\u00e9 dans le champ ci-dessous. <\/p>\n<p> &nbsp;<\/p>\n<p> Que vous choisissiez le pr\u00e9nom de votre enfant ou sa date de naissance, l\u2019animal et le texte de votre choix seront imprim\u00e9s au centre de la grenouill\u00e8re.<\/p>\n<p> &nbsp;<\/p>\n","protected":false},"featured_media":0,"template":"","meta":[],"product_cat":[1621,1603],"product_tag":[],"class_list":["post-1410301","product","type-product","status-publish","hentry","product_cat-grenouillere-a-manches-courtes","product_cat-la-collection-nursery"],"acf":[],"featured_image_urls_v2":{"full":"","thumbnail":"","medium":"","medium_large":"","large":"","1536x1536":"","2048x2048":"","woocommerce_thumbnail":"","woocommerce_single":"","woocommerce_gallery_thumbnail":"","wc_order_status_icon":""},"post_excerpt_stackable_v2":"<p>Nos grenouill\u00e8res \u00e0 manches courtes et \u00e0 col rond personnalisables sont fabriqu\u00e9es en coton 100 % biologique, alliant fonctionnalit\u00e9 et mode. <\/p>\n<p> &nbsp;<\/p>\n<p>S\u00e9lectionnez votre taille et saisissez votre texte personnalis\u00e9 dans le champ ci-dessous. <\/p>\n<p> &nbsp;<\/p>\n<p> Que vous choisissiez le pr\u00e9nom de votre enfant ou sa date de naissance, l\u2019animal et le texte de votre choix seront imprim\u00e9s au centre de la grenouill\u00e8re.<\/p>\n<p> &nbsp;<\/p>\n","category_list_v2":"","author_info_v2":{"name":"","url":""},"comments_num_v2":"0 commentaire","_links":{"self":[{"href":"https:\/\/www.mapiful.com\/fr\/wp-json\/wp\/v2\/product\/1410301"}],"collection":[{"href":"https:\/\/www.mapiful.com\/fr\/wp-json\/wp\/v2\/product"}],"about":[{"href":"https:\/\/www.mapiful.com\/fr\/wp-json\/wp\/v2\/types\/product"}],"wp:attachment":[{"href":"https:\/\/www.mapiful.com\/fr\/wp-json\/wp\/v2\/media?parent=1410301"}],"wp:term":[{"taxonomy":"product_cat","embeddable":true,"href":"https:\/\/www.mapiful.com\/fr\/wp-json\/wp\/v2\/product_cat?post=1410301"},{"taxonomy":"product_tag","embeddable":true,"href":"https:\/\/www.mapiful.com\/fr\/wp-json\/wp\/v2\/product_tag?post=1410301"}],"curies":[{"name":"wp","href":"https:\/\/api.w.org\/{rel}","templated":true}]}}