{"id":1410311,"date":"2021-09-29T18:21:16","date_gmt":"2021-09-29T16:21:16","guid":{"rendered":"https:\/\/www.mapiful.com\/product\/tote-bag-ours\/"},"modified":"2021-10-21T11:01:00","modified_gmt":"2021-10-21T09:01:00","slug":"tote-bag-ours","status":"publish","type":"product","link":"https:\/\/www.mapiful.com\/fr\/produit\/tote-bag-ours\/","title":{"rendered":"Tote bag \u2013 Ours"},"content":{"rendered":"<p>\u00c9l\u00e9gants et pratiques, ces tote bags personnalisables haut de gamme vous permettent d\u2019emmener avec vous tout ce dont vous avez besoin pour votre b\u00e9b\u00e9. <\/p>\n<p> &nbsp;<\/p>\n<p> Caract\u00e9ristiques :<br \/>\n &#8211; Coutures renforc\u00e9es sur les poign\u00e9es<br \/>\n &#8211; Capacit\u00e9 de transport de 10 litres<br \/>\n &#8211; 100 % coton, 310 \u2013 400 g\/m2<\/p>\n<p> &nbsp;<\/p>\n","protected":false},"excerpt":{"rendered":"<p>\u00c9l\u00e9gants et pratiques, ces tote bags personnalisables haut de gamme vous permettent d\u2019emmener avec vous tout ce dont vous avez besoin pour votre b\u00e9b\u00e9. <\/p>\n<p> &nbsp;<\/p>\n<p>Personnalisez votre tote bag en saisissant le texte de votre choix dans la case ci-dessous. <\/p>\n<p> &nbsp;<\/p>\n<p> Que vous choisissiez d\u2019ajouter le pr\u00e9nom de votre enfant ou simplement une \u00e9tiquette, votre design unique sera imprim\u00e9 sur la face avant du sac.<\/p>\n<p> &nbsp;<\/p>\n","protected":false},"featured_media":0,"template":"","meta":[],"product_cat":[1603,1630],"product_tag":[],"class_list":["post-1410311","product","type-product","status-publish","hentry","product_cat-la-collection-nursery","product_cat-tote-bags-haut-de-gamme"],"acf":[],"featured_image_urls_v2":{"full":"","thumbnail":"","medium":"","medium_large":"","large":"","1536x1536":"","2048x2048":"","woocommerce_thumbnail":"","woocommerce_single":"","woocommerce_gallery_thumbnail":"","wc_order_status_icon":""},"post_excerpt_stackable_v2":"<p>\u00c9l\u00e9gants et pratiques, ces tote bags personnalisables haut de gamme vous permettent d\u2019emmener avec vous tout ce dont vous avez besoin pour votre b\u00e9b\u00e9. <\/p>\n<p> &nbsp;<\/p>\n<p>Personnalisez votre tote bag en saisissant le texte de votre choix dans la case ci-dessous. <\/p>\n<p> &nbsp;<\/p>\n<p> Que vous choisissiez d\u2019ajouter le pr\u00e9nom de votre enfant ou simplement une \u00e9tiquette, votre design unique sera imprim\u00e9 sur la face avant du sac.<\/p>\n<p> &nbsp;<\/p>\n","category_list_v2":"","author_info_v2":{"name":"","url":""},"comments_num_v2":"0 commentaire","_links":{"self":[{"href":"https:\/\/www.mapiful.com\/fr\/wp-json\/wp\/v2\/product\/1410311"}],"collection":[{"href":"https:\/\/www.mapiful.com\/fr\/wp-json\/wp\/v2\/product"}],"about":[{"href":"https:\/\/www.mapiful.com\/fr\/wp-json\/wp\/v2\/types\/product"}],"wp:attachment":[{"href":"https:\/\/www.mapiful.com\/fr\/wp-json\/wp\/v2\/media?parent=1410311"}],"wp:term":[{"taxonomy":"product_cat","embeddable":true,"href":"https:\/\/www.mapiful.com\/fr\/wp-json\/wp\/v2\/product_cat?post=1410311"},{"taxonomy":"product_tag","embeddable":true,"href":"https:\/\/www.mapiful.com\/fr\/wp-json\/wp\/v2\/product_tag?post=1410311"}],"curies":[{"name":"wp","href":"https:\/\/api.w.org\/{rel}","templated":true}]}}