{"id":462187,"date":"2019-10-18T12:42:09","date_gmt":"2019-10-18T11:42:09","guid":{"rendered":"https:\/\/www.mapiful.com\/product\/porte-affiche-en-chene\/"},"modified":"2021-12-16T00:41:36","modified_gmt":"2021-12-15T23:41:36","slug":"porte-affiche-en-bois","status":"publish","type":"product","link":"https:\/\/www.mapiful.com\/fr\/produit\/porte-affiche-en-bois\/","title":{"rendered":"Porte Affiche en bois"},"content":{"rendered":"<p><br data-mce-bogus=\"1\"><\/p>\n","protected":false},"excerpt":{"rendered":"<p>Nos cadres magn\u00e9tiques tendances sont tr\u00e8s faciles d&#8217;utilisation! Chaque pinces \u00e0 poster sont compos\u00e9es de 4 morceaux de bois, deux qui se clippent en haut de l&#8217;affiche et deux qui se clippent au bas de l&#8217;affiche, et une corde premium qui s&#8217;accorde \u00e0 la couleur des pinces. Ce design magn\u00e9tique met parfaitement en avant votre Mapiful !<\/p>\n","protected":false},"featured_media":1470861,"template":"","meta":[],"product_cat":[533,345],"product_tag":[],"class_list":["post-462187","product","type-product","status-publish","has-post-thumbnail","hentry","product_cat-hangers-fr","product_cat-cadres","product_shipping_class-frames-fr"],"acf":[],"featured_image_urls_v2":{"full":["https:\/\/www.mapiful.com\/content\/uploads\/2019\/10\/Wooden-poster-hanger.jpg",1000,1000,false],"thumbnail":["https:\/\/www.mapiful.com\/content\/uploads\/2019\/10\/Wooden-poster-hanger-150x150.jpg",150,150,true],"medium":["https:\/\/www.mapiful.com\/content\/uploads\/2019\/10\/Wooden-poster-hanger-300x300.jpg",300,300,true],"medium_large":["https:\/\/www.mapiful.com\/content\/uploads\/2019\/10\/Wooden-poster-hanger-768x768.jpg",768,768,true],"large":["https:\/\/www.mapiful.com\/content\/uploads\/2019\/10\/Wooden-poster-hanger.jpg",1000,1000,false],"1536x1536":["https:\/\/www.mapiful.com\/content\/uploads\/2019\/10\/Wooden-poster-hanger.jpg",1000,1000,false],"2048x2048":["https:\/\/www.mapiful.com\/content\/uploads\/2019\/10\/Wooden-poster-hanger.jpg",1000,1000,false],"woocommerce_thumbnail":["https:\/\/www.mapiful.com\/content\/uploads\/2019\/10\/Wooden-poster-hanger-300x300.jpg",300,300,true],"woocommerce_single":["https:\/\/www.mapiful.com\/content\/uploads\/2019\/10\/Wooden-poster-hanger-600x600.jpg",600,600,true],"woocommerce_gallery_thumbnail":["https:\/\/www.mapiful.com\/content\/uploads\/2019\/10\/Wooden-poster-hanger-100x100.jpg",100,100,true],"wc_order_status_icon":["https:\/\/www.mapiful.com\/content\/uploads\/2019\/10\/Wooden-poster-hanger-32x32.jpg",32,32,true]},"post_excerpt_stackable_v2":"<p>Nos cadres magn\u00e9tiques tendances sont tr\u00e8s faciles d&#8217;utilisation! Chaque pinces \u00e0 poster sont compos\u00e9es de 4 morceaux de bois, deux qui se clippent en haut de l&#8217;affiche et deux qui se clippent au bas de l&#8217;affiche, et une corde premium qui s&#8217;accorde \u00e0 la couleur des pinces. Ce design magn\u00e9tique met parfaitement en avant votre Mapiful !<\/p>\n","category_list_v2":"","author_info_v2":{"name":"","url":""},"comments_num_v2":"0 commentaire","_links":{"self":[{"href":"https:\/\/www.mapiful.com\/fr\/wp-json\/wp\/v2\/product\/462187"}],"collection":[{"href":"https:\/\/www.mapiful.com\/fr\/wp-json\/wp\/v2\/product"}],"about":[{"href":"https:\/\/www.mapiful.com\/fr\/wp-json\/wp\/v2\/types\/product"}],"wp:featuredmedia":[{"embeddable":true,"href":"https:\/\/www.mapiful.com\/fr\/wp-json\/wp\/v2\/media\/1470861"}],"wp:attachment":[{"href":"https:\/\/www.mapiful.com\/fr\/wp-json\/wp\/v2\/media?parent=462187"}],"wp:term":[{"taxonomy":"product_cat","embeddable":true,"href":"https:\/\/www.mapiful.com\/fr\/wp-json\/wp\/v2\/product_cat?post=462187"},{"taxonomy":"product_tag","embeddable":true,"href":"https:\/\/www.mapiful.com\/fr\/wp-json\/wp\/v2\/product_tag?post=462187"}],"curies":[{"name":"wp","href":"https:\/\/api.w.org\/{rel}","templated":true}]}}