{"id":462195,"date":"2019-10-18T12:35:35","date_gmt":"2019-10-18T11:35:35","guid":{"rendered":"https:\/\/www.mapiful.com\/product\/porte-affiche-en-noir\/"},"modified":"2021-12-16T00:13:41","modified_gmt":"2021-12-15T23:13:41","slug":"porte-affiche-en-noir","status":"publish","type":"product","link":"https:\/\/www.mapiful.com\/fr\/produit\/porte-affiche-en-noir\/","title":{"rendered":"Porte Affiche en noir"},"content":{"rendered":"","protected":false},"excerpt":{"rendered":"<p>Nos cadres magn\u00e9tiques tendances sont tr\u00e8s faciles d&#8217;utilisation! Chaque pinces \u00e0 poster sont compos\u00e9es de 4 morceaux de bois, deux qui se clippent en haut de l&#8217;affiche et deux qui se clippent au bas de l&#8217;affiche, et une corde premium qui s&#8217;accorde \u00e0 la couleur des pinces. Ce design magn\u00e9tique met parfaitement en avant votre poster !<\/p>\n","protected":false},"featured_media":1470808,"template":"","meta":[],"product_cat":[533,345],"product_tag":[],"class_list":["post-462195","product","type-product","status-publish","has-post-thumbnail","hentry","product_cat-hangers-fr","product_cat-cadres","product_shipping_class-frames-fr"],"acf":[],"featured_image_urls_v2":{"full":["https:\/\/www.mapiful.com\/content\/uploads\/2019\/10\/Black-Poster-Hanger.jpg",1000,1000,false],"thumbnail":["https:\/\/www.mapiful.com\/content\/uploads\/2019\/10\/Black-Poster-Hanger-150x150.jpg",150,150,true],"medium":["https:\/\/www.mapiful.com\/content\/uploads\/2019\/10\/Black-Poster-Hanger-300x300.jpg",300,300,true],"medium_large":["https:\/\/www.mapiful.com\/content\/uploads\/2019\/10\/Black-Poster-Hanger-768x768.jpg",768,768,true],"large":["https:\/\/www.mapiful.com\/content\/uploads\/2019\/10\/Black-Poster-Hanger.jpg",1000,1000,false],"1536x1536":["https:\/\/www.mapiful.com\/content\/uploads\/2019\/10\/Black-Poster-Hanger.jpg",1000,1000,false],"2048x2048":["https:\/\/www.mapiful.com\/content\/uploads\/2019\/10\/Black-Poster-Hanger.jpg",1000,1000,false],"woocommerce_thumbnail":["https:\/\/www.mapiful.com\/content\/uploads\/2019\/10\/Black-Poster-Hanger-300x300.jpg",300,300,true],"woocommerce_single":["https:\/\/www.mapiful.com\/content\/uploads\/2019\/10\/Black-Poster-Hanger-600x600.jpg",600,600,true],"woocommerce_gallery_thumbnail":["https:\/\/www.mapiful.com\/content\/uploads\/2019\/10\/Black-Poster-Hanger-100x100.jpg",100,100,true],"wc_order_status_icon":["https:\/\/www.mapiful.com\/content\/uploads\/2019\/10\/Black-Poster-Hanger-32x32.jpg",32,32,true]},"post_excerpt_stackable_v2":"<p>Nos cadres magn\u00e9tiques tendances sont tr\u00e8s faciles d&#8217;utilisation! Chaque pinces \u00e0 poster sont compos\u00e9es de 4 morceaux de bois, deux qui se clippent en haut de l&#8217;affiche et deux qui se clippent au bas de l&#8217;affiche, et une corde premium qui s&#8217;accorde \u00e0 la couleur des pinces. Ce design magn\u00e9tique met parfaitement en avant votre poster !<\/p>\n","category_list_v2":"","author_info_v2":{"name":"","url":""},"comments_num_v2":"0 commentaire","_links":{"self":[{"href":"https:\/\/www.mapiful.com\/fr\/wp-json\/wp\/v2\/product\/462195"}],"collection":[{"href":"https:\/\/www.mapiful.com\/fr\/wp-json\/wp\/v2\/product"}],"about":[{"href":"https:\/\/www.mapiful.com\/fr\/wp-json\/wp\/v2\/types\/product"}],"wp:featuredmedia":[{"embeddable":true,"href":"https:\/\/www.mapiful.com\/fr\/wp-json\/wp\/v2\/media\/1470808"}],"wp:attachment":[{"href":"https:\/\/www.mapiful.com\/fr\/wp-json\/wp\/v2\/media?parent=462195"}],"wp:term":[{"taxonomy":"product_cat","embeddable":true,"href":"https:\/\/www.mapiful.com\/fr\/wp-json\/wp\/v2\/product_cat?post=462195"},{"taxonomy":"product_tag","embeddable":true,"href":"https:\/\/www.mapiful.com\/fr\/wp-json\/wp\/v2\/product_tag?post=462195"}],"curies":[{"name":"wp","href":"https:\/\/api.w.org\/{rel}","templated":true}]}}