{"id":462208,"date":"2019-10-18T11:43:31","date_gmt":"2019-10-18T10:43:31","guid":{"rendered":"https:\/\/www.mapiful.com\/product\/cadre-en-argent\/"},"modified":"2021-12-15T22:47:09","modified_gmt":"2021-12-15T21:47:09","slug":"cadre-en-argent","status":"publish","type":"product","link":"https:\/\/www.mapiful.com\/fr\/produit\/cadre-en-argent\/","title":{"rendered":"Cadre M\u00e9tallique argent\u00e9"},"content":{"rendered":"","protected":false},"excerpt":{"rendered":"<p>Apporte une touche contemporaine \u00e0 ton int\u00e9rieur avec nos cadres en m\u00e9tal haut de gamme. Or, argent ou noir, le profil \u00e9pur\u00e9 de ces cadres de haute qualit\u00e9 souligne parfaitement vos affiches uniques! S\u00fbr et l\u00e9ger, leur plexiglas de 1 mm d&#8217;\u00e9paisseur les rend durables et fournit une mise au point nette \u00e0 votre d\u00e9co.<\/p>\n","protected":false},"featured_media":1470534,"template":"","meta":[],"product_cat":[345,527],"product_tag":[],"class_list":["post-462208","product","type-product","status-publish","has-post-thumbnail","hentry","product_cat-cadres","product_cat-full-frames-fr","product_shipping_class-frames-fr"],"acf":[],"featured_image_urls_v2":{"full":["https:\/\/www.mapiful.com\/content\/uploads\/2019\/10\/Silver-Metal-Frame-Front-View-1.jpg",1000,1000,false],"thumbnail":["https:\/\/www.mapiful.com\/content\/uploads\/2019\/10\/Silver-Metal-Frame-Front-View-1-150x150.jpg",150,150,true],"medium":["https:\/\/www.mapiful.com\/content\/uploads\/2019\/10\/Silver-Metal-Frame-Front-View-1-300x300.jpg",300,300,true],"medium_large":["https:\/\/www.mapiful.com\/content\/uploads\/2019\/10\/Silver-Metal-Frame-Front-View-1-768x768.jpg",768,768,true],"large":["https:\/\/www.mapiful.com\/content\/uploads\/2019\/10\/Silver-Metal-Frame-Front-View-1.jpg",1000,1000,false],"1536x1536":["https:\/\/www.mapiful.com\/content\/uploads\/2019\/10\/Silver-Metal-Frame-Front-View-1.jpg",1000,1000,false],"2048x2048":["https:\/\/www.mapiful.com\/content\/uploads\/2019\/10\/Silver-Metal-Frame-Front-View-1.jpg",1000,1000,false],"woocommerce_thumbnail":["https:\/\/www.mapiful.com\/content\/uploads\/2019\/10\/Silver-Metal-Frame-Front-View-1-300x300.jpg",300,300,true],"woocommerce_single":["https:\/\/www.mapiful.com\/content\/uploads\/2019\/10\/Silver-Metal-Frame-Front-View-1-600x600.jpg",600,600,true],"woocommerce_gallery_thumbnail":["https:\/\/www.mapiful.com\/content\/uploads\/2019\/10\/Silver-Metal-Frame-Front-View-1-100x100.jpg",100,100,true],"wc_order_status_icon":["https:\/\/www.mapiful.com\/content\/uploads\/2019\/10\/Silver-Metal-Frame-Front-View-1-32x32.jpg",32,32,true]},"post_excerpt_stackable_v2":"<p>Apporte une touche contemporaine \u00e0 ton int\u00e9rieur avec nos cadres en m\u00e9tal haut de gamme. Or, argent ou noir, le profil \u00e9pur\u00e9 de ces cadres de haute qualit\u00e9 souligne parfaitement vos affiches uniques! S\u00fbr et l\u00e9ger, leur plexiglas de 1 mm d&#8217;\u00e9paisseur les rend durables et fournit une mise au point nette \u00e0 votre d\u00e9co.<\/p>\n","category_list_v2":"","author_info_v2":{"name":"","url":""},"comments_num_v2":"0 commentaire","_links":{"self":[{"href":"https:\/\/www.mapiful.com\/fr\/wp-json\/wp\/v2\/product\/462208"}],"collection":[{"href":"https:\/\/www.mapiful.com\/fr\/wp-json\/wp\/v2\/product"}],"about":[{"href":"https:\/\/www.mapiful.com\/fr\/wp-json\/wp\/v2\/types\/product"}],"wp:featuredmedia":[{"embeddable":true,"href":"https:\/\/www.mapiful.com\/fr\/wp-json\/wp\/v2\/media\/1470534"}],"wp:attachment":[{"href":"https:\/\/www.mapiful.com\/fr\/wp-json\/wp\/v2\/media?parent=462208"}],"wp:term":[{"taxonomy":"product_cat","embeddable":true,"href":"https:\/\/www.mapiful.com\/fr\/wp-json\/wp\/v2\/product_cat?post=462208"},{"taxonomy":"product_tag","embeddable":true,"href":"https:\/\/www.mapiful.com\/fr\/wp-json\/wp\/v2\/product_tag?post=462208"}],"curies":[{"name":"wp","href":"https:\/\/api.w.org\/{rel}","templated":true}]}}