{"id":462252,"date":"2019-10-18T11:26:01","date_gmt":"2019-10-18T10:26:01","guid":{"rendered":"https:\/\/www.mapiful.com\/product\/cadres-en-chene\/"},"modified":"2021-12-15T23:25:16","modified_gmt":"2021-12-15T22:25:16","slug":"cadres-en-bois","status":"publish","type":"product","link":"https:\/\/www.mapiful.com\/fr\/produit\/cadres-en-bois\/","title":{"rendered":"Cadres en Bois"},"content":{"rendered":"<p><br data-mce-bogus=\"1\"><\/p>\n","protected":false},"excerpt":{"rendered":"<p><span data-sheets-value=\"{&quot;1&quot;:2,&quot;2&quot;:&quot;Nos cadres en bois sont r\u00e9sistants et tr\u00e8s faciles \u00e0 utiliser. Ils sont disponibles en plusieurs coloris tels que blanc mat, bois naturel ou noir \u00e9l\u00e9gant. S\u00fbre et l\u00e9g\u00e8re, leur vitre de plexiglas de 1 mm d'\u00e9paisseur les rend durables et fournit une mise au point nette \u00e0 votre d\u00e9co.&quot;}\" data-sheets-userformat=\"{&quot;2&quot;:835,&quot;3&quot;:{&quot;1&quot;:0},&quot;4&quot;:{&quot;1&quot;:3,&quot;3&quot;:2},&quot;9&quot;:1,&quot;11&quot;:4,&quot;12&quot;:0}\">Nos cadres en bois sont r\u00e9sistants et tr\u00e8s faciles \u00e0 utiliser. Ils sont disponibles en plusieurs coloris tels que blanc mat, bois naturel ou noir \u00e9l\u00e9gant.<br \/>S\u00fbre et l\u00e9g\u00e8re, leur vitre de plexiglas de 1 mm d&#8217;\u00e9paisseur les rend durables et fournit une mise au point nette \u00e0 votre d\u00e9co.<\/span><\/p>\n","protected":false},"featured_media":1470708,"template":"","meta":[],"product_cat":[345,527],"product_tag":[],"class_list":["post-462252","product","type-product","status-publish","has-post-thumbnail","hentry","product_cat-cadres","product_cat-full-frames-fr","product_shipping_class-frames-fr"],"acf":[],"featured_image_urls_v2":{"full":["https:\/\/www.mapiful.com\/content\/uploads\/2019\/10\/Natural-Wood-Frame-Front-View.jpg",1000,1000,false],"thumbnail":["https:\/\/www.mapiful.com\/content\/uploads\/2019\/10\/Natural-Wood-Frame-Front-View-150x150.jpg",150,150,true],"medium":["https:\/\/www.mapiful.com\/content\/uploads\/2019\/10\/Natural-Wood-Frame-Front-View-300x300.jpg",300,300,true],"medium_large":["https:\/\/www.mapiful.com\/content\/uploads\/2019\/10\/Natural-Wood-Frame-Front-View-768x768.jpg",768,768,true],"large":["https:\/\/www.mapiful.com\/content\/uploads\/2019\/10\/Natural-Wood-Frame-Front-View.jpg",1000,1000,false],"1536x1536":["https:\/\/www.mapiful.com\/content\/uploads\/2019\/10\/Natural-Wood-Frame-Front-View.jpg",1000,1000,false],"2048x2048":["https:\/\/www.mapiful.com\/content\/uploads\/2019\/10\/Natural-Wood-Frame-Front-View.jpg",1000,1000,false],"woocommerce_thumbnail":["https:\/\/www.mapiful.com\/content\/uploads\/2019\/10\/Natural-Wood-Frame-Front-View-300x300.jpg",300,300,true],"woocommerce_single":["https:\/\/www.mapiful.com\/content\/uploads\/2019\/10\/Natural-Wood-Frame-Front-View-600x600.jpg",600,600,true],"woocommerce_gallery_thumbnail":["https:\/\/www.mapiful.com\/content\/uploads\/2019\/10\/Natural-Wood-Frame-Front-View-100x100.jpg",100,100,true],"wc_order_status_icon":["https:\/\/www.mapiful.com\/content\/uploads\/2019\/10\/Natural-Wood-Frame-Front-View-32x32.jpg",32,32,true]},"post_excerpt_stackable_v2":"<p><span data-sheets-value=\"{&quot;1&quot;:2,&quot;2&quot;:&quot;Nos cadres en bois sont r\u00e9sistants et tr\u00e8s faciles \u00e0 utiliser. Ils sont disponibles en plusieurs coloris tels que blanc mat, bois naturel ou noir \u00e9l\u00e9gant. S\u00fbre et l\u00e9g\u00e8re, leur vitre de plexiglas de 1 mm d'\u00e9paisseur les rend durables et fournit une mise au point nette \u00e0 votre d\u00e9co.&quot;}\" data-sheets-userformat=\"{&quot;2&quot;:835,&quot;3&quot;:{&quot;1&quot;:0},&quot;4&quot;:{&quot;1&quot;:3,&quot;3&quot;:2},&quot;9&quot;:1,&quot;11&quot;:4,&quot;12&quot;:0}\">Nos cadres en bois sont r\u00e9sistants et tr\u00e8s faciles \u00e0 utiliser. Ils sont disponibles en plusieurs coloris tels que blanc mat, bois naturel ou noir \u00e9l\u00e9gant.<br \/>S\u00fbre et l\u00e9g\u00e8re, leur vitre de plexiglas de 1 mm d&#8217;\u00e9paisseur les rend durables et fournit une mise au point nette \u00e0 votre d\u00e9co.<\/span><\/p>\n","category_list_v2":"","author_info_v2":{"name":"","url":""},"comments_num_v2":"0 commentaire","_links":{"self":[{"href":"https:\/\/www.mapiful.com\/fr\/wp-json\/wp\/v2\/product\/462252"}],"collection":[{"href":"https:\/\/www.mapiful.com\/fr\/wp-json\/wp\/v2\/product"}],"about":[{"href":"https:\/\/www.mapiful.com\/fr\/wp-json\/wp\/v2\/types\/product"}],"wp:featuredmedia":[{"embeddable":true,"href":"https:\/\/www.mapiful.com\/fr\/wp-json\/wp\/v2\/media\/1470708"}],"wp:attachment":[{"href":"https:\/\/www.mapiful.com\/fr\/wp-json\/wp\/v2\/media?parent=462252"}],"wp:term":[{"taxonomy":"product_cat","embeddable":true,"href":"https:\/\/www.mapiful.com\/fr\/wp-json\/wp\/v2\/product_cat?post=462252"},{"taxonomy":"product_tag","embeddable":true,"href":"https:\/\/www.mapiful.com\/fr\/wp-json\/wp\/v2\/product_tag?post=462252"}],"curies":[{"name":"wp","href":"https:\/\/api.w.org\/{rel}","templated":true}]}}