{"id":1309006,"date":"2021-04-21T12:39:12","date_gmt":"2021-04-21T10:39:23","guid":{"rendered":"https:\/\/www.mapiful.com\/?post_type=product&#038;p=1309006"},"modified":"2024-09-08T23:15:06","modified_gmt":"2024-09-08T21:15:06","slug":"streetmap-poster","status":"publish","type":"product","link":"https:\/\/www.mapiful.com\/it\/prodotto\/streetmap-poster\/","title":{"rendered":"Streetmap poster"},"content":{"rendered":"<p>Questo bellissimo poster della citt\u00e0 illustra il dettaglio delle strade e della natura, combinato con uno stile scandinavo. Sar\u00e0 perfetto sia appeso che appoggiato al muro. Si abbina perfettamente a qualsiasi tipo di design o ambiente. La dimensione perfetta per la maggior parte delle occasioni. Questa \u00e8 la dimensione del poster pi\u00f9 comune e stampiamo il tuo disegno su una carta da museo da 200 g. Sarai stupito con tutti i dettagli e la finitura del tuo design. Garantiamo una consegna internazionale veloce e affidabile.<\/p>\n<div class=\"container my-12 mx-auto md:px-12\">\n<div class=\"flex flex-wrap -mx-1 lg:-mx-4\">\n<p><!-- Column --><\/p>\n<div class=\"my-1 px-1 w-full md:w-1\/2 lg:my-4 lg:px-4\">\n<p><!-- Article --><\/p>\n<article class=\"overflow-hidden flex\"><img decoding=\"async\" class=\"w-6 m-4\" src=\"data:image\/svg+xml;base64,PHN2ZyBkYXRhLXByZWZpeD0iZmFiIiBkYXRhLWljb249ImVudmlyYSIgY2xhc3M9InctMjQiIHJvbGU9ImltZyIgeG1sbnM9Imh0dHA6Ly93d3cudzMub3JnLzIwMDAvc3ZnIiB2aWV3Qm94PSIwIDAgNDQ4IDUxMiI+PHBhdGggZmlsbD0iY3VycmVudENvbG9yIiBkPSJNMCAzMmM0NzcuNiAwIDM2Ni42IDMxNy4zIDM2Ny4xIDM2Ni4zTDQ0OCA0ODBoLTI2bC03MC40LTcxLjJjLTM5IDQuMi0xMjQuNCAzNC41LTIxNC40LTM3QzQ3IDMwMC4zIDUyIDIxNC43IDAgMzJ6bTc5LjcgNDZjLTQ5LjctMjMuNS01LjIgOS4yLTUuMiA5LjIgNDUuMiAzMS4yIDY2IDczLjcgOTAuMiAxMTkuOSAzMS41IDYwLjIgNzkgMTM5LjcgMTQ0LjIgMTY3LjcgNjUgMjggMzQuMiAxMi41IDYtOC41LTI4LjItMjEuMi02OC4yLTg3LTkxLTEzMC4yLTMxLjctNjAtNjEtMTE4LjYtMTQ0LjItMTU4LjF6Ij48L3BhdGg+PC9zdmc+\" alt=\"\" \/><\/p>\n<header class=\"items-center justify-between leading-tight pl-12 md:pr-12 md:p-4\">\n<h2 class=\"text-lg\"><span class=\"text-black\"><br \/>\nResponsabilit\u00e0 ambientale<br \/>\n<\/span><\/h2>\n<p class=\"text-grey-darker text-sm\">I tuoi poster sono prodotti in una localit\u00e0 vicina a te. Questo consente tempi di spedizione pi\u00f9 veloci, e pi\u00f9 sostenibili, riducendo le emissioni di CO2 del 67%..<\/p>\n<\/header>\n<\/article>\n<p><!-- END Article --><\/p>\n<\/div>\n<p><!-- END Column --><\/p>\n<p><!-- Column --><\/p>\n<div class=\"my-1 px-1 w-full md:w-1\/2 lg:my-4 lg:px-4\">\n<p><!-- Article --><\/p>\n<article class=\"overflow-hidden flex\"><img decoding=\"async\" class=\"w-6 m-4\" src=\"data:image\/svg+xml;base64,ICA8c3ZnIGRhdGEtcHJlZml4PSJmYXMiIGRhdGEtaWNvbj0ibWFnaWMiIGNsYXNzPSJ3LTI0IiByb2xlPSJpbWciIHhtbG5zPSJodHRwOi8vd3d3LnczLm9yZy8yMDAwL3N2ZyIgdmlld0JveD0iMCAwIDUxMiA1MTIiPjxwYXRoIGZpbGw9ImN1cnJlbnRDb2xvciIgZD0iTTIyNCA5NmwxNi0zMiAzMi0xNi0zMi0xNi0xNi0zMi0xNiAzMi0zMiAxNiAzMiAxNiAxNiAzMnpNODAgMTYwbDI2LjY2LTUzLjMzTDE2MCA4MGwtNTMuMzQtMjYuNjdMODAgMCA1My4zNCA1My4zMyAwIDgwbDUzLjM0IDI2LjY3TDgwIDE2MHptMzUyIDEyOGwtMjYuNjYgNTMuMzNMMzUyIDM2OGw1My4zNCAyNi42N0w0MzIgNDQ4bDI2LjY2LTUzLjMzTDUxMiAzNjhsLTUzLjM0LTI2LjY3TDQzMiAyODh6bTcwLjYyLTE5My43N0w0MTcuNzcgOS4zOEM0MTEuNTMgMy4xMiA0MDMuMzQgMCAzOTUuMTUgMGMtOC4xOSAwLTE2LjM4IDMuMTItMjIuNjMgOS4zOEw5LjM4IDM3Mi41MmMtMTIuNSAxMi41LTEyLjUgMzIuNzYgMCA0NS4yNWw4NC44NSA4NC44NWM2LjI1IDYuMjUgMTQuNDQgOS4zNyAyMi42MiA5LjM3IDguMTkgMCAxNi4zOC0zLjEyIDIyLjYzLTkuMzdsMzYzLjE0LTM2My4xNWMxMi41LTEyLjQ4IDEyLjUtMzIuNzUgMC00NS4yNHpNMzU5LjQ1IDIwMy40NmwtNTAuOTEtNTAuOTEgODYuNi04Ni42IDUwLjkxIDUwLjkxLTg2LjYgODYuNnoiPjwvcGF0aD48L3N2Zz4=\" alt=\"\" \/><\/p>\n<header class=\"items-center justify-between leading-tight pl-12 md:pr-12 md:p-4\">\n<h2 class=\"text-lg\"><span class=\"text-black\"><br \/>\nSemplice da personalizzare<br \/>\n<\/span><\/h2>\n<p class=\"text-grey-darker text-sm\">Arte semplice da creare, dove tu sei il creatore!<\/p>\n<\/header>\n<\/article>\n<p><!-- END Article --><\/p>\n<\/div>\n<p><!-- END Column --><\/p>\n<p><!-- Column --><\/p>\n<div class=\"my-1 px-1 w-full md:w-1\/2 lg:my-4 lg:px-4\">\n<p><!-- Article --><\/p>\n<article class=\"overflow-hidden flex\"><img decoding=\"async\" class=\"w-6 m-4\" src=\"data:image\/svg+xml;base64,IDxzdmcgZGF0YS1wcmVmaXg9ImZhcyIgZGF0YS1pY29uPSJnaWZ0IiBjbGFzcz0idy0yNCIgcm9sZT0iaW1nIiB4bWxucz0iaHR0cDovL3d3dy53My5vcmcvMjAwMC9zdmciIHZpZXdCb3g9IjAgMCA1MTIgNTEyIj48cGF0aCBmaWxsPSJjdXJyZW50Q29sb3IiIGQ9Ik0zMiA0NDhjMCAxNy43IDE0LjMgMzIgMzIgMzJoMTYwVjMyMEgzMnYxMjh6bTI1NiAzMmgxNjBjMTcuNyAwIDMyLTE0LjMgMzItMzJWMzIwSDI4OHYxNjB6bTE5Mi0zMjBoLTQyLjFjNi4yLTEyLjEgMTAuMS0yNS41IDEwLjEtNDAgMC00OC41LTM5LjUtODgtODgtODgtNDEuNiAwLTY4LjUgMjEuMy0xMDMgNjguMy0zNC41LTQ3LTYxLjQtNjguMy0xMDMtNjguMy00OC41IDAtODggMzkuNS04OCA4OCAwIDE0LjUgMy44IDI3LjkgMTAuMSA0MEgzMmMtMTcuNyAwLTMyIDE0LjMtMzIgMzJ2ODBjMCA4LjggNy4yIDE2IDE2IDE2aDQ4MGM4LjggMCAxNi03LjIgMTYtMTZ2LTgwYzAtMTcuNy0xNC4zLTMyLTMyLTMyem0tMzI2LjEgMGMtMjIuMSAwLTQwLTE3LjktNDAtNDBzMTcuOS00MCA0MC00MGMxOS45IDAgMzQuNiAzLjMgODYuMSA4MGgtODYuMXptMjA2LjEgMGgtODYuMWM1MS40LTc2LjUgNjUuNy04MCA4Ni4xLTgwIDIyLjEgMCA0MCAxNy45IDQwIDQwcy0xNy45IDQwLTQwIDQweiI+PC9wYXRoPjwvc3ZnPg==\" alt=\"\" \/><\/p>\n<header class=\"items-center justify-between leading-tight pl-12 md:pr-12 md:p-4\">\n<h2 class=\"text-lg\"><span class=\"text-black\"><br \/>\nRegali personalizzati<br \/>\n<\/span><\/h2>\n<p class=\"text-grey-darker text-sm\">Ad alta qualit\u00e0 e stampati in base all\u2019ordine, i nostri poster personalizzati rappresentano un regalo prezioso e duraturo.<\/p>\n<\/header>\n<\/article>\n<p><!-- END Article --><\/p>\n<\/div>\n<p><!-- END Column --><\/p>\n<p><!-- Column --><\/p>\n<div class=\"my-1 px-1 w-full md:w-1\/2 lg:my-4 lg:px-4\">\n<p><!-- Article --><\/p>\n<article class=\"overflow-hidden flex\"><img decoding=\"async\" class=\"w-6 m-4\" src=\"data:image\/svg+xml;base64,IDxzdmcgZGF0YS1wcmVmaXg9ImZhcyIgZGF0YS1pY29uPSJtYXAtbWFya2VyLWFsdCIgY2xhc3M9InctMjQiIHJvbGU9ImltZyIgeG1sbnM9Imh0dHA6Ly93d3cudzMub3JnLzIwMDAvc3ZnIiB2aWV3Qm94PSIwIDAgMzg0IDUxMiI+PHBhdGggZmlsbD0iY3VycmVudENvbG9yIiBkPSJNMTcyLjI2OCA1MDEuNjdDMjYuOTcgMjkxLjAzMSAwIDI2OS40MTMgMCAxOTIgMCA4NS45NjEgODUuOTYxIDAgMTkyIDBzMTkyIDg1Ljk2MSAxOTIgMTkyYzAgNzcuNDEzLTI2Ljk3IDk5LjAzMS0xNzIuMjY4IDMwOS42Ny05LjUzNSAxMy43NzQtMjkuOTMgMTMuNzczLTM5LjQ2NCAwek0xOTIgMjcyYzQ0LjE4MyAwIDgwLTM1LjgxNyA4MC04MHMtMzUuODE3LTgwLTgwLTgwLTgwIDM1LjgxNy04MCA4MCAzNS44MTcgODAgODAgODB6Ij48L3BhdGg+PC9zdmc+\" alt=\"\" \/><\/p>\n<header class=\"items-center justify-between leading-tight pl-12 md:pr-12 md:p-4\">\n<h2 class=\"text-lg\"><span class=\"text-black\"><br \/>\nDesign Scandinavo<br \/>\n<\/span><\/h2>\n<p class=\"text-grey-darker text-sm\">I nostri poster sono di qualit\u00e0 e si abbinano ad ogni interior, aggiungendo un tocco scandinavo alle tue pareti, senza bisogno di un esperto.<\/p>\n<\/header>\n<\/article>\n<p><!-- END Article --><\/p>\n<\/div>\n<\/div>\n<\/div>\n<div class=\"container my-24 mx-auto px-4 md:px-12\">\n<div class=\"flex flex-wrap -mx-1 lg:-mx-4\">\n<p><!-- Column --><\/p>\n<div class=\"my-1 px-12 w-full md:w-1\/2 lg:my-4 lg:px-4\">\n<p><video class=\"ugb-video-background\" src=\"https:\/\/www.mapiful.com\/content\/uploads\/2021\/03\/Street-Map-with-filter-1.mp4\" loop=\"loop\" muted=\"\" controls=\"controls\" width=\"300\" height=\"150\" data-mce-fragment=\"1\"><\/video><\/p>\n<\/div>\n<p><!-- END Column --><\/p>\n<p><!-- Column --><\/p>\n<div class=\"my-1 px-1 w-full md:w-1\/2 lg:my-4 lg:px-4\">\n<h2 class=\"text-lg lg:text-2xl text-black pb-4\">Come creare un poster Street Map personalizzato<\/h2>\n<p class=\"text-lg\">I nostri poster Streetmap ti permettono di creare facilmente mappe uniche di qualsiasi luogo del mondo, in pochi e semplici passi!!<\/p>\n<article class=\"overflow-hidden flex\"><img decoding=\"async\" class=\"flex-none w-6 h-full m-4\" src=\"data:image\/svg+xml;base64,PHN2ZyB4bWxucz0iaHR0cDovL3d3dy53My5vcmcvMjAwMC9zdmciIHZpZXdCb3g9IjAgMCAxOTAgMTkwIiBzdHlsZT0iZmlsbDogIzc2N0Q2QSAhaW1wb3J0YW50OyBjb2xvcjogIzc2N0Q2QSAhaW1wb3J0YW50Ij48cG9seWdvbiBwb2ludHM9IjE3My44LDI4LjQgNjAuNCwxNDEuOCAxNS43LDk3LjIgNS4xLDEwNy44IDYwLjQsMTYzIDE4NC40LDM5IDE3My44LDI4LjQiIGZpbGw9IiM3NjdENkEiIHN0cm9rZT0iIzc2N0Q2QSIgc3R5bGU9ImZpbGw6IHJnYigxMTgsIDEyNSwgMTA2KTsgc3Ryb2tlOiByZ2IoMTE4LCAxMjUsIDEwNik7Ii8+PC9zdmc+\" \/><\/p>\n<header class=\"items-center justify-between leading-tight pl-12 md:pr-12 md:p-4\">\n<h3 class=\"text-lg\"><span class=\"text-black\"><br \/>\nScegli il tuo luogo speciale<br \/>\n<\/span><\/h3>\n<p class=\"text-grey-darker text-sm\">Quali luoghi ti hanno reso quello che sei? Scegli un luogo connesso ai tuoi traguardi nella vita, o semplicemente qualsiasi luogo che ti faccia sentire bene!<\/p>\n<\/header>\n<\/article>\n<article class=\"overflow-hidden flex\"><img decoding=\"async\" class=\"flex-none w-6 h-full m-4\" src=\"data:image\/svg+xml;base64,PHN2ZyB4bWxucz0iaHR0cDovL3d3dy53My5vcmcvMjAwMC9zdmciIHZpZXdCb3g9IjAgMCAxOTAgMTkwIiBzdHlsZT0iZmlsbDogIzc2N0Q2QSAhaW1wb3J0YW50OyBjb2xvcjogIzc2N0Q2QSAhaW1wb3J0YW50Ij48cG9seWdvbiBwb2ludHM9IjE3My44LDI4LjQgNjAuNCwxNDEuOCAxNS43LDk3LjIgNS4xLDEwNy44IDYwLjQsMTYzIDE4NC40LDM5IDE3My44LDI4LjQiIGZpbGw9IiM3NjdENkEiIHN0cm9rZT0iIzc2N0Q2QSIgc3R5bGU9ImZpbGw6IHJnYigxMTgsIDEyNSwgMTA2KTsgc3Ryb2tlOiByZ2IoMTE4LCAxMjUsIDEwNik7Ii8+PC9zdmc+\" \/><\/p>\n<header class=\"items-center justify-between leading-tight pl-12 md:pr-12 md:p-4\">\n<h3 class=\"text-lg\"><span class=\"text-black\"><br \/>\nPersonalizza il testo<br \/>\n<\/span><\/h3>\n<p class=\"text-grey-darker text-sm\">Aggiungi una frase o delle parole speciali che ti motivino ogni giorno, oppure un messaggio affettuoso a qualcun altro.<\/p>\n<\/header>\n<\/article>\n<article class=\"overflow-hidden flex\"><img decoding=\"async\" class=\"flex-none w-6 h-full m-4\" src=\"data:image\/svg+xml;base64,PHN2ZyB4bWxucz0iaHR0cDovL3d3dy53My5vcmcvMjAwMC9zdmciIHZpZXdCb3g9IjAgMCAxOTAgMTkwIiBzdHlsZT0iZmlsbDogIzc2N0Q2QSAhaW1wb3J0YW50OyBjb2xvcjogIzc2N0Q2QSAhaW1wb3J0YW50Ij48cG9seWdvbiBwb2ludHM9IjE3My44LDI4LjQgNjAuNCwxNDEuOCAxNS43LDk3LjIgNS4xLDEwNy44IDYwLjQsMTYzIDE4NC40LDM5IDE3My44LDI4LjQiIGZpbGw9IiM3NjdENkEiIHN0cm9rZT0iIzc2N0Q2QSIgc3R5bGU9ImZpbGw6IHJnYigxMTgsIDEyNSwgMTA2KTsgc3Ryb2tlOiByZ2IoMTE4LCAxMjUsIDEwNik7Ii8+PC9zdmc+\" \/><\/p>\n<header class=\"items-center justify-between leading-tight pl-12 md:pr-12 md:p-4\">\n<h3 class=\"text-lg\"><span class=\"text-black\"><br \/>\nCambia lo stile con colori e design diversi<br \/>\n<\/span><\/h3>\n<p class=\"text-grey-darker text-sm\">Ogni casa \u00e8 unica, e con i nostri predefiniti colori e stili puoi trovare facilmente il perfetto abbinamento al tuo interior.<\/p>\n<\/header>\n<\/article>\n<\/div>\n<\/div>\n<\/div>\n","protected":false},"excerpt":{"rendered":"<p>Questo bellissimo poster della citt\u00e0 illustra il dettaglio delle strade e della natura, combinato con uno stile scandinavo. Sar\u00e0 perfetto sia appeso che appoggiato al muro. Si abbina perfettamente a qualsiasi tipo di design o ambiente. La dimensione perfetta per la maggior parte delle occasioni. Questa \u00e8 la dimensione del poster pi\u00f9 comune e stampiamo&#8230;<\/p>\n","protected":false},"featured_media":1312410,"template":"","meta":[],"product_cat":[1833,517,563],"product_tag":[],"class_list":["post-1309006","product","type-product","status-publish","has-post-thumbnail","hentry","product_cat-customisable-prints-it","product_cat-posters-it","product_cat-streetmaps-it","product_shipping_class-posters-it"],"acf":[],"featured_image_urls_v2":{"full":["https:\/\/www.mapiful.com\/content\/uploads\/2021\/04\/street_map_1-1024x1024-1.jpg",1024,1024,false],"thumbnail":["https:\/\/www.mapiful.com\/content\/uploads\/2021\/04\/street_map_1-1024x1024-1-150x150.jpg",150,150,true],"medium":["https:\/\/www.mapiful.com\/content\/uploads\/2021\/04\/street_map_1-1024x1024-1-300x300.jpg",300,300,true],"medium_large":["https:\/\/www.mapiful.com\/content\/uploads\/2021\/04\/street_map_1-1024x1024-1-768x768.jpg",768,768,true],"large":["https:\/\/www.mapiful.com\/content\/uploads\/2021\/04\/street_map_1-1024x1024-1-1024x1024.jpg",1024,1024,true],"1536x1536":["https:\/\/www.mapiful.com\/content\/uploads\/2021\/04\/street_map_1-1024x1024-1.jpg",1024,1024,false],"2048x2048":["https:\/\/www.mapiful.com\/content\/uploads\/2021\/04\/street_map_1-1024x1024-1.jpg",1024,1024,false],"woocommerce_thumbnail":["https:\/\/www.mapiful.com\/content\/uploads\/2021\/04\/street_map_1-1024x1024-1-300x300.jpg",300,300,true],"woocommerce_single":["https:\/\/www.mapiful.com\/content\/uploads\/2021\/04\/street_map_1-1024x1024-1-600x600.jpg",600,600,true],"woocommerce_gallery_thumbnail":["https:\/\/www.mapiful.com\/content\/uploads\/2021\/04\/street_map_1-1024x1024-1-100x100.jpg",100,100,true],"wc_order_status_icon":["https:\/\/www.mapiful.com\/content\/uploads\/2021\/04\/street_map_1-1024x1024-1-32x32.jpg",32,32,true]},"post_excerpt_stackable_v2":"<p>Questo bellissimo poster della citt\u00e0 illustra il dettaglio delle strade e della natura, combinato con uno stile scandinavo. Sar\u00e0 perfetto sia appeso che appoggiato al muro. Si abbina perfettamente a qualsiasi tipo di design o ambiente. La dimensione perfetta per la maggior parte delle occasioni. Questa \u00e8 la dimensione del poster pi\u00f9 comune e stampiamo il tuo disegno su una carta da museo da 200 g. Sarai stupito con tutti i dettagli e la finitura del tuo design. Garantiamo una consegna internazionale veloce e affidabile. Responsabilit\u00e0 ambientale I tuoi poster sono prodotti in una localit\u00e0 vicina a te. Questo consente&hellip;<\/p>\n","category_list_v2":"","author_info_v2":{"name":"","url":""},"comments_num_v2":"0 commenti","_links":{"self":[{"href":"https:\/\/www.mapiful.com\/it\/wp-json\/wp\/v2\/product\/1309006"}],"collection":[{"href":"https:\/\/www.mapiful.com\/it\/wp-json\/wp\/v2\/product"}],"about":[{"href":"https:\/\/www.mapiful.com\/it\/wp-json\/wp\/v2\/types\/product"}],"wp:featuredmedia":[{"embeddable":true,"href":"https:\/\/www.mapiful.com\/it\/wp-json\/wp\/v2\/media\/1312410"}],"wp:attachment":[{"href":"https:\/\/www.mapiful.com\/it\/wp-json\/wp\/v2\/media?parent=1309006"}],"wp:term":[{"taxonomy":"product_cat","embeddable":true,"href":"https:\/\/www.mapiful.com\/it\/wp-json\/wp\/v2\/product_cat?post=1309006"},{"taxonomy":"product_tag","embeddable":true,"href":"https:\/\/www.mapiful.com\/it\/wp-json\/wp\/v2\/product_tag?post=1309006"}],"curies":[{"name":"wp","href":"https:\/\/api.w.org\/{rel}","templated":true}]}}