{"id":951954,"date":"2020-06-13T14:58:50","date_gmt":"2020-06-13T12:58:50","guid":{"rendered":"https:\/\/www.mapiful.com\/?page_id=951954"},"modified":"2020-10-29T16:07:32","modified_gmt":"2020-10-29T15:07:32","slug":"star-mapiful","status":"publish","type":"page","link":"https:\/\/www.mapiful.com\/nb\/star-mapiful\/","title":{"rendered":"Star Mapiful"},"content":{"rendered":"\n<div class=\"wp-block-media-text alignwide has-media-on-the-right has-background is-stacked-on-mobile is-vertically-aligned-center\" style=\"background-color:#FEF5ED;grid-template-columns:auto 48%\"><figure class=\"wp-block-media-text__media\"><img loading=\"lazy\" decoding=\"async\" width=\"1024\" height=\"1021\" src=\"https:\/\/www.mapiful.com\/content\/uploads\/2020\/03\/@stylewithlori-1024x1021.png\" alt=\"\" class=\"wp-image-951956\" srcset=\"https:\/\/www.mapiful.com\/content\/uploads\/2020\/03\/@stylewithlori-1024x1021.png 1024w, https:\/\/www.mapiful.com\/content\/uploads\/2020\/03\/@stylewithlori-300x300.png 300w, https:\/\/www.mapiful.com\/content\/uploads\/2020\/03\/@stylewithlori-150x150.png 150w, https:\/\/www.mapiful.com\/content\/uploads\/2020\/03\/@stylewithlori-768x765.png 768w, https:\/\/www.mapiful.com\/content\/uploads\/2020\/03\/@stylewithlori-600x598.png 600w, https:\/\/www.mapiful.com\/content\/uploads\/2020\/03\/@stylewithlori-100x100.png 100w, https:\/\/www.mapiful.com\/content\/uploads\/2020\/03\/@stylewithlori-32x32.png 32w, https:\/\/www.mapiful.com\/content\/uploads\/2020\/03\/@stylewithlori.png 1190w\" sizes=\"(max-width: 1024px) 100vw, 1024px\" \/><\/figure><div class=\"wp-block-media-text__content\">\n<div style=\"height:50px\" aria-hidden=\"true\" class=\"wp-block-spacer\"><\/div>\n\n\n\n<h1 class=\"wp-block-heading\">M\u00f8t produktet v\u00e5rt<strong> <s> Star Mapiful<\/s> <\/strong>og husk de nettene som har betydd mest for deg<\/h1>\n\n\n\n<p>F\u00e5 det som ble skrevet i stjernene, innrammet p\u00e5 veggen din. Disse minneverdige trykkene lar deg se stjernenes stilling og stjernebildene p\u00e5 hvilket som helst gitt sted p\u00e5 en gitt dato.<\/p>\n\n\n\n<p>Det kan f.eks. v\u00e6re datoen for en barnef\u00f8dsel, ditt f\u00f8rste kyss eller natten du svarte ja! \u2013 tilpass tekst, datoer og koordinater for \u00e5 tilpasse Star Mapiful akkurat til deg.<\/p>\n\n\n\n<div style=\"height:20px\" aria-hidden=\"true\" class=\"wp-block-spacer\"><\/div>\n\n\n\n<div style=\"text-align:left\" class=\"wp-block-genesis-blocks-gb-button gb-block-button\"><a href=\"https:\/\/www.mapiful.com\/nb\/starmap-editor\/\" class=\"gb-button gb-button-shape-rounded gb-button-size-medium\" style=\"color:#ffffff;background-color:#fcc295\">Skap ditt eget kunstverk<\/a><\/div>\n\n\n\n<div style=\"height:50px\" aria-hidden=\"true\" class=\"wp-block-spacer\"><\/div>\n<\/div><\/div>\n\n\n\n<div class=\"wp-block-media-text alignwide is-stacked-on-mobile\" style=\"grid-template-columns:52% auto\"><figure class=\"wp-block-media-text__media\"><img loading=\"lazy\" decoding=\"async\" width=\"832\" height=\"1024\" src=\"https:\/\/www.mapiful.com\/content\/uploads\/2020\/04\/Screenshot-2020-04-02-at-18.16.11-832x1024.png\" alt=\"\" class=\"wp-image-951960\" srcset=\"https:\/\/www.mapiful.com\/content\/uploads\/2020\/04\/Screenshot-2020-04-02-at-18.16.11-832x1024.png 832w, https:\/\/www.mapiful.com\/content\/uploads\/2020\/04\/Screenshot-2020-04-02-at-18.16.11-244x300.png 244w, https:\/\/www.mapiful.com\/content\/uploads\/2020\/04\/Screenshot-2020-04-02-at-18.16.11-768x946.png 768w, https:\/\/www.mapiful.com\/content\/uploads\/2020\/04\/Screenshot-2020-04-02-at-18.16.11-600x739.png 600w, https:\/\/www.mapiful.com\/content\/uploads\/2020\/04\/Screenshot-2020-04-02-at-18.16.11.png 960w\" sizes=\"(max-width: 832px) 100vw, 832px\" \/><\/figure><div class=\"wp-block-media-text__content\">\n<div style=\"height:60px\" aria-hidden=\"true\" class=\"wp-block-spacer\"><\/div>\n\n\n\n<h3 class=\"wp-block-heading\">Minnene dine visualisert i stjernene<\/h3>\n\n\n\n<p>Stjernenes unike stilling, vakkert visualisert i h\u00f8ykvalitetsblekk. Aktiver eller deaktiver stjernekonstellasjoner og rutenett for \u00e5 lage en Star Mapiful som er virkelig unik og viser minnene dine i hjertet av hjemmet.<\/p>\n\n\n\n<h3 class=\"wp-block-heading\">Stiler for ethvert rom<\/h3>\n\n\n\n<p>Disse trykkene passer elegant inn i ethvert rom, enten det er barnev\u00e6relset, soverommet eller stua. Velg fra v\u00e5re n\u00f8ye utvalgte stiler. Uansett om du velger Classic, Modern eller Nautical, finner du noe som passer for deg.<\/p>\n\n\n\n<h3 class=\"wp-block-heading\">100 % tilpasset<\/h3>\n\n\n\n<p>Du kan endre hvert element ut fra dine egne \u00f8nsker. Uansett om det er til deg selv eller en gave til noen du bryr deg om, kan du tilpasse teksten, stedet og fargene for \u00e5 sette et personlig preg.<\/p>\n\n\n\n<div style=\"height:30px\" aria-hidden=\"true\" class=\"wp-block-spacer\"><\/div>\n\n\n\n<div style=\"background-color:#FEF5ED;color:#32373c\" class=\"wp-block-genesis-blocks-gb-testimonial left-aligned gb-has-avatar gb-font-size-18 gb-block-testimonial\"><div class=\"gb-testimonial-text\"><p>&#8220;&#8230; it just makes me happy seeing my Star Mapiful of the date my daughter was born  before putting her to bed every night. I can&#8217;t wait to see the wonderful person she will grow up to be.&#8221;<\/p><\/div><div class=\"gb-testimonial-info\"><div class=\"gb-testimonial-avatar-wrap\"><div class=\"gb-testimonial-image-wrap\"><img decoding=\"async\" class=\"gb-testimonial-avatar\" src=\"https:\/\/www.mapiful.com\/content\/uploads\/2020\/03\/AI-shot-1.png\" alt=\"avatar\"\/><\/div><\/div><h2 class=\"gb-testimonial-name\" style=\"color:#32373c\">Kirsten Cambrie<\/h2><small class=\"gb-testimonial-title\" style=\"color:#32373c\">\u2605\u2605\u2605\u2605\u2605<\/small><\/div><\/div>\n\n\n\n<div style=\"height:20px\" aria-hidden=\"true\" class=\"wp-block-spacer\"><\/div>\n<\/div><\/div>\n\n\n\n<div style=\"height:50px\" aria-hidden=\"true\" class=\"wp-block-spacer\"><\/div>\n\n\n\n<h1 class=\"has-text-align-center wp-block-heading\">Uendelige muligheter &#8230;<\/h1>\n\n\n\n<p class=\"has-text-align-center\">\u2026 som vil gi deg stjerner i \u00f8ynene! Hvilken stil velger du?<\/p>\n\n\n\n<div style=\"padding-left:5.5%;padding-right:5.5%\" class=\"wp-block-genesis-blocks-gb-container gb-block-container\"><div class=\"gb-container-inside\"><div class=\"gb-container-content\" style=\"max-width:1000px\">\n<figure class=\"wp-block-gallery columns-4 is-cropped wp-block-gallery-1 is-layout-flex wp-block-gallery-is-layout-flex\"><ul class=\"blocks-gallery-grid\"><li class=\"blocks-gallery-item\"><figure><img decoding=\"async\" src=\"https:\/\/www.mapiful.com\/content\/uploads\/2020\/03\/starmap_thisloveandchaos-1-1024x1017.png\" alt=\"\" data-id=\"772342\" data-link=\"https:\/\/www.mapiful.com\/?attachment_id=772342\" class=\"wp-image-772342\"\/><\/figure><\/li><li class=\"blocks-gallery-item\"><figure><img loading=\"lazy\" decoding=\"async\" width=\"1024\" height=\"1019\" src=\"https:\/\/www.mapiful.com\/content\/uploads\/2020\/04\/Screenshot-2020-04-02-at-16.52.42-1024x1019.png\" alt=\"\" data-id=\"786517\" data-link=\"https:\/\/www.mapiful.com\/star-mapiful\/screenshot-2020-04-02-at-16-52-42\/\" class=\"wp-image-951958\" srcset=\"https:\/\/www.mapiful.com\/content\/uploads\/2020\/04\/Screenshot-2020-04-02-at-16.52.42-1024x1019.png 1024w, https:\/\/www.mapiful.com\/content\/uploads\/2020\/04\/Screenshot-2020-04-02-at-16.52.42-300x300.png 300w, https:\/\/www.mapiful.com\/content\/uploads\/2020\/04\/Screenshot-2020-04-02-at-16.52.42-150x150.png 150w, https:\/\/www.mapiful.com\/content\/uploads\/2020\/04\/Screenshot-2020-04-02-at-16.52.42-768x764.png 768w, https:\/\/www.mapiful.com\/content\/uploads\/2020\/04\/Screenshot-2020-04-02-at-16.52.42-600x597.png 600w, https:\/\/www.mapiful.com\/content\/uploads\/2020\/04\/Screenshot-2020-04-02-at-16.52.42-100x100.png 100w, https:\/\/www.mapiful.com\/content\/uploads\/2020\/04\/Screenshot-2020-04-02-at-16.52.42-32x32.png 32w, https:\/\/www.mapiful.com\/content\/uploads\/2020\/04\/Screenshot-2020-04-02-at-16.52.42.png 1190w\" sizes=\"(max-width: 1024px) 100vw, 1024px\" \/><\/figure><\/li><li class=\"blocks-gallery-item\"><figure><img loading=\"lazy\" decoding=\"async\" width=\"819\" height=\"1024\" src=\"https:\/\/www.mapiful.com\/content\/uploads\/2019\/10\/bookstolivby3-819x1024.jpeg\" alt=\"\" data-id=\"449173\" data-link=\"https:\/\/www.mapiful.com\/inspiration\/velaris\/bookstolivby3\/\" class=\"wp-image-449173\" srcset=\"https:\/\/www.mapiful.com\/content\/uploads\/2019\/10\/bookstolivby3-819x1024.jpeg 819w, https:\/\/www.mapiful.com\/content\/uploads\/2019\/10\/bookstolivby3-240x300.jpeg 240w, https:\/\/www.mapiful.com\/content\/uploads\/2019\/10\/bookstolivby3-768x960.jpeg 768w, https:\/\/www.mapiful.com\/content\/uploads\/2019\/10\/bookstolivby3-600x750.jpeg 600w, https:\/\/www.mapiful.com\/content\/uploads\/2019\/10\/bookstolivby3.jpeg 1080w\" sizes=\"(max-width: 819px) 100vw, 819px\" \/><\/figure><\/li><li class=\"blocks-gallery-item\"><figure><img loading=\"lazy\" decoding=\"async\" width=\"857\" height=\"1024\" src=\"https:\/\/www.mapiful.com\/content\/uploads\/2020\/04\/Screenshot-2020-04-02-at-16.56.24-857x1024.png\" alt=\"\" data-id=\"786525\" data-full-url=\"https:\/\/www.mapiful.com\/content\/uploads\/2020\/04\/Screenshot-2020-04-02-at-16.56.24.png\" data-link=\"https:\/\/www.mapiful.com\/star-mapiful\/screenshot-2020-04-02-at-16-56-24\/\" class=\"wp-image-951959\" srcset=\"https:\/\/www.mapiful.com\/content\/uploads\/2020\/04\/Screenshot-2020-04-02-at-16.56.24-857x1024.png 857w, https:\/\/www.mapiful.com\/content\/uploads\/2020\/04\/Screenshot-2020-04-02-at-16.56.24-251x300.png 251w, https:\/\/www.mapiful.com\/content\/uploads\/2020\/04\/Screenshot-2020-04-02-at-16.56.24-768x917.png 768w, https:\/\/www.mapiful.com\/content\/uploads\/2020\/04\/Screenshot-2020-04-02-at-16.56.24-600x717.png 600w, https:\/\/www.mapiful.com\/content\/uploads\/2020\/04\/Screenshot-2020-04-02-at-16.56.24.png 956w\" sizes=\"(max-width: 857px) 100vw, 857px\" \/><\/figure><\/li><\/ul><\/figure>\n\n\n\n<div style=\"height:30px\" aria-hidden=\"true\" class=\"wp-block-spacer\"><\/div>\n\n\n\n<div style=\"text-align:center\" class=\"wp-block-genesis-blocks-gb-button gb-block-button\"><a href=\"https:\/\/www.mapiful.com\/nb\/starmap-editor\/\" class=\"gb-button gb-button-shape-rounded gb-button-size-medium\" style=\"color:#FFFFFF;background-color:#fcc295\">Kom i gang!<\/a><\/div>\n<\/div><\/div><\/div>\n\n\n\n<div style=\"height:40px\" aria-hidden=\"true\" class=\"wp-block-spacer\"><\/div>\n\n\n\n<p><\/p>\n","protected":false},"excerpt":{"rendered":"<p>Uendelige muligheter &#8230; \u2026 som vil gi deg stjerner i \u00f8ynene! Hvilken stil velger du?<\/p>\n","protected":false},"author":1,"featured_media":0,"parent":0,"menu_order":100,"comment_status":"closed","ping_status":"closed","template":"","meta":{"footnotes":""},"class_list":["post-951954","page","type-page","status-publish","hentry"],"acf":[],"featured_image_urls_v2":{"full":"","thumbnail":"","medium":"","medium_large":"","large":"","1536x1536":"","2048x2048":"","woocommerce_thumbnail":"","woocommerce_single":"","woocommerce_gallery_thumbnail":"","wc_order_status_icon":""},"post_excerpt_stackable_v2":"<p>M\u00f8t produktet v\u00e5rt Star Mapiful og husk de nettene som har betydd mest for deg F\u00e5 det som ble skrevet i stjernene, innrammet p\u00e5 veggen din. Disse minneverdige trykkene lar deg se stjernenes stilling og stjernebildene p\u00e5 hvilket som helst gitt sted p\u00e5 en gitt dato. Det kan f.eks. v\u00e6re datoen for en barnef\u00f8dsel, ditt f\u00f8rste kyss eller natten du svarte ja! \u2013 tilpass tekst, datoer og koordinater for \u00e5 tilpasse Star Mapiful akkurat til deg. Skap ditt eget kunstverk Minnene dine visualisert i stjernene Stjernenes unike stilling, vakkert visualisert i h\u00f8ykvalitetsblekk. Aktiver eller deaktiver stjernekonstellasjoner og rutenett for \u00e5&hellip;<\/p>\n","category_list_v2":"","author_info_v2":{"name":"Edvin Brobeck","url":"https:\/\/www.mapiful.com\/nb\/blog\/author\/admin\/"},"comments_num_v2":"0 kommentarer","_links":{"self":[{"href":"https:\/\/www.mapiful.com\/nb\/wp-json\/wp\/v2\/pages\/951954"}],"collection":[{"href":"https:\/\/www.mapiful.com\/nb\/wp-json\/wp\/v2\/pages"}],"about":[{"href":"https:\/\/www.mapiful.com\/nb\/wp-json\/wp\/v2\/types\/page"}],"author":[{"embeddable":true,"href":"https:\/\/www.mapiful.com\/nb\/wp-json\/wp\/v2\/users\/1"}],"replies":[{"embeddable":true,"href":"https:\/\/www.mapiful.com\/nb\/wp-json\/wp\/v2\/comments?post=951954"}],"version-history":[{"count":0,"href":"https:\/\/www.mapiful.com\/nb\/wp-json\/wp\/v2\/pages\/951954\/revisions"}],"wp:attachment":[{"href":"https:\/\/www.mapiful.com\/nb\/wp-json\/wp\/v2\/media?parent=951954"}],"curies":[{"name":"wp","href":"https:\/\/api.w.org\/{rel}","templated":true}]}}