{"id":951962,"date":"2020-06-13T15:05:00","date_gmt":"2020-06-13T13:05:00","guid":{"rendered":"https:\/\/www.mapiful.com\/?page_id=951962"},"modified":"2021-01-27T17:01:53","modified_gmt":"2021-01-27T16:01:53","slug":"text-art-mapiful","status":"publish","type":"page","link":"https:\/\/www.mapiful.com\/nb\/text-art-mapiful\/","title":{"rendered":"Text Art Mapiful"},"content":{"rendered":"\n<div class=\"wp-block-media-text alignwide has-media-on-the-right is-stacked-on-mobile is-vertically-aligned-center has-background has-background\" style=\"background-color:#FEF5ED;grid-template-columns:auto 48%\"><figure class=\"wp-block-media-text__media\"><img loading=\"lazy\" decoding=\"async\" width=\"655\" height=\"655\" src=\"https:\/\/www.mapiful.com\/content\/uploads\/2021\/01\/custom-valentines-day-gifts6.jpg\" alt=\"\" class=\"wp-image-1237838 size-full\" srcset=\"https:\/\/www.mapiful.com\/content\/uploads\/2021\/01\/custom-valentines-day-gifts6.jpg 655w, https:\/\/www.mapiful.com\/content\/uploads\/2021\/01\/custom-valentines-day-gifts6-300x300.jpg 300w, https:\/\/www.mapiful.com\/content\/uploads\/2021\/01\/custom-valentines-day-gifts6-150x150.jpg 150w, https:\/\/www.mapiful.com\/content\/uploads\/2021\/01\/custom-valentines-day-gifts6-600x600.jpg 600w, https:\/\/www.mapiful.com\/content\/uploads\/2021\/01\/custom-valentines-day-gifts6-650x650.jpg 650w, https:\/\/www.mapiful.com\/content\/uploads\/2021\/01\/custom-valentines-day-gifts6-100x100.jpg 100w, https:\/\/www.mapiful.com\/content\/uploads\/2021\/01\/custom-valentines-day-gifts6-32x32.jpg 32w\" sizes=\"(max-width: 655px) 100vw, 655px\" \/><\/figure><div class=\"wp-block-media-text__content\">\n<div style=\"height:40px\" aria-hidden=\"true\" class=\"wp-block-spacer\"><\/div>\n\n\n\n<h1 class=\"wp-block-heading\">Egne bilder eller ord som kunstverk<\/h1>\n\n\n\n<p style=\"font-size:18px\">Text Art Mapiful lar deg kombinere det bildet og den teksten du har valgt, i et unikt trykk.<\/p>\n\n\n\n<p>G\u00e5 n\u00e6rmere for \u00e5 lese de ordene du har valgt ut, og ta noen steg tilbake for \u00e5 beundre bildet!<\/p>\n\n\n\n<div style=\"text-align:left\" class=\"wp-block-genesis-blocks-gb-button gb-block-button\"><a href=\"https:\/\/www.mapiful.com\/nb\/textart-editor\/\" class=\"gb-button gb-button-shape-rounded gb-button-size-medium\" style=\"color:#ffffff;background-color:#4C596A\">Lag ditt eget trykk<\/a><\/div>\n\n\n\n<div style=\"height:30px\" aria-hidden=\"true\" class=\"wp-block-spacer\"><\/div>\n<\/div><\/div>\n\n\n\n<div class=\"wp-block-genesis-blocks-gb-container gb-block-container\"><div class=\"gb-container-inside\"><div class=\"gb-container-content\">\n<div class=\"wp-block-media-text alignwide is-stacked-on-mobile\" style=\"grid-template-columns:52% auto\"><figure class=\"wp-block-media-text__media\"><img loading=\"lazy\" decoding=\"async\" width=\"1024\" height=\"1024\" src=\"https:\/\/www.mapiful.com\/content\/uploads\/2021\/01\/Text-Art-Explainer-1024x1024.png\" alt=\"\" class=\"wp-image-1242253 size-full\" srcset=\"https:\/\/www.mapiful.com\/content\/uploads\/2021\/01\/Text-Art-Explainer-1024x1024.png 1024w, https:\/\/www.mapiful.com\/content\/uploads\/2021\/01\/Text-Art-Explainer-300x300.png 300w, https:\/\/www.mapiful.com\/content\/uploads\/2021\/01\/Text-Art-Explainer-150x150.png 150w, https:\/\/www.mapiful.com\/content\/uploads\/2021\/01\/Text-Art-Explainer-768x768.png 768w, https:\/\/www.mapiful.com\/content\/uploads\/2021\/01\/Text-Art-Explainer-1536x1536.png 1536w, https:\/\/www.mapiful.com\/content\/uploads\/2021\/01\/Text-Art-Explainer-2048x2048.png 2048w, https:\/\/www.mapiful.com\/content\/uploads\/2021\/01\/Text-Art-Explainer-600x600.png 600w, https:\/\/www.mapiful.com\/content\/uploads\/2021\/01\/Text-Art-Explainer-650x650.png 650w, https:\/\/www.mapiful.com\/content\/uploads\/2021\/01\/Text-Art-Explainer-100x100.png 100w, https:\/\/www.mapiful.com\/content\/uploads\/2021\/01\/Text-Art-Explainer-32x32.png 32w\" sizes=\"(max-width: 1024px) 100vw, 1024px\" \/><\/figure><div class=\"wp-block-media-text__content\">\n<div style=\"height:40px\" aria-hidden=\"true\" class=\"wp-block-spacer\"><\/div>\n\n\n\n<h2 class=\"has-text-color wp-block-heading\" style=\"color:#4C596A\">Du kan enkelt kombinere bilde og tekst<\/h2>\n\n\n\n<p>1. <strong>Last opp favorittbildet <\/strong>i v\u00e5r editor.<\/p>\n\n\n\n<p>2. <strong>Skriv inn et sitat eller en spesiell tekst<\/strong>. Teksten vises som et gjentatt m\u00f8nster p\u00e5 bildet ditt.<\/p>\n\n\n\n<p> 3. <strong>Velg stil og farge<\/strong> Du finner alltid noe som passer. <\/p>\n\n\n\n<p>4. <strong>Tilpass overskriften<\/strong> og gj\u00f8r den unik for deg og dine kj\u00e6re!<\/p>\n\n\n\n<div style=\"height:20px\" aria-hidden=\"true\" class=\"wp-block-spacer\"><\/div>\n<\/div><\/div>\n<\/div><\/div><\/div>\n\n\n\n<div class=\"wp-block-media-text alignwide has-media-on-the-right is-stacked-on-mobile\" style=\"grid-template-columns:auto 48%\"><figure class=\"wp-block-media-text__media\"><img loading=\"lazy\" decoding=\"async\" width=\"819\" height=\"1024\" src=\"https:\/\/www.mapiful.com\/content\/uploads\/2021\/01\/@sari_rantanen_photography-copy-819x1024.jpg\" alt=\"\" class=\"wp-image-1242265 size-full\" srcset=\"https:\/\/www.mapiful.com\/content\/uploads\/2021\/01\/@sari_rantanen_photography-copy-819x1024.jpg 819w, https:\/\/www.mapiful.com\/content\/uploads\/2021\/01\/@sari_rantanen_photography-copy-240x300.jpg 240w, https:\/\/www.mapiful.com\/content\/uploads\/2021\/01\/@sari_rantanen_photography-copy-768x960.jpg 768w, https:\/\/www.mapiful.com\/content\/uploads\/2021\/01\/@sari_rantanen_photography-copy-1229x1536.jpg 1229w, https:\/\/www.mapiful.com\/content\/uploads\/2021\/01\/@sari_rantanen_photography-copy-1638x2048.jpg 1638w, https:\/\/www.mapiful.com\/content\/uploads\/2021\/01\/@sari_rantanen_photography-copy-600x750.jpg 600w, https:\/\/www.mapiful.com\/content\/uploads\/2021\/01\/@sari_rantanen_photography-copy-scaled.jpg 2048w\" sizes=\"(max-width: 819px) 100vw, 819px\" \/><\/figure><div class=\"wp-block-media-text__content\">\n<div style=\"height:20px\" aria-hidden=\"true\" class=\"wp-block-spacer\"><\/div>\n\n\n\n<h3 class=\"wp-block-heading\">Favorittminnene innrammet<\/h3>\n\n\n\n<p>Gj\u00f8r favorittminnene dine til kunstverk. Velg et spesielt ord, et favorittsitat eller en favorittsang. Fra familiebilder og bryllupsminner til reisebilder og bilder av kj\u00e6ledyr \u2013 gj\u00f8r om favorittene til unik tekstkunst som du vil ha glede av resten av livet. <\/p>\n\n\n\n<h3 class=\"wp-block-heading\">N\u00e5r ord ikke er nok<\/h3>\n\n\n\n<p>Lag en unik jubileumsgave av ditt favorittbryllupsfoto. Legg til en sangtekst p\u00e5 et bilde som betyr alt for partneren din, eller f\u00e5 vennen din til \u00e5 smile med et stillbilde og sitat fra favorittfilmen.<\/p>\n\n\n\n<h3 class=\"wp-block-heading\">100 % tilpasset<\/h3>\n\n\n\n<p>Hver minste del av kunstverket kan tilpasses, fra skrifttype og stil, til farge og st\u00f8rrelse. Vi vet at du ikke forventer noe mindre av oss.<\/p>\n\n\n\n<div style=\"height:20px\" aria-hidden=\"true\" class=\"wp-block-spacer\"><\/div>\n\n\n\n<div style=\"background-color:#FEF5ED;color:#4C596A\" class=\"wp-block-genesis-blocks-gb-testimonial left-aligned gb-has-avatar gb-font-size-18 gb-block-testimonial\"><div class=\"gb-testimonial-text\"><p>&#8220;I ordered a Text Art Mapiful of our family wedding photo to celebrate 5 years of marriage. It is absolutely one of my favorite things in my house!&#8221;<\/p><\/div><div class=\"gb-testimonial-info\"><div class=\"gb-testimonial-avatar-wrap\"><div class=\"gb-testimonial-image-wrap\"><img decoding=\"async\" class=\"gb-testimonial-avatar\" src=\"https:\/\/www.mapiful.com\/content\/uploads\/2020\/02\/ai-shot-150x150.jpg\"\/><\/div><\/div><h2 class=\"gb-testimonial-name\" style=\"color:#4C596A\">Penny Hopkins <\/h2><small class=\"gb-testimonial-title\" style=\"color:#4C596A\">\u2605\u2605\u2605\u2605\u2605<\/small><\/div><\/div>\n\n\n\n<div style=\"height:20px\" aria-hidden=\"true\" class=\"wp-block-spacer\"><\/div>\n<\/div><\/div>\n\n\n\n<div style=\"background-color:#4C596A;padding-left:5.5%;padding-right:5.5%;padding-bottom:4%;padding-top:4%\" class=\"wp-block-genesis-blocks-gb-container gb-block-container\"><div class=\"gb-container-inside\"><div class=\"gb-container-content\" style=\"max-width:1000px\">\n<div style=\"height:30px\" aria-hidden=\"true\" class=\"wp-block-spacer\"><\/div>\n\n\n\n<h2 class=\"has-text-align-center has-text-color wp-block-heading\" style=\"color:#FFFFFF\">Lag et bilde som sier mer enn tusen ord<\/h2>\n\n\n\n<p class=\"has-text-align-center has-text-color\" style=\"color:#FFFFFF\">Hvilken stil velger du?<\/p>\n\n\n\n<div style=\"text-align:center\" class=\"wp-block-genesis-blocks-gb-button gb-block-button\"><a href=\"https:\/\/www.mapiful.com\/nb\/textart-editor\/\" class=\"gb-button gb-button-shape-rounded gb-button-size-medium\" style=\"color:#4C596A;background-color:#FFFFFF\">Kom i gang!<\/a><\/div>\n<\/div><\/div><\/div>\n","protected":false},"excerpt":{"rendered":"","protected":false},"author":1,"featured_media":0,"parent":0,"menu_order":100,"comment_status":"closed","ping_status":"closed","template":"","meta":{"footnotes":""},"class_list":["post-951962","page","type-page","status-publish","hentry"],"acf":[],"featured_image_urls_v2":{"full":"","thumbnail":"","medium":"","medium_large":"","large":"","1536x1536":"","2048x2048":"","woocommerce_thumbnail":"","woocommerce_single":"","woocommerce_gallery_thumbnail":"","wc_order_status_icon":""},"post_excerpt_stackable_v2":"<p>Egne bilder eller ord som kunstverk Text Art Mapiful lar deg kombinere det bildet og den teksten du har valgt, i et unikt trykk. G\u00e5 n\u00e6rmere for \u00e5 lese de ordene du har valgt ut, og ta noen steg tilbake for \u00e5 beundre bildet! Lag ditt eget trykk Du kan enkelt kombinere bilde og tekst 1. Last opp favorittbildet i v\u00e5r editor. 2. Skriv inn et sitat eller en spesiell tekst. Teksten vises som et gjentatt m\u00f8nster p\u00e5 bildet ditt. 3. Velg stil og farge Du finner alltid noe som passer. 4. Tilpass overskriften og gj\u00f8r den unik for deg&hellip;<\/p>\n","category_list_v2":"","author_info_v2":{"name":"Edvin Brobeck","url":"https:\/\/www.mapiful.com\/nb\/blog\/author\/admin\/"},"comments_num_v2":"0 kommentarer","_links":{"self":[{"href":"https:\/\/www.mapiful.com\/nb\/wp-json\/wp\/v2\/pages\/951962"}],"collection":[{"href":"https:\/\/www.mapiful.com\/nb\/wp-json\/wp\/v2\/pages"}],"about":[{"href":"https:\/\/www.mapiful.com\/nb\/wp-json\/wp\/v2\/types\/page"}],"author":[{"embeddable":true,"href":"https:\/\/www.mapiful.com\/nb\/wp-json\/wp\/v2\/users\/1"}],"replies":[{"embeddable":true,"href":"https:\/\/www.mapiful.com\/nb\/wp-json\/wp\/v2\/comments?post=951962"}],"version-history":[{"count":0,"href":"https:\/\/www.mapiful.com\/nb\/wp-json\/wp\/v2\/pages\/951962\/revisions"}],"wp:attachment":[{"href":"https:\/\/www.mapiful.com\/nb\/wp-json\/wp\/v2\/media?parent=951962"}],"curies":[{"name":"wp","href":"https:\/\/api.w.org\/{rel}","templated":true}]}}