{"id":951972,"date":"2020-06-13T15:09:22","date_gmt":"2020-06-13T13:09:22","guid":{"rendered":"https:\/\/www.mapiful.com\/?page_id=951972"},"modified":"2020-10-29T16:07:32","modified_gmt":"2020-10-29T15:07:32","slug":"zodiac-mapiful","status":"publish","type":"page","link":"https:\/\/www.mapiful.com\/nb\/zodiac-mapiful\/","title":{"rendered":"Zodiac Mapiful"},"content":{"rendered":"\n<div class=\"wp-block-media-text alignwide has-background is-stacked-on-mobile\" style=\"background-color:#FEF5ED\"><figure class=\"wp-block-media-text__media\"><img decoding=\"async\" src=\"https:\/\/www.mapiful.com\/content\/uploads\/2020\/03\/85150414_820529321799989_8498668972947860078_n-819x1024.jpg\" alt=\"\" class=\"wp-image-768567\"\/><\/figure><div class=\"wp-block-media-text__content\">\n<div style=\"height:50px\" aria-hidden=\"true\" class=\"wp-block-spacer\"><\/div>\n\n\n\n<h1 class=\"wp-block-heading\">Popul\u00e6rt akkurat n\u00e5: stjernetegntrykk<\/h1>\n\n\n\n<div style=\"height:20px\" aria-hidden=\"true\" class=\"wp-block-spacer\"><\/div>\n\n\n\n<p class=\"has-medium-font-size\">Interessert i astrologi? Omfavne det som allerede st\u00e5r skrevet i stjernene med disse h\u00f8ykvalitetstrykkene.<\/p>\n\n\n\n<p class=\"has-normal-font-size\">Finn stjernetegnet som tilsvarer bursdagen din, og finn ut enda mer som deg selv!<\/p>\n\n\n\n<div style=\"height:20px\" aria-hidden=\"true\" class=\"wp-block-spacer\"><\/div>\n\n\n\n<div style=\"text-align:left\" class=\"wp-block-genesis-blocks-gb-button gb-block-button\"><a href=\"https:\/\/www.mapiful.com\/nb\/zodiac-editor\/\" class=\"gb-button gb-button-shape-rounded gb-button-size-medium\" style=\"color:#ffffff;background-color:#4C596A\">Lag ditt eget trykk<\/a><\/div>\n\n\n\n<div style=\"height:50px\" aria-hidden=\"true\" class=\"wp-block-spacer\"><\/div>\n<\/div><\/div>\n\n\n\n<div class=\"wp-block-media-text alignwide has-media-on-the-right is-stacked-on-mobile is-image-fill\"><figure class=\"wp-block-media-text__media\" style=\"background-image:url(https:\/\/www.mapiful.com\/content\/uploads\/2020\/04\/@jeeettis.png);background-position:50% 50%\"><img loading=\"lazy\" decoding=\"async\" width=\"958\" height=\"1002\" src=\"https:\/\/www.mapiful.com\/content\/uploads\/2020\/04\/@jeeettis.png\" alt=\"\" class=\"wp-image-951987\" srcset=\"https:\/\/www.mapiful.com\/content\/uploads\/2020\/04\/@jeeettis.png 958w, https:\/\/www.mapiful.com\/content\/uploads\/2020\/04\/@jeeettis-287x300.png 287w, https:\/\/www.mapiful.com\/content\/uploads\/2020\/04\/@jeeettis-768x803.png 768w, https:\/\/www.mapiful.com\/content\/uploads\/2020\/04\/@jeeettis-600x628.png 600w, https:\/\/www.mapiful.com\/content\/uploads\/2020\/04\/@jeeettis-32x32.png 32w\" sizes=\"(max-width: 958px) 100vw, 958px\" \/><\/figure><div class=\"wp-block-media-text__content\">\n<div style=\"height:50px\" aria-hidden=\"true\" class=\"wp-block-spacer\"><\/div>\n\n\n\n<h3 class=\"wp-block-heading\">Trendy, minimalistiske illustrasjoner <\/h3>\n\n\n\n<p>Konstellasjonen i stjernetegnet ditt, vakkert illustrert og visualisert. Hvert trykk har ogs\u00e5 det astrologiske symbolet for stjernetegnet i en elegant minimalistisk stil.<\/p>\n\n\n\n<h3 class=\"wp-block-heading\">Vis hvor unik du er<\/h3>\n\n\n\n<p>N\u00e5r du har valgt stjernetegn, kan du uttrykke din individualitet gjennom en av v\u00e5re trendy design for \u00e5 matche stilen og hjemmet ditt. Classic, Modern, Minimalistic eller Vintage \u2013 vi har det som passer deg.<\/p>\n\n\n\n<h3 class=\"wp-block-heading\">Tilpass for \u00e5 vise mer om stjernetegnet ditt<\/h3>\n\n\n\n<p>Hvert trykk kan enkelt tilpasses for \u00e5 inkludere de typiske trekkene til stjernetegnet og datoen du velger, i tilleg f\u00e5r du med m\u00e5nedsstein, planeter og symbol.<\/p>\n\n\n\n<div style=\"height:37px\" aria-hidden=\"true\" class=\"wp-block-spacer\"><\/div>\n\n\n\n<div style=\"background-color:#FEF5ED;color:#4C596A\" class=\"wp-block-genesis-blocks-gb-testimonial left-aligned gb-has-avatar gb-font-size-20 gb-block-testimonial\"><div class=\"gb-testimonial-text\" style=\"text-align:left\"><p>&#8220;I found the cutest gift for my best friend! She&#8217;s in love with her Taurus print, it fits so nice in her new apartment&#8230;&#8221;<\/p><\/div><div class=\"gb-testimonial-info\"><div class=\"gb-testimonial-avatar-wrap\"><div class=\"gb-testimonial-image-wrap\"><img decoding=\"async\" class=\"gb-testimonial-avatar\" src=\"https:\/\/www.mapiful.com\/content\/uploads\/2020\/04\/Screenshot-2020-04-02-at-15.57.58.png\" alt=\"avatar\"\/><\/div><\/div><h2 class=\"gb-testimonial-name\" style=\"color:#4C596A\">Ayva Xiong<\/h2><small class=\"gb-testimonial-title\" style=\"color:#4C596A\">\u2605\u2605\u2605\u2605\u2605<\/small><\/div><\/div>\n\n\n\n<div style=\"height:50px\" aria-hidden=\"true\" class=\"wp-block-spacer\"><\/div>\n<\/div><\/div>\n\n\n\n<div style=\"height:30px\" aria-hidden=\"true\" class=\"wp-block-spacer\"><\/div>\n\n\n\n<h2 class=\"has-text-align-center wp-block-heading\">Bli inspirert!<\/h2>\n\n\n\n<p class=\"has-text-align-center\">Hvilken stil velger du?<\/p>\n\n\n\n<div style=\"padding-left:4.5%;padding-right:4.5%\" class=\"wp-block-genesis-blocks-gb-container gb-block-container\"><div class=\"gb-container-inside\"><div class=\"gb-container-content\" style=\"max-width:1000px\">\n<figure class=\"wp-block-gallery columns-4 is-cropped wp-block-gallery-1 is-layout-flex wp-block-gallery-is-layout-flex\"><ul class=\"blocks-gallery-grid\"><li class=\"blocks-gallery-item\"><figure><img loading=\"lazy\" decoding=\"async\" width=\"1024\" height=\"1005\" src=\"https:\/\/www.mapiful.com\/content\/uploads\/2020\/03\/Screenshot-2020-03-30-at-17.00.11-1024x1005.png\" alt=\"\" data-id=\"781443\" data-full-url=\"https:\/\/www.mapiful.com\/content\/uploads\/2020\/03\/Screenshot-2020-03-30-at-17.00.11.png\" data-link=\"https:\/\/www.mapiful.com\/zodiac-prints\/screenshot-2020-03-30-at-17-00-11\/\" class=\"wp-image-951984\" srcset=\"https:\/\/www.mapiful.com\/content\/uploads\/2020\/03\/Screenshot-2020-03-30-at-17.00.11-1024x1005.png 1024w, https:\/\/www.mapiful.com\/content\/uploads\/2020\/03\/Screenshot-2020-03-30-at-17.00.11-300x294.png 300w, https:\/\/www.mapiful.com\/content\/uploads\/2020\/03\/Screenshot-2020-03-30-at-17.00.11-768x754.png 768w, https:\/\/www.mapiful.com\/content\/uploads\/2020\/03\/Screenshot-2020-03-30-at-17.00.11-600x589.png 600w, https:\/\/www.mapiful.com\/content\/uploads\/2020\/03\/Screenshot-2020-03-30-at-17.00.11-32x32.png 32w, https:\/\/www.mapiful.com\/content\/uploads\/2020\/03\/Screenshot-2020-03-30-at-17.00.11.png 1196w\" sizes=\"(max-width: 1024px) 100vw, 1024px\" \/><\/figure><\/li><li class=\"blocks-gallery-item\"><figure><img loading=\"lazy\" decoding=\"async\" width=\"796\" height=\"1024\" src=\"https:\/\/www.mapiful.com\/content\/uploads\/2020\/03\/Screenshot-2020-03-30-at-17.00.45-796x1024.png\" alt=\"\" data-id=\"781436\" data-full-url=\"https:\/\/www.mapiful.com\/content\/uploads\/2020\/03\/Screenshot-2020-03-30-at-17.00.45.png\" data-link=\"https:\/\/www.mapiful.com\/zodiac-prints\/screenshot-2020-03-30-at-17-00-45\/\" class=\"wp-image-951983\" srcset=\"https:\/\/www.mapiful.com\/content\/uploads\/2020\/03\/Screenshot-2020-03-30-at-17.00.45-796x1024.png 796w, https:\/\/www.mapiful.com\/content\/uploads\/2020\/03\/Screenshot-2020-03-30-at-17.00.45-233x300.png 233w, https:\/\/www.mapiful.com\/content\/uploads\/2020\/03\/Screenshot-2020-03-30-at-17.00.45-768x987.png 768w, https:\/\/www.mapiful.com\/content\/uploads\/2020\/03\/Screenshot-2020-03-30-at-17.00.45-600x771.png 600w, https:\/\/www.mapiful.com\/content\/uploads\/2020\/03\/Screenshot-2020-03-30-at-17.00.45.png 868w\" sizes=\"(max-width: 796px) 100vw, 796px\" \/><\/figure><\/li><li class=\"blocks-gallery-item\"><figure><img loading=\"lazy\" decoding=\"async\" width=\"910\" height=\"1024\" src=\"https:\/\/www.mapiful.com\/content\/uploads\/2020\/04\/@-qweensim-910x1024.png\" alt=\"\" data-id=\"786715\" data-full-url=\"https:\/\/www.mapiful.com\/content\/uploads\/2020\/04\/@-qweensim.png\" data-link=\"https:\/\/www.mapiful.com\/zodiac-prints\/qweensim\/\" class=\"wp-image-951986\" srcset=\"https:\/\/www.mapiful.com\/content\/uploads\/2020\/04\/@-qweensim-910x1024.png 910w, https:\/\/www.mapiful.com\/content\/uploads\/2020\/04\/@-qweensim-267x300.png 267w, https:\/\/www.mapiful.com\/content\/uploads\/2020\/04\/@-qweensim-768x864.png 768w, https:\/\/www.mapiful.com\/content\/uploads\/2020\/04\/@-qweensim-600x675.png 600w, https:\/\/www.mapiful.com\/content\/uploads\/2020\/04\/@-qweensim.png 956w\" sizes=\"(max-width: 910px) 100vw, 910px\" \/><\/figure><\/li><li class=\"blocks-gallery-item\"><figure><img loading=\"lazy\" decoding=\"async\" width=\"800\" height=\"1024\" src=\"https:\/\/www.mapiful.com\/content\/uploads\/2020\/04\/@emilisterique-800x1024.png\" alt=\"\" data-id=\"786751\" data-full-url=\"https:\/\/www.mapiful.com\/content\/uploads\/2020\/04\/@emilisterique.png\" data-link=\"https:\/\/www.mapiful.com\/zodiac-prints\/emilisterique\/\" class=\"wp-image-951988\" srcset=\"https:\/\/www.mapiful.com\/content\/uploads\/2020\/04\/@emilisterique-800x1024.png 800w, https:\/\/www.mapiful.com\/content\/uploads\/2020\/04\/@emilisterique-234x300.png 234w, https:\/\/www.mapiful.com\/content\/uploads\/2020\/04\/@emilisterique-768x983.png 768w, https:\/\/www.mapiful.com\/content\/uploads\/2020\/04\/@emilisterique-600x768.png 600w, https:\/\/www.mapiful.com\/content\/uploads\/2020\/04\/@emilisterique.png 850w\" sizes=\"(max-width: 800px) 100vw, 800px\" \/><\/figure><\/li><\/ul><\/figure>\n<\/div><\/div><\/div>\n\n\n\n<div style=\"height:20px\" aria-hidden=\"true\" class=\"wp-block-spacer\"><\/div>\n\n\n\n<div style=\"text-align:center\" class=\"wp-block-genesis-blocks-gb-button gb-block-button\"><a href=\"https:\/\/www.mapiful.com\/nb\/zodiac-editor\/\" class=\"gb-button gb-button-shape-rounded gb-button-size-medium\" style=\"color:#FFFFFF;background-color:#4C596A\">Kom i gang!<\/a><\/div>\n\n\n\n<div class=\"wp-block-genesis-blocks-gb-container gb-block-container\"><div class=\"gb-container-inside\"><div class=\"gb-container-content\">\n<div style=\"height:70px\" aria-hidden=\"true\" class=\"wp-block-spacer\"><\/div>\n<\/div><\/div><\/div>\n","protected":false},"excerpt":{"rendered":"<p>Bli inspirert! Hvilken stil velger du?<\/p>\n","protected":false},"author":1,"featured_media":0,"parent":0,"menu_order":100,"comment_status":"closed","ping_status":"closed","template":"","meta":{"footnotes":""},"class_list":["post-951972","page","type-page","status-publish","hentry"],"acf":[],"featured_image_urls_v2":{"full":"","thumbnail":"","medium":"","medium_large":"","large":"","1536x1536":"","2048x2048":"","woocommerce_thumbnail":"","woocommerce_single":"","woocommerce_gallery_thumbnail":"","wc_order_status_icon":""},"post_excerpt_stackable_v2":"<p>Popul\u00e6rt akkurat n\u00e5: stjernetegntrykk Interessert i astrologi? Omfavne det som allerede st\u00e5r skrevet i stjernene med disse h\u00f8ykvalitetstrykkene. Finn stjernetegnet som tilsvarer bursdagen din, og finn ut enda mer som deg selv! Lag ditt eget trykk Trendy, minimalistiske illustrasjoner Konstellasjonen i stjernetegnet ditt, vakkert illustrert og visualisert. Hvert trykk har ogs\u00e5 det astrologiske symbolet for stjernetegnet i en elegant minimalistisk stil. Vis hvor unik du er N\u00e5r du har valgt stjernetegn, kan du uttrykke din individualitet gjennom en av v\u00e5re trendy design for \u00e5 matche stilen og hjemmet ditt. Classic, Modern, Minimalistic eller Vintage \u2013 vi har det som passer&hellip;<\/p>\n","category_list_v2":"","author_info_v2":{"name":"Edvin Brobeck","url":"https:\/\/www.mapiful.com\/nb\/blog\/author\/admin\/"},"comments_num_v2":"0 kommentarer","_links":{"self":[{"href":"https:\/\/www.mapiful.com\/nb\/wp-json\/wp\/v2\/pages\/951972"}],"collection":[{"href":"https:\/\/www.mapiful.com\/nb\/wp-json\/wp\/v2\/pages"}],"about":[{"href":"https:\/\/www.mapiful.com\/nb\/wp-json\/wp\/v2\/types\/page"}],"author":[{"embeddable":true,"href":"https:\/\/www.mapiful.com\/nb\/wp-json\/wp\/v2\/users\/1"}],"replies":[{"embeddable":true,"href":"https:\/\/www.mapiful.com\/nb\/wp-json\/wp\/v2\/comments?post=951972"}],"version-history":[{"count":0,"href":"https:\/\/www.mapiful.com\/nb\/wp-json\/wp\/v2\/pages\/951972\/revisions"}],"wp:attachment":[{"href":"https:\/\/www.mapiful.com\/nb\/wp-json\/wp\/v2\/media?parent=951972"}],"curies":[{"name":"wp","href":"https:\/\/api.w.org\/{rel}","templated":true}]}}