{"id":958126,"date":"2020-06-15T18:18:30","date_gmt":"2020-06-15T16:18:30","guid":{"rendered":"https:\/\/www.mapiful.com\/?page_id=958126"},"modified":"2020-10-29T16:07:34","modified_gmt":"2020-10-29T15:07:34","slug":"covid-19-information","status":"publish","type":"page","link":"https:\/\/www.mapiful.com\/nb\/covid-19-information\/","title":{"rendered":"Covid-19 Information"},"content":{"rendered":"\n<div class=\"wp-block-genesis-blocks-gb-columns gb-layout-columns-1 gb-1-col-equal gb-has-custom-background-color gb-columns-center\" style=\"padding-top:50px;padding-bottom:50px;background-color:#f5f7f9\"><div class=\"gb-layout-column-wrap gb-block-layout-column-gap-2 gb-is-responsive-column\" style=\"max-width:700px\">\n<div class=\"wp-block-genesis-blocks-gb-column gb-block-layout-column\"><div class=\"gb-block-layout-column-inner\">\n<h2 class=\"has-text-align-center wp-block-heading\"><strong>Siste nytt og vanlige sp\u00f8rsm\u00e5l<\/strong><\/h2>\n\n\n\n<p class=\"has-text-align-center\">Vi jobber som normalt for \u00e5 sikre at vi leverer de samme konsekvente, trygge og hygieniske tjenestene for alle. Informasjonsoppdateringer overv\u00e5kes n\u00f8ye, og vi vil f\u00f8lge alle fremtidige anbefalinger. Vi er glade for din st\u00f8tte, og sammen klarer vi oss igjennom dette.<\/p>\n\n\n\n<div style=\"color:#ddd\" class=\"wp-block-genesis-blocks-gb-spacer gb-block-spacer gb-divider-solid gb-spacer-divider gb-divider-size-1\"><hr style=\"height:19px\"\/><\/div>\n\n\n\n<p class=\"has-text-align-center\">Her er siste nytt fra oss om det vi vet s\u00e5 langt:<\/p>\n\n\n\n<ul class=\"wp-block-list\"><li><strong><strong>Enkelte postomr\u00e5der i Frankrike opplever forsinkelser i leveransen, blant annet <\/strong><\/strong>Bitche, Sturzelbronn, Siersthal, St Louis les Bitche, Walschbronn, St Louis, Haselbourg, Soucht, Strasbourg, Colmar, Colmar Cedex, Ingersheim, Bennwihr Mittelwihr og Beblenheim. Vi gj\u00f8r v\u00e5rt beste for \u00e5 sikre at forsendelser blir levert s\u00e5 snart som mulig.<\/li><li><strong><strong>Andre postregioner i EU opplever ogs\u00e5 forsinkelser i leveransen, <\/strong><\/strong>blant annet<strong><strong> <\/strong><\/strong>Bulgaria (Bansko), Tsjekkia (Kynice, Chudob\u00edn, Sav\u00edn, Uni\u010dov, Litovel), Tyskland (Jessen), Spania (Arroyo de la Luz), Kroatia (Murter, Betina) og Portugal (Ovar, Esmoriz).<\/li><li>Akkurat n\u00e5<strong> fungerer alle andre leveranser som normalt. <\/strong>Vi informerer deg om dette endres.<\/li><\/ul>\n\n\n\n<p class=\"has-text-align-center\">Ikke n\u00f8l med \u00e5 kontakte oss p\u00e5<strong> <a rel=\"noreferrer noopener\" target=\"_blank\">support@mapiful.com<\/a><\/strong> hvis du nylig har lagt inn en bestilling til et av de ber\u00f8rte omr\u00e5dene ovenfor og har sp\u00f8rsm\u00e5l!<\/p>\n<\/div><\/div>\n<\/div><\/div>\n\n\n\n<div class=\"wp-block-media-text alignwide is-stacked-on-mobile is-vertically-aligned-center is-image-fill\" style=\"grid-template-columns:49% auto\"><figure class=\"wp-block-media-text__media\" style=\"background-image:url(https:\/\/www.mapiful.com\/content\/uploads\/2020\/03\/acd9d8c56f79d0ec3137-819x1024.jpg);background-position:50% 50%\"><img loading=\"lazy\" decoding=\"async\" width=\"819\" height=\"1024\" src=\"https:\/\/www.mapiful.com\/content\/uploads\/2020\/03\/acd9d8c56f79d0ec3137-819x1024.jpg\" alt=\"\" class=\"wp-image-958135\" srcset=\"https:\/\/www.mapiful.com\/content\/uploads\/2020\/03\/acd9d8c56f79d0ec3137-819x1024.jpg 819w, https:\/\/www.mapiful.com\/content\/uploads\/2020\/03\/acd9d8c56f79d0ec3137-240x300.jpg 240w, https:\/\/www.mapiful.com\/content\/uploads\/2020\/03\/acd9d8c56f79d0ec3137-768x960.jpg 768w, https:\/\/www.mapiful.com\/content\/uploads\/2020\/03\/acd9d8c56f79d0ec3137-1229x1536.jpg 1229w, https:\/\/www.mapiful.com\/content\/uploads\/2020\/03\/acd9d8c56f79d0ec3137-600x750.jpg 600w, https:\/\/www.mapiful.com\/content\/uploads\/2020\/03\/acd9d8c56f79d0ec3137.jpg 1440w\" sizes=\"(max-width: 819px) 100vw, 819px\" \/><\/figure><div class=\"wp-block-media-text__content\">\n<div style=\"height:50px\" aria-hidden=\"true\" class=\"wp-block-spacer\"><\/div>\n\n\n\n<h1 class=\"wp-block-heading\"><strong>Hvordan p\u00e5virkes vi av Covid-19?<\/strong><\/h1>\n\n\n\n<p>Vi h\u00e5per dere alle tar vare p\u00e5 dere selv i disse unormale tidene. N\u00e5 har du sannsynligvis h\u00f8rt og er klar over alvorlighetsgraden av Covid-19, og er sannsynligvis ganske utmattet av alt stresset. Det p\u00e5virker oss alle p\u00e5 forskjellige m\u00e5ter, ogs\u00e5 Mapiful.<\/p>\n\n\n\n<p>V\u00e5rt hovedform\u00e5l som selskap er \u00e5 tilby produkter som gj\u00f8r det litt morsommere \u00e5 tilbringe tid hjemme. N\u00e5 er dette viktigere enn noen gang, fordi mennesker over hele verden f\u00e5r beskjed om \u00e5 holde seg hjemme. Vi er opptatt av \u00e5 holde hjulene i gang med minimale forstyrrelser for \u00e5 tjene dette form\u00e5let.<\/p>\n\n\n\n<h3 class=\"wp-block-heading\"><strong>Vi er her, som alltid!<\/strong><\/h3>\n\n\n\n<p>M\u00e5let v\u00e5rt er \u00e5 gj\u00f8re alt vi kan for \u00e5 f\u00e5 bestillingen levert til d\u00f8ra. Vi tar ekstraordin\u00e6re sanit\u00e6re tiltak i v\u00e5re produksjonsanlegg, tilbyr leveranser fra d\u00f8r til d\u00f8r og utforsker lokale produksjons- og fraktalternativer. Vi gj\u00f8r alt vi kan med det vi kan p\u00e5virke. Dessverre vet vi at noen ganger g\u00e5r ting kanskje ikke akkurat som vi vil eller planlegger. Selv om Covid-19 gir oss mange utfordringer, gj\u00f8r vi alt vi kan for \u00e5 s\u00f8rge for at alle som arbeider for Mapiful, er trygge og friske.<\/p>\n\n\n\n<p><strong><strong>Vi ber om at du i tider som disse viser litt t\u00e5lmodighet og overb\u00e6renhet i tilfelle problemer med forsinkede leveranser. Hvis du har sp\u00f8rsm\u00e5l, se v\u00e5re <a href=\"https:\/\/support.mapiful.com\/hc\/en-us\">Vanlige sp\u00f8rsm\u00e5l<\/a>, send en e-post til<\/strong> <a href=\"mailto:support@mapiful.com\">support@mapiful.com<\/a> <strong>eller kontakt oss i sosiale medier.<\/strong><\/strong><\/p>\n\n\n\n<div style=\"background-color:#FEF5ED;color:#32373c\" class=\"wp-block-genesis-blocks-gb-testimonial left-aligned gb-has-avatar gb-font-size-18 gb-block-testimonial\"><div class=\"gb-testimonial-text\" style=\"text-align:left\"><p>Vi har f\u00e5tt din tillit gjennom \u00e5rene gjennom v\u00e5rt engasjement for kvalitet og service, og vi takker for den tilliten. Vi gj\u00f8r alt vi kan for \u00e5 beholde den i disse urolige tidene.<\/p><\/div><div class=\"gb-testimonial-info\"><div class=\"gb-testimonial-avatar-wrap\"><div class=\"gb-testimonial-image-wrap\"><img decoding=\"async\" class=\"gb-testimonial-avatar\" src=\"https:\/\/www.mapiful.com\/content\/uploads\/2020\/02\/19657395_10158848821555548_6890411114150064461_n.jpg\" alt=\"avatar\"\/><\/div><\/div><h2 class=\"gb-testimonial-name\" style=\"color:#32373c\">Edvin Brobeck<\/h2><small class=\"gb-testimonial-title\" style=\"color:#32373c\">Medgrunnlegger og adm. dir. i Mapiful<\/small><\/div><\/div>\n\n\n\n<div style=\"height:50px\" aria-hidden=\"true\" class=\"wp-block-spacer\"><\/div>\n<\/div><\/div>\n","protected":false},"excerpt":{"rendered":"","protected":false},"author":1,"featured_media":0,"parent":0,"menu_order":99,"comment_status":"closed","ping_status":"closed","template":"templates\/tpl-fullwidth.php","meta":{"footnotes":""},"class_list":["post-958126","page","type-page","status-publish","hentry"],"acf":[],"featured_image_urls_v2":{"full":"","thumbnail":"","medium":"","medium_large":"","large":"","1536x1536":"","2048x2048":"","woocommerce_thumbnail":"","woocommerce_single":"","woocommerce_gallery_thumbnail":"","wc_order_status_icon":""},"post_excerpt_stackable_v2":"<p>Siste nytt og vanlige sp\u00f8rsm\u00e5l Vi jobber som normalt for \u00e5 sikre at vi leverer de samme konsekvente, trygge og hygieniske tjenestene for alle. Informasjonsoppdateringer overv\u00e5kes n\u00f8ye, og vi vil f\u00f8lge alle fremtidige anbefalinger. Vi er glade for din st\u00f8tte, og sammen klarer vi oss igjennom dette. Her er siste nytt fra oss om det vi vet s\u00e5 langt: Enkelte postomr\u00e5der i Frankrike opplever forsinkelser i leveransen, blant annet Bitche, Sturzelbronn, Siersthal, St Louis les Bitche, Walschbronn, St Louis, Haselbourg, Soucht, Strasbourg, Colmar, Colmar Cedex, Ingersheim, Bennwihr Mittelwihr og Beblenheim. Vi gj\u00f8r v\u00e5rt beste for \u00e5 sikre at forsendelser blir&hellip;<\/p>\n","category_list_v2":"","author_info_v2":{"name":"Edvin Brobeck","url":"https:\/\/www.mapiful.com\/nb\/blog\/author\/admin\/"},"comments_num_v2":"0 kommentarer","_links":{"self":[{"href":"https:\/\/www.mapiful.com\/nb\/wp-json\/wp\/v2\/pages\/958126"}],"collection":[{"href":"https:\/\/www.mapiful.com\/nb\/wp-json\/wp\/v2\/pages"}],"about":[{"href":"https:\/\/www.mapiful.com\/nb\/wp-json\/wp\/v2\/types\/page"}],"author":[{"embeddable":true,"href":"https:\/\/www.mapiful.com\/nb\/wp-json\/wp\/v2\/users\/1"}],"replies":[{"embeddable":true,"href":"https:\/\/www.mapiful.com\/nb\/wp-json\/wp\/v2\/comments?post=958126"}],"version-history":[{"count":0,"href":"https:\/\/www.mapiful.com\/nb\/wp-json\/wp\/v2\/pages\/958126\/revisions"}],"wp:attachment":[{"href":"https:\/\/www.mapiful.com\/nb\/wp-json\/wp\/v2\/media?parent=958126"}],"curies":[{"name":"wp","href":"https:\/\/api.w.org\/{rel}","templated":true}]}}