{"id":958136,"date":"2020-06-15T18:23:20","date_gmt":"2020-06-15T16:23:20","guid":{"rendered":"https:\/\/www.mapiful.com\/?page_id=958136"},"modified":"2020-10-29T16:07:34","modified_gmt":"2020-10-29T15:07:34","slug":"partners","status":"publish","type":"page","link":"https:\/\/www.mapiful.com\/nb\/partners\/","title":{"rendered":"Partners"},"content":{"rendered":"\n<div class=\"wp-block-genesis-blocks-gb-container gb-block-container\"><div class=\"gb-container-inside\"><div class=\"gb-container-content\">\n<div class=\"wp-block-media-text alignwide has-background is-stacked-on-mobile\" style=\"background-color:#FEF5ED\"><figure class=\"wp-block-media-text__media\"><img loading=\"lazy\" decoding=\"async\" width=\"878\" height=\"722\" src=\"https:\/\/www.mapiful.com\/content\/uploads\/2020\/04\/Screenshot-2020-04-09-at-18.28.37.png\" alt=\"\" class=\"wp-image-958147\" srcset=\"https:\/\/www.mapiful.com\/content\/uploads\/2020\/04\/Screenshot-2020-04-09-at-18.28.37.png 878w, https:\/\/www.mapiful.com\/content\/uploads\/2020\/04\/Screenshot-2020-04-09-at-18.28.37-300x247.png 300w, https:\/\/www.mapiful.com\/content\/uploads\/2020\/04\/Screenshot-2020-04-09-at-18.28.37-768x632.png 768w, https:\/\/www.mapiful.com\/content\/uploads\/2020\/04\/Screenshot-2020-04-09-at-18.28.37-600x493.png 600w\" sizes=\"(max-width: 878px) 100vw, 878px\" \/><\/figure><div class=\"wp-block-media-text__content\">\n<div style=\"height:30px\" aria-hidden=\"true\" class=\"wp-block-spacer\"><\/div>\n\n\n\n<p style=\"color:#4C596A\" class=\"has-text-color has-large-font-size\"><strong>Bli Mapiful-partner<\/strong><\/p>\n\n\n\n<p style=\"color:#4C596A\" class=\"has-text-color has-medium-font-size\">Hei, der!<\/p>\n\n\n\n<p style=\"color:#4C596A\" class=\"has-text-color has-medium-font-size\">Bruk #MapifulFamily, og hjelp oss med \u00e5 spre glede i alle hjem med unik veggkunst.<\/p>\n\n\n\n<div style=\"height:30px\" aria-hidden=\"true\" class=\"wp-block-spacer\"><\/div>\n<\/div><\/div>\n\n\n\n<div style=\"height:50px\" aria-hidden=\"true\" class=\"wp-block-spacer\"><\/div>\n\n\n\n<p style=\"color:#4C596A\" class=\"has-text-color has-text-align-center has-large-font-size\"><strong>Slik fungerer det.<\/strong><\/p>\n\n\n\n<div class=\"wp-block-genesis-blocks-gb-columns gb-layout-team-1 gb-layout-columns-3 gb-3-col-equal gb-columns-center\" style=\"padding-top:20px;padding-bottom:20px\"><div class=\"gb-layout-column-wrap gb-block-layout-column-gap-1 gb-is-responsive-column\" style=\"max-width:1200px\">\n<div class=\"wp-block-genesis-blocks-gb-column gb-block-layout-column\"><div class=\"gb-block-layout-column-inner\" style=\"padding-right:8px;padding-left:8px\">\n<div style=\"background-color:#ffffff;color:#4C596A\" class=\"wp-block-genesis-blocks-gb-profile-box center square gb-has-avatar gb-font-size-18 gb-block-profile gb-profile-columns\"><div class=\"gb-profile-column gb-profile-avatar-wrap\"><div class=\"gb-profile-image-wrap\"><figure class=\"gb-profile-image-square\"><img loading=\"lazy\" decoding=\"async\" width=\"950\" height=\"1180\" class=\"gb-profile-avatar wp-image-958141\" src=\"https:\/\/www.mapiful.com\/content\/uploads\/2020\/04\/@lenaallesklar.png\" alt=\"\" srcset=\"https:\/\/www.mapiful.com\/content\/uploads\/2020\/04\/@lenaallesklar.png 950w, https:\/\/www.mapiful.com\/content\/uploads\/2020\/04\/@lenaallesklar-242x300.png 242w, https:\/\/www.mapiful.com\/content\/uploads\/2020\/04\/@lenaallesklar-824x1024.png 824w, https:\/\/www.mapiful.com\/content\/uploads\/2020\/04\/@lenaallesklar-768x954.png 768w, https:\/\/www.mapiful.com\/content\/uploads\/2020\/04\/@lenaallesklar-600x745.png 600w\" sizes=\"(max-width: 950px) 100vw, 950px\" \/><\/figure><\/div><\/div><div class=\"gb-profile-column gb-profile-content-wrap\"><h2 class=\"gb-profile-name\" style=\"color:#4C596A\"><strong>Registrer deg<\/strong><\/h2><p class=\"gb-profile-title\" style=\"color:#4C596A\"><\/p><div class=\"gb-profile-text\"><p>Fullf\u00f8r hurtigregistreringen v\u00e5r, og motta en unik URL for \u00e5 spore salg.<\/p><\/div><ul class=\"gb-social-links\"><\/ul><\/div><\/div>\n<\/div><\/div>\n\n\n\n<div class=\"wp-block-genesis-blocks-gb-column gb-block-layout-column\"><div class=\"gb-block-layout-column-inner\" style=\"padding-right:8px;padding-bottom:8px\">\n<div style=\"background-color:#ffffff;color:#4C596A\" class=\"wp-block-genesis-blocks-gb-profile-box center square gb-has-avatar gb-font-size-18 gb-block-profile gb-profile-columns\"><div class=\"gb-profile-column gb-profile-avatar-wrap\"><div class=\"gb-profile-image-wrap\"><figure class=\"gb-profile-image-square\"><img loading=\"lazy\" decoding=\"async\" width=\"954\" height=\"956\" class=\"gb-profile-avatar wp-image-943118\" src=\"https:\/\/www.mapiful.com\/content\/uploads\/2020\/03\/84037939_343351643233455_5403513376797732646_n.jpg\" alt=\"\" srcset=\"https:\/\/www.mapiful.com\/content\/uploads\/2020\/03\/84037939_343351643233455_5403513376797732646_n.jpg 954w, https:\/\/www.mapiful.com\/content\/uploads\/2020\/03\/84037939_343351643233455_5403513376797732646_n-300x300.jpg 300w, https:\/\/www.mapiful.com\/content\/uploads\/2020\/03\/84037939_343351643233455_5403513376797732646_n-150x150.jpg 150w, https:\/\/www.mapiful.com\/content\/uploads\/2020\/03\/84037939_343351643233455_5403513376797732646_n-768x770.jpg 768w, https:\/\/www.mapiful.com\/content\/uploads\/2020\/03\/84037939_343351643233455_5403513376797732646_n-600x601.jpg 600w, https:\/\/www.mapiful.com\/content\/uploads\/2020\/03\/84037939_343351643233455_5403513376797732646_n-500x500.jpg 500w, https:\/\/www.mapiful.com\/content\/uploads\/2020\/03\/84037939_343351643233455_5403513376797732646_n-650x650.jpg 650w, https:\/\/www.mapiful.com\/content\/uploads\/2020\/03\/84037939_343351643233455_5403513376797732646_n-100x100.jpg 100w, https:\/\/www.mapiful.com\/content\/uploads\/2020\/03\/84037939_343351643233455_5403513376797732646_n-32x32.jpg 32w\" sizes=\"(max-width: 954px) 100vw, 954px\" \/><\/figure><\/div><\/div><div class=\"gb-profile-column gb-profile-content-wrap\"><h2 class=\"gb-profile-name\" style=\"color:#4C596A\"><strong>Del kj\u00e6rligheten<\/strong><\/h2><p class=\"gb-profile-title\" style=\"color:#4C596A\"><\/p><div class=\"gb-profile-text\"><p>F\u00e5 tilgang til mange herlige reklamer, og bruk dem til \u00e5 dele Mapiful med venner og f\u00f8lgere.<\/p><\/div><ul class=\"gb-social-links\"><\/ul><\/div><\/div>\n<\/div><\/div>\n\n\n\n<div class=\"wp-block-genesis-blocks-gb-column gb-block-layout-column\"><div class=\"gb-block-layout-column-inner\" style=\"padding-right:8px;padding-bottom:8px\">\n<div style=\"background-color:#ffffff;color:#4C596A\" class=\"wp-block-genesis-blocks-gb-profile-box center square gb-has-avatar gb-font-size-18 gb-block-profile gb-profile-columns\"><div class=\"gb-profile-column gb-profile-avatar-wrap\"><div class=\"gb-profile-image-wrap\"><figure class=\"gb-profile-image-square\"><img loading=\"lazy\" decoding=\"async\" width=\"878\" height=\"1090\" class=\"gb-profile-avatar wp-image-958143\" src=\"https:\/\/www.mapiful.com\/content\/uploads\/2020\/04\/@mummy_and_wifey_.png\" alt=\"\" srcset=\"https:\/\/www.mapiful.com\/content\/uploads\/2020\/04\/@mummy_and_wifey_.png 878w, https:\/\/www.mapiful.com\/content\/uploads\/2020\/04\/@mummy_and_wifey_-242x300.png 242w, https:\/\/www.mapiful.com\/content\/uploads\/2020\/04\/@mummy_and_wifey_-825x1024.png 825w, https:\/\/www.mapiful.com\/content\/uploads\/2020\/04\/@mummy_and_wifey_-768x953.png 768w, https:\/\/www.mapiful.com\/content\/uploads\/2020\/04\/@mummy_and_wifey_-600x745.png 600w\" sizes=\"(max-width: 878px) 100vw, 878px\" \/><\/figure><\/div><\/div><div class=\"gb-profile-column gb-profile-content-wrap\"><h2 class=\"gb-profile-name\" style=\"color:#4C596A\"><strong>F\u00e5 provisjon<\/strong><\/h2><p class=\"gb-profile-title\" style=\"color:#4C596A\"><\/p><div class=\"gb-profile-text\"><p>F\u00e5 en god provisjon n\u00e5r du sprer gleden og positiviteten ved Mapiful!<\/p><\/div><ul class=\"gb-social-links\"><\/ul><\/div><\/div>\n<\/div><\/div>\n<\/div><\/div>\n\n\n\n<p><\/p>\n<\/div><\/div><\/div>\n\n\n\n<div style=\"height:20px\" aria-hidden=\"true\" class=\"wp-block-spacer\"><\/div>\n\n\n\n<div style=\"background-color:#FEF5ED;padding-bottom:4%;padding-top:3%\" class=\"wp-block-genesis-blocks-gb-container gb-block-container\"><div class=\"gb-container-inside\"><div class=\"gb-container-content\">\n<p style=\"color:#4C596A;font-size:30px\" class=\"has-text-color has-text-align-center\"><strong>Vi kan ikke vente med \u00e5 f\u00e5 jobbe med deg!<\/strong><\/p>\n\n\n\n<div style=\"text-align:center\" class=\"wp-block-genesis-blocks-gb-button gb-block-button\"><a href=\"http:\/\/app.impact.com\/campaign-mediapartner-signup\/Mapiful.brand\" class=\"gb-button gb-button-shape-rounded gb-button-size-medium\" style=\"color:#ffffff;background-color:#EE948E\">REGISTRER DEG<\/a><\/div>\n<\/div><\/div><\/div>\n\n\n\n<div style=\"height:50px\" aria-hidden=\"true\" class=\"wp-block-spacer\"><\/div>\n\n\n\n<p class=\"has-text-align-center has-medium-font-size\">Har du flere sp\u00f8rsm\u00e5l? <a href=\"https:\/\/www.mapiful.com\/partner-terms-conditions\/\">Les betingelsene<\/a><\/p>\n\n\n\n<div style=\"height:50px\" aria-hidden=\"true\" class=\"wp-block-spacer\"><\/div>\n\n\n\n<p><\/p>\n","protected":false},"excerpt":{"rendered":"<p>Har du flere sp\u00f8rsm\u00e5l? Les betingelsene<\/p>\n","protected":false},"author":1,"featured_media":0,"parent":0,"menu_order":18,"comment_status":"closed","ping_status":"closed","template":"","meta":{"footnotes":""},"class_list":["post-958136","page","type-page","status-publish","hentry"],"acf":[],"featured_image_urls_v2":{"full":"","thumbnail":"","medium":"","medium_large":"","large":"","1536x1536":"","2048x2048":"","woocommerce_thumbnail":"","woocommerce_single":"","woocommerce_gallery_thumbnail":"","wc_order_status_icon":""},"post_excerpt_stackable_v2":"<p>Bli Mapiful-partner Hei, der! Bruk #MapifulFamily, og hjelp oss med \u00e5 spre glede i alle hjem med unik veggkunst. Slik fungerer det. Registrer degFullf\u00f8r hurtigregistreringen v\u00e5r, og motta en unik URL for \u00e5 spore salg. Del kj\u00e6rlighetenF\u00e5 tilgang til mange herlige reklamer, og bruk dem til \u00e5 dele Mapiful med venner og f\u00f8lgere. F\u00e5 provisjonF\u00e5 en god provisjon n\u00e5r du sprer gleden og positiviteten ved Mapiful! Vi kan ikke vente med \u00e5 f\u00e5 jobbe med deg! REGISTRER DEG Har du flere sp\u00f8rsm\u00e5l? Les betingelsene<\/p>\n","category_list_v2":"","author_info_v2":{"name":"Edvin Brobeck","url":"https:\/\/www.mapiful.com\/nb\/blog\/author\/admin\/"},"comments_num_v2":"0 kommentarer","_links":{"self":[{"href":"https:\/\/www.mapiful.com\/nb\/wp-json\/wp\/v2\/pages\/958136"}],"collection":[{"href":"https:\/\/www.mapiful.com\/nb\/wp-json\/wp\/v2\/pages"}],"about":[{"href":"https:\/\/www.mapiful.com\/nb\/wp-json\/wp\/v2\/types\/page"}],"author":[{"embeddable":true,"href":"https:\/\/www.mapiful.com\/nb\/wp-json\/wp\/v2\/users\/1"}],"replies":[{"embeddable":true,"href":"https:\/\/www.mapiful.com\/nb\/wp-json\/wp\/v2\/comments?post=958136"}],"version-history":[{"count":0,"href":"https:\/\/www.mapiful.com\/nb\/wp-json\/wp\/v2\/pages\/958136\/revisions"}],"wp:attachment":[{"href":"https:\/\/www.mapiful.com\/nb\/wp-json\/wp\/v2\/media?parent=958136"}],"curies":[{"name":"wp","href":"https:\/\/api.w.org\/{rel}","templated":true}]}}