{"id":1414502,"date":"2021-09-30T09:42:55","date_gmt":"2021-09-30T07:42:55","guid":{"rendered":"https:\/\/www.mapiful.com\/product\/kortermet-body-love\/"},"modified":"2021-10-20T16:54:06","modified_gmt":"2021-10-20T14:54:06","slug":"kortermet-body-love","status":"publish","type":"product","link":"https:\/\/www.mapiful.com\/nb\/product\/kortermet-body-love\/","title":{"rendered":"Kortermet body \u2013 L\u00f8ve"},"content":{"rendered":"<p>Personlig tilpassede kortermede bodyer med rund hals som kombinerer b\u00e5de funksjon og mote.<\/p>\n<p>&nbsp;<\/p>\n<p>Med:<br \/>\n&#8211; \u00c5pninger i nakke, skulder, ermer og ben<br \/>\n&#8211; 100 % bomull som er sk\u00e5nsom mot barnets hud<br \/>\n&#8211; Unisex-modell i tre forskjellige st\u00f8rrelser<br \/>\n&#8211; Ledig passform som gir rom for vekst<\/p>\n<p>&nbsp;<\/p>\n<h3><u>St\u00f8rrelsesguide <\/u><\/h3>\n<p>&nbsp;<\/p>\n<div class=\"block md:flex\">\n<div class=\"pr-3 sm:text-center\"><img loading=\"lazy\" decoding=\"async\" class=\"alignleft wp-image-1247399 size-full\" src=\"https:\/\/mapiful.com\/content\/uploads\/2021\/09\/baby-onesie.png\" alt=\"\" width=\"240\" height=\"280\" \/><\/div>\n<p>&nbsp;<\/p>\n<div>\n<p>A) Lengde<br \/>\nPlasser enden av et m\u00e5leb\u00e5nd ved siden av kragen \u00f8verst p\u00e5 bodyen (h\u00f8yeste punkt p\u00e5 skulder). Trekk m\u00e5leb\u00e5ndet til nederst p\u00e5 bodyen.<\/p>\n<p>&nbsp;<\/p>\n<p>B) Halvt bryst<\/p>\n<p>Legg plagget p\u00e5 et flatt underlag og m\u00e5l det fra venstre mot h\u00f8yre over brystet, ca. 2 cm under armene.<\/p>\n<p>&nbsp;<\/p>\n<table class=\"table-fixed\">\n<thead>\n<tr class=\"bg-gray-200\">\n<th class=\"w-1\/3\"><\/th>\n<th class=\"w-1\/4 text-left\">6 m\u00e5neder<\/th>\n<th class=\"w-1\/4 text-left\">12 m\u00e5neder<\/th>\n<th class=\"w-1\/4 text-left\">18 m\u00e5neder<\/th>\n<\/tr>\n<\/thead>\n<tbody>\n<tr>\n<td>A) Lengde<\/td>\n<td>29,8 cm<\/td>\n<td>32,4 cm<\/td>\n<td>34,9 cm<\/td>\n<\/tr>\n<tr>\n<td>B) Halvt bryst<\/td>\n<td>22,9cm<\/td>\n<td>25,4 cm<\/td>\n<td>27,9 cm<\/td>\n<\/tr>\n<\/tbody>\n<\/table>\n<p>&nbsp;<\/p>\n<\/div>\n<\/div>\n<p>P\u00e5 grunn av at v\u00e5re produkter er tilpasset deg, kan vi ikke akseptere returer eller bytte. For ordens skyld er ikke Mapiful ansvarlig i de tilfeller der Kunden har gitt uriktig informasjon om produktet.<\/p>\n","protected":false},"excerpt":{"rendered":"<p>V\u00e5re personlig tilpassede kortermede onesies med rund hals er laget av 100 % \u00f8kologisk bomull, som kombinerer b\u00e5de funksjon og mote.<\/p>\n<p>&nbsp;<\/p>\n<p>Velg din st\u00f8rrelse og skriv inn din egendefinerte tekst i boksen nedenfor.<\/p>\n<p>&nbsp;<\/p>\n<p>Enten du velger barnets navn eller f\u00f8dselsdato, vil det valgte dyret og teksten skrives ut midt p\u00e5 bodyen.<\/p>\n<p>&nbsp;<\/p>\n","protected":false},"featured_media":0,"template":"","meta":[],"product_cat":[1607,1625],"product_tag":[],"class_list":["post-1414502","product","type-product","status-publish","hentry","product_cat-barneromskolleksjonen","product_cat-kortermet-body"],"acf":[],"featured_image_urls_v2":{"full":"","thumbnail":"","medium":"","medium_large":"","large":"","1536x1536":"","2048x2048":"","woocommerce_thumbnail":"","woocommerce_single":"","woocommerce_gallery_thumbnail":"","wc_order_status_icon":""},"post_excerpt_stackable_v2":"<p>V\u00e5re personlig tilpassede kortermede onesies med rund hals er laget av 100 % \u00f8kologisk bomull, som kombinerer b\u00e5de funksjon og mote.<\/p>\n<p>&nbsp;<\/p>\n<p>Velg din st\u00f8rrelse og skriv inn din egendefinerte tekst i boksen nedenfor.<\/p>\n<p>&nbsp;<\/p>\n<p>Enten du velger barnets navn eller f\u00f8dselsdato, vil det valgte dyret og teksten skrives ut midt p\u00e5 bodyen.<\/p>\n<p>&nbsp;<\/p>\n","category_list_v2":"","author_info_v2":{"name":"","url":""},"comments_num_v2":"0 kommentarer","_links":{"self":[{"href":"https:\/\/www.mapiful.com\/nb\/wp-json\/wp\/v2\/product\/1414502"}],"collection":[{"href":"https:\/\/www.mapiful.com\/nb\/wp-json\/wp\/v2\/product"}],"about":[{"href":"https:\/\/www.mapiful.com\/nb\/wp-json\/wp\/v2\/types\/product"}],"wp:attachment":[{"href":"https:\/\/www.mapiful.com\/nb\/wp-json\/wp\/v2\/media?parent=1414502"}],"wp:term":[{"taxonomy":"product_cat","embeddable":true,"href":"https:\/\/www.mapiful.com\/nb\/wp-json\/wp\/v2\/product_cat?post=1414502"},{"taxonomy":"product_tag","embeddable":true,"href":"https:\/\/www.mapiful.com\/nb\/wp-json\/wp\/v2\/product_tag?post=1414502"}],"curies":[{"name":"wp","href":"https:\/\/api.w.org\/{rel}","templated":true}]}}